{"id":63761,"date":"2022-05-19T23:19:51","date_gmt":"2022-05-19T21:19:56","guid":{"rendered":"https:\/\/www.gruppoliturgico.com\/prodotto\/tabernacle-en-bois-de-mur-5\/"},"modified":"2022-10-06T17:50:20","modified_gmt":"2022-10-06T15:50:20","slug":"tabernacle-en-bois-de-mur-5","status":"publish","type":"product","link":"https:\/\/www.gruppoliturgico.com\/fr\/produit\/tabernacle-en-bois-de-mur-5\/","title":{"rendered":"tabernacle en bois de mur"},"content":{"rendered":"<html><body><p>Tabernacle de mur en bois sculpt\u00e9 et dor\u00e9 \u00e0 la feuille d\u2019or.<br>\nUn double encadrement et une guirlande de raisin et de bl\u00e9 grav\u00e9s, sont les ornements de la petite porte sur laquelle est sculpt\u00e9 La C\u00e8ne.<br>\nDimensions<br>\next\u00e9rieures cm 45 x 42 x 28<br>\ninteriores cm 36 x 25 x 24 <\/p>\n<\/body><\/html>","protected":false},"excerpt":{"rendered":"<p>Tabernacle de mur en bois sculpt\u00e9 et dor\u00e9 \u00e0 la feuille d&rsquo;or.<br \/>\nUn double encadrement et une guirlande de raisin et de bl\u00e9 grav\u00e9s, sont les ornements de la petite porte sur laquelle est sculpt\u00e9 La C\u00e8ne.<br \/>\nDimensions<br \/>\next\u00e9rieures cm 45 x 42 x 28<br \/>\ninteriores cm 36 x 25 x 24<\/p>\n","protected":false},"featured_media":74106,"template":"","meta":[],"product_cat":[],"product_tag":[],"yoast_head":"<!-- This site is optimized with the Yoast SEO plugin v20.4 - https:\/\/yoast.com\/wordpress\/plugins\/seo\/ -->\n<title>tabernacle en bois de mur - et Laboratorio Gruppo Liturgico<\/title>\n<meta name=\"description\" content=\"Tabernacle de mur en bois sculpt\u00e9 et dor\u00e9 \u00e0 la feuille d&#039;or.  Un double encadrement et une guirlande de raisin et de bl\u00e9 grav\u00e9s, sont les ornements de la petite porte sur laquelle est sculpt\u00e9 La C\u00e8ne.  Dimensions  ext\u00e9rieures cm 45 x 42 x 28  interiores cm 36 x 25 x 24\" \/>\n<meta name=\"robots\" content=\"index, follow, max-snippet:-1, max-image-preview:large, max-video-preview:-1\" \/>\n<link rel=\"canonical\" href=\"https:\/\/www.gruppoliturgico.com\/fr\/produit\/tabernacle-en-bois-de-mur-5\/\" \/>\n<meta property=\"og:locale\" content=\"fr_FR\" \/>\n<meta property=\"og:type\" content=\"article\" \/>\n<meta property=\"og:title\" content=\"tabernacle en bois de mur - et Laboratorio Gruppo Liturgico\" \/>\n<meta property=\"og:description\" content=\"Tabernacle de mur en bois sculpt\u00e9 et dor\u00e9 \u00e0 la feuille d&#039;or.  Un double encadrement et une guirlande de raisin et de bl\u00e9 grav\u00e9s, sont les ornements de la petite porte sur laquelle est sculpt\u00e9 La C\u00e8ne.  Dimensions  ext\u00e9rieures cm 45 x 42 x 28  interiores cm 36 x 25 x 24\" \/>\n<meta property=\"og:url\" content=\"https:\/\/www.gruppoliturgico.com\/fr\/produit\/tabernacle-en-bois-de-mur-5\/\" \/>\n<meta property=\"og:site_name\" content=\"Laboratorio Gruppo Liturgico\" \/>\n<meta property=\"article:modified_time\" content=\"2022-10-06T15:50:20+00:00\" \/>\n<meta property=\"og:image\" content=\"https:\/\/www.gruppoliturgico.com\/wp-content\/uploads\/2022\/05\/576.jpg\" \/>\n\t<meta property=\"og:image:width\" content=\"1500\" \/>\n\t<meta property=\"og:image:height\" content=\"1339\" \/>\n\t<meta property=\"og:image:type\" content=\"image\/jpeg\" \/>\n<meta name=\"twitter:card\" content=\"summary_large_image\" \/>\n<script type=\"application\/ld+json\" class=\"yoast-schema-graph\">{\"@context\":\"https:\/\/schema.org\",\"@graph\":[{\"@type\":\"WebPage\",\"@id\":\"https:\/\/www.gruppoliturgico.com\/fr\/produit\/tabernacle-en-bois-de-mur-5\/\",\"url\":\"https:\/\/www.gruppoliturgico.com\/fr\/produit\/tabernacle-en-bois-de-mur-5\/\",\"name\":\"tabernacle en bois de mur - et Laboratorio Gruppo Liturgico\",\"isPartOf\":{\"@id\":\"https:\/\/www.gruppoliturgico.com\/es\/#website\"},\"datePublished\":\"2022-05-19T21:19:56+00:00\",\"dateModified\":\"2022-10-06T15:50:20+00:00\",\"description\":\"Tabernacle de mur en bois sculpt\u00e9 et dor\u00e9 \u00e0 la feuille d'or. Un double encadrement et une guirlande de raisin et de bl\u00e9 grav\u00e9s, sont les ornements de la petite porte sur laquelle est sculpt\u00e9 La C\u00e8ne. Dimensions ext\u00e9rieures cm 45 x 42 x 28 interiores cm 36 x 25 x 24\",\"breadcrumb\":{\"@id\":\"https:\/\/www.gruppoliturgico.com\/fr\/produit\/tabernacle-en-bois-de-mur-5\/#breadcrumb\"},\"inLanguage\":\"fr-FR\",\"potentialAction\":[{\"@type\":\"ReadAction\",\"target\":[\"https:\/\/www.gruppoliturgico.com\/fr\/produit\/tabernacle-en-bois-de-mur-5\/\"]}]},{\"@type\":\"BreadcrumbList\",\"@id\":\"https:\/\/www.gruppoliturgico.com\/fr\/produit\/tabernacle-en-bois-de-mur-5\/#breadcrumb\",\"itemListElement\":[{\"@type\":\"ListItem\",\"position\":1,\"name\":\"Home\",\"item\":\"https:\/\/www.gruppoliturgico.com\/fr\/\"},{\"@type\":\"ListItem\",\"position\":2,\"name\":\"Boutique\",\"item\":\"https:\/\/www.gruppoliturgico.com\/fr\/boutique\/\"},{\"@type\":\"ListItem\",\"position\":3,\"name\":\"tabernacle en bois de mur\"}]},{\"@type\":\"WebSite\",\"@id\":\"https:\/\/www.gruppoliturgico.com\/es\/#website\",\"url\":\"https:\/\/www.gruppoliturgico.com\/es\/\",\"name\":\"Laboratorio Gruppo Liturgico\",\"description\":\"Articoli Religiosi online\",\"publisher\":{\"@id\":\"https:\/\/www.gruppoliturgico.com\/es\/#organization\"},\"potentialAction\":[{\"@type\":\"SearchAction\",\"target\":{\"@type\":\"EntryPoint\",\"urlTemplate\":\"https:\/\/www.gruppoliturgico.com\/es\/?s={search_term_string}\"},\"query-input\":\"required name=search_term_string\"}],\"inLanguage\":\"fr-FR\"},{\"@type\":\"Organization\",\"@id\":\"https:\/\/www.gruppoliturgico.com\/es\/#organization\",\"name\":\"Laboratorio Gruppo Liturgico\",\"url\":\"https:\/\/www.gruppoliturgico.com\/es\/\",\"logo\":{\"@type\":\"ImageObject\",\"inLanguage\":\"fr-FR\",\"@id\":\"https:\/\/www.gruppoliturgico.com\/es\/#\/schema\/logo\/image\/\",\"url\":\"https:\/\/www.gruppoliturgico.com\/wp-content\/uploads\/2022\/02\/logo-laboratoriogruppoliturgico.png\",\"contentUrl\":\"https:\/\/www.gruppoliturgico.com\/wp-content\/uploads\/2022\/02\/logo-laboratoriogruppoliturgico.png\",\"width\":400,\"height\":114,\"caption\":\"Laboratorio Gruppo Liturgico\"},\"image\":{\"@id\":\"https:\/\/www.gruppoliturgico.com\/es\/#\/schema\/logo\/image\/\"}}]}<\/script>\n<!-- \/ Yoast SEO plugin. -->","yoast_head_json":{"title":"tabernacle en bois de mur - et Laboratorio Gruppo Liturgico","description":"Tabernacle de mur en bois sculpt\u00e9 et dor\u00e9 \u00e0 la feuille d'or.  Un double encadrement et une guirlande de raisin et de bl\u00e9 grav\u00e9s, sont les ornements de la petite porte sur laquelle est sculpt\u00e9 La C\u00e8ne.  Dimensions  ext\u00e9rieures cm 45 x 42 x 28  interiores cm 36 x 25 x 24","robots":{"index":"index","follow":"follow","max-snippet":"max-snippet:-1","max-image-preview":"max-image-preview:large","max-video-preview":"max-video-preview:-1"},"canonical":"https:\/\/www.gruppoliturgico.com\/fr\/produit\/tabernacle-en-bois-de-mur-5\/","og_locale":"fr_FR","og_type":"article","og_title":"tabernacle en bois de mur - et Laboratorio Gruppo Liturgico","og_description":"Tabernacle de mur en bois sculpt\u00e9 et dor\u00e9 \u00e0 la feuille d'or.  Un double encadrement et une guirlande de raisin et de bl\u00e9 grav\u00e9s, sont les ornements de la petite porte sur laquelle est sculpt\u00e9 La C\u00e8ne.  Dimensions  ext\u00e9rieures cm 45 x 42 x 28  interiores cm 36 x 25 x 24","og_url":"https:\/\/www.gruppoliturgico.com\/fr\/produit\/tabernacle-en-bois-de-mur-5\/","og_site_name":"Laboratorio Gruppo Liturgico","article_modified_time":"2022-10-06T15:50:20+00:00","og_image":[{"width":1500,"height":1339,"url":"https:\/\/www.gruppoliturgico.com\/wp-content\/uploads\/2022\/05\/576.jpg","type":"image\/jpeg"}],"twitter_card":"summary_large_image","schema":{"@context":"https:\/\/schema.org","@graph":[{"@type":"WebPage","@id":"https:\/\/www.gruppoliturgico.com\/fr\/produit\/tabernacle-en-bois-de-mur-5\/","url":"https:\/\/www.gruppoliturgico.com\/fr\/produit\/tabernacle-en-bois-de-mur-5\/","name":"tabernacle en bois de mur - et Laboratorio Gruppo Liturgico","isPartOf":{"@id":"https:\/\/www.gruppoliturgico.com\/es\/#website"},"datePublished":"2022-05-19T21:19:56+00:00","dateModified":"2022-10-06T15:50:20+00:00","description":"Tabernacle de mur en bois sculpt\u00e9 et dor\u00e9 \u00e0 la feuille d'or. Un double encadrement et une guirlande de raisin et de bl\u00e9 grav\u00e9s, sont les ornements de la petite porte sur laquelle est sculpt\u00e9 La C\u00e8ne. Dimensions ext\u00e9rieures cm 45 x 42 x 28 interiores cm 36 x 25 x 24","breadcrumb":{"@id":"https:\/\/www.gruppoliturgico.com\/fr\/produit\/tabernacle-en-bois-de-mur-5\/#breadcrumb"},"inLanguage":"fr-FR","potentialAction":[{"@type":"ReadAction","target":["https:\/\/www.gruppoliturgico.com\/fr\/produit\/tabernacle-en-bois-de-mur-5\/"]}]},{"@type":"BreadcrumbList","@id":"https:\/\/www.gruppoliturgico.com\/fr\/produit\/tabernacle-en-bois-de-mur-5\/#breadcrumb","itemListElement":[{"@type":"ListItem","position":1,"name":"Home","item":"https:\/\/www.gruppoliturgico.com\/fr\/"},{"@type":"ListItem","position":2,"name":"Boutique","item":"https:\/\/www.gruppoliturgico.com\/fr\/boutique\/"},{"@type":"ListItem","position":3,"name":"tabernacle en bois de mur"}]},{"@type":"WebSite","@id":"https:\/\/www.gruppoliturgico.com\/es\/#website","url":"https:\/\/www.gruppoliturgico.com\/es\/","name":"Laboratorio Gruppo Liturgico","description":"Articoli Religiosi online","publisher":{"@id":"https:\/\/www.gruppoliturgico.com\/es\/#organization"},"potentialAction":[{"@type":"SearchAction","target":{"@type":"EntryPoint","urlTemplate":"https:\/\/www.gruppoliturgico.com\/es\/?s={search_term_string}"},"query-input":"required name=search_term_string"}],"inLanguage":"fr-FR"},{"@type":"Organization","@id":"https:\/\/www.gruppoliturgico.com\/es\/#organization","name":"Laboratorio Gruppo Liturgico","url":"https:\/\/www.gruppoliturgico.com\/es\/","logo":{"@type":"ImageObject","inLanguage":"fr-FR","@id":"https:\/\/www.gruppoliturgico.com\/es\/#\/schema\/logo\/image\/","url":"https:\/\/www.gruppoliturgico.com\/wp-content\/uploads\/2022\/02\/logo-laboratoriogruppoliturgico.png","contentUrl":"https:\/\/www.gruppoliturgico.com\/wp-content\/uploads\/2022\/02\/logo-laboratoriogruppoliturgico.png","width":400,"height":114,"caption":"Laboratorio Gruppo Liturgico"},"image":{"@id":"https:\/\/www.gruppoliturgico.com\/es\/#\/schema\/logo\/image\/"}}]}},"_links":{"self":[{"href":"https:\/\/www.gruppoliturgico.com\/fr\/wp-json\/wp\/v2\/product\/63761"}],"collection":[{"href":"https:\/\/www.gruppoliturgico.com\/fr\/wp-json\/wp\/v2\/product"}],"about":[{"href":"https:\/\/www.gruppoliturgico.com\/fr\/wp-json\/wp\/v2\/types\/product"}],"wp:featuredmedia":[{"embeddable":true,"href":"https:\/\/www.gruppoliturgico.com\/fr\/wp-json\/wp\/v2\/media\/74106"}],"wp:attachment":[{"href":"https:\/\/www.gruppoliturgico.com\/fr\/wp-json\/wp\/v2\/media?parent=63761"}],"wp:term":[{"taxonomy":"product_cat","embeddable":true,"href":"https:\/\/www.gruppoliturgico.com\/fr\/wp-json\/wp\/v2\/product_cat?post=63761"},{"taxonomy":"product_tag","embeddable":true,"href":"https:\/\/www.gruppoliturgico.com\/fr\/wp-json\/wp\/v2\/product_tag?post=63761"}],"curies":[{"name":"wp","href":"https:\/\/api.w.org\/{rel}","templated":true}]}}