{"id":63717,"date":"2022-05-19T23:18:02","date_gmt":"2022-05-19T21:18:07","guid":{"rendered":"https:\/\/www.gruppoliturgico.com\/prodotto\/fauteuil-de-celebrant\/"},"modified":"2022-10-20T16:14:23","modified_gmt":"2022-10-20T14:14:23","slug":"fauteuil-de-celebrant","status":"publish","type":"product","link":"https:\/\/www.gruppoliturgico.com\/fr\/produit\/fauteuil-de-celebrant\/","title":{"rendered":"Fauteuil de c\u00e9l\u00e9brant"},"content":{"rendered":"<html><body><p>Fauteuil de c\u00e9l\u00e9brant de style gothique artistique et majestueux en bois de h\u00eatre.<br>\nIl pr\u00e9sente des panneaux sculpt\u00e9s avec des rosaces en relief sur le dossier et l\u2019assise.<br>\nDimensions cm 165 x 65 x 48<\/p>\n<\/body><\/html>","protected":false},"excerpt":{"rendered":"<p>Fauteuil de c\u00e9l\u00e9brant de style gothique artistique et majestueux en bois de h\u00eatre.<br \/>\nIl pr\u00e9sente des panneaux sculpt\u00e9s avec des rosaces en relief sur le dossier et l&rsquo;assise.<br \/>\nDimensions cm 165 x 65 x 48.<\/p>\n","protected":false},"featured_media":118666,"template":"","meta":[],"product_cat":[12140,12192],"product_tag":[],"yoast_head":"<!-- This site is optimized with the Yoast SEO plugin v20.4 - https:\/\/yoast.com\/wordpress\/plugins\/seo\/ -->\n<title>Fauteuil de c\u00e9l\u00e9brant - art 478, art 482 de style gothique et Laboratorio Gruppo Liturgico<\/title>\n<meta name=\"description\" content=\"Fauteuil de c\u00e9l\u00e9brant de style gothique artistique et majestueux en bois de h\u00eatre. Il pr\u00e9sente des panneaux sculpt\u00e9s avec des rosaces en relief sur le dossier et l&#039;assise. Dimensions cm 165 x 65 x 48.\" \/>\n<meta name=\"robots\" content=\"index, follow, max-snippet:-1, max-image-preview:large, max-video-preview:-1\" \/>\n<link rel=\"canonical\" href=\"https:\/\/www.gruppoliturgico.com\/fr\/produit\/fauteuil-de-celebrant\/\" \/>\n<meta property=\"og:locale\" content=\"fr_FR\" \/>\n<meta property=\"og:type\" content=\"article\" \/>\n<meta property=\"og:title\" content=\"Fauteuil de c\u00e9l\u00e9brant - art 478, art 482 de style gothique et Laboratorio Gruppo Liturgico\" \/>\n<meta property=\"og:description\" content=\"Fauteuil de c\u00e9l\u00e9brant de style gothique artistique et majestueux en bois de h\u00eatre. Il pr\u00e9sente des panneaux sculpt\u00e9s avec des rosaces en relief sur le dossier et l&#039;assise. Dimensions cm 165 x 65 x 48.\" \/>\n<meta property=\"og:url\" content=\"https:\/\/www.gruppoliturgico.com\/fr\/produit\/fauteuil-de-celebrant\/\" \/>\n<meta property=\"og:site_name\" content=\"Laboratorio Gruppo Liturgico\" \/>\n<meta property=\"article:modified_time\" content=\"2022-10-20T14:14:23+00:00\" \/>\n<meta property=\"og:image\" content=\"https:\/\/www.gruppoliturgico.com\/wp-content\/uploads\/2022\/05\/482-pol-1-CutOut_InPixio.jpg\" \/>\n\t<meta property=\"og:image:width\" content=\"914\" \/>\n\t<meta property=\"og:image:height\" content=\"2000\" \/>\n\t<meta property=\"og:image:type\" content=\"image\/jpeg\" \/>\n<meta name=\"twitter:card\" content=\"summary_large_image\" \/>\n<script type=\"application\/ld+json\" class=\"yoast-schema-graph\">{\"@context\":\"https:\/\/schema.org\",\"@graph\":[{\"@type\":\"WebPage\",\"@id\":\"https:\/\/www.gruppoliturgico.com\/fr\/produit\/fauteuil-de-celebrant\/\",\"url\":\"https:\/\/www.gruppoliturgico.com\/fr\/produit\/fauteuil-de-celebrant\/\",\"name\":\"Fauteuil de c\u00e9l\u00e9brant - art 478, art 482 de style gothique et Laboratorio Gruppo Liturgico\",\"isPartOf\":{\"@id\":\"https:\/\/www.gruppoliturgico.com\/es\/#website\"},\"datePublished\":\"2022-05-19T21:18:07+00:00\",\"dateModified\":\"2022-10-20T14:14:23+00:00\",\"description\":\"Fauteuil de c\u00e9l\u00e9brant de style gothique artistique et majestueux en bois de h\u00eatre. Il pr\u00e9sente des panneaux sculpt\u00e9s avec des rosaces en relief sur le dossier et l'assise. Dimensions cm 165 x 65 x 48.\",\"breadcrumb\":{\"@id\":\"https:\/\/www.gruppoliturgico.com\/fr\/produit\/fauteuil-de-celebrant\/#breadcrumb\"},\"inLanguage\":\"fr-FR\",\"potentialAction\":[{\"@type\":\"ReadAction\",\"target\":[\"https:\/\/www.gruppoliturgico.com\/fr\/produit\/fauteuil-de-celebrant\/\"]}]},{\"@type\":\"BreadcrumbList\",\"@id\":\"https:\/\/www.gruppoliturgico.com\/fr\/produit\/fauteuil-de-celebrant\/#breadcrumb\",\"itemListElement\":[{\"@type\":\"ListItem\",\"position\":1,\"name\":\"Home\",\"item\":\"https:\/\/www.gruppoliturgico.com\/fr\/\"},{\"@type\":\"ListItem\",\"position\":2,\"name\":\"Boutique\",\"item\":\"https:\/\/www.gruppoliturgico.com\/fr\/boutique\/\"},{\"@type\":\"ListItem\",\"position\":3,\"name\":\"Fauteuil de c\u00e9l\u00e9brant\"}]},{\"@type\":\"WebSite\",\"@id\":\"https:\/\/www.gruppoliturgico.com\/es\/#website\",\"url\":\"https:\/\/www.gruppoliturgico.com\/es\/\",\"name\":\"Laboratorio Gruppo Liturgico\",\"description\":\"Articoli Religiosi online\",\"publisher\":{\"@id\":\"https:\/\/www.gruppoliturgico.com\/es\/#organization\"},\"potentialAction\":[{\"@type\":\"SearchAction\",\"target\":{\"@type\":\"EntryPoint\",\"urlTemplate\":\"https:\/\/www.gruppoliturgico.com\/es\/?s={search_term_string}\"},\"query-input\":\"required name=search_term_string\"}],\"inLanguage\":\"fr-FR\"},{\"@type\":\"Organization\",\"@id\":\"https:\/\/www.gruppoliturgico.com\/es\/#organization\",\"name\":\"Laboratorio Gruppo Liturgico\",\"url\":\"https:\/\/www.gruppoliturgico.com\/es\/\",\"logo\":{\"@type\":\"ImageObject\",\"inLanguage\":\"fr-FR\",\"@id\":\"https:\/\/www.gruppoliturgico.com\/es\/#\/schema\/logo\/image\/\",\"url\":\"https:\/\/www.gruppoliturgico.com\/wp-content\/uploads\/2022\/02\/logo-laboratoriogruppoliturgico.png\",\"contentUrl\":\"https:\/\/www.gruppoliturgico.com\/wp-content\/uploads\/2022\/02\/logo-laboratoriogruppoliturgico.png\",\"width\":400,\"height\":114,\"caption\":\"Laboratorio Gruppo Liturgico\"},\"image\":{\"@id\":\"https:\/\/www.gruppoliturgico.com\/es\/#\/schema\/logo\/image\/\"}}]}<\/script>\n<!-- \/ Yoast SEO plugin. -->","yoast_head_json":{"title":"Fauteuil de c\u00e9l\u00e9brant - art 478, art 482 de style gothique et Laboratorio Gruppo Liturgico","description":"Fauteuil de c\u00e9l\u00e9brant de style gothique artistique et majestueux en bois de h\u00eatre. Il pr\u00e9sente des panneaux sculpt\u00e9s avec des rosaces en relief sur le dossier et l'assise. Dimensions cm 165 x 65 x 48.","robots":{"index":"index","follow":"follow","max-snippet":"max-snippet:-1","max-image-preview":"max-image-preview:large","max-video-preview":"max-video-preview:-1"},"canonical":"https:\/\/www.gruppoliturgico.com\/fr\/produit\/fauteuil-de-celebrant\/","og_locale":"fr_FR","og_type":"article","og_title":"Fauteuil de c\u00e9l\u00e9brant - art 478, art 482 de style gothique et Laboratorio Gruppo Liturgico","og_description":"Fauteuil de c\u00e9l\u00e9brant de style gothique artistique et majestueux en bois de h\u00eatre. Il pr\u00e9sente des panneaux sculpt\u00e9s avec des rosaces en relief sur le dossier et l'assise. Dimensions cm 165 x 65 x 48.","og_url":"https:\/\/www.gruppoliturgico.com\/fr\/produit\/fauteuil-de-celebrant\/","og_site_name":"Laboratorio Gruppo Liturgico","article_modified_time":"2022-10-20T14:14:23+00:00","og_image":[{"width":914,"height":2000,"url":"https:\/\/www.gruppoliturgico.com\/wp-content\/uploads\/2022\/05\/482-pol-1-CutOut_InPixio.jpg","type":"image\/jpeg"}],"twitter_card":"summary_large_image","schema":{"@context":"https:\/\/schema.org","@graph":[{"@type":"WebPage","@id":"https:\/\/www.gruppoliturgico.com\/fr\/produit\/fauteuil-de-celebrant\/","url":"https:\/\/www.gruppoliturgico.com\/fr\/produit\/fauteuil-de-celebrant\/","name":"Fauteuil de c\u00e9l\u00e9brant - art 478, art 482 de style gothique et Laboratorio Gruppo Liturgico","isPartOf":{"@id":"https:\/\/www.gruppoliturgico.com\/es\/#website"},"datePublished":"2022-05-19T21:18:07+00:00","dateModified":"2022-10-20T14:14:23+00:00","description":"Fauteuil de c\u00e9l\u00e9brant de style gothique artistique et majestueux en bois de h\u00eatre. Il pr\u00e9sente des panneaux sculpt\u00e9s avec des rosaces en relief sur le dossier et l'assise. Dimensions cm 165 x 65 x 48.","breadcrumb":{"@id":"https:\/\/www.gruppoliturgico.com\/fr\/produit\/fauteuil-de-celebrant\/#breadcrumb"},"inLanguage":"fr-FR","potentialAction":[{"@type":"ReadAction","target":["https:\/\/www.gruppoliturgico.com\/fr\/produit\/fauteuil-de-celebrant\/"]}]},{"@type":"BreadcrumbList","@id":"https:\/\/www.gruppoliturgico.com\/fr\/produit\/fauteuil-de-celebrant\/#breadcrumb","itemListElement":[{"@type":"ListItem","position":1,"name":"Home","item":"https:\/\/www.gruppoliturgico.com\/fr\/"},{"@type":"ListItem","position":2,"name":"Boutique","item":"https:\/\/www.gruppoliturgico.com\/fr\/boutique\/"},{"@type":"ListItem","position":3,"name":"Fauteuil de c\u00e9l\u00e9brant"}]},{"@type":"WebSite","@id":"https:\/\/www.gruppoliturgico.com\/es\/#website","url":"https:\/\/www.gruppoliturgico.com\/es\/","name":"Laboratorio Gruppo Liturgico","description":"Articoli Religiosi online","publisher":{"@id":"https:\/\/www.gruppoliturgico.com\/es\/#organization"},"potentialAction":[{"@type":"SearchAction","target":{"@type":"EntryPoint","urlTemplate":"https:\/\/www.gruppoliturgico.com\/es\/?s={search_term_string}"},"query-input":"required name=search_term_string"}],"inLanguage":"fr-FR"},{"@type":"Organization","@id":"https:\/\/www.gruppoliturgico.com\/es\/#organization","name":"Laboratorio Gruppo Liturgico","url":"https:\/\/www.gruppoliturgico.com\/es\/","logo":{"@type":"ImageObject","inLanguage":"fr-FR","@id":"https:\/\/www.gruppoliturgico.com\/es\/#\/schema\/logo\/image\/","url":"https:\/\/www.gruppoliturgico.com\/wp-content\/uploads\/2022\/02\/logo-laboratoriogruppoliturgico.png","contentUrl":"https:\/\/www.gruppoliturgico.com\/wp-content\/uploads\/2022\/02\/logo-laboratoriogruppoliturgico.png","width":400,"height":114,"caption":"Laboratorio Gruppo Liturgico"},"image":{"@id":"https:\/\/www.gruppoliturgico.com\/es\/#\/schema\/logo\/image\/"}}]}},"_links":{"self":[{"href":"https:\/\/www.gruppoliturgico.com\/fr\/wp-json\/wp\/v2\/product\/63717"}],"collection":[{"href":"https:\/\/www.gruppoliturgico.com\/fr\/wp-json\/wp\/v2\/product"}],"about":[{"href":"https:\/\/www.gruppoliturgico.com\/fr\/wp-json\/wp\/v2\/types\/product"}],"wp:featuredmedia":[{"embeddable":true,"href":"https:\/\/www.gruppoliturgico.com\/fr\/wp-json\/wp\/v2\/media\/118666"}],"wp:attachment":[{"href":"https:\/\/www.gruppoliturgico.com\/fr\/wp-json\/wp\/v2\/media?parent=63717"}],"wp:term":[{"taxonomy":"product_cat","embeddable":true,"href":"https:\/\/www.gruppoliturgico.com\/fr\/wp-json\/wp\/v2\/product_cat?post=63717"},{"taxonomy":"product_tag","embeddable":true,"href":"https:\/\/www.gruppoliturgico.com\/fr\/wp-json\/wp\/v2\/product_tag?post=63717"}],"curies":[{"name":"wp","href":"https:\/\/api.w.org\/{rel}","templated":true}]}}