{"id":63705,"date":"2022-05-19T23:17:32","date_gmt":"2022-05-19T21:17:36","guid":{"rendered":"https:\/\/www.gruppoliturgico.com\/prodotto\/baptistere-4\/"},"modified":"2022-10-26T16:21:10","modified_gmt":"2022-10-26T14:21:10","slug":"baptistere-4","status":"publish","type":"product","link":"https:\/\/www.gruppoliturgico.com\/fr\/produit\/baptistere-4\/","title":{"rendered":"baptist\u00e8re"},"content":{"rendered":"<html><body><p>Un ange avec corne d\u2019abondance en bois sculpt\u00e9.<br>\nDorure \u00e0 la feuille d\u2019or avec parties laqu\u00e9es.<br>\nBassine en cuivre martel\u00e9 \u00e0 la main d\u2019un diam\u00e8tre de 40 cm avec un petit bassin d\u2019eau en aluminium.<br>\nHauteur de la partie en bois 100 cm<br>\nHauteur totale 130 cm.<\/p>\n<\/body><\/html>","protected":false},"excerpt":{"rendered":"<p>Un ange avec corne d&rsquo;abondance en bois sculpt\u00e9.<br \/>\nDorure \u00e0 la feuille d\u2019or avec parties laqu\u00e9es.<br \/>\nBassine en cuivre martel\u00e9 \u00e0 la main d\u2019un diam\u00e8tre de 40 cm avec un petit bassin d\u2019eau en aluminium.<br \/>\nHauteur de la partie en bois 100 cm<br \/>\nHauteur totale 130 cm.<\/p>\n","protected":false},"featured_media":131625,"template":"","meta":[],"product_cat":[11732],"product_tag":[],"yoast_head":"<!-- This site is optimized with the Yoast SEO plugin v20.4 - https:\/\/yoast.com\/wordpress\/plugins\/seo\/ -->\n<title>baptist\u00e8re - baptist\u00e8res et Laboratorio Gruppo Liturgico<\/title>\n<meta name=\"description\" content=\"Un ange avec corne d&#039;abondance en bois sculpt\u00e9. Dorure \u00e0 la feuille d\u2019or avec parties laqu\u00e9es. Bassine en cuivre martel\u00e9 \u00e0 la main d\u2019un diam\u00e8tre de 40 cm avec un petit bassin d\u2019eau en aluminium. Hauteur de la partie en bois 100 cm Hauteur totale 130 cm.\" \/>\n<meta name=\"robots\" content=\"index, follow, max-snippet:-1, max-image-preview:large, max-video-preview:-1\" \/>\n<link rel=\"canonical\" href=\"https:\/\/www.gruppoliturgico.com\/fr\/produit\/baptistere-4\/\" \/>\n<meta property=\"og:locale\" content=\"fr_FR\" \/>\n<meta property=\"og:type\" content=\"article\" \/>\n<meta property=\"og:title\" content=\"baptist\u00e8re - baptist\u00e8res et Laboratorio Gruppo Liturgico\" \/>\n<meta property=\"og:description\" content=\"Un ange avec corne d&#039;abondance en bois sculpt\u00e9. Dorure \u00e0 la feuille d\u2019or avec parties laqu\u00e9es. Bassine en cuivre martel\u00e9 \u00e0 la main d\u2019un diam\u00e8tre de 40 cm avec un petit bassin d\u2019eau en aluminium. Hauteur de la partie en bois 100 cm Hauteur totale 130 cm.\" \/>\n<meta property=\"og:url\" content=\"https:\/\/www.gruppoliturgico.com\/fr\/produit\/baptistere-4\/\" \/>\n<meta property=\"og:site_name\" content=\"Laboratorio Gruppo Liturgico\" \/>\n<meta property=\"article:modified_time\" content=\"2022-10-26T14:21:10+00:00\" \/>\n<meta property=\"og:image\" content=\"https:\/\/www.gruppoliturgico.com\/wp-content\/uploads\/2022\/05\/122.jpg\" \/>\n\t<meta property=\"og:image:width\" content=\"514\" \/>\n\t<meta property=\"og:image:height\" content=\"1500\" \/>\n\t<meta property=\"og:image:type\" content=\"image\/jpeg\" \/>\n<meta name=\"twitter:card\" content=\"summary_large_image\" \/>\n<script type=\"application\/ld+json\" class=\"yoast-schema-graph\">{\"@context\":\"https:\/\/schema.org\",\"@graph\":[{\"@type\":\"WebPage\",\"@id\":\"https:\/\/www.gruppoliturgico.com\/fr\/produit\/baptistere-4\/\",\"url\":\"https:\/\/www.gruppoliturgico.com\/fr\/produit\/baptistere-4\/\",\"name\":\"baptist\u00e8re - baptist\u00e8res et Laboratorio Gruppo Liturgico\",\"isPartOf\":{\"@id\":\"https:\/\/www.gruppoliturgico.com\/es\/#website\"},\"datePublished\":\"2022-05-19T21:17:36+00:00\",\"dateModified\":\"2022-10-26T14:21:10+00:00\",\"description\":\"Un ange avec corne d'abondance en bois sculpt\u00e9. Dorure \u00e0 la feuille d\u2019or avec parties laqu\u00e9es. Bassine en cuivre martel\u00e9 \u00e0 la main d\u2019un diam\u00e8tre de 40 cm avec un petit bassin d\u2019eau en aluminium. Hauteur de la partie en bois 100 cm Hauteur totale 130 cm.\",\"breadcrumb\":{\"@id\":\"https:\/\/www.gruppoliturgico.com\/fr\/produit\/baptistere-4\/#breadcrumb\"},\"inLanguage\":\"fr-FR\",\"potentialAction\":[{\"@type\":\"ReadAction\",\"target\":[\"https:\/\/www.gruppoliturgico.com\/fr\/produit\/baptistere-4\/\"]}]},{\"@type\":\"BreadcrumbList\",\"@id\":\"https:\/\/www.gruppoliturgico.com\/fr\/produit\/baptistere-4\/#breadcrumb\",\"itemListElement\":[{\"@type\":\"ListItem\",\"position\":1,\"name\":\"Home\",\"item\":\"https:\/\/www.gruppoliturgico.com\/fr\/\"},{\"@type\":\"ListItem\",\"position\":2,\"name\":\"Boutique\",\"item\":\"https:\/\/www.gruppoliturgico.com\/fr\/boutique\/\"},{\"@type\":\"ListItem\",\"position\":3,\"name\":\"baptist\u00e8re\"}]},{\"@type\":\"WebSite\",\"@id\":\"https:\/\/www.gruppoliturgico.com\/es\/#website\",\"url\":\"https:\/\/www.gruppoliturgico.com\/es\/\",\"name\":\"Laboratorio Gruppo Liturgico\",\"description\":\"Articoli Religiosi online\",\"publisher\":{\"@id\":\"https:\/\/www.gruppoliturgico.com\/es\/#organization\"},\"potentialAction\":[{\"@type\":\"SearchAction\",\"target\":{\"@type\":\"EntryPoint\",\"urlTemplate\":\"https:\/\/www.gruppoliturgico.com\/es\/?s={search_term_string}\"},\"query-input\":\"required name=search_term_string\"}],\"inLanguage\":\"fr-FR\"},{\"@type\":\"Organization\",\"@id\":\"https:\/\/www.gruppoliturgico.com\/es\/#organization\",\"name\":\"Laboratorio Gruppo Liturgico\",\"url\":\"https:\/\/www.gruppoliturgico.com\/es\/\",\"logo\":{\"@type\":\"ImageObject\",\"inLanguage\":\"fr-FR\",\"@id\":\"https:\/\/www.gruppoliturgico.com\/es\/#\/schema\/logo\/image\/\",\"url\":\"https:\/\/www.gruppoliturgico.com\/wp-content\/uploads\/2022\/02\/logo-laboratoriogruppoliturgico.png\",\"contentUrl\":\"https:\/\/www.gruppoliturgico.com\/wp-content\/uploads\/2022\/02\/logo-laboratoriogruppoliturgico.png\",\"width\":400,\"height\":114,\"caption\":\"Laboratorio Gruppo Liturgico\"},\"image\":{\"@id\":\"https:\/\/www.gruppoliturgico.com\/es\/#\/schema\/logo\/image\/\"}}]}<\/script>\n<!-- \/ Yoast SEO plugin. -->","yoast_head_json":{"title":"baptist\u00e8re - baptist\u00e8res et Laboratorio Gruppo Liturgico","description":"Un ange avec corne d'abondance en bois sculpt\u00e9. Dorure \u00e0 la feuille d\u2019or avec parties laqu\u00e9es. Bassine en cuivre martel\u00e9 \u00e0 la main d\u2019un diam\u00e8tre de 40 cm avec un petit bassin d\u2019eau en aluminium. Hauteur de la partie en bois 100 cm Hauteur totale 130 cm.","robots":{"index":"index","follow":"follow","max-snippet":"max-snippet:-1","max-image-preview":"max-image-preview:large","max-video-preview":"max-video-preview:-1"},"canonical":"https:\/\/www.gruppoliturgico.com\/fr\/produit\/baptistere-4\/","og_locale":"fr_FR","og_type":"article","og_title":"baptist\u00e8re - baptist\u00e8res et Laboratorio Gruppo Liturgico","og_description":"Un ange avec corne d'abondance en bois sculpt\u00e9. Dorure \u00e0 la feuille d\u2019or avec parties laqu\u00e9es. Bassine en cuivre martel\u00e9 \u00e0 la main d\u2019un diam\u00e8tre de 40 cm avec un petit bassin d\u2019eau en aluminium. Hauteur de la partie en bois 100 cm Hauteur totale 130 cm.","og_url":"https:\/\/www.gruppoliturgico.com\/fr\/produit\/baptistere-4\/","og_site_name":"Laboratorio Gruppo Liturgico","article_modified_time":"2022-10-26T14:21:10+00:00","og_image":[{"width":514,"height":1500,"url":"https:\/\/www.gruppoliturgico.com\/wp-content\/uploads\/2022\/05\/122.jpg","type":"image\/jpeg"}],"twitter_card":"summary_large_image","schema":{"@context":"https:\/\/schema.org","@graph":[{"@type":"WebPage","@id":"https:\/\/www.gruppoliturgico.com\/fr\/produit\/baptistere-4\/","url":"https:\/\/www.gruppoliturgico.com\/fr\/produit\/baptistere-4\/","name":"baptist\u00e8re - baptist\u00e8res et Laboratorio Gruppo Liturgico","isPartOf":{"@id":"https:\/\/www.gruppoliturgico.com\/es\/#website"},"datePublished":"2022-05-19T21:17:36+00:00","dateModified":"2022-10-26T14:21:10+00:00","description":"Un ange avec corne d'abondance en bois sculpt\u00e9. Dorure \u00e0 la feuille d\u2019or avec parties laqu\u00e9es. Bassine en cuivre martel\u00e9 \u00e0 la main d\u2019un diam\u00e8tre de 40 cm avec un petit bassin d\u2019eau en aluminium. Hauteur de la partie en bois 100 cm Hauteur totale 130 cm.","breadcrumb":{"@id":"https:\/\/www.gruppoliturgico.com\/fr\/produit\/baptistere-4\/#breadcrumb"},"inLanguage":"fr-FR","potentialAction":[{"@type":"ReadAction","target":["https:\/\/www.gruppoliturgico.com\/fr\/produit\/baptistere-4\/"]}]},{"@type":"BreadcrumbList","@id":"https:\/\/www.gruppoliturgico.com\/fr\/produit\/baptistere-4\/#breadcrumb","itemListElement":[{"@type":"ListItem","position":1,"name":"Home","item":"https:\/\/www.gruppoliturgico.com\/fr\/"},{"@type":"ListItem","position":2,"name":"Boutique","item":"https:\/\/www.gruppoliturgico.com\/fr\/boutique\/"},{"@type":"ListItem","position":3,"name":"baptist\u00e8re"}]},{"@type":"WebSite","@id":"https:\/\/www.gruppoliturgico.com\/es\/#website","url":"https:\/\/www.gruppoliturgico.com\/es\/","name":"Laboratorio Gruppo Liturgico","description":"Articoli Religiosi online","publisher":{"@id":"https:\/\/www.gruppoliturgico.com\/es\/#organization"},"potentialAction":[{"@type":"SearchAction","target":{"@type":"EntryPoint","urlTemplate":"https:\/\/www.gruppoliturgico.com\/es\/?s={search_term_string}"},"query-input":"required name=search_term_string"}],"inLanguage":"fr-FR"},{"@type":"Organization","@id":"https:\/\/www.gruppoliturgico.com\/es\/#organization","name":"Laboratorio Gruppo Liturgico","url":"https:\/\/www.gruppoliturgico.com\/es\/","logo":{"@type":"ImageObject","inLanguage":"fr-FR","@id":"https:\/\/www.gruppoliturgico.com\/es\/#\/schema\/logo\/image\/","url":"https:\/\/www.gruppoliturgico.com\/wp-content\/uploads\/2022\/02\/logo-laboratoriogruppoliturgico.png","contentUrl":"https:\/\/www.gruppoliturgico.com\/wp-content\/uploads\/2022\/02\/logo-laboratoriogruppoliturgico.png","width":400,"height":114,"caption":"Laboratorio Gruppo Liturgico"},"image":{"@id":"https:\/\/www.gruppoliturgico.com\/es\/#\/schema\/logo\/image\/"}}]}},"_links":{"self":[{"href":"https:\/\/www.gruppoliturgico.com\/fr\/wp-json\/wp\/v2\/product\/63705"}],"collection":[{"href":"https:\/\/www.gruppoliturgico.com\/fr\/wp-json\/wp\/v2\/product"}],"about":[{"href":"https:\/\/www.gruppoliturgico.com\/fr\/wp-json\/wp\/v2\/types\/product"}],"wp:featuredmedia":[{"embeddable":true,"href":"https:\/\/www.gruppoliturgico.com\/fr\/wp-json\/wp\/v2\/media\/131625"}],"wp:attachment":[{"href":"https:\/\/www.gruppoliturgico.com\/fr\/wp-json\/wp\/v2\/media?parent=63705"}],"wp:term":[{"taxonomy":"product_cat","embeddable":true,"href":"https:\/\/www.gruppoliturgico.com\/fr\/wp-json\/wp\/v2\/product_cat?post=63705"},{"taxonomy":"product_tag","embeddable":true,"href":"https:\/\/www.gruppoliturgico.com\/fr\/wp-json\/wp\/v2\/product_tag?post=63705"}],"curies":[{"name":"wp","href":"https:\/\/api.w.org\/{rel}","templated":true}]}}