{"id":63693,"date":"2022-05-19T23:17:04","date_gmt":"2022-05-19T21:17:08","guid":{"rendered":"https:\/\/www.gruppoliturgico.com\/prodotto\/baptistere-2\/"},"modified":"2022-10-26T16:13:26","modified_gmt":"2022-10-26T14:13:26","slug":"baptistere-2","status":"publish","type":"product","link":"https:\/\/www.gruppoliturgico.com\/fr\/produit\/baptistere-2\/","title":{"rendered":"baptist\u00e8re"},"content":{"rendered":"<html><body><p>Ange baptist\u00e8re en bois sculpt\u00e9.<br>\nDorure \u00e0 la feuille d\u2019or avec parties laqu\u00e9es.<br>\nBassine en cuivre martel\u00e9 \u00e0 la main d\u2019un diam\u00e8tre de 40 cm avec un petit bassin d\u2019eau en aluminium.<br>\nHauteur de la partie en bois 95 cm<br>\nHauteur totale 125 cm.<\/p>\n<\/body><\/html>","protected":false},"excerpt":{"rendered":"<p>Ange baptist\u00e8re en bois sculpt\u00e9.<br \/>\nDorure \u00e0 la feuille d&rsquo;or avec parties laqu\u00e9es.<br \/>\nBassine en cuivre martel\u00e9 \u00e0 la main d&rsquo;un diam\u00e8tre de 40 cm avec un petit bassin d&rsquo;eau en aluminium.<br \/>\nHauteur de la partie en bois 95 cm<br \/>\nHauteur totale 125 cm.<\/p>\n","protected":false},"featured_media":131657,"template":"","meta":[],"product_cat":[11732],"product_tag":[],"yoast_head":"<!-- This site is optimized with the Yoast SEO plugin v20.4 - https:\/\/yoast.com\/wordpress\/plugins\/seo\/ -->\n<title>baptist\u00e8re - baptist\u00e8res et Laboratorio Gruppo Liturgico<\/title>\n<meta name=\"description\" content=\"Ange baptist\u00e8re en bois sculpt\u00e9. Dorure \u00e0 la feuille d&#039;or avec parties laqu\u00e9es. Bassine en cuivre martel\u00e9 \u00e0 la main d&#039;un diam\u00e8tre de 40 cm avec un petit bassin d&#039;eau en aluminium. Hauteur de la partie en bois 95 cm Hauteur totale 125 cm.\" \/>\n<meta name=\"robots\" content=\"index, follow, max-snippet:-1, max-image-preview:large, max-video-preview:-1\" \/>\n<link rel=\"canonical\" href=\"https:\/\/www.gruppoliturgico.com\/fr\/produit\/baptistere-2\/\" \/>\n<meta property=\"og:locale\" content=\"fr_FR\" \/>\n<meta property=\"og:type\" content=\"article\" \/>\n<meta property=\"og:title\" content=\"baptist\u00e8re - baptist\u00e8res et Laboratorio Gruppo Liturgico\" \/>\n<meta property=\"og:description\" content=\"Ange baptist\u00e8re en bois sculpt\u00e9. Dorure \u00e0 la feuille d&#039;or avec parties laqu\u00e9es. Bassine en cuivre martel\u00e9 \u00e0 la main d&#039;un diam\u00e8tre de 40 cm avec un petit bassin d&#039;eau en aluminium. Hauteur de la partie en bois 95 cm Hauteur totale 125 cm.\" \/>\n<meta property=\"og:url\" content=\"https:\/\/www.gruppoliturgico.com\/fr\/produit\/baptistere-2\/\" \/>\n<meta property=\"og:site_name\" content=\"Laboratorio Gruppo Liturgico\" \/>\n<meta property=\"article:modified_time\" content=\"2022-10-26T14:13:26+00:00\" \/>\n<meta property=\"og:image\" content=\"https:\/\/www.gruppoliturgico.com\/wp-content\/uploads\/2022\/05\/657_nv.jpg\" \/>\n\t<meta property=\"og:image:width\" content=\"769\" \/>\n\t<meta property=\"og:image:height\" content=\"2000\" \/>\n\t<meta property=\"og:image:type\" content=\"image\/jpeg\" \/>\n<meta name=\"twitter:card\" content=\"summary_large_image\" \/>\n<script type=\"application\/ld+json\" class=\"yoast-schema-graph\">{\"@context\":\"https:\/\/schema.org\",\"@graph\":[{\"@type\":\"WebPage\",\"@id\":\"https:\/\/www.gruppoliturgico.com\/fr\/produit\/baptistere-2\/\",\"url\":\"https:\/\/www.gruppoliturgico.com\/fr\/produit\/baptistere-2\/\",\"name\":\"baptist\u00e8re - baptist\u00e8res et Laboratorio Gruppo Liturgico\",\"isPartOf\":{\"@id\":\"https:\/\/www.gruppoliturgico.com\/es\/#website\"},\"datePublished\":\"2022-05-19T21:17:08+00:00\",\"dateModified\":\"2022-10-26T14:13:26+00:00\",\"description\":\"Ange baptist\u00e8re en bois sculpt\u00e9. Dorure \u00e0 la feuille d'or avec parties laqu\u00e9es. Bassine en cuivre martel\u00e9 \u00e0 la main d'un diam\u00e8tre de 40 cm avec un petit bassin d'eau en aluminium. Hauteur de la partie en bois 95 cm Hauteur totale 125 cm.\",\"breadcrumb\":{\"@id\":\"https:\/\/www.gruppoliturgico.com\/fr\/produit\/baptistere-2\/#breadcrumb\"},\"inLanguage\":\"fr-FR\",\"potentialAction\":[{\"@type\":\"ReadAction\",\"target\":[\"https:\/\/www.gruppoliturgico.com\/fr\/produit\/baptistere-2\/\"]}]},{\"@type\":\"BreadcrumbList\",\"@id\":\"https:\/\/www.gruppoliturgico.com\/fr\/produit\/baptistere-2\/#breadcrumb\",\"itemListElement\":[{\"@type\":\"ListItem\",\"position\":1,\"name\":\"Home\",\"item\":\"https:\/\/www.gruppoliturgico.com\/fr\/\"},{\"@type\":\"ListItem\",\"position\":2,\"name\":\"Boutique\",\"item\":\"https:\/\/www.gruppoliturgico.com\/fr\/boutique\/\"},{\"@type\":\"ListItem\",\"position\":3,\"name\":\"baptist\u00e8re\"}]},{\"@type\":\"WebSite\",\"@id\":\"https:\/\/www.gruppoliturgico.com\/es\/#website\",\"url\":\"https:\/\/www.gruppoliturgico.com\/es\/\",\"name\":\"Laboratorio Gruppo Liturgico\",\"description\":\"Articoli Religiosi online\",\"publisher\":{\"@id\":\"https:\/\/www.gruppoliturgico.com\/es\/#organization\"},\"potentialAction\":[{\"@type\":\"SearchAction\",\"target\":{\"@type\":\"EntryPoint\",\"urlTemplate\":\"https:\/\/www.gruppoliturgico.com\/es\/?s={search_term_string}\"},\"query-input\":\"required name=search_term_string\"}],\"inLanguage\":\"fr-FR\"},{\"@type\":\"Organization\",\"@id\":\"https:\/\/www.gruppoliturgico.com\/es\/#organization\",\"name\":\"Laboratorio Gruppo Liturgico\",\"url\":\"https:\/\/www.gruppoliturgico.com\/es\/\",\"logo\":{\"@type\":\"ImageObject\",\"inLanguage\":\"fr-FR\",\"@id\":\"https:\/\/www.gruppoliturgico.com\/es\/#\/schema\/logo\/image\/\",\"url\":\"https:\/\/www.gruppoliturgico.com\/wp-content\/uploads\/2022\/02\/logo-laboratoriogruppoliturgico.png\",\"contentUrl\":\"https:\/\/www.gruppoliturgico.com\/wp-content\/uploads\/2022\/02\/logo-laboratoriogruppoliturgico.png\",\"width\":400,\"height\":114,\"caption\":\"Laboratorio Gruppo Liturgico\"},\"image\":{\"@id\":\"https:\/\/www.gruppoliturgico.com\/es\/#\/schema\/logo\/image\/\"}}]}<\/script>\n<!-- \/ Yoast SEO plugin. -->","yoast_head_json":{"title":"baptist\u00e8re - baptist\u00e8res et Laboratorio Gruppo Liturgico","description":"Ange baptist\u00e8re en bois sculpt\u00e9. Dorure \u00e0 la feuille d'or avec parties laqu\u00e9es. Bassine en cuivre martel\u00e9 \u00e0 la main d'un diam\u00e8tre de 40 cm avec un petit bassin d'eau en aluminium. Hauteur de la partie en bois 95 cm Hauteur totale 125 cm.","robots":{"index":"index","follow":"follow","max-snippet":"max-snippet:-1","max-image-preview":"max-image-preview:large","max-video-preview":"max-video-preview:-1"},"canonical":"https:\/\/www.gruppoliturgico.com\/fr\/produit\/baptistere-2\/","og_locale":"fr_FR","og_type":"article","og_title":"baptist\u00e8re - baptist\u00e8res et Laboratorio Gruppo Liturgico","og_description":"Ange baptist\u00e8re en bois sculpt\u00e9. Dorure \u00e0 la feuille d'or avec parties laqu\u00e9es. Bassine en cuivre martel\u00e9 \u00e0 la main d'un diam\u00e8tre de 40 cm avec un petit bassin d'eau en aluminium. Hauteur de la partie en bois 95 cm Hauteur totale 125 cm.","og_url":"https:\/\/www.gruppoliturgico.com\/fr\/produit\/baptistere-2\/","og_site_name":"Laboratorio Gruppo Liturgico","article_modified_time":"2022-10-26T14:13:26+00:00","og_image":[{"width":769,"height":2000,"url":"https:\/\/www.gruppoliturgico.com\/wp-content\/uploads\/2022\/05\/657_nv.jpg","type":"image\/jpeg"}],"twitter_card":"summary_large_image","schema":{"@context":"https:\/\/schema.org","@graph":[{"@type":"WebPage","@id":"https:\/\/www.gruppoliturgico.com\/fr\/produit\/baptistere-2\/","url":"https:\/\/www.gruppoliturgico.com\/fr\/produit\/baptistere-2\/","name":"baptist\u00e8re - baptist\u00e8res et Laboratorio Gruppo Liturgico","isPartOf":{"@id":"https:\/\/www.gruppoliturgico.com\/es\/#website"},"datePublished":"2022-05-19T21:17:08+00:00","dateModified":"2022-10-26T14:13:26+00:00","description":"Ange baptist\u00e8re en bois sculpt\u00e9. Dorure \u00e0 la feuille d'or avec parties laqu\u00e9es. Bassine en cuivre martel\u00e9 \u00e0 la main d'un diam\u00e8tre de 40 cm avec un petit bassin d'eau en aluminium. Hauteur de la partie en bois 95 cm Hauteur totale 125 cm.","breadcrumb":{"@id":"https:\/\/www.gruppoliturgico.com\/fr\/produit\/baptistere-2\/#breadcrumb"},"inLanguage":"fr-FR","potentialAction":[{"@type":"ReadAction","target":["https:\/\/www.gruppoliturgico.com\/fr\/produit\/baptistere-2\/"]}]},{"@type":"BreadcrumbList","@id":"https:\/\/www.gruppoliturgico.com\/fr\/produit\/baptistere-2\/#breadcrumb","itemListElement":[{"@type":"ListItem","position":1,"name":"Home","item":"https:\/\/www.gruppoliturgico.com\/fr\/"},{"@type":"ListItem","position":2,"name":"Boutique","item":"https:\/\/www.gruppoliturgico.com\/fr\/boutique\/"},{"@type":"ListItem","position":3,"name":"baptist\u00e8re"}]},{"@type":"WebSite","@id":"https:\/\/www.gruppoliturgico.com\/es\/#website","url":"https:\/\/www.gruppoliturgico.com\/es\/","name":"Laboratorio Gruppo Liturgico","description":"Articoli Religiosi online","publisher":{"@id":"https:\/\/www.gruppoliturgico.com\/es\/#organization"},"potentialAction":[{"@type":"SearchAction","target":{"@type":"EntryPoint","urlTemplate":"https:\/\/www.gruppoliturgico.com\/es\/?s={search_term_string}"},"query-input":"required name=search_term_string"}],"inLanguage":"fr-FR"},{"@type":"Organization","@id":"https:\/\/www.gruppoliturgico.com\/es\/#organization","name":"Laboratorio Gruppo Liturgico","url":"https:\/\/www.gruppoliturgico.com\/es\/","logo":{"@type":"ImageObject","inLanguage":"fr-FR","@id":"https:\/\/www.gruppoliturgico.com\/es\/#\/schema\/logo\/image\/","url":"https:\/\/www.gruppoliturgico.com\/wp-content\/uploads\/2022\/02\/logo-laboratoriogruppoliturgico.png","contentUrl":"https:\/\/www.gruppoliturgico.com\/wp-content\/uploads\/2022\/02\/logo-laboratoriogruppoliturgico.png","width":400,"height":114,"caption":"Laboratorio Gruppo Liturgico"},"image":{"@id":"https:\/\/www.gruppoliturgico.com\/es\/#\/schema\/logo\/image\/"}}]}},"_links":{"self":[{"href":"https:\/\/www.gruppoliturgico.com\/fr\/wp-json\/wp\/v2\/product\/63693"}],"collection":[{"href":"https:\/\/www.gruppoliturgico.com\/fr\/wp-json\/wp\/v2\/product"}],"about":[{"href":"https:\/\/www.gruppoliturgico.com\/fr\/wp-json\/wp\/v2\/types\/product"}],"wp:featuredmedia":[{"embeddable":true,"href":"https:\/\/www.gruppoliturgico.com\/fr\/wp-json\/wp\/v2\/media\/131657"}],"wp:attachment":[{"href":"https:\/\/www.gruppoliturgico.com\/fr\/wp-json\/wp\/v2\/media?parent=63693"}],"wp:term":[{"taxonomy":"product_cat","embeddable":true,"href":"https:\/\/www.gruppoliturgico.com\/fr\/wp-json\/wp\/v2\/product_cat?post=63693"},{"taxonomy":"product_tag","embeddable":true,"href":"https:\/\/www.gruppoliturgico.com\/fr\/wp-json\/wp\/v2\/product_tag?post=63693"}],"curies":[{"name":"wp","href":"https:\/\/api.w.org\/{rel}","templated":true}]}}