{"id":63677,"date":"2022-05-19T23:16:26","date_gmt":"2022-05-19T21:16:30","guid":{"rendered":"https:\/\/www.gruppoliturgico.com\/prodotto\/ambon-12\/"},"modified":"2022-10-24T16:19:55","modified_gmt":"2022-10-24T14:19:55","slug":"ambon-12","status":"publish","type":"product","link":"https:\/\/www.gruppoliturgico.com\/fr\/produit\/ambon-12\/","title":{"rendered":"ambon"},"content":{"rendered":"<html><body><p>Ambon en bois sculpt\u00e9 et dor\u00e9 \u00e0 la feuille d\u2019or.<br>\nLe pr\u00e9cieux ouvrage de sculpture et les gravures dor\u00e9es \u00e0 la feuille d\u2019or caract\u00e9risent cet article.<br>\nSur des plans faits expr\u00e8s sont pos\u00e9es de petites statues en bois des quatre \u00c9vang\u00e9listes (d\u2019autres sujets sur demande) hautes de cm 30, sculpt\u00e9s et peintes \u00e0 la main en teintes pastel.<br>\nBase cm 65 x 30<br>\nPupitre cm 40 x 50<br>\nHauteur cm 125<\/p>\n<\/body><\/html>","protected":false},"excerpt":{"rendered":"<p>Ambon en bois sculpt\u00e9 et dor\u00e9 \u00e0 la feuille d&rsquo;or.<br \/>\nLe pr\u00e9cieux ouvrage de sculpture et les gravures dor\u00e9es \u00e0 la feuille d&rsquo;or caract\u00e9risent cet article.<br \/>\nSur des plans faits expr\u00e8s sont pos\u00e9es de petites statues en bois des quatre \u00c9vang\u00e9listes (d&rsquo;autres sujets sur demande) hautes de cm 30, sculpt\u00e9s et peintes \u00e0 la main en teintes pastel.<br \/>\nBase cm 65 x 30<br \/>\nPupitre cm 40 x 50<br \/>\nHauteur cm 125<\/p>\n","protected":false},"featured_media":131549,"template":"","meta":[],"product_cat":[12184],"product_tag":[],"yoast_head":"<!-- This site is optimized with the Yoast SEO plugin v20.4 - https:\/\/yoast.com\/wordpress\/plugins\/seo\/ -->\n<title>ambon - ambons et lutrins en bois et Laboratorio Gruppo Liturgico<\/title>\n<meta name=\"description\" content=\"Ambon en bois sculpt\u00e9 et dor\u00e9 \u00e0 la feuille d&#039;or.  Le pr\u00e9cieux ouvrage de sculpture et les gravures dor\u00e9es \u00e0 la feuille d&#039;or caract\u00e9risent cet article.  Sur des plans faits expr\u00e8s sont pos\u00e9es de petites statues en bois des quatre \u00c9vang\u00e9listes (d&#039;autres sujets sur demande) hautes de cm 30, sculpt\u00e9s et peintes \u00e0 la main en teintes pastel. Base cm 65 x 30 Pupitre cm 40 x 50 Hauteur cm 125\" \/>\n<meta name=\"robots\" content=\"index, follow, max-snippet:-1, max-image-preview:large, max-video-preview:-1\" \/>\n<link rel=\"canonical\" href=\"https:\/\/www.gruppoliturgico.com\/fr\/produit\/ambon-12\/\" \/>\n<meta property=\"og:locale\" content=\"fr_FR\" \/>\n<meta property=\"og:type\" content=\"article\" \/>\n<meta property=\"og:title\" content=\"ambon - ambons et lutrins en bois et Laboratorio Gruppo Liturgico\" \/>\n<meta property=\"og:description\" content=\"Ambon en bois sculpt\u00e9 et dor\u00e9 \u00e0 la feuille d&#039;or.  Le pr\u00e9cieux ouvrage de sculpture et les gravures dor\u00e9es \u00e0 la feuille d&#039;or caract\u00e9risent cet article.  Sur des plans faits expr\u00e8s sont pos\u00e9es de petites statues en bois des quatre \u00c9vang\u00e9listes (d&#039;autres sujets sur demande) hautes de cm 30, sculpt\u00e9s et peintes \u00e0 la main en teintes pastel. Base cm 65 x 30 Pupitre cm 40 x 50 Hauteur cm 125\" \/>\n<meta property=\"og:url\" content=\"https:\/\/www.gruppoliturgico.com\/fr\/produit\/ambon-12\/\" \/>\n<meta property=\"og:site_name\" content=\"Laboratorio Gruppo Liturgico\" \/>\n<meta property=\"article:modified_time\" content=\"2022-10-24T14:19:55+00:00\" \/>\n<meta property=\"og:image\" content=\"https:\/\/www.gruppoliturgico.com\/wp-content\/uploads\/2022\/05\/203-A.jpg\" \/>\n\t<meta property=\"og:image:width\" content=\"809\" \/>\n\t<meta property=\"og:image:height\" content=\"1500\" \/>\n\t<meta property=\"og:image:type\" content=\"image\/jpeg\" \/>\n<meta name=\"twitter:card\" content=\"summary_large_image\" \/>\n<script type=\"application\/ld+json\" class=\"yoast-schema-graph\">{\"@context\":\"https:\/\/schema.org\",\"@graph\":[{\"@type\":\"WebPage\",\"@id\":\"https:\/\/www.gruppoliturgico.com\/fr\/produit\/ambon-12\/\",\"url\":\"https:\/\/www.gruppoliturgico.com\/fr\/produit\/ambon-12\/\",\"name\":\"ambon - ambons et lutrins en bois et Laboratorio Gruppo Liturgico\",\"isPartOf\":{\"@id\":\"https:\/\/www.gruppoliturgico.com\/es\/#website\"},\"datePublished\":\"2022-05-19T21:16:30+00:00\",\"dateModified\":\"2022-10-24T14:19:55+00:00\",\"description\":\"Ambon en bois sculpt\u00e9 et dor\u00e9 \u00e0 la feuille d'or. Le pr\u00e9cieux ouvrage de sculpture et les gravures dor\u00e9es \u00e0 la feuille d'or caract\u00e9risent cet article. Sur des plans faits expr\u00e8s sont pos\u00e9es de petites statues en bois des quatre \u00c9vang\u00e9listes (d'autres sujets sur demande) hautes de cm 30, sculpt\u00e9s et peintes \u00e0 la main en teintes pastel. Base cm 65 x 30 Pupitre cm 40 x 50 Hauteur cm 125\",\"breadcrumb\":{\"@id\":\"https:\/\/www.gruppoliturgico.com\/fr\/produit\/ambon-12\/#breadcrumb\"},\"inLanguage\":\"fr-FR\",\"potentialAction\":[{\"@type\":\"ReadAction\",\"target\":[\"https:\/\/www.gruppoliturgico.com\/fr\/produit\/ambon-12\/\"]}]},{\"@type\":\"BreadcrumbList\",\"@id\":\"https:\/\/www.gruppoliturgico.com\/fr\/produit\/ambon-12\/#breadcrumb\",\"itemListElement\":[{\"@type\":\"ListItem\",\"position\":1,\"name\":\"Home\",\"item\":\"https:\/\/www.gruppoliturgico.com\/fr\/\"},{\"@type\":\"ListItem\",\"position\":2,\"name\":\"Boutique\",\"item\":\"https:\/\/www.gruppoliturgico.com\/fr\/boutique\/\"},{\"@type\":\"ListItem\",\"position\":3,\"name\":\"ambon\"}]},{\"@type\":\"WebSite\",\"@id\":\"https:\/\/www.gruppoliturgico.com\/es\/#website\",\"url\":\"https:\/\/www.gruppoliturgico.com\/es\/\",\"name\":\"Laboratorio Gruppo Liturgico\",\"description\":\"Articoli Religiosi online\",\"publisher\":{\"@id\":\"https:\/\/www.gruppoliturgico.com\/es\/#organization\"},\"potentialAction\":[{\"@type\":\"SearchAction\",\"target\":{\"@type\":\"EntryPoint\",\"urlTemplate\":\"https:\/\/www.gruppoliturgico.com\/es\/?s={search_term_string}\"},\"query-input\":\"required name=search_term_string\"}],\"inLanguage\":\"fr-FR\"},{\"@type\":\"Organization\",\"@id\":\"https:\/\/www.gruppoliturgico.com\/es\/#organization\",\"name\":\"Laboratorio Gruppo Liturgico\",\"url\":\"https:\/\/www.gruppoliturgico.com\/es\/\",\"logo\":{\"@type\":\"ImageObject\",\"inLanguage\":\"fr-FR\",\"@id\":\"https:\/\/www.gruppoliturgico.com\/es\/#\/schema\/logo\/image\/\",\"url\":\"https:\/\/www.gruppoliturgico.com\/wp-content\/uploads\/2022\/02\/logo-laboratoriogruppoliturgico.png\",\"contentUrl\":\"https:\/\/www.gruppoliturgico.com\/wp-content\/uploads\/2022\/02\/logo-laboratoriogruppoliturgico.png\",\"width\":400,\"height\":114,\"caption\":\"Laboratorio Gruppo Liturgico\"},\"image\":{\"@id\":\"https:\/\/www.gruppoliturgico.com\/es\/#\/schema\/logo\/image\/\"}}]}<\/script>\n<!-- \/ Yoast SEO plugin. -->","yoast_head_json":{"title":"ambon - ambons et lutrins en bois et Laboratorio Gruppo Liturgico","description":"Ambon en bois sculpt\u00e9 et dor\u00e9 \u00e0 la feuille d'or.  Le pr\u00e9cieux ouvrage de sculpture et les gravures dor\u00e9es \u00e0 la feuille d'or caract\u00e9risent cet article.  Sur des plans faits expr\u00e8s sont pos\u00e9es de petites statues en bois des quatre \u00c9vang\u00e9listes (d'autres sujets sur demande) hautes de cm 30, sculpt\u00e9s et peintes \u00e0 la main en teintes pastel. Base cm 65 x 30 Pupitre cm 40 x 50 Hauteur cm 125","robots":{"index":"index","follow":"follow","max-snippet":"max-snippet:-1","max-image-preview":"max-image-preview:large","max-video-preview":"max-video-preview:-1"},"canonical":"https:\/\/www.gruppoliturgico.com\/fr\/produit\/ambon-12\/","og_locale":"fr_FR","og_type":"article","og_title":"ambon - ambons et lutrins en bois et Laboratorio Gruppo Liturgico","og_description":"Ambon en bois sculpt\u00e9 et dor\u00e9 \u00e0 la feuille d'or.  Le pr\u00e9cieux ouvrage de sculpture et les gravures dor\u00e9es \u00e0 la feuille d'or caract\u00e9risent cet article.  Sur des plans faits expr\u00e8s sont pos\u00e9es de petites statues en bois des quatre \u00c9vang\u00e9listes (d'autres sujets sur demande) hautes de cm 30, sculpt\u00e9s et peintes \u00e0 la main en teintes pastel. Base cm 65 x 30 Pupitre cm 40 x 50 Hauteur cm 125","og_url":"https:\/\/www.gruppoliturgico.com\/fr\/produit\/ambon-12\/","og_site_name":"Laboratorio Gruppo Liturgico","article_modified_time":"2022-10-24T14:19:55+00:00","og_image":[{"width":809,"height":1500,"url":"https:\/\/www.gruppoliturgico.com\/wp-content\/uploads\/2022\/05\/203-A.jpg","type":"image\/jpeg"}],"twitter_card":"summary_large_image","schema":{"@context":"https:\/\/schema.org","@graph":[{"@type":"WebPage","@id":"https:\/\/www.gruppoliturgico.com\/fr\/produit\/ambon-12\/","url":"https:\/\/www.gruppoliturgico.com\/fr\/produit\/ambon-12\/","name":"ambon - ambons et lutrins en bois et Laboratorio Gruppo Liturgico","isPartOf":{"@id":"https:\/\/www.gruppoliturgico.com\/es\/#website"},"datePublished":"2022-05-19T21:16:30+00:00","dateModified":"2022-10-24T14:19:55+00:00","description":"Ambon en bois sculpt\u00e9 et dor\u00e9 \u00e0 la feuille d'or. Le pr\u00e9cieux ouvrage de sculpture et les gravures dor\u00e9es \u00e0 la feuille d'or caract\u00e9risent cet article. Sur des plans faits expr\u00e8s sont pos\u00e9es de petites statues en bois des quatre \u00c9vang\u00e9listes (d'autres sujets sur demande) hautes de cm 30, sculpt\u00e9s et peintes \u00e0 la main en teintes pastel. Base cm 65 x 30 Pupitre cm 40 x 50 Hauteur cm 125","breadcrumb":{"@id":"https:\/\/www.gruppoliturgico.com\/fr\/produit\/ambon-12\/#breadcrumb"},"inLanguage":"fr-FR","potentialAction":[{"@type":"ReadAction","target":["https:\/\/www.gruppoliturgico.com\/fr\/produit\/ambon-12\/"]}]},{"@type":"BreadcrumbList","@id":"https:\/\/www.gruppoliturgico.com\/fr\/produit\/ambon-12\/#breadcrumb","itemListElement":[{"@type":"ListItem","position":1,"name":"Home","item":"https:\/\/www.gruppoliturgico.com\/fr\/"},{"@type":"ListItem","position":2,"name":"Boutique","item":"https:\/\/www.gruppoliturgico.com\/fr\/boutique\/"},{"@type":"ListItem","position":3,"name":"ambon"}]},{"@type":"WebSite","@id":"https:\/\/www.gruppoliturgico.com\/es\/#website","url":"https:\/\/www.gruppoliturgico.com\/es\/","name":"Laboratorio Gruppo Liturgico","description":"Articoli Religiosi online","publisher":{"@id":"https:\/\/www.gruppoliturgico.com\/es\/#organization"},"potentialAction":[{"@type":"SearchAction","target":{"@type":"EntryPoint","urlTemplate":"https:\/\/www.gruppoliturgico.com\/es\/?s={search_term_string}"},"query-input":"required name=search_term_string"}],"inLanguage":"fr-FR"},{"@type":"Organization","@id":"https:\/\/www.gruppoliturgico.com\/es\/#organization","name":"Laboratorio Gruppo Liturgico","url":"https:\/\/www.gruppoliturgico.com\/es\/","logo":{"@type":"ImageObject","inLanguage":"fr-FR","@id":"https:\/\/www.gruppoliturgico.com\/es\/#\/schema\/logo\/image\/","url":"https:\/\/www.gruppoliturgico.com\/wp-content\/uploads\/2022\/02\/logo-laboratoriogruppoliturgico.png","contentUrl":"https:\/\/www.gruppoliturgico.com\/wp-content\/uploads\/2022\/02\/logo-laboratoriogruppoliturgico.png","width":400,"height":114,"caption":"Laboratorio Gruppo Liturgico"},"image":{"@id":"https:\/\/www.gruppoliturgico.com\/es\/#\/schema\/logo\/image\/"}}]}},"_links":{"self":[{"href":"https:\/\/www.gruppoliturgico.com\/fr\/wp-json\/wp\/v2\/product\/63677"}],"collection":[{"href":"https:\/\/www.gruppoliturgico.com\/fr\/wp-json\/wp\/v2\/product"}],"about":[{"href":"https:\/\/www.gruppoliturgico.com\/fr\/wp-json\/wp\/v2\/types\/product"}],"wp:featuredmedia":[{"embeddable":true,"href":"https:\/\/www.gruppoliturgico.com\/fr\/wp-json\/wp\/v2\/media\/131549"}],"wp:attachment":[{"href":"https:\/\/www.gruppoliturgico.com\/fr\/wp-json\/wp\/v2\/media?parent=63677"}],"wp:term":[{"taxonomy":"product_cat","embeddable":true,"href":"https:\/\/www.gruppoliturgico.com\/fr\/wp-json\/wp\/v2\/product_cat?post=63677"},{"taxonomy":"product_tag","embeddable":true,"href":"https:\/\/www.gruppoliturgico.com\/fr\/wp-json\/wp\/v2\/product_tag?post=63677"}],"curies":[{"name":"wp","href":"https:\/\/api.w.org\/{rel}","templated":true}]}}