{"id":63673,"date":"2022-05-19T23:16:17","date_gmt":"2022-05-19T21:16:21","guid":{"rendered":"https:\/\/www.gruppoliturgico.com\/prodotto\/ambon-11\/"},"modified":"2022-10-25T11:42:37","modified_gmt":"2022-10-25T09:42:37","slug":"ambon-11","status":"publish","type":"product","link":"https:\/\/www.gruppoliturgico.com\/fr\/produit\/ambon-11\/","title":{"rendered":"ambon"},"content":{"rendered":"<html><body><p>Ambon en bois sculpt\u00e9 et dor\u00e9.<br>\nC\u2019est un ambon solennel et majestueux \u00e0 la base en bois massif.<br>\nSur le devant sont appliqu\u00e9s des panneaux en bois de cm 20 x 14 avec les symboles des \u00c9vang\u00e9listes Marc, Luc et Matthieu; Jean est repr\u00e9sent\u00e9 dans l\u2019imposante sculpture en bois de l\u2019aigle soutien-lutrin.<br>\nDes parties dor\u00e9es \u00e0 la feuille d\u2019or s\u2019approchent \u00e0 des parties en bois naturel ou patin\u00e9 en diff\u00e9rents tons de couleur.<br>\nSocle cm 40 x 48<br>\nHauteur cm 130 <\/p>\n<\/body><\/html>","protected":false},"excerpt":{"rendered":"<p>Ambon en bois sculpt\u00e9 et dor\u00e9.<br \/>\nC&rsquo;est un ambon solennel et majestueux \u00e0 la base en bois massif.<br \/>\nSur le devant sont appliqu\u00e9s des panneaux en bois de cm 20 x 14 avec les symboles des \u00c9vang\u00e9listes Marc, Luc et Matthieu; Jean est repr\u00e9sent\u00e9 dans l&rsquo;imposante sculpture en bois de l&rsquo;aigle soutien-lutrin.<br \/>\nDes parties dor\u00e9es \u00e0 la feuille d&rsquo;or s&rsquo;approchent \u00e0 des parties en bois naturel ou patin\u00e9 en diff\u00e9rents tons de couleur.<br \/>\nSocle cm 40 x 48<br \/>\nHauteur cm 130 <\/p>\n","protected":false},"featured_media":131561,"template":"","meta":[],"product_cat":[12184],"product_tag":[],"yoast_head":"<!-- This site is optimized with the Yoast SEO plugin v20.4 - https:\/\/yoast.com\/wordpress\/plugins\/seo\/ -->\n<title>ambon - ambons et lutrins en bois et Laboratorio Gruppo Liturgico<\/title>\n<meta name=\"description\" content=\"Ambon en bois sculpt\u00e9 et dor\u00e9. C&#039;est un ambon solennel et majestueux \u00e0 la base en bois massif.  Sur le devant sont appliqu\u00e9s des panneaux en bois de cm 20 x 14 avec les symboles des \u00c9vang\u00e9listes Marc, Luc et Matthieu; Jean est repr\u00e9sent\u00e9 dans l&#039;imposante sculpture en bois de l&#039;aigle soutien-lutrin. Des parties dor\u00e9es \u00e0 la feuille d&#039;or s&#039;approchent \u00e0 des parties en bois naturel ou patin\u00e9 en diff\u00e9rents tons de couleur.  Socle cm 40 x 48 Hauteur cm 130\" \/>\n<meta name=\"robots\" content=\"index, follow, max-snippet:-1, max-image-preview:large, max-video-preview:-1\" \/>\n<link rel=\"canonical\" href=\"https:\/\/www.gruppoliturgico.com\/fr\/produit\/ambon-11\/\" \/>\n<meta property=\"og:locale\" content=\"fr_FR\" \/>\n<meta property=\"og:type\" content=\"article\" \/>\n<meta property=\"og:title\" content=\"ambon - ambons et lutrins en bois et Laboratorio Gruppo Liturgico\" \/>\n<meta property=\"og:description\" content=\"Ambon en bois sculpt\u00e9 et dor\u00e9. C&#039;est un ambon solennel et majestueux \u00e0 la base en bois massif.  Sur le devant sont appliqu\u00e9s des panneaux en bois de cm 20 x 14 avec les symboles des \u00c9vang\u00e9listes Marc, Luc et Matthieu; Jean est repr\u00e9sent\u00e9 dans l&#039;imposante sculpture en bois de l&#039;aigle soutien-lutrin. Des parties dor\u00e9es \u00e0 la feuille d&#039;or s&#039;approchent \u00e0 des parties en bois naturel ou patin\u00e9 en diff\u00e9rents tons de couleur.  Socle cm 40 x 48 Hauteur cm 130\" \/>\n<meta property=\"og:url\" content=\"https:\/\/www.gruppoliturgico.com\/fr\/produit\/ambon-11\/\" \/>\n<meta property=\"og:site_name\" content=\"Laboratorio Gruppo Liturgico\" \/>\n<meta property=\"article:modified_time\" content=\"2022-10-25T09:42:37+00:00\" \/>\n<meta property=\"og:image\" content=\"https:\/\/www.gruppoliturgico.com\/wp-content\/uploads\/2022\/05\/304.jpg\" \/>\n\t<meta property=\"og:image:width\" content=\"698\" \/>\n\t<meta property=\"og:image:height\" content=\"1500\" \/>\n\t<meta property=\"og:image:type\" content=\"image\/jpeg\" \/>\n<meta name=\"twitter:card\" content=\"summary_large_image\" \/>\n<script type=\"application\/ld+json\" class=\"yoast-schema-graph\">{\"@context\":\"https:\/\/schema.org\",\"@graph\":[{\"@type\":\"WebPage\",\"@id\":\"https:\/\/www.gruppoliturgico.com\/fr\/produit\/ambon-11\/\",\"url\":\"https:\/\/www.gruppoliturgico.com\/fr\/produit\/ambon-11\/\",\"name\":\"ambon - ambons et lutrins en bois et Laboratorio Gruppo Liturgico\",\"isPartOf\":{\"@id\":\"https:\/\/www.gruppoliturgico.com\/es\/#website\"},\"datePublished\":\"2022-05-19T21:16:21+00:00\",\"dateModified\":\"2022-10-25T09:42:37+00:00\",\"description\":\"Ambon en bois sculpt\u00e9 et dor\u00e9. C'est un ambon solennel et majestueux \u00e0 la base en bois massif. Sur le devant sont appliqu\u00e9s des panneaux en bois de cm 20 x 14 avec les symboles des \u00c9vang\u00e9listes Marc, Luc et Matthieu; Jean est repr\u00e9sent\u00e9 dans l'imposante sculpture en bois de l'aigle soutien-lutrin. Des parties dor\u00e9es \u00e0 la feuille d'or s'approchent \u00e0 des parties en bois naturel ou patin\u00e9 en diff\u00e9rents tons de couleur. Socle cm 40 x 48 Hauteur cm 130\",\"breadcrumb\":{\"@id\":\"https:\/\/www.gruppoliturgico.com\/fr\/produit\/ambon-11\/#breadcrumb\"},\"inLanguage\":\"fr-FR\",\"potentialAction\":[{\"@type\":\"ReadAction\",\"target\":[\"https:\/\/www.gruppoliturgico.com\/fr\/produit\/ambon-11\/\"]}]},{\"@type\":\"BreadcrumbList\",\"@id\":\"https:\/\/www.gruppoliturgico.com\/fr\/produit\/ambon-11\/#breadcrumb\",\"itemListElement\":[{\"@type\":\"ListItem\",\"position\":1,\"name\":\"Home\",\"item\":\"https:\/\/www.gruppoliturgico.com\/fr\/\"},{\"@type\":\"ListItem\",\"position\":2,\"name\":\"Boutique\",\"item\":\"https:\/\/www.gruppoliturgico.com\/fr\/boutique\/\"},{\"@type\":\"ListItem\",\"position\":3,\"name\":\"ambon\"}]},{\"@type\":\"WebSite\",\"@id\":\"https:\/\/www.gruppoliturgico.com\/es\/#website\",\"url\":\"https:\/\/www.gruppoliturgico.com\/es\/\",\"name\":\"Laboratorio Gruppo Liturgico\",\"description\":\"Articoli Religiosi online\",\"publisher\":{\"@id\":\"https:\/\/www.gruppoliturgico.com\/es\/#organization\"},\"potentialAction\":[{\"@type\":\"SearchAction\",\"target\":{\"@type\":\"EntryPoint\",\"urlTemplate\":\"https:\/\/www.gruppoliturgico.com\/es\/?s={search_term_string}\"},\"query-input\":\"required name=search_term_string\"}],\"inLanguage\":\"fr-FR\"},{\"@type\":\"Organization\",\"@id\":\"https:\/\/www.gruppoliturgico.com\/es\/#organization\",\"name\":\"Laboratorio Gruppo Liturgico\",\"url\":\"https:\/\/www.gruppoliturgico.com\/es\/\",\"logo\":{\"@type\":\"ImageObject\",\"inLanguage\":\"fr-FR\",\"@id\":\"https:\/\/www.gruppoliturgico.com\/es\/#\/schema\/logo\/image\/\",\"url\":\"https:\/\/www.gruppoliturgico.com\/wp-content\/uploads\/2022\/02\/logo-laboratoriogruppoliturgico.png\",\"contentUrl\":\"https:\/\/www.gruppoliturgico.com\/wp-content\/uploads\/2022\/02\/logo-laboratoriogruppoliturgico.png\",\"width\":400,\"height\":114,\"caption\":\"Laboratorio Gruppo Liturgico\"},\"image\":{\"@id\":\"https:\/\/www.gruppoliturgico.com\/es\/#\/schema\/logo\/image\/\"}}]}<\/script>\n<!-- \/ Yoast SEO plugin. -->","yoast_head_json":{"title":"ambon - ambons et lutrins en bois et Laboratorio Gruppo Liturgico","description":"Ambon en bois sculpt\u00e9 et dor\u00e9. C'est un ambon solennel et majestueux \u00e0 la base en bois massif.  Sur le devant sont appliqu\u00e9s des panneaux en bois de cm 20 x 14 avec les symboles des \u00c9vang\u00e9listes Marc, Luc et Matthieu; Jean est repr\u00e9sent\u00e9 dans l'imposante sculpture en bois de l'aigle soutien-lutrin. Des parties dor\u00e9es \u00e0 la feuille d'or s'approchent \u00e0 des parties en bois naturel ou patin\u00e9 en diff\u00e9rents tons de couleur.  Socle cm 40 x 48 Hauteur cm 130","robots":{"index":"index","follow":"follow","max-snippet":"max-snippet:-1","max-image-preview":"max-image-preview:large","max-video-preview":"max-video-preview:-1"},"canonical":"https:\/\/www.gruppoliturgico.com\/fr\/produit\/ambon-11\/","og_locale":"fr_FR","og_type":"article","og_title":"ambon - ambons et lutrins en bois et Laboratorio Gruppo Liturgico","og_description":"Ambon en bois sculpt\u00e9 et dor\u00e9. C'est un ambon solennel et majestueux \u00e0 la base en bois massif.  Sur le devant sont appliqu\u00e9s des panneaux en bois de cm 20 x 14 avec les symboles des \u00c9vang\u00e9listes Marc, Luc et Matthieu; Jean est repr\u00e9sent\u00e9 dans l'imposante sculpture en bois de l'aigle soutien-lutrin. Des parties dor\u00e9es \u00e0 la feuille d'or s'approchent \u00e0 des parties en bois naturel ou patin\u00e9 en diff\u00e9rents tons de couleur.  Socle cm 40 x 48 Hauteur cm 130","og_url":"https:\/\/www.gruppoliturgico.com\/fr\/produit\/ambon-11\/","og_site_name":"Laboratorio Gruppo Liturgico","article_modified_time":"2022-10-25T09:42:37+00:00","og_image":[{"width":698,"height":1500,"url":"https:\/\/www.gruppoliturgico.com\/wp-content\/uploads\/2022\/05\/304.jpg","type":"image\/jpeg"}],"twitter_card":"summary_large_image","schema":{"@context":"https:\/\/schema.org","@graph":[{"@type":"WebPage","@id":"https:\/\/www.gruppoliturgico.com\/fr\/produit\/ambon-11\/","url":"https:\/\/www.gruppoliturgico.com\/fr\/produit\/ambon-11\/","name":"ambon - ambons et lutrins en bois et Laboratorio Gruppo Liturgico","isPartOf":{"@id":"https:\/\/www.gruppoliturgico.com\/es\/#website"},"datePublished":"2022-05-19T21:16:21+00:00","dateModified":"2022-10-25T09:42:37+00:00","description":"Ambon en bois sculpt\u00e9 et dor\u00e9. C'est un ambon solennel et majestueux \u00e0 la base en bois massif. Sur le devant sont appliqu\u00e9s des panneaux en bois de cm 20 x 14 avec les symboles des \u00c9vang\u00e9listes Marc, Luc et Matthieu; Jean est repr\u00e9sent\u00e9 dans l'imposante sculpture en bois de l'aigle soutien-lutrin. Des parties dor\u00e9es \u00e0 la feuille d'or s'approchent \u00e0 des parties en bois naturel ou patin\u00e9 en diff\u00e9rents tons de couleur. Socle cm 40 x 48 Hauteur cm 130","breadcrumb":{"@id":"https:\/\/www.gruppoliturgico.com\/fr\/produit\/ambon-11\/#breadcrumb"},"inLanguage":"fr-FR","potentialAction":[{"@type":"ReadAction","target":["https:\/\/www.gruppoliturgico.com\/fr\/produit\/ambon-11\/"]}]},{"@type":"BreadcrumbList","@id":"https:\/\/www.gruppoliturgico.com\/fr\/produit\/ambon-11\/#breadcrumb","itemListElement":[{"@type":"ListItem","position":1,"name":"Home","item":"https:\/\/www.gruppoliturgico.com\/fr\/"},{"@type":"ListItem","position":2,"name":"Boutique","item":"https:\/\/www.gruppoliturgico.com\/fr\/boutique\/"},{"@type":"ListItem","position":3,"name":"ambon"}]},{"@type":"WebSite","@id":"https:\/\/www.gruppoliturgico.com\/es\/#website","url":"https:\/\/www.gruppoliturgico.com\/es\/","name":"Laboratorio Gruppo Liturgico","description":"Articoli Religiosi online","publisher":{"@id":"https:\/\/www.gruppoliturgico.com\/es\/#organization"},"potentialAction":[{"@type":"SearchAction","target":{"@type":"EntryPoint","urlTemplate":"https:\/\/www.gruppoliturgico.com\/es\/?s={search_term_string}"},"query-input":"required name=search_term_string"}],"inLanguage":"fr-FR"},{"@type":"Organization","@id":"https:\/\/www.gruppoliturgico.com\/es\/#organization","name":"Laboratorio Gruppo Liturgico","url":"https:\/\/www.gruppoliturgico.com\/es\/","logo":{"@type":"ImageObject","inLanguage":"fr-FR","@id":"https:\/\/www.gruppoliturgico.com\/es\/#\/schema\/logo\/image\/","url":"https:\/\/www.gruppoliturgico.com\/wp-content\/uploads\/2022\/02\/logo-laboratoriogruppoliturgico.png","contentUrl":"https:\/\/www.gruppoliturgico.com\/wp-content\/uploads\/2022\/02\/logo-laboratoriogruppoliturgico.png","width":400,"height":114,"caption":"Laboratorio Gruppo Liturgico"},"image":{"@id":"https:\/\/www.gruppoliturgico.com\/es\/#\/schema\/logo\/image\/"}}]}},"_links":{"self":[{"href":"https:\/\/www.gruppoliturgico.com\/fr\/wp-json\/wp\/v2\/product\/63673"}],"collection":[{"href":"https:\/\/www.gruppoliturgico.com\/fr\/wp-json\/wp\/v2\/product"}],"about":[{"href":"https:\/\/www.gruppoliturgico.com\/fr\/wp-json\/wp\/v2\/types\/product"}],"wp:featuredmedia":[{"embeddable":true,"href":"https:\/\/www.gruppoliturgico.com\/fr\/wp-json\/wp\/v2\/media\/131561"}],"wp:attachment":[{"href":"https:\/\/www.gruppoliturgico.com\/fr\/wp-json\/wp\/v2\/media?parent=63673"}],"wp:term":[{"taxonomy":"product_cat","embeddable":true,"href":"https:\/\/www.gruppoliturgico.com\/fr\/wp-json\/wp\/v2\/product_cat?post=63673"},{"taxonomy":"product_tag","embeddable":true,"href":"https:\/\/www.gruppoliturgico.com\/fr\/wp-json\/wp\/v2\/product_tag?post=63673"}],"curies":[{"name":"wp","href":"https:\/\/api.w.org\/{rel}","templated":true}]}}