{"id":63669,"date":"2022-05-19T23:16:07","date_gmt":"2022-05-19T21:16:11","guid":{"rendered":"https:\/\/www.gruppoliturgico.com\/prodotto\/ambon-10\/"},"modified":"2022-10-25T11:50:04","modified_gmt":"2022-10-25T09:50:04","slug":"ambon-10","status":"publish","type":"product","link":"https:\/\/www.gruppoliturgico.com\/fr\/produit\/ambon-10\/","title":{"rendered":"ambon"},"content":{"rendered":"<html><body><p>Ambo en bois massif avec de riches applications sculpt\u00e9es et dor\u00e9es \u00e0 la feuille d\u2019or.<br>\nUne colonne \u00e0 la section trap\u00e9zo\u00efdale qui dans sa partie post\u00e9rieure dispose d\u2019une \u00e9tag\u00e8re pour les livres.<br>\nDes ornements baroques en bois sculpt\u00e9 tr\u00e8s soign\u00e9s enrichissent le c\u00f4t\u00e9 frontal et les deux panneaux lat\u00e9raux.<br>\nBase cm 65 x 30<br>\nHauteur cm 130<\/p>\n<\/body><\/html>","protected":false},"excerpt":{"rendered":"<p>Ambo en bois massif avec de riches applications sculpt\u00e9es et dor\u00e9es \u00e0 la feuille d&rsquo;or.<br \/>\nUne colonne \u00e0 la section trap\u00e9zo\u00efdale qui dans sa partie post\u00e9rieure dispose d&rsquo;une \u00e9tag\u00e8re pour les livres.<br \/>\nDes ornements baroques en bois sculpt\u00e9 tr\u00e8s soign\u00e9s enrichissent le c\u00f4t\u00e9 frontal et les deux panneaux lat\u00e9raux.<br \/>\nBase cm 65 x 30<br \/>\nHauteur cm 130<\/p>\n","protected":false},"featured_media":128572,"template":"","meta":[],"product_cat":[12184],"product_tag":[],"yoast_head":"<!-- This site is optimized with the Yoast SEO plugin v20.4 - https:\/\/yoast.com\/wordpress\/plugins\/seo\/ -->\n<title>ambon - ambons et lutrins en bois et Laboratorio Gruppo Liturgico<\/title>\n<meta name=\"description\" content=\"Ambo en bois massif avec de riches applications sculpt\u00e9es et dor\u00e9es \u00e0 la feuille d&#039;or.  Une colonne \u00e0 la section trap\u00e9zo\u00efdale qui dans sa partie post\u00e9rieure dispose d&#039;une \u00e9tag\u00e8re pour les livres.  Des ornements baroques en bois sculpt\u00e9 tr\u00e8s soign\u00e9s enrichissent le c\u00f4t\u00e9 frontal et les deux panneaux lat\u00e9raux.  Base cm 65 x 30 Hauteur cm 130\" \/>\n<meta name=\"robots\" content=\"index, follow, max-snippet:-1, max-image-preview:large, max-video-preview:-1\" \/>\n<link rel=\"canonical\" href=\"https:\/\/www.gruppoliturgico.com\/fr\/produit\/ambon-10\/\" \/>\n<meta property=\"og:locale\" content=\"fr_FR\" \/>\n<meta property=\"og:type\" content=\"article\" \/>\n<meta property=\"og:title\" content=\"ambon - ambons et lutrins en bois et Laboratorio Gruppo Liturgico\" \/>\n<meta property=\"og:description\" content=\"Ambo en bois massif avec de riches applications sculpt\u00e9es et dor\u00e9es \u00e0 la feuille d&#039;or.  Une colonne \u00e0 la section trap\u00e9zo\u00efdale qui dans sa partie post\u00e9rieure dispose d&#039;une \u00e9tag\u00e8re pour les livres.  Des ornements baroques en bois sculpt\u00e9 tr\u00e8s soign\u00e9s enrichissent le c\u00f4t\u00e9 frontal et les deux panneaux lat\u00e9raux.  Base cm 65 x 30 Hauteur cm 130\" \/>\n<meta property=\"og:url\" content=\"https:\/\/www.gruppoliturgico.com\/fr\/produit\/ambon-10\/\" \/>\n<meta property=\"og:site_name\" content=\"Laboratorio Gruppo Liturgico\" \/>\n<meta property=\"article:modified_time\" content=\"2022-10-25T09:50:04+00:00\" \/>\n<meta property=\"og:image\" content=\"https:\/\/www.gruppoliturgico.com\/wp-content\/uploads\/2022\/05\/532-nuova-1.jpg\" \/>\n\t<meta property=\"og:image:width\" content=\"1018\" \/>\n\t<meta property=\"og:image:height\" content=\"2000\" \/>\n\t<meta property=\"og:image:type\" content=\"image\/jpeg\" \/>\n<meta name=\"twitter:card\" content=\"summary_large_image\" \/>\n<script type=\"application\/ld+json\" class=\"yoast-schema-graph\">{\"@context\":\"https:\/\/schema.org\",\"@graph\":[{\"@type\":\"WebPage\",\"@id\":\"https:\/\/www.gruppoliturgico.com\/fr\/produit\/ambon-10\/\",\"url\":\"https:\/\/www.gruppoliturgico.com\/fr\/produit\/ambon-10\/\",\"name\":\"ambon - ambons et lutrins en bois et Laboratorio Gruppo Liturgico\",\"isPartOf\":{\"@id\":\"https:\/\/www.gruppoliturgico.com\/es\/#website\"},\"datePublished\":\"2022-05-19T21:16:11+00:00\",\"dateModified\":\"2022-10-25T09:50:04+00:00\",\"description\":\"Ambo en bois massif avec de riches applications sculpt\u00e9es et dor\u00e9es \u00e0 la feuille d'or. Une colonne \u00e0 la section trap\u00e9zo\u00efdale qui dans sa partie post\u00e9rieure dispose d'une \u00e9tag\u00e8re pour les livres. Des ornements baroques en bois sculpt\u00e9 tr\u00e8s soign\u00e9s enrichissent le c\u00f4t\u00e9 frontal et les deux panneaux lat\u00e9raux. Base cm 65 x 30 Hauteur cm 130\",\"breadcrumb\":{\"@id\":\"https:\/\/www.gruppoliturgico.com\/fr\/produit\/ambon-10\/#breadcrumb\"},\"inLanguage\":\"fr-FR\",\"potentialAction\":[{\"@type\":\"ReadAction\",\"target\":[\"https:\/\/www.gruppoliturgico.com\/fr\/produit\/ambon-10\/\"]}]},{\"@type\":\"BreadcrumbList\",\"@id\":\"https:\/\/www.gruppoliturgico.com\/fr\/produit\/ambon-10\/#breadcrumb\",\"itemListElement\":[{\"@type\":\"ListItem\",\"position\":1,\"name\":\"Home\",\"item\":\"https:\/\/www.gruppoliturgico.com\/fr\/\"},{\"@type\":\"ListItem\",\"position\":2,\"name\":\"Boutique\",\"item\":\"https:\/\/www.gruppoliturgico.com\/fr\/boutique\/\"},{\"@type\":\"ListItem\",\"position\":3,\"name\":\"ambon\"}]},{\"@type\":\"WebSite\",\"@id\":\"https:\/\/www.gruppoliturgico.com\/es\/#website\",\"url\":\"https:\/\/www.gruppoliturgico.com\/es\/\",\"name\":\"Laboratorio Gruppo Liturgico\",\"description\":\"Articoli Religiosi online\",\"publisher\":{\"@id\":\"https:\/\/www.gruppoliturgico.com\/es\/#organization\"},\"potentialAction\":[{\"@type\":\"SearchAction\",\"target\":{\"@type\":\"EntryPoint\",\"urlTemplate\":\"https:\/\/www.gruppoliturgico.com\/es\/?s={search_term_string}\"},\"query-input\":\"required name=search_term_string\"}],\"inLanguage\":\"fr-FR\"},{\"@type\":\"Organization\",\"@id\":\"https:\/\/www.gruppoliturgico.com\/es\/#organization\",\"name\":\"Laboratorio Gruppo Liturgico\",\"url\":\"https:\/\/www.gruppoliturgico.com\/es\/\",\"logo\":{\"@type\":\"ImageObject\",\"inLanguage\":\"fr-FR\",\"@id\":\"https:\/\/www.gruppoliturgico.com\/es\/#\/schema\/logo\/image\/\",\"url\":\"https:\/\/www.gruppoliturgico.com\/wp-content\/uploads\/2022\/02\/logo-laboratoriogruppoliturgico.png\",\"contentUrl\":\"https:\/\/www.gruppoliturgico.com\/wp-content\/uploads\/2022\/02\/logo-laboratoriogruppoliturgico.png\",\"width\":400,\"height\":114,\"caption\":\"Laboratorio Gruppo Liturgico\"},\"image\":{\"@id\":\"https:\/\/www.gruppoliturgico.com\/es\/#\/schema\/logo\/image\/\"}}]}<\/script>\n<!-- \/ Yoast SEO plugin. -->","yoast_head_json":{"title":"ambon - ambons et lutrins en bois et Laboratorio Gruppo Liturgico","description":"Ambo en bois massif avec de riches applications sculpt\u00e9es et dor\u00e9es \u00e0 la feuille d'or.  Une colonne \u00e0 la section trap\u00e9zo\u00efdale qui dans sa partie post\u00e9rieure dispose d'une \u00e9tag\u00e8re pour les livres.  Des ornements baroques en bois sculpt\u00e9 tr\u00e8s soign\u00e9s enrichissent le c\u00f4t\u00e9 frontal et les deux panneaux lat\u00e9raux.  Base cm 65 x 30 Hauteur cm 130","robots":{"index":"index","follow":"follow","max-snippet":"max-snippet:-1","max-image-preview":"max-image-preview:large","max-video-preview":"max-video-preview:-1"},"canonical":"https:\/\/www.gruppoliturgico.com\/fr\/produit\/ambon-10\/","og_locale":"fr_FR","og_type":"article","og_title":"ambon - ambons et lutrins en bois et Laboratorio Gruppo Liturgico","og_description":"Ambo en bois massif avec de riches applications sculpt\u00e9es et dor\u00e9es \u00e0 la feuille d'or.  Une colonne \u00e0 la section trap\u00e9zo\u00efdale qui dans sa partie post\u00e9rieure dispose d'une \u00e9tag\u00e8re pour les livres.  Des ornements baroques en bois sculpt\u00e9 tr\u00e8s soign\u00e9s enrichissent le c\u00f4t\u00e9 frontal et les deux panneaux lat\u00e9raux.  Base cm 65 x 30 Hauteur cm 130","og_url":"https:\/\/www.gruppoliturgico.com\/fr\/produit\/ambon-10\/","og_site_name":"Laboratorio Gruppo Liturgico","article_modified_time":"2022-10-25T09:50:04+00:00","og_image":[{"width":1018,"height":2000,"url":"https:\/\/www.gruppoliturgico.com\/wp-content\/uploads\/2022\/05\/532-nuova-1.jpg","type":"image\/jpeg"}],"twitter_card":"summary_large_image","schema":{"@context":"https:\/\/schema.org","@graph":[{"@type":"WebPage","@id":"https:\/\/www.gruppoliturgico.com\/fr\/produit\/ambon-10\/","url":"https:\/\/www.gruppoliturgico.com\/fr\/produit\/ambon-10\/","name":"ambon - ambons et lutrins en bois et Laboratorio Gruppo Liturgico","isPartOf":{"@id":"https:\/\/www.gruppoliturgico.com\/es\/#website"},"datePublished":"2022-05-19T21:16:11+00:00","dateModified":"2022-10-25T09:50:04+00:00","description":"Ambo en bois massif avec de riches applications sculpt\u00e9es et dor\u00e9es \u00e0 la feuille d'or. Une colonne \u00e0 la section trap\u00e9zo\u00efdale qui dans sa partie post\u00e9rieure dispose d'une \u00e9tag\u00e8re pour les livres. Des ornements baroques en bois sculpt\u00e9 tr\u00e8s soign\u00e9s enrichissent le c\u00f4t\u00e9 frontal et les deux panneaux lat\u00e9raux. Base cm 65 x 30 Hauteur cm 130","breadcrumb":{"@id":"https:\/\/www.gruppoliturgico.com\/fr\/produit\/ambon-10\/#breadcrumb"},"inLanguage":"fr-FR","potentialAction":[{"@type":"ReadAction","target":["https:\/\/www.gruppoliturgico.com\/fr\/produit\/ambon-10\/"]}]},{"@type":"BreadcrumbList","@id":"https:\/\/www.gruppoliturgico.com\/fr\/produit\/ambon-10\/#breadcrumb","itemListElement":[{"@type":"ListItem","position":1,"name":"Home","item":"https:\/\/www.gruppoliturgico.com\/fr\/"},{"@type":"ListItem","position":2,"name":"Boutique","item":"https:\/\/www.gruppoliturgico.com\/fr\/boutique\/"},{"@type":"ListItem","position":3,"name":"ambon"}]},{"@type":"WebSite","@id":"https:\/\/www.gruppoliturgico.com\/es\/#website","url":"https:\/\/www.gruppoliturgico.com\/es\/","name":"Laboratorio Gruppo Liturgico","description":"Articoli Religiosi online","publisher":{"@id":"https:\/\/www.gruppoliturgico.com\/es\/#organization"},"potentialAction":[{"@type":"SearchAction","target":{"@type":"EntryPoint","urlTemplate":"https:\/\/www.gruppoliturgico.com\/es\/?s={search_term_string}"},"query-input":"required name=search_term_string"}],"inLanguage":"fr-FR"},{"@type":"Organization","@id":"https:\/\/www.gruppoliturgico.com\/es\/#organization","name":"Laboratorio Gruppo Liturgico","url":"https:\/\/www.gruppoliturgico.com\/es\/","logo":{"@type":"ImageObject","inLanguage":"fr-FR","@id":"https:\/\/www.gruppoliturgico.com\/es\/#\/schema\/logo\/image\/","url":"https:\/\/www.gruppoliturgico.com\/wp-content\/uploads\/2022\/02\/logo-laboratoriogruppoliturgico.png","contentUrl":"https:\/\/www.gruppoliturgico.com\/wp-content\/uploads\/2022\/02\/logo-laboratoriogruppoliturgico.png","width":400,"height":114,"caption":"Laboratorio Gruppo Liturgico"},"image":{"@id":"https:\/\/www.gruppoliturgico.com\/es\/#\/schema\/logo\/image\/"}}]}},"_links":{"self":[{"href":"https:\/\/www.gruppoliturgico.com\/fr\/wp-json\/wp\/v2\/product\/63669"}],"collection":[{"href":"https:\/\/www.gruppoliturgico.com\/fr\/wp-json\/wp\/v2\/product"}],"about":[{"href":"https:\/\/www.gruppoliturgico.com\/fr\/wp-json\/wp\/v2\/types\/product"}],"wp:featuredmedia":[{"embeddable":true,"href":"https:\/\/www.gruppoliturgico.com\/fr\/wp-json\/wp\/v2\/media\/128572"}],"wp:attachment":[{"href":"https:\/\/www.gruppoliturgico.com\/fr\/wp-json\/wp\/v2\/media?parent=63669"}],"wp:term":[{"taxonomy":"product_cat","embeddable":true,"href":"https:\/\/www.gruppoliturgico.com\/fr\/wp-json\/wp\/v2\/product_cat?post=63669"},{"taxonomy":"product_tag","embeddable":true,"href":"https:\/\/www.gruppoliturgico.com\/fr\/wp-json\/wp\/v2\/product_tag?post=63669"}],"curies":[{"name":"wp","href":"https:\/\/api.w.org\/{rel}","templated":true}]}}