{"id":63621,"date":"2022-05-19T23:14:02","date_gmt":"2022-05-19T21:14:06","guid":{"rendered":"https:\/\/www.gruppoliturgico.com\/prodotto\/chandelier-pascal-3\/"},"modified":"2022-10-17T16:59:15","modified_gmt":"2022-10-17T14:59:15","slug":"chandelier-pascal-3","status":"publish","type":"product","link":"https:\/\/www.gruppoliturgico.com\/fr\/produit\/chandelier-pascal-3\/","title":{"rendered":"Chandelier pascal"},"content":{"rendered":"<html><body><p>Chandelier pascal en bois sculpt\u00e9.<br>\nLa dorure est r\u00e9alis\u00e9e \u00e0 la feuille d\u2019or.<br>\nIl peut contenir un cierge de cm 8 de diam\u00e8tre.<br>\nHauteur cm 50<\/p>\n<\/body><\/html>","protected":false},"excerpt":{"rendered":"<p>Chandelier pascal en bois sculpt\u00e9.<br \/>\nLa dorure est r\u00e9alis\u00e9e \u00e0 la feuille d&rsquo;or.<br \/>\nIl peut contenir un cierge de cm 8 de diam\u00e8tre.<br \/>\nHauteur cm 50<\/p>\n","protected":false},"featured_media":131205,"template":"","meta":[],"product_cat":[12124,11736],"product_tag":[],"yoast_head":"<!-- This site is optimized with the Yoast SEO plugin v20.4 - https:\/\/yoast.com\/wordpress\/plugins\/seo\/ -->\n<title>Chandelier pascal - art 1186, chandeliers pascal et Laboratorio Gruppo Liturgico<\/title>\n<meta name=\"description\" content=\"Chandelier pascal en bois sculpt\u00e9. La dorure est r\u00e9alis\u00e9e \u00e0 la feuille d&#039;or. Il peut contenir un cierge de cm 8 de diam\u00e8tre. Hauteur cm 50\" \/>\n<meta name=\"robots\" content=\"index, follow, max-snippet:-1, max-image-preview:large, max-video-preview:-1\" \/>\n<link rel=\"canonical\" href=\"https:\/\/www.gruppoliturgico.com\/fr\/produit\/chandelier-pascal-3\/\" \/>\n<meta property=\"og:locale\" content=\"fr_FR\" \/>\n<meta property=\"og:type\" content=\"article\" \/>\n<meta property=\"og:title\" content=\"Chandelier pascal - art 1186, chandeliers pascal et Laboratorio Gruppo Liturgico\" \/>\n<meta property=\"og:description\" content=\"Chandelier pascal en bois sculpt\u00e9. La dorure est r\u00e9alis\u00e9e \u00e0 la feuille d&#039;or. Il peut contenir un cierge de cm 8 de diam\u00e8tre. Hauteur cm 50\" \/>\n<meta property=\"og:url\" content=\"https:\/\/www.gruppoliturgico.com\/fr\/produit\/chandelier-pascal-3\/\" \/>\n<meta property=\"og:site_name\" content=\"Laboratorio Gruppo Liturgico\" \/>\n<meta property=\"article:modified_time\" content=\"2022-10-17T14:59:15+00:00\" \/>\n<meta property=\"og:image\" content=\"https:\/\/www.gruppoliturgico.com\/wp-content\/uploads\/2022\/05\/1190.ritaglio_0.jpg\" \/>\n\t<meta property=\"og:image:width\" content=\"942\" \/>\n\t<meta property=\"og:image:height\" content=\"1500\" \/>\n\t<meta property=\"og:image:type\" content=\"image\/jpeg\" \/>\n<meta name=\"twitter:card\" content=\"summary_large_image\" \/>\n<script type=\"application\/ld+json\" class=\"yoast-schema-graph\">{\"@context\":\"https:\/\/schema.org\",\"@graph\":[{\"@type\":\"WebPage\",\"@id\":\"https:\/\/www.gruppoliturgico.com\/fr\/produit\/chandelier-pascal-3\/\",\"url\":\"https:\/\/www.gruppoliturgico.com\/fr\/produit\/chandelier-pascal-3\/\",\"name\":\"Chandelier pascal - art 1186, chandeliers pascal et Laboratorio Gruppo Liturgico\",\"isPartOf\":{\"@id\":\"https:\/\/www.gruppoliturgico.com\/es\/#website\"},\"datePublished\":\"2022-05-19T21:14:06+00:00\",\"dateModified\":\"2022-10-17T14:59:15+00:00\",\"description\":\"Chandelier pascal en bois sculpt\u00e9. La dorure est r\u00e9alis\u00e9e \u00e0 la feuille d'or. Il peut contenir un cierge de cm 8 de diam\u00e8tre. Hauteur cm 50\",\"breadcrumb\":{\"@id\":\"https:\/\/www.gruppoliturgico.com\/fr\/produit\/chandelier-pascal-3\/#breadcrumb\"},\"inLanguage\":\"fr-FR\",\"potentialAction\":[{\"@type\":\"ReadAction\",\"target\":[\"https:\/\/www.gruppoliturgico.com\/fr\/produit\/chandelier-pascal-3\/\"]}]},{\"@type\":\"BreadcrumbList\",\"@id\":\"https:\/\/www.gruppoliturgico.com\/fr\/produit\/chandelier-pascal-3\/#breadcrumb\",\"itemListElement\":[{\"@type\":\"ListItem\",\"position\":1,\"name\":\"Home\",\"item\":\"https:\/\/www.gruppoliturgico.com\/fr\/\"},{\"@type\":\"ListItem\",\"position\":2,\"name\":\"Boutique\",\"item\":\"https:\/\/www.gruppoliturgico.com\/fr\/boutique\/\"},{\"@type\":\"ListItem\",\"position\":3,\"name\":\"Chandelier pascal\"}]},{\"@type\":\"WebSite\",\"@id\":\"https:\/\/www.gruppoliturgico.com\/es\/#website\",\"url\":\"https:\/\/www.gruppoliturgico.com\/es\/\",\"name\":\"Laboratorio Gruppo Liturgico\",\"description\":\"Articoli Religiosi online\",\"publisher\":{\"@id\":\"https:\/\/www.gruppoliturgico.com\/es\/#organization\"},\"potentialAction\":[{\"@type\":\"SearchAction\",\"target\":{\"@type\":\"EntryPoint\",\"urlTemplate\":\"https:\/\/www.gruppoliturgico.com\/es\/?s={search_term_string}\"},\"query-input\":\"required name=search_term_string\"}],\"inLanguage\":\"fr-FR\"},{\"@type\":\"Organization\",\"@id\":\"https:\/\/www.gruppoliturgico.com\/es\/#organization\",\"name\":\"Laboratorio Gruppo Liturgico\",\"url\":\"https:\/\/www.gruppoliturgico.com\/es\/\",\"logo\":{\"@type\":\"ImageObject\",\"inLanguage\":\"fr-FR\",\"@id\":\"https:\/\/www.gruppoliturgico.com\/es\/#\/schema\/logo\/image\/\",\"url\":\"https:\/\/www.gruppoliturgico.com\/wp-content\/uploads\/2022\/02\/logo-laboratoriogruppoliturgico.png\",\"contentUrl\":\"https:\/\/www.gruppoliturgico.com\/wp-content\/uploads\/2022\/02\/logo-laboratoriogruppoliturgico.png\",\"width\":400,\"height\":114,\"caption\":\"Laboratorio Gruppo Liturgico\"},\"image\":{\"@id\":\"https:\/\/www.gruppoliturgico.com\/es\/#\/schema\/logo\/image\/\"}}]}<\/script>\n<!-- \/ Yoast SEO plugin. -->","yoast_head_json":{"title":"Chandelier pascal - art 1186, chandeliers pascal et Laboratorio Gruppo Liturgico","description":"Chandelier pascal en bois sculpt\u00e9. La dorure est r\u00e9alis\u00e9e \u00e0 la feuille d'or. Il peut contenir un cierge de cm 8 de diam\u00e8tre. Hauteur cm 50","robots":{"index":"index","follow":"follow","max-snippet":"max-snippet:-1","max-image-preview":"max-image-preview:large","max-video-preview":"max-video-preview:-1"},"canonical":"https:\/\/www.gruppoliturgico.com\/fr\/produit\/chandelier-pascal-3\/","og_locale":"fr_FR","og_type":"article","og_title":"Chandelier pascal - art 1186, chandeliers pascal et Laboratorio Gruppo Liturgico","og_description":"Chandelier pascal en bois sculpt\u00e9. La dorure est r\u00e9alis\u00e9e \u00e0 la feuille d'or. Il peut contenir un cierge de cm 8 de diam\u00e8tre. Hauteur cm 50","og_url":"https:\/\/www.gruppoliturgico.com\/fr\/produit\/chandelier-pascal-3\/","og_site_name":"Laboratorio Gruppo Liturgico","article_modified_time":"2022-10-17T14:59:15+00:00","og_image":[{"width":942,"height":1500,"url":"https:\/\/www.gruppoliturgico.com\/wp-content\/uploads\/2022\/05\/1190.ritaglio_0.jpg","type":"image\/jpeg"}],"twitter_card":"summary_large_image","schema":{"@context":"https:\/\/schema.org","@graph":[{"@type":"WebPage","@id":"https:\/\/www.gruppoliturgico.com\/fr\/produit\/chandelier-pascal-3\/","url":"https:\/\/www.gruppoliturgico.com\/fr\/produit\/chandelier-pascal-3\/","name":"Chandelier pascal - art 1186, chandeliers pascal et Laboratorio Gruppo Liturgico","isPartOf":{"@id":"https:\/\/www.gruppoliturgico.com\/es\/#website"},"datePublished":"2022-05-19T21:14:06+00:00","dateModified":"2022-10-17T14:59:15+00:00","description":"Chandelier pascal en bois sculpt\u00e9. La dorure est r\u00e9alis\u00e9e \u00e0 la feuille d'or. Il peut contenir un cierge de cm 8 de diam\u00e8tre. Hauteur cm 50","breadcrumb":{"@id":"https:\/\/www.gruppoliturgico.com\/fr\/produit\/chandelier-pascal-3\/#breadcrumb"},"inLanguage":"fr-FR","potentialAction":[{"@type":"ReadAction","target":["https:\/\/www.gruppoliturgico.com\/fr\/produit\/chandelier-pascal-3\/"]}]},{"@type":"BreadcrumbList","@id":"https:\/\/www.gruppoliturgico.com\/fr\/produit\/chandelier-pascal-3\/#breadcrumb","itemListElement":[{"@type":"ListItem","position":1,"name":"Home","item":"https:\/\/www.gruppoliturgico.com\/fr\/"},{"@type":"ListItem","position":2,"name":"Boutique","item":"https:\/\/www.gruppoliturgico.com\/fr\/boutique\/"},{"@type":"ListItem","position":3,"name":"Chandelier pascal"}]},{"@type":"WebSite","@id":"https:\/\/www.gruppoliturgico.com\/es\/#website","url":"https:\/\/www.gruppoliturgico.com\/es\/","name":"Laboratorio Gruppo Liturgico","description":"Articoli Religiosi online","publisher":{"@id":"https:\/\/www.gruppoliturgico.com\/es\/#organization"},"potentialAction":[{"@type":"SearchAction","target":{"@type":"EntryPoint","urlTemplate":"https:\/\/www.gruppoliturgico.com\/es\/?s={search_term_string}"},"query-input":"required name=search_term_string"}],"inLanguage":"fr-FR"},{"@type":"Organization","@id":"https:\/\/www.gruppoliturgico.com\/es\/#organization","name":"Laboratorio Gruppo Liturgico","url":"https:\/\/www.gruppoliturgico.com\/es\/","logo":{"@type":"ImageObject","inLanguage":"fr-FR","@id":"https:\/\/www.gruppoliturgico.com\/es\/#\/schema\/logo\/image\/","url":"https:\/\/www.gruppoliturgico.com\/wp-content\/uploads\/2022\/02\/logo-laboratoriogruppoliturgico.png","contentUrl":"https:\/\/www.gruppoliturgico.com\/wp-content\/uploads\/2022\/02\/logo-laboratoriogruppoliturgico.png","width":400,"height":114,"caption":"Laboratorio Gruppo Liturgico"},"image":{"@id":"https:\/\/www.gruppoliturgico.com\/es\/#\/schema\/logo\/image\/"}}]}},"_links":{"self":[{"href":"https:\/\/www.gruppoliturgico.com\/fr\/wp-json\/wp\/v2\/product\/63621"}],"collection":[{"href":"https:\/\/www.gruppoliturgico.com\/fr\/wp-json\/wp\/v2\/product"}],"about":[{"href":"https:\/\/www.gruppoliturgico.com\/fr\/wp-json\/wp\/v2\/types\/product"}],"wp:featuredmedia":[{"embeddable":true,"href":"https:\/\/www.gruppoliturgico.com\/fr\/wp-json\/wp\/v2\/media\/131205"}],"wp:attachment":[{"href":"https:\/\/www.gruppoliturgico.com\/fr\/wp-json\/wp\/v2\/media?parent=63621"}],"wp:term":[{"taxonomy":"product_cat","embeddable":true,"href":"https:\/\/www.gruppoliturgico.com\/fr\/wp-json\/wp\/v2\/product_cat?post=63621"},{"taxonomy":"product_tag","embeddable":true,"href":"https:\/\/www.gruppoliturgico.com\/fr\/wp-json\/wp\/v2\/product_tag?post=63621"}],"curies":[{"name":"wp","href":"https:\/\/api.w.org\/{rel}","templated":true}]}}