{"id":63617,"date":"2022-05-19T23:13:53","date_gmt":"2022-05-19T21:13:57","guid":{"rendered":"https:\/\/www.gruppoliturgico.com\/prodotto\/colonne-8\/"},"modified":"2023-01-24T14:52:25","modified_gmt":"2023-01-24T13:52:25","slug":"colonne-8","status":"publish","type":"product","link":"https:\/\/www.gruppoliturgico.com\/fr\/produit\/colonne-8\/","title":{"rendered":"colonne"},"content":{"rendered":"<html><body><p>Colonne en bois massif, orn\u00e9 de d\u00e9corations et de volutes en go\u00fbt baroque sculpt\u00e9es \u00e0 la main.<br>\nDorure \u00e0 la feuille d\u2019or.<br>\nAu double emploi: soutien statue ou soutien tabernacle.<br>\nHaute de cm 100, elle dispose d\u2019un plan d\u2019appui de cm 80 x 45. (Ex\u00e9cut\u00e9e aussi sur mesure). <\/p>\n<\/body><\/html>","protected":false},"excerpt":{"rendered":"<p>Colonne en bois massif, orn\u00e9 de d\u00e9corations et de volutes en go\u00fbt baroque sculpt\u00e9es \u00e0 la main.<br \/>\nDorure \u00e0 la feuille d&rsquo;or.<br \/>\nAu double emploi: soutien statue ou soutien tabernacle.<br \/>\nHaute de cm 100, elle dispose d&rsquo;un plan d&rsquo;appui de cm 80 x 45. (Ex\u00e9cut\u00e9e aussi sur mesure). <\/p>\n","protected":false},"featured_media":131185,"template":"","meta":[],"product_cat":[12124,15263],"product_tag":[],"yoast_head":"<!-- This site is optimized with the Yoast SEO plugin v20.4 - https:\/\/yoast.com\/wordpress\/plugins\/seo\/ -->\n<title>colonne - art 1186, Colonnes soutien statue ou tabernacle et Laboratorio Gruppo Liturgico<\/title>\n<meta name=\"description\" content=\"Colonne en bois massif, orn\u00e9 de d\u00e9corations et de volutes en go\u00fbt baroque sculpt\u00e9es \u00e0 la main.  Dorure \u00e0 la feuille d&#039;or. Au double emploi: soutien statue ou soutien tabernacle.  Haute de cm 100, elle dispose d&#039;un plan d&#039;appui de cm 80 x 45. (Ex\u00e9cut\u00e9e aussi sur mesure).\" \/>\n<meta name=\"robots\" content=\"index, follow, max-snippet:-1, max-image-preview:large, max-video-preview:-1\" \/>\n<link rel=\"canonical\" href=\"https:\/\/www.gruppoliturgico.com\/fr\/produit\/colonne-8\/\" \/>\n<meta property=\"og:locale\" content=\"fr_FR\" \/>\n<meta property=\"og:type\" content=\"article\" \/>\n<meta property=\"og:title\" content=\"colonne - art 1186, Colonnes soutien statue ou tabernacle et Laboratorio Gruppo Liturgico\" \/>\n<meta property=\"og:description\" content=\"Colonne en bois massif, orn\u00e9 de d\u00e9corations et de volutes en go\u00fbt baroque sculpt\u00e9es \u00e0 la main.  Dorure \u00e0 la feuille d&#039;or. Au double emploi: soutien statue ou soutien tabernacle.  Haute de cm 100, elle dispose d&#039;un plan d&#039;appui de cm 80 x 45. (Ex\u00e9cut\u00e9e aussi sur mesure).\" \/>\n<meta property=\"og:url\" content=\"https:\/\/www.gruppoliturgico.com\/fr\/produit\/colonne-8\/\" \/>\n<meta property=\"og:site_name\" content=\"Laboratorio Gruppo Liturgico\" \/>\n<meta property=\"article:modified_time\" content=\"2023-01-24T13:52:25+00:00\" \/>\n<meta property=\"og:image\" content=\"https:\/\/www.gruppoliturgico.com\/wp-content\/uploads\/2022\/05\/1189_0.jpg\" \/>\n\t<meta property=\"og:image:width\" content=\"1161\" \/>\n\t<meta property=\"og:image:height\" content=\"1500\" \/>\n\t<meta property=\"og:image:type\" content=\"image\/jpeg\" \/>\n<meta name=\"twitter:card\" content=\"summary_large_image\" \/>\n<script type=\"application\/ld+json\" class=\"yoast-schema-graph\">{\"@context\":\"https:\/\/schema.org\",\"@graph\":[{\"@type\":\"WebPage\",\"@id\":\"https:\/\/www.gruppoliturgico.com\/fr\/produit\/colonne-8\/\",\"url\":\"https:\/\/www.gruppoliturgico.com\/fr\/produit\/colonne-8\/\",\"name\":\"colonne - art 1186, Colonnes soutien statue ou tabernacle et Laboratorio Gruppo Liturgico\",\"isPartOf\":{\"@id\":\"https:\/\/www.gruppoliturgico.com\/es\/#website\"},\"datePublished\":\"2022-05-19T21:13:57+00:00\",\"dateModified\":\"2023-01-24T13:52:25+00:00\",\"description\":\"Colonne en bois massif, orn\u00e9 de d\u00e9corations et de volutes en go\u00fbt baroque sculpt\u00e9es \u00e0 la main. Dorure \u00e0 la feuille d'or. Au double emploi: soutien statue ou soutien tabernacle. Haute de cm 100, elle dispose d'un plan d'appui de cm 80 x 45. (Ex\u00e9cut\u00e9e aussi sur mesure).\",\"breadcrumb\":{\"@id\":\"https:\/\/www.gruppoliturgico.com\/fr\/produit\/colonne-8\/#breadcrumb\"},\"inLanguage\":\"fr-FR\",\"potentialAction\":[{\"@type\":\"ReadAction\",\"target\":[\"https:\/\/www.gruppoliturgico.com\/fr\/produit\/colonne-8\/\"]}]},{\"@type\":\"BreadcrumbList\",\"@id\":\"https:\/\/www.gruppoliturgico.com\/fr\/produit\/colonne-8\/#breadcrumb\",\"itemListElement\":[{\"@type\":\"ListItem\",\"position\":1,\"name\":\"Home\",\"item\":\"https:\/\/www.gruppoliturgico.com\/fr\/\"},{\"@type\":\"ListItem\",\"position\":2,\"name\":\"Boutique\",\"item\":\"https:\/\/www.gruppoliturgico.com\/fr\/boutique\/\"},{\"@type\":\"ListItem\",\"position\":3,\"name\":\"colonne\"}]},{\"@type\":\"WebSite\",\"@id\":\"https:\/\/www.gruppoliturgico.com\/es\/#website\",\"url\":\"https:\/\/www.gruppoliturgico.com\/es\/\",\"name\":\"Laboratorio Gruppo Liturgico\",\"description\":\"Articoli Religiosi online\",\"publisher\":{\"@id\":\"https:\/\/www.gruppoliturgico.com\/es\/#organization\"},\"potentialAction\":[{\"@type\":\"SearchAction\",\"target\":{\"@type\":\"EntryPoint\",\"urlTemplate\":\"https:\/\/www.gruppoliturgico.com\/es\/?s={search_term_string}\"},\"query-input\":\"required name=search_term_string\"}],\"inLanguage\":\"fr-FR\"},{\"@type\":\"Organization\",\"@id\":\"https:\/\/www.gruppoliturgico.com\/es\/#organization\",\"name\":\"Laboratorio Gruppo Liturgico\",\"url\":\"https:\/\/www.gruppoliturgico.com\/es\/\",\"logo\":{\"@type\":\"ImageObject\",\"inLanguage\":\"fr-FR\",\"@id\":\"https:\/\/www.gruppoliturgico.com\/es\/#\/schema\/logo\/image\/\",\"url\":\"https:\/\/www.gruppoliturgico.com\/wp-content\/uploads\/2022\/02\/logo-laboratoriogruppoliturgico.png\",\"contentUrl\":\"https:\/\/www.gruppoliturgico.com\/wp-content\/uploads\/2022\/02\/logo-laboratoriogruppoliturgico.png\",\"width\":400,\"height\":114,\"caption\":\"Laboratorio Gruppo Liturgico\"},\"image\":{\"@id\":\"https:\/\/www.gruppoliturgico.com\/es\/#\/schema\/logo\/image\/\"}}]}<\/script>\n<!-- \/ Yoast SEO plugin. -->","yoast_head_json":{"title":"colonne - art 1186, Colonnes soutien statue ou tabernacle et Laboratorio Gruppo Liturgico","description":"Colonne en bois massif, orn\u00e9 de d\u00e9corations et de volutes en go\u00fbt baroque sculpt\u00e9es \u00e0 la main.  Dorure \u00e0 la feuille d'or. Au double emploi: soutien statue ou soutien tabernacle.  Haute de cm 100, elle dispose d'un plan d'appui de cm 80 x 45. (Ex\u00e9cut\u00e9e aussi sur mesure).","robots":{"index":"index","follow":"follow","max-snippet":"max-snippet:-1","max-image-preview":"max-image-preview:large","max-video-preview":"max-video-preview:-1"},"canonical":"https:\/\/www.gruppoliturgico.com\/fr\/produit\/colonne-8\/","og_locale":"fr_FR","og_type":"article","og_title":"colonne - art 1186, Colonnes soutien statue ou tabernacle et Laboratorio Gruppo Liturgico","og_description":"Colonne en bois massif, orn\u00e9 de d\u00e9corations et de volutes en go\u00fbt baroque sculpt\u00e9es \u00e0 la main.  Dorure \u00e0 la feuille d'or. Au double emploi: soutien statue ou soutien tabernacle.  Haute de cm 100, elle dispose d'un plan d'appui de cm 80 x 45. (Ex\u00e9cut\u00e9e aussi sur mesure).","og_url":"https:\/\/www.gruppoliturgico.com\/fr\/produit\/colonne-8\/","og_site_name":"Laboratorio Gruppo Liturgico","article_modified_time":"2023-01-24T13:52:25+00:00","og_image":[{"width":1161,"height":1500,"url":"https:\/\/www.gruppoliturgico.com\/wp-content\/uploads\/2022\/05\/1189_0.jpg","type":"image\/jpeg"}],"twitter_card":"summary_large_image","schema":{"@context":"https:\/\/schema.org","@graph":[{"@type":"WebPage","@id":"https:\/\/www.gruppoliturgico.com\/fr\/produit\/colonne-8\/","url":"https:\/\/www.gruppoliturgico.com\/fr\/produit\/colonne-8\/","name":"colonne - art 1186, Colonnes soutien statue ou tabernacle et Laboratorio Gruppo Liturgico","isPartOf":{"@id":"https:\/\/www.gruppoliturgico.com\/es\/#website"},"datePublished":"2022-05-19T21:13:57+00:00","dateModified":"2023-01-24T13:52:25+00:00","description":"Colonne en bois massif, orn\u00e9 de d\u00e9corations et de volutes en go\u00fbt baroque sculpt\u00e9es \u00e0 la main. Dorure \u00e0 la feuille d'or. Au double emploi: soutien statue ou soutien tabernacle. Haute de cm 100, elle dispose d'un plan d'appui de cm 80 x 45. (Ex\u00e9cut\u00e9e aussi sur mesure).","breadcrumb":{"@id":"https:\/\/www.gruppoliturgico.com\/fr\/produit\/colonne-8\/#breadcrumb"},"inLanguage":"fr-FR","potentialAction":[{"@type":"ReadAction","target":["https:\/\/www.gruppoliturgico.com\/fr\/produit\/colonne-8\/"]}]},{"@type":"BreadcrumbList","@id":"https:\/\/www.gruppoliturgico.com\/fr\/produit\/colonne-8\/#breadcrumb","itemListElement":[{"@type":"ListItem","position":1,"name":"Home","item":"https:\/\/www.gruppoliturgico.com\/fr\/"},{"@type":"ListItem","position":2,"name":"Boutique","item":"https:\/\/www.gruppoliturgico.com\/fr\/boutique\/"},{"@type":"ListItem","position":3,"name":"colonne"}]},{"@type":"WebSite","@id":"https:\/\/www.gruppoliturgico.com\/es\/#website","url":"https:\/\/www.gruppoliturgico.com\/es\/","name":"Laboratorio Gruppo Liturgico","description":"Articoli Religiosi online","publisher":{"@id":"https:\/\/www.gruppoliturgico.com\/es\/#organization"},"potentialAction":[{"@type":"SearchAction","target":{"@type":"EntryPoint","urlTemplate":"https:\/\/www.gruppoliturgico.com\/es\/?s={search_term_string}"},"query-input":"required name=search_term_string"}],"inLanguage":"fr-FR"},{"@type":"Organization","@id":"https:\/\/www.gruppoliturgico.com\/es\/#organization","name":"Laboratorio Gruppo Liturgico","url":"https:\/\/www.gruppoliturgico.com\/es\/","logo":{"@type":"ImageObject","inLanguage":"fr-FR","@id":"https:\/\/www.gruppoliturgico.com\/es\/#\/schema\/logo\/image\/","url":"https:\/\/www.gruppoliturgico.com\/wp-content\/uploads\/2022\/02\/logo-laboratoriogruppoliturgico.png","contentUrl":"https:\/\/www.gruppoliturgico.com\/wp-content\/uploads\/2022\/02\/logo-laboratoriogruppoliturgico.png","width":400,"height":114,"caption":"Laboratorio Gruppo Liturgico"},"image":{"@id":"https:\/\/www.gruppoliturgico.com\/es\/#\/schema\/logo\/image\/"}}]}},"_links":{"self":[{"href":"https:\/\/www.gruppoliturgico.com\/fr\/wp-json\/wp\/v2\/product\/63617"}],"collection":[{"href":"https:\/\/www.gruppoliturgico.com\/fr\/wp-json\/wp\/v2\/product"}],"about":[{"href":"https:\/\/www.gruppoliturgico.com\/fr\/wp-json\/wp\/v2\/types\/product"}],"wp:featuredmedia":[{"embeddable":true,"href":"https:\/\/www.gruppoliturgico.com\/fr\/wp-json\/wp\/v2\/media\/131185"}],"wp:attachment":[{"href":"https:\/\/www.gruppoliturgico.com\/fr\/wp-json\/wp\/v2\/media?parent=63617"}],"wp:term":[{"taxonomy":"product_cat","embeddable":true,"href":"https:\/\/www.gruppoliturgico.com\/fr\/wp-json\/wp\/v2\/product_cat?post=63617"},{"taxonomy":"product_tag","embeddable":true,"href":"https:\/\/www.gruppoliturgico.com\/fr\/wp-json\/wp\/v2\/product_tag?post=63617"}],"curies":[{"name":"wp","href":"https:\/\/api.w.org\/{rel}","templated":true}]}}