{"id":63609,"date":"2022-05-19T23:13:34","date_gmt":"2022-05-19T21:13:38","guid":{"rendered":"https:\/\/www.gruppoliturgico.com\/prodotto\/ambon-8\/"},"modified":"2022-10-17T16:27:01","modified_gmt":"2022-10-17T14:27:01","slug":"ambon-8","status":"publish","type":"product","link":"https:\/\/www.gruppoliturgico.com\/fr\/produit\/ambon-8\/","title":{"rendered":"ambon"},"content":{"rendered":"<html><body><p>Ambon en bois massif enti\u00e8rement dor\u00e9 \u00e0 la feuille d\u2019or.<br>\nIl est d\u00e9cor\u00e9 de sculptures faites \u00e0 la main de volutes baroques et de frises.<br>\nHauteur cm 125,<br>\nEncombrement de base cm  50 x 45.<\/p>\n<\/body><\/html>","protected":false},"excerpt":{"rendered":"<p>Ambon en bois massif enti\u00e8rement dor\u00e9 \u00e0 la feuille d&rsquo;or.<br \/>\nIl est d\u00e9cor\u00e9 de sculptures faites \u00e0 la main de volutes baroques et de frises.<br \/>\nHauteur cm 125,<br \/>\nEncombrement de base cm  50 x 45.<\/p>\n","protected":false},"featured_media":131189,"template":"","meta":[],"product_cat":[12124,12184],"product_tag":[],"yoast_head":"<!-- This site is optimized with the Yoast SEO plugin v20.4 - https:\/\/yoast.com\/wordpress\/plugins\/seo\/ -->\n<title>ambon - art 1186, ambons et lutrins en bois et Laboratorio Gruppo Liturgico<\/title>\n<meta name=\"description\" content=\"Ambon en bois massif enti\u00e8rement dor\u00e9 \u00e0 la feuille d&#039;or. Il est d\u00e9cor\u00e9 de sculptures faites \u00e0 la main de volutes baroques et de frises. Hauteur cm 125,  Encombrement de base cm 50 x 45.\" \/>\n<meta name=\"robots\" content=\"index, follow, max-snippet:-1, max-image-preview:large, max-video-preview:-1\" \/>\n<link rel=\"canonical\" href=\"https:\/\/www.gruppoliturgico.com\/fr\/produit\/ambon-8\/\" \/>\n<meta property=\"og:locale\" content=\"fr_FR\" \/>\n<meta property=\"og:type\" content=\"article\" \/>\n<meta property=\"og:title\" content=\"ambon - art 1186, ambons et lutrins en bois et Laboratorio Gruppo Liturgico\" \/>\n<meta property=\"og:description\" content=\"Ambon en bois massif enti\u00e8rement dor\u00e9 \u00e0 la feuille d&#039;or. Il est d\u00e9cor\u00e9 de sculptures faites \u00e0 la main de volutes baroques et de frises. Hauteur cm 125,  Encombrement de base cm 50 x 45.\" \/>\n<meta property=\"og:url\" content=\"https:\/\/www.gruppoliturgico.com\/fr\/produit\/ambon-8\/\" \/>\n<meta property=\"og:site_name\" content=\"Laboratorio Gruppo Liturgico\" \/>\n<meta property=\"article:modified_time\" content=\"2022-10-17T14:27:01+00:00\" \/>\n<meta property=\"og:image\" content=\"https:\/\/www.gruppoliturgico.com\/wp-content\/uploads\/2022\/05\/1187.jpg\" \/>\n\t<meta property=\"og:image:width\" content=\"857\" \/>\n\t<meta property=\"og:image:height\" content=\"1500\" \/>\n\t<meta property=\"og:image:type\" content=\"image\/jpeg\" \/>\n<meta name=\"twitter:card\" content=\"summary_large_image\" \/>\n<script type=\"application\/ld+json\" class=\"yoast-schema-graph\">{\"@context\":\"https:\/\/schema.org\",\"@graph\":[{\"@type\":\"WebPage\",\"@id\":\"https:\/\/www.gruppoliturgico.com\/fr\/produit\/ambon-8\/\",\"url\":\"https:\/\/www.gruppoliturgico.com\/fr\/produit\/ambon-8\/\",\"name\":\"ambon - art 1186, ambons et lutrins en bois et Laboratorio Gruppo Liturgico\",\"isPartOf\":{\"@id\":\"https:\/\/www.gruppoliturgico.com\/es\/#website\"},\"datePublished\":\"2022-05-19T21:13:38+00:00\",\"dateModified\":\"2022-10-17T14:27:01+00:00\",\"description\":\"Ambon en bois massif enti\u00e8rement dor\u00e9 \u00e0 la feuille d'or. Il est d\u00e9cor\u00e9 de sculptures faites \u00e0 la main de volutes baroques et de frises. Hauteur cm 125, Encombrement de base cm 50 x 45.\",\"breadcrumb\":{\"@id\":\"https:\/\/www.gruppoliturgico.com\/fr\/produit\/ambon-8\/#breadcrumb\"},\"inLanguage\":\"fr-FR\",\"potentialAction\":[{\"@type\":\"ReadAction\",\"target\":[\"https:\/\/www.gruppoliturgico.com\/fr\/produit\/ambon-8\/\"]}]},{\"@type\":\"BreadcrumbList\",\"@id\":\"https:\/\/www.gruppoliturgico.com\/fr\/produit\/ambon-8\/#breadcrumb\",\"itemListElement\":[{\"@type\":\"ListItem\",\"position\":1,\"name\":\"Home\",\"item\":\"https:\/\/www.gruppoliturgico.com\/fr\/\"},{\"@type\":\"ListItem\",\"position\":2,\"name\":\"Boutique\",\"item\":\"https:\/\/www.gruppoliturgico.com\/fr\/boutique\/\"},{\"@type\":\"ListItem\",\"position\":3,\"name\":\"ambon\"}]},{\"@type\":\"WebSite\",\"@id\":\"https:\/\/www.gruppoliturgico.com\/es\/#website\",\"url\":\"https:\/\/www.gruppoliturgico.com\/es\/\",\"name\":\"Laboratorio Gruppo Liturgico\",\"description\":\"Articoli Religiosi online\",\"publisher\":{\"@id\":\"https:\/\/www.gruppoliturgico.com\/es\/#organization\"},\"potentialAction\":[{\"@type\":\"SearchAction\",\"target\":{\"@type\":\"EntryPoint\",\"urlTemplate\":\"https:\/\/www.gruppoliturgico.com\/es\/?s={search_term_string}\"},\"query-input\":\"required name=search_term_string\"}],\"inLanguage\":\"fr-FR\"},{\"@type\":\"Organization\",\"@id\":\"https:\/\/www.gruppoliturgico.com\/es\/#organization\",\"name\":\"Laboratorio Gruppo Liturgico\",\"url\":\"https:\/\/www.gruppoliturgico.com\/es\/\",\"logo\":{\"@type\":\"ImageObject\",\"inLanguage\":\"fr-FR\",\"@id\":\"https:\/\/www.gruppoliturgico.com\/es\/#\/schema\/logo\/image\/\",\"url\":\"https:\/\/www.gruppoliturgico.com\/wp-content\/uploads\/2022\/02\/logo-laboratoriogruppoliturgico.png\",\"contentUrl\":\"https:\/\/www.gruppoliturgico.com\/wp-content\/uploads\/2022\/02\/logo-laboratoriogruppoliturgico.png\",\"width\":400,\"height\":114,\"caption\":\"Laboratorio Gruppo Liturgico\"},\"image\":{\"@id\":\"https:\/\/www.gruppoliturgico.com\/es\/#\/schema\/logo\/image\/\"}}]}<\/script>\n<!-- \/ Yoast SEO plugin. -->","yoast_head_json":{"title":"ambon - art 1186, ambons et lutrins en bois et Laboratorio Gruppo Liturgico","description":"Ambon en bois massif enti\u00e8rement dor\u00e9 \u00e0 la feuille d'or. Il est d\u00e9cor\u00e9 de sculptures faites \u00e0 la main de volutes baroques et de frises. Hauteur cm 125,  Encombrement de base cm 50 x 45.","robots":{"index":"index","follow":"follow","max-snippet":"max-snippet:-1","max-image-preview":"max-image-preview:large","max-video-preview":"max-video-preview:-1"},"canonical":"https:\/\/www.gruppoliturgico.com\/fr\/produit\/ambon-8\/","og_locale":"fr_FR","og_type":"article","og_title":"ambon - art 1186, ambons et lutrins en bois et Laboratorio Gruppo Liturgico","og_description":"Ambon en bois massif enti\u00e8rement dor\u00e9 \u00e0 la feuille d'or. Il est d\u00e9cor\u00e9 de sculptures faites \u00e0 la main de volutes baroques et de frises. Hauteur cm 125,  Encombrement de base cm 50 x 45.","og_url":"https:\/\/www.gruppoliturgico.com\/fr\/produit\/ambon-8\/","og_site_name":"Laboratorio Gruppo Liturgico","article_modified_time":"2022-10-17T14:27:01+00:00","og_image":[{"width":857,"height":1500,"url":"https:\/\/www.gruppoliturgico.com\/wp-content\/uploads\/2022\/05\/1187.jpg","type":"image\/jpeg"}],"twitter_card":"summary_large_image","schema":{"@context":"https:\/\/schema.org","@graph":[{"@type":"WebPage","@id":"https:\/\/www.gruppoliturgico.com\/fr\/produit\/ambon-8\/","url":"https:\/\/www.gruppoliturgico.com\/fr\/produit\/ambon-8\/","name":"ambon - art 1186, ambons et lutrins en bois et Laboratorio Gruppo Liturgico","isPartOf":{"@id":"https:\/\/www.gruppoliturgico.com\/es\/#website"},"datePublished":"2022-05-19T21:13:38+00:00","dateModified":"2022-10-17T14:27:01+00:00","description":"Ambon en bois massif enti\u00e8rement dor\u00e9 \u00e0 la feuille d'or. Il est d\u00e9cor\u00e9 de sculptures faites \u00e0 la main de volutes baroques et de frises. Hauteur cm 125, Encombrement de base cm 50 x 45.","breadcrumb":{"@id":"https:\/\/www.gruppoliturgico.com\/fr\/produit\/ambon-8\/#breadcrumb"},"inLanguage":"fr-FR","potentialAction":[{"@type":"ReadAction","target":["https:\/\/www.gruppoliturgico.com\/fr\/produit\/ambon-8\/"]}]},{"@type":"BreadcrumbList","@id":"https:\/\/www.gruppoliturgico.com\/fr\/produit\/ambon-8\/#breadcrumb","itemListElement":[{"@type":"ListItem","position":1,"name":"Home","item":"https:\/\/www.gruppoliturgico.com\/fr\/"},{"@type":"ListItem","position":2,"name":"Boutique","item":"https:\/\/www.gruppoliturgico.com\/fr\/boutique\/"},{"@type":"ListItem","position":3,"name":"ambon"}]},{"@type":"WebSite","@id":"https:\/\/www.gruppoliturgico.com\/es\/#website","url":"https:\/\/www.gruppoliturgico.com\/es\/","name":"Laboratorio Gruppo Liturgico","description":"Articoli Religiosi online","publisher":{"@id":"https:\/\/www.gruppoliturgico.com\/es\/#organization"},"potentialAction":[{"@type":"SearchAction","target":{"@type":"EntryPoint","urlTemplate":"https:\/\/www.gruppoliturgico.com\/es\/?s={search_term_string}"},"query-input":"required name=search_term_string"}],"inLanguage":"fr-FR"},{"@type":"Organization","@id":"https:\/\/www.gruppoliturgico.com\/es\/#organization","name":"Laboratorio Gruppo Liturgico","url":"https:\/\/www.gruppoliturgico.com\/es\/","logo":{"@type":"ImageObject","inLanguage":"fr-FR","@id":"https:\/\/www.gruppoliturgico.com\/es\/#\/schema\/logo\/image\/","url":"https:\/\/www.gruppoliturgico.com\/wp-content\/uploads\/2022\/02\/logo-laboratoriogruppoliturgico.png","contentUrl":"https:\/\/www.gruppoliturgico.com\/wp-content\/uploads\/2022\/02\/logo-laboratoriogruppoliturgico.png","width":400,"height":114,"caption":"Laboratorio Gruppo Liturgico"},"image":{"@id":"https:\/\/www.gruppoliturgico.com\/es\/#\/schema\/logo\/image\/"}}]}},"_links":{"self":[{"href":"https:\/\/www.gruppoliturgico.com\/fr\/wp-json\/wp\/v2\/product\/63609"}],"collection":[{"href":"https:\/\/www.gruppoliturgico.com\/fr\/wp-json\/wp\/v2\/product"}],"about":[{"href":"https:\/\/www.gruppoliturgico.com\/fr\/wp-json\/wp\/v2\/types\/product"}],"wp:featuredmedia":[{"embeddable":true,"href":"https:\/\/www.gruppoliturgico.com\/fr\/wp-json\/wp\/v2\/media\/131189"}],"wp:attachment":[{"href":"https:\/\/www.gruppoliturgico.com\/fr\/wp-json\/wp\/v2\/media?parent=63609"}],"wp:term":[{"taxonomy":"product_cat","embeddable":true,"href":"https:\/\/www.gruppoliturgico.com\/fr\/wp-json\/wp\/v2\/product_cat?post=63609"},{"taxonomy":"product_tag","embeddable":true,"href":"https:\/\/www.gruppoliturgico.com\/fr\/wp-json\/wp\/v2\/product_tag?post=63609"}],"curies":[{"name":"wp","href":"https:\/\/api.w.org\/{rel}","templated":true}]}}