{"id":63605,"date":"2022-05-19T23:13:24","date_gmt":"2022-05-19T21:13:29","guid":{"rendered":"https:\/\/www.gruppoliturgico.com\/prodotto\/autel-10\/"},"modified":"2022-07-20T10:07:06","modified_gmt":"2022-07-20T08:07:06","slug":"autel-10","status":"publish","type":"product","link":"https:\/\/www.gruppoliturgico.com\/fr\/produit\/autel-10\/","title":{"rendered":"Autel"},"content":{"rendered":"<html><body><p>Cet autel en bois massif, orn\u00e9 de d\u00e9corations et de volutes en go\u00fbt baroque sculpt\u00e9es \u00e0 la main suscite un sens de majest\u00e9.<br>\nLes symboles liturgiques argent\u00e9s qui d\u00e9corent le panneau frontal, sont sculpt\u00e9s.<br>\nDorure \u00e0 la feuille d\u2019or.<br>\nEncombrement de la base cm. 120 x 55.<br>\nLa table est fournie avec les mesures demand\u00e9es par le client.<\/p>\n<\/body><\/html>","protected":false},"excerpt":{"rendered":"<p>Cet autel en bois massif, orn\u00e9 de d\u00e9corations et de volutes en go\u00fbt baroque sculpt\u00e9es \u00e0 la main suscite un sens de majest\u00e9.<br \/>\nLes symboles liturgiques argent\u00e9s qui d\u00e9corent le panneau frontal, sont sculpt\u00e9s.<br \/>\nDorure \u00e0 la feuille d&rsquo;or.<br \/>\nEncombrement de la base cm. 120 x 55.<br \/>\nLa table est fournie avec les mesures demand\u00e9es par le client.<\/p>\n<p><img loading=\"lazy\" class=\"alignnone wp-image-76778 size-large\" src=\"https:\/\/www.gruppoliturgico.com\/wp-content\/uploads\/2022\/05\/1186_2-1024x705.jpg\" alt=\"\" width=\"1024\" height=\"705\" srcset=\"https:\/\/www.gruppoliturgico.com\/wp-content\/uploads\/2022\/05\/1186_2-1024x705.jpg 1024w, https:\/\/www.gruppoliturgico.com\/wp-content\/uploads\/2022\/05\/1186_2-300x206.jpg 300w, https:\/\/www.gruppoliturgico.com\/wp-content\/uploads\/2022\/05\/1186_2-768x528.jpg 768w, https:\/\/www.gruppoliturgico.com\/wp-content\/uploads\/2022\/05\/1186_2-920x633.jpg 920w, https:\/\/www.gruppoliturgico.com\/wp-content\/uploads\/2022\/05\/1186_2-230x158.jpg 230w, https:\/\/www.gruppoliturgico.com\/wp-content\/uploads\/2022\/05\/1186_2-350x241.jpg 350w, https:\/\/www.gruppoliturgico.com\/wp-content\/uploads\/2022\/05\/1186_2-480x330.jpg 480w, https:\/\/www.gruppoliturgico.com\/wp-content\/uploads\/2022\/05\/1186_2-600x413.jpg 600w, https:\/\/www.gruppoliturgico.com\/wp-content\/uploads\/2022\/05\/1186_2.jpg 1500w\" sizes=\"(max-width: 1024px) 100vw, 1024px\" \/><\/p>\n<p>Photo d\u2019ensemble de l\u2019autel et de ses accessoires.<\/p>\n","protected":false},"featured_media":131181,"template":"","meta":[],"product_cat":[12124],"product_tag":[],"yoast_head":"<!-- This site is optimized with the Yoast SEO plugin v20.4 - https:\/\/yoast.com\/wordpress\/plugins\/seo\/ -->\n<title>Autel - art 1186 et Laboratorio Gruppo Liturgico<\/title>\n<meta name=\"description\" content=\"Cet autel en bois massif, orn\u00e9 de d\u00e9corations et de volutes en go\u00fbt baroque sculpt\u00e9es \u00e0 la main suscite un sens de majest\u00e9. Les symboles liturgiques argent\u00e9s qui d\u00e9corent le panneau frontal, sont sculpt\u00e9s. Dorure \u00e0 la feuille d&#039;or. Encombrement de la base cm. 120 x 55. La table est fournie avec les mesures demand\u00e9es par le client.    Photo d\u2019ensemble de l\u2019autel et de ses accessoires.\" \/>\n<meta name=\"robots\" content=\"index, follow, max-snippet:-1, max-image-preview:large, max-video-preview:-1\" \/>\n<link rel=\"canonical\" href=\"https:\/\/www.gruppoliturgico.com\/fr\/produit\/autel-10\/\" \/>\n<meta property=\"og:locale\" content=\"fr_FR\" \/>\n<meta property=\"og:type\" content=\"article\" \/>\n<meta property=\"og:title\" content=\"Autel - art 1186 et Laboratorio Gruppo Liturgico\" \/>\n<meta property=\"og:description\" content=\"Cet autel en bois massif, orn\u00e9 de d\u00e9corations et de volutes en go\u00fbt baroque sculpt\u00e9es \u00e0 la main suscite un sens de majest\u00e9. Les symboles liturgiques argent\u00e9s qui d\u00e9corent le panneau frontal, sont sculpt\u00e9s. Dorure \u00e0 la feuille d&#039;or. Encombrement de la base cm. 120 x 55. La table est fournie avec les mesures demand\u00e9es par le client.    Photo d\u2019ensemble de l\u2019autel et de ses accessoires.\" \/>\n<meta property=\"og:url\" content=\"https:\/\/www.gruppoliturgico.com\/fr\/produit\/autel-10\/\" \/>\n<meta property=\"og:site_name\" content=\"Laboratorio Gruppo Liturgico\" \/>\n<meta property=\"article:modified_time\" content=\"2022-07-20T08:07:06+00:00\" \/>\n<meta property=\"og:image\" content=\"https:\/\/www.gruppoliturgico.com\/wp-content\/uploads\/2022\/05\/1186-rit.jpg\" \/>\n\t<meta property=\"og:image:width\" content=\"680\" \/>\n\t<meta property=\"og:image:height\" content=\"800\" \/>\n\t<meta property=\"og:image:type\" content=\"image\/jpeg\" \/>\n<meta name=\"twitter:card\" content=\"summary_large_image\" \/>\n<script type=\"application\/ld+json\" class=\"yoast-schema-graph\">{\"@context\":\"https:\/\/schema.org\",\"@graph\":[{\"@type\":\"WebPage\",\"@id\":\"https:\/\/www.gruppoliturgico.com\/fr\/produit\/autel-10\/\",\"url\":\"https:\/\/www.gruppoliturgico.com\/fr\/produit\/autel-10\/\",\"name\":\"Autel - art 1186 et Laboratorio Gruppo Liturgico\",\"isPartOf\":{\"@id\":\"https:\/\/www.gruppoliturgico.com\/es\/#website\"},\"datePublished\":\"2022-05-19T21:13:29+00:00\",\"dateModified\":\"2022-07-20T08:07:06+00:00\",\"description\":\"Cet autel en bois massif, orn\u00e9 de d\u00e9corations et de volutes en go\u00fbt baroque sculpt\u00e9es \u00e0 la main suscite un sens de majest\u00e9. Les symboles liturgiques argent\u00e9s qui d\u00e9corent le panneau frontal, sont sculpt\u00e9s. Dorure \u00e0 la feuille d'or. Encombrement de la base cm. 120 x 55. La table est fournie avec les mesures demand\u00e9es par le client. Photo d\u2019ensemble de l\u2019autel et de ses accessoires.\",\"breadcrumb\":{\"@id\":\"https:\/\/www.gruppoliturgico.com\/fr\/produit\/autel-10\/#breadcrumb\"},\"inLanguage\":\"fr-FR\",\"potentialAction\":[{\"@type\":\"ReadAction\",\"target\":[\"https:\/\/www.gruppoliturgico.com\/fr\/produit\/autel-10\/\"]}]},{\"@type\":\"BreadcrumbList\",\"@id\":\"https:\/\/www.gruppoliturgico.com\/fr\/produit\/autel-10\/#breadcrumb\",\"itemListElement\":[{\"@type\":\"ListItem\",\"position\":1,\"name\":\"Home\",\"item\":\"https:\/\/www.gruppoliturgico.com\/fr\/\"},{\"@type\":\"ListItem\",\"position\":2,\"name\":\"Boutique\",\"item\":\"https:\/\/www.gruppoliturgico.com\/fr\/boutique\/\"},{\"@type\":\"ListItem\",\"position\":3,\"name\":\"Autel\"}]},{\"@type\":\"WebSite\",\"@id\":\"https:\/\/www.gruppoliturgico.com\/es\/#website\",\"url\":\"https:\/\/www.gruppoliturgico.com\/es\/\",\"name\":\"Laboratorio Gruppo Liturgico\",\"description\":\"Articoli Religiosi online\",\"publisher\":{\"@id\":\"https:\/\/www.gruppoliturgico.com\/es\/#organization\"},\"potentialAction\":[{\"@type\":\"SearchAction\",\"target\":{\"@type\":\"EntryPoint\",\"urlTemplate\":\"https:\/\/www.gruppoliturgico.com\/es\/?s={search_term_string}\"},\"query-input\":\"required name=search_term_string\"}],\"inLanguage\":\"fr-FR\"},{\"@type\":\"Organization\",\"@id\":\"https:\/\/www.gruppoliturgico.com\/es\/#organization\",\"name\":\"Laboratorio Gruppo Liturgico\",\"url\":\"https:\/\/www.gruppoliturgico.com\/es\/\",\"logo\":{\"@type\":\"ImageObject\",\"inLanguage\":\"fr-FR\",\"@id\":\"https:\/\/www.gruppoliturgico.com\/es\/#\/schema\/logo\/image\/\",\"url\":\"https:\/\/www.gruppoliturgico.com\/wp-content\/uploads\/2022\/02\/logo-laboratoriogruppoliturgico.png\",\"contentUrl\":\"https:\/\/www.gruppoliturgico.com\/wp-content\/uploads\/2022\/02\/logo-laboratoriogruppoliturgico.png\",\"width\":400,\"height\":114,\"caption\":\"Laboratorio Gruppo Liturgico\"},\"image\":{\"@id\":\"https:\/\/www.gruppoliturgico.com\/es\/#\/schema\/logo\/image\/\"}}]}<\/script>\n<!-- \/ Yoast SEO plugin. -->","yoast_head_json":{"title":"Autel - art 1186 et Laboratorio Gruppo Liturgico","description":"Cet autel en bois massif, orn\u00e9 de d\u00e9corations et de volutes en go\u00fbt baroque sculpt\u00e9es \u00e0 la main suscite un sens de majest\u00e9. Les symboles liturgiques argent\u00e9s qui d\u00e9corent le panneau frontal, sont sculpt\u00e9s. Dorure \u00e0 la feuille d'or. Encombrement de la base cm. 120 x 55. La table est fournie avec les mesures demand\u00e9es par le client.    Photo d\u2019ensemble de l\u2019autel et de ses accessoires.","robots":{"index":"index","follow":"follow","max-snippet":"max-snippet:-1","max-image-preview":"max-image-preview:large","max-video-preview":"max-video-preview:-1"},"canonical":"https:\/\/www.gruppoliturgico.com\/fr\/produit\/autel-10\/","og_locale":"fr_FR","og_type":"article","og_title":"Autel - art 1186 et Laboratorio Gruppo Liturgico","og_description":"Cet autel en bois massif, orn\u00e9 de d\u00e9corations et de volutes en go\u00fbt baroque sculpt\u00e9es \u00e0 la main suscite un sens de majest\u00e9. Les symboles liturgiques argent\u00e9s qui d\u00e9corent le panneau frontal, sont sculpt\u00e9s. Dorure \u00e0 la feuille d'or. Encombrement de la base cm. 120 x 55. La table est fournie avec les mesures demand\u00e9es par le client.    Photo d\u2019ensemble de l\u2019autel et de ses accessoires.","og_url":"https:\/\/www.gruppoliturgico.com\/fr\/produit\/autel-10\/","og_site_name":"Laboratorio Gruppo Liturgico","article_modified_time":"2022-07-20T08:07:06+00:00","og_image":[{"width":680,"height":800,"url":"https:\/\/www.gruppoliturgico.com\/wp-content\/uploads\/2022\/05\/1186-rit.jpg","type":"image\/jpeg"}],"twitter_card":"summary_large_image","schema":{"@context":"https:\/\/schema.org","@graph":[{"@type":"WebPage","@id":"https:\/\/www.gruppoliturgico.com\/fr\/produit\/autel-10\/","url":"https:\/\/www.gruppoliturgico.com\/fr\/produit\/autel-10\/","name":"Autel - art 1186 et Laboratorio Gruppo Liturgico","isPartOf":{"@id":"https:\/\/www.gruppoliturgico.com\/es\/#website"},"datePublished":"2022-05-19T21:13:29+00:00","dateModified":"2022-07-20T08:07:06+00:00","description":"Cet autel en bois massif, orn\u00e9 de d\u00e9corations et de volutes en go\u00fbt baroque sculpt\u00e9es \u00e0 la main suscite un sens de majest\u00e9. Les symboles liturgiques argent\u00e9s qui d\u00e9corent le panneau frontal, sont sculpt\u00e9s. Dorure \u00e0 la feuille d'or. Encombrement de la base cm. 120 x 55. La table est fournie avec les mesures demand\u00e9es par le client. Photo d\u2019ensemble de l\u2019autel et de ses accessoires.","breadcrumb":{"@id":"https:\/\/www.gruppoliturgico.com\/fr\/produit\/autel-10\/#breadcrumb"},"inLanguage":"fr-FR","potentialAction":[{"@type":"ReadAction","target":["https:\/\/www.gruppoliturgico.com\/fr\/produit\/autel-10\/"]}]},{"@type":"BreadcrumbList","@id":"https:\/\/www.gruppoliturgico.com\/fr\/produit\/autel-10\/#breadcrumb","itemListElement":[{"@type":"ListItem","position":1,"name":"Home","item":"https:\/\/www.gruppoliturgico.com\/fr\/"},{"@type":"ListItem","position":2,"name":"Boutique","item":"https:\/\/www.gruppoliturgico.com\/fr\/boutique\/"},{"@type":"ListItem","position":3,"name":"Autel"}]},{"@type":"WebSite","@id":"https:\/\/www.gruppoliturgico.com\/es\/#website","url":"https:\/\/www.gruppoliturgico.com\/es\/","name":"Laboratorio Gruppo Liturgico","description":"Articoli Religiosi online","publisher":{"@id":"https:\/\/www.gruppoliturgico.com\/es\/#organization"},"potentialAction":[{"@type":"SearchAction","target":{"@type":"EntryPoint","urlTemplate":"https:\/\/www.gruppoliturgico.com\/es\/?s={search_term_string}"},"query-input":"required name=search_term_string"}],"inLanguage":"fr-FR"},{"@type":"Organization","@id":"https:\/\/www.gruppoliturgico.com\/es\/#organization","name":"Laboratorio Gruppo Liturgico","url":"https:\/\/www.gruppoliturgico.com\/es\/","logo":{"@type":"ImageObject","inLanguage":"fr-FR","@id":"https:\/\/www.gruppoliturgico.com\/es\/#\/schema\/logo\/image\/","url":"https:\/\/www.gruppoliturgico.com\/wp-content\/uploads\/2022\/02\/logo-laboratoriogruppoliturgico.png","contentUrl":"https:\/\/www.gruppoliturgico.com\/wp-content\/uploads\/2022\/02\/logo-laboratoriogruppoliturgico.png","width":400,"height":114,"caption":"Laboratorio Gruppo Liturgico"},"image":{"@id":"https:\/\/www.gruppoliturgico.com\/es\/#\/schema\/logo\/image\/"}}]}},"_links":{"self":[{"href":"https:\/\/www.gruppoliturgico.com\/fr\/wp-json\/wp\/v2\/product\/63605"}],"collection":[{"href":"https:\/\/www.gruppoliturgico.com\/fr\/wp-json\/wp\/v2\/product"}],"about":[{"href":"https:\/\/www.gruppoliturgico.com\/fr\/wp-json\/wp\/v2\/types\/product"}],"wp:featuredmedia":[{"embeddable":true,"href":"https:\/\/www.gruppoliturgico.com\/fr\/wp-json\/wp\/v2\/media\/131181"}],"wp:attachment":[{"href":"https:\/\/www.gruppoliturgico.com\/fr\/wp-json\/wp\/v2\/media?parent=63605"}],"wp:term":[{"taxonomy":"product_cat","embeddable":true,"href":"https:\/\/www.gruppoliturgico.com\/fr\/wp-json\/wp\/v2\/product_cat?post=63605"},{"taxonomy":"product_tag","embeddable":true,"href":"https:\/\/www.gruppoliturgico.com\/fr\/wp-json\/wp\/v2\/product_tag?post=63605"}],"curies":[{"name":"wp","href":"https:\/\/api.w.org\/{rel}","templated":true}]}}