{"id":63573,"date":"2022-05-19T23:12:13","date_gmt":"2022-05-19T21:12:16","guid":{"rendered":"https:\/\/www.gruppoliturgico.com\/prodotto\/baptistere\/"},"modified":"2022-10-18T15:23:00","modified_gmt":"2022-10-18T13:23:00","slug":"baptistere","status":"publish","type":"product","link":"https:\/\/www.gruppoliturgico.com\/fr\/produit\/baptistere\/","title":{"rendered":"baptist\u00e8re"},"content":{"rendered":"<html><body><p>Baptist\u00e8re en bois massif.<br>\nUne colonne en bois \u00e0 chapiteau de style corinthien, sculpt\u00e9e sur quatre faces et dor\u00e9e \u00e0 la feuille d\u2019or, soutient le bassin en cuivre repouss\u00e9 \u00e0 la main.<br>\nBassin diam\u00e8tre cm 40<br>\nSocle cm 33 x 33<br>\nHauteur totale cm 120.<\/p>\n<\/body><\/html>","protected":false},"excerpt":{"rendered":"<p>Baptist\u00e8re en bois massif.<br \/>\nUne colonne en bois \u00e0 chapiteau de style corinthien, sculpt\u00e9e sur quatre faces et dor\u00e9e \u00e0 la feuille d&rsquo;or, soutient le bassin en cuivre repouss\u00e9 \u00e0 la main.<br \/>\nBassin diam\u00e8tre cm 40<br \/>\nSocle cm 33 x 33<br \/>\nHauteur totale cm 120.<\/p>\n","protected":false},"featured_media":131250,"template":"","meta":[],"product_cat":[12132,11732],"product_tag":[],"yoast_head":"<!-- This site is optimized with the Yoast SEO plugin v20.4 - https:\/\/yoast.com\/wordpress\/plugins\/seo\/ -->\n<title>baptist\u00e8re - art 688, baptist\u00e8res et Laboratorio Gruppo Liturgico<\/title>\n<meta name=\"description\" content=\"Baptist\u00e8re en bois massif. Une colonne en bois \u00e0 chapiteau de style corinthien, sculpt\u00e9e sur quatre faces et dor\u00e9e \u00e0 la feuille d&#039;or, soutient le bassin en cuivre repouss\u00e9 \u00e0 la main. Bassin diam\u00e8tre cm 40 Socle cm 33 x 33 Hauteur totale cm 120.\" \/>\n<meta name=\"robots\" content=\"index, follow, max-snippet:-1, max-image-preview:large, max-video-preview:-1\" \/>\n<link rel=\"canonical\" href=\"https:\/\/www.gruppoliturgico.com\/fr\/produit\/baptistere\/\" \/>\n<meta property=\"og:locale\" content=\"fr_FR\" \/>\n<meta property=\"og:type\" content=\"article\" \/>\n<meta property=\"og:title\" content=\"baptist\u00e8re - art 688, baptist\u00e8res et Laboratorio Gruppo Liturgico\" \/>\n<meta property=\"og:description\" content=\"Baptist\u00e8re en bois massif. Une colonne en bois \u00e0 chapiteau de style corinthien, sculpt\u00e9e sur quatre faces et dor\u00e9e \u00e0 la feuille d&#039;or, soutient le bassin en cuivre repouss\u00e9 \u00e0 la main. Bassin diam\u00e8tre cm 40 Socle cm 33 x 33 Hauteur totale cm 120.\" \/>\n<meta property=\"og:url\" content=\"https:\/\/www.gruppoliturgico.com\/fr\/produit\/baptistere\/\" \/>\n<meta property=\"og:site_name\" content=\"Laboratorio Gruppo Liturgico\" \/>\n<meta property=\"article:modified_time\" content=\"2022-10-18T13:23:00+00:00\" \/>\n<meta property=\"og:image\" content=\"https:\/\/www.gruppoliturgico.com\/wp-content\/uploads\/2022\/05\/695.jpg\" \/>\n\t<meta property=\"og:image:width\" content=\"574\" \/>\n\t<meta property=\"og:image:height\" content=\"1500\" \/>\n\t<meta property=\"og:image:type\" content=\"image\/jpeg\" \/>\n<meta name=\"twitter:card\" content=\"summary_large_image\" \/>\n<script type=\"application\/ld+json\" class=\"yoast-schema-graph\">{\"@context\":\"https:\/\/schema.org\",\"@graph\":[{\"@type\":\"WebPage\",\"@id\":\"https:\/\/www.gruppoliturgico.com\/fr\/produit\/baptistere\/\",\"url\":\"https:\/\/www.gruppoliturgico.com\/fr\/produit\/baptistere\/\",\"name\":\"baptist\u00e8re - art 688, baptist\u00e8res et Laboratorio Gruppo Liturgico\",\"isPartOf\":{\"@id\":\"https:\/\/www.gruppoliturgico.com\/es\/#website\"},\"datePublished\":\"2022-05-19T21:12:16+00:00\",\"dateModified\":\"2022-10-18T13:23:00+00:00\",\"description\":\"Baptist\u00e8re en bois massif. Une colonne en bois \u00e0 chapiteau de style corinthien, sculpt\u00e9e sur quatre faces et dor\u00e9e \u00e0 la feuille d'or, soutient le bassin en cuivre repouss\u00e9 \u00e0 la main. Bassin diam\u00e8tre cm 40 Socle cm 33 x 33 Hauteur totale cm 120.\",\"breadcrumb\":{\"@id\":\"https:\/\/www.gruppoliturgico.com\/fr\/produit\/baptistere\/#breadcrumb\"},\"inLanguage\":\"fr-FR\",\"potentialAction\":[{\"@type\":\"ReadAction\",\"target\":[\"https:\/\/www.gruppoliturgico.com\/fr\/produit\/baptistere\/\"]}]},{\"@type\":\"BreadcrumbList\",\"@id\":\"https:\/\/www.gruppoliturgico.com\/fr\/produit\/baptistere\/#breadcrumb\",\"itemListElement\":[{\"@type\":\"ListItem\",\"position\":1,\"name\":\"Home\",\"item\":\"https:\/\/www.gruppoliturgico.com\/fr\/\"},{\"@type\":\"ListItem\",\"position\":2,\"name\":\"Boutique\",\"item\":\"https:\/\/www.gruppoliturgico.com\/fr\/boutique\/\"},{\"@type\":\"ListItem\",\"position\":3,\"name\":\"baptist\u00e8re\"}]},{\"@type\":\"WebSite\",\"@id\":\"https:\/\/www.gruppoliturgico.com\/es\/#website\",\"url\":\"https:\/\/www.gruppoliturgico.com\/es\/\",\"name\":\"Laboratorio Gruppo Liturgico\",\"description\":\"Articoli Religiosi online\",\"publisher\":{\"@id\":\"https:\/\/www.gruppoliturgico.com\/es\/#organization\"},\"potentialAction\":[{\"@type\":\"SearchAction\",\"target\":{\"@type\":\"EntryPoint\",\"urlTemplate\":\"https:\/\/www.gruppoliturgico.com\/es\/?s={search_term_string}\"},\"query-input\":\"required name=search_term_string\"}],\"inLanguage\":\"fr-FR\"},{\"@type\":\"Organization\",\"@id\":\"https:\/\/www.gruppoliturgico.com\/es\/#organization\",\"name\":\"Laboratorio Gruppo Liturgico\",\"url\":\"https:\/\/www.gruppoliturgico.com\/es\/\",\"logo\":{\"@type\":\"ImageObject\",\"inLanguage\":\"fr-FR\",\"@id\":\"https:\/\/www.gruppoliturgico.com\/es\/#\/schema\/logo\/image\/\",\"url\":\"https:\/\/www.gruppoliturgico.com\/wp-content\/uploads\/2022\/02\/logo-laboratoriogruppoliturgico.png\",\"contentUrl\":\"https:\/\/www.gruppoliturgico.com\/wp-content\/uploads\/2022\/02\/logo-laboratoriogruppoliturgico.png\",\"width\":400,\"height\":114,\"caption\":\"Laboratorio Gruppo Liturgico\"},\"image\":{\"@id\":\"https:\/\/www.gruppoliturgico.com\/es\/#\/schema\/logo\/image\/\"}}]}<\/script>\n<!-- \/ Yoast SEO plugin. -->","yoast_head_json":{"title":"baptist\u00e8re - art 688, baptist\u00e8res et Laboratorio Gruppo Liturgico","description":"Baptist\u00e8re en bois massif. Une colonne en bois \u00e0 chapiteau de style corinthien, sculpt\u00e9e sur quatre faces et dor\u00e9e \u00e0 la feuille d'or, soutient le bassin en cuivre repouss\u00e9 \u00e0 la main. Bassin diam\u00e8tre cm 40 Socle cm 33 x 33 Hauteur totale cm 120.","robots":{"index":"index","follow":"follow","max-snippet":"max-snippet:-1","max-image-preview":"max-image-preview:large","max-video-preview":"max-video-preview:-1"},"canonical":"https:\/\/www.gruppoliturgico.com\/fr\/produit\/baptistere\/","og_locale":"fr_FR","og_type":"article","og_title":"baptist\u00e8re - art 688, baptist\u00e8res et Laboratorio Gruppo Liturgico","og_description":"Baptist\u00e8re en bois massif. Une colonne en bois \u00e0 chapiteau de style corinthien, sculpt\u00e9e sur quatre faces et dor\u00e9e \u00e0 la feuille d'or, soutient le bassin en cuivre repouss\u00e9 \u00e0 la main. Bassin diam\u00e8tre cm 40 Socle cm 33 x 33 Hauteur totale cm 120.","og_url":"https:\/\/www.gruppoliturgico.com\/fr\/produit\/baptistere\/","og_site_name":"Laboratorio Gruppo Liturgico","article_modified_time":"2022-10-18T13:23:00+00:00","og_image":[{"width":574,"height":1500,"url":"https:\/\/www.gruppoliturgico.com\/wp-content\/uploads\/2022\/05\/695.jpg","type":"image\/jpeg"}],"twitter_card":"summary_large_image","schema":{"@context":"https:\/\/schema.org","@graph":[{"@type":"WebPage","@id":"https:\/\/www.gruppoliturgico.com\/fr\/produit\/baptistere\/","url":"https:\/\/www.gruppoliturgico.com\/fr\/produit\/baptistere\/","name":"baptist\u00e8re - art 688, baptist\u00e8res et Laboratorio Gruppo Liturgico","isPartOf":{"@id":"https:\/\/www.gruppoliturgico.com\/es\/#website"},"datePublished":"2022-05-19T21:12:16+00:00","dateModified":"2022-10-18T13:23:00+00:00","description":"Baptist\u00e8re en bois massif. Une colonne en bois \u00e0 chapiteau de style corinthien, sculpt\u00e9e sur quatre faces et dor\u00e9e \u00e0 la feuille d'or, soutient le bassin en cuivre repouss\u00e9 \u00e0 la main. Bassin diam\u00e8tre cm 40 Socle cm 33 x 33 Hauteur totale cm 120.","breadcrumb":{"@id":"https:\/\/www.gruppoliturgico.com\/fr\/produit\/baptistere\/#breadcrumb"},"inLanguage":"fr-FR","potentialAction":[{"@type":"ReadAction","target":["https:\/\/www.gruppoliturgico.com\/fr\/produit\/baptistere\/"]}]},{"@type":"BreadcrumbList","@id":"https:\/\/www.gruppoliturgico.com\/fr\/produit\/baptistere\/#breadcrumb","itemListElement":[{"@type":"ListItem","position":1,"name":"Home","item":"https:\/\/www.gruppoliturgico.com\/fr\/"},{"@type":"ListItem","position":2,"name":"Boutique","item":"https:\/\/www.gruppoliturgico.com\/fr\/boutique\/"},{"@type":"ListItem","position":3,"name":"baptist\u00e8re"}]},{"@type":"WebSite","@id":"https:\/\/www.gruppoliturgico.com\/es\/#website","url":"https:\/\/www.gruppoliturgico.com\/es\/","name":"Laboratorio Gruppo Liturgico","description":"Articoli Religiosi online","publisher":{"@id":"https:\/\/www.gruppoliturgico.com\/es\/#organization"},"potentialAction":[{"@type":"SearchAction","target":{"@type":"EntryPoint","urlTemplate":"https:\/\/www.gruppoliturgico.com\/es\/?s={search_term_string}"},"query-input":"required name=search_term_string"}],"inLanguage":"fr-FR"},{"@type":"Organization","@id":"https:\/\/www.gruppoliturgico.com\/es\/#organization","name":"Laboratorio Gruppo Liturgico","url":"https:\/\/www.gruppoliturgico.com\/es\/","logo":{"@type":"ImageObject","inLanguage":"fr-FR","@id":"https:\/\/www.gruppoliturgico.com\/es\/#\/schema\/logo\/image\/","url":"https:\/\/www.gruppoliturgico.com\/wp-content\/uploads\/2022\/02\/logo-laboratoriogruppoliturgico.png","contentUrl":"https:\/\/www.gruppoliturgico.com\/wp-content\/uploads\/2022\/02\/logo-laboratoriogruppoliturgico.png","width":400,"height":114,"caption":"Laboratorio Gruppo Liturgico"},"image":{"@id":"https:\/\/www.gruppoliturgico.com\/es\/#\/schema\/logo\/image\/"}}]}},"_links":{"self":[{"href":"https:\/\/www.gruppoliturgico.com\/fr\/wp-json\/wp\/v2\/product\/63573"}],"collection":[{"href":"https:\/\/www.gruppoliturgico.com\/fr\/wp-json\/wp\/v2\/product"}],"about":[{"href":"https:\/\/www.gruppoliturgico.com\/fr\/wp-json\/wp\/v2\/types\/product"}],"wp:featuredmedia":[{"embeddable":true,"href":"https:\/\/www.gruppoliturgico.com\/fr\/wp-json\/wp\/v2\/media\/131250"}],"wp:attachment":[{"href":"https:\/\/www.gruppoliturgico.com\/fr\/wp-json\/wp\/v2\/media?parent=63573"}],"wp:term":[{"taxonomy":"product_cat","embeddable":true,"href":"https:\/\/www.gruppoliturgico.com\/fr\/wp-json\/wp\/v2\/product_cat?post=63573"},{"taxonomy":"product_tag","embeddable":true,"href":"https:\/\/www.gruppoliturgico.com\/fr\/wp-json\/wp\/v2\/product_tag?post=63573"}],"curies":[{"name":"wp","href":"https:\/\/api.w.org\/{rel}","templated":true}]}}