{"id":63569,"date":"2022-05-19T23:12:04","date_gmt":"2022-05-19T21:12:08","guid":{"rendered":"https:\/\/www.gruppoliturgico.com\/prodotto\/chandelier-dautel-13\/"},"modified":"2022-09-28T16:10:03","modified_gmt":"2022-09-28T14:10:03","slug":"chandelier-dautel-13","status":"publish","type":"product","link":"https:\/\/www.gruppoliturgico.com\/fr\/produit\/chandelier-dautel-13\/","title":{"rendered":"chandelier d&rsquo;autel en bois"},"content":{"rendered":"<html><body><p>Chandelier d\u2019autel en bois.<br>\nRainures dor\u00e9es \u00e0 la feuille d\u2019or.<br>\nAu besoin, sur demande, il devient un vase \u00e0 fleurs.<br>\nHauteur cm 18.<\/p>\n<p>Le chandeliers comprend la relative bougie de \u00d8 4 cm, longueur cm 20, avec le r\u00e9cipient de cire liquide.<\/p>\n<\/body><\/html>","protected":false},"excerpt":{"rendered":"<p>Chandelier d&rsquo;autel en bois.<br \/>\nRainures dor\u00e9es \u00e0 la feuille d&rsquo;or.<br \/>\nAu besoin, sur demande, il devient un vase \u00e0 fleurs.<br \/>\nHauteur cm 18.<\/p>\n<p>Le chandeliers comprend la relative bougie de \u00d8 4 cm, longueur cm 20, avec le r\u00e9cipient de cire liquide.<\/p>\n","protected":false},"featured_media":132414,"template":"","meta":[],"product_cat":[12060,12132],"product_tag":[],"yoast_head":"<!-- This site is optimized with the Yoast SEO plugin v20.4 - https:\/\/yoast.com\/wordpress\/plugins\/seo\/ -->\n<title>chandelier d&#039;autel en bois - Chandelier d&#039;autel, art 688 et Laboratorio Gruppo Liturgico<\/title>\n<meta name=\"description\" content=\"Chandelier d&#039;autel en bois. Rainures dor\u00e9es \u00e0 la feuille d&#039;or. Au besoin, sur demande, il devient un vase \u00e0 fleurs. Hauteur cm 18.  Le chandeliers comprend la relative bougie de \u00d8 4 cm, longueur cm 20, avec le r\u00e9cipient de cire liquide.\" \/>\n<meta name=\"robots\" content=\"index, follow, max-snippet:-1, max-image-preview:large, max-video-preview:-1\" \/>\n<link rel=\"canonical\" href=\"https:\/\/www.gruppoliturgico.com\/fr\/produit\/chandelier-dautel-13\/\" \/>\n<meta property=\"og:locale\" content=\"fr_FR\" \/>\n<meta property=\"og:type\" content=\"article\" \/>\n<meta property=\"og:title\" content=\"chandelier d&#039;autel en bois - Chandelier d&#039;autel, art 688 et Laboratorio Gruppo Liturgico\" \/>\n<meta property=\"og:description\" content=\"Chandelier d&#039;autel en bois. Rainures dor\u00e9es \u00e0 la feuille d&#039;or. Au besoin, sur demande, il devient un vase \u00e0 fleurs. Hauteur cm 18.  Le chandeliers comprend la relative bougie de \u00d8 4 cm, longueur cm 20, avec le r\u00e9cipient de cire liquide.\" \/>\n<meta property=\"og:url\" content=\"https:\/\/www.gruppoliturgico.com\/fr\/produit\/chandelier-dautel-13\/\" \/>\n<meta property=\"og:site_name\" content=\"Laboratorio Gruppo Liturgico\" \/>\n<meta property=\"article:modified_time\" content=\"2022-09-28T14:10:03+00:00\" \/>\n<meta property=\"og:image\" content=\"https:\/\/www.gruppoliturgico.com\/wp-content\/uploads\/2022\/05\/693_nv.jpg\" \/>\n\t<meta property=\"og:image:width\" content=\"975\" \/>\n\t<meta property=\"og:image:height\" content=\"2000\" \/>\n\t<meta property=\"og:image:type\" content=\"image\/jpeg\" \/>\n<meta name=\"twitter:card\" content=\"summary_large_image\" \/>\n<script type=\"application\/ld+json\" class=\"yoast-schema-graph\">{\"@context\":\"https:\/\/schema.org\",\"@graph\":[{\"@type\":\"WebPage\",\"@id\":\"https:\/\/www.gruppoliturgico.com\/fr\/produit\/chandelier-dautel-13\/\",\"url\":\"https:\/\/www.gruppoliturgico.com\/fr\/produit\/chandelier-dautel-13\/\",\"name\":\"chandelier d'autel en bois - Chandelier d'autel, art 688 et Laboratorio Gruppo Liturgico\",\"isPartOf\":{\"@id\":\"https:\/\/www.gruppoliturgico.com\/es\/#website\"},\"datePublished\":\"2022-05-19T21:12:08+00:00\",\"dateModified\":\"2022-09-28T14:10:03+00:00\",\"description\":\"Chandelier d'autel en bois. Rainures dor\u00e9es \u00e0 la feuille d'or. Au besoin, sur demande, il devient un vase \u00e0 fleurs. Hauteur cm 18. Le chandeliers comprend la relative bougie de \u00d8 4 cm, longueur cm 20, avec le r\u00e9cipient de cire liquide.\",\"breadcrumb\":{\"@id\":\"https:\/\/www.gruppoliturgico.com\/fr\/produit\/chandelier-dautel-13\/#breadcrumb\"},\"inLanguage\":\"fr-FR\",\"potentialAction\":[{\"@type\":\"ReadAction\",\"target\":[\"https:\/\/www.gruppoliturgico.com\/fr\/produit\/chandelier-dautel-13\/\"]}]},{\"@type\":\"BreadcrumbList\",\"@id\":\"https:\/\/www.gruppoliturgico.com\/fr\/produit\/chandelier-dautel-13\/#breadcrumb\",\"itemListElement\":[{\"@type\":\"ListItem\",\"position\":1,\"name\":\"Home\",\"item\":\"https:\/\/www.gruppoliturgico.com\/fr\/\"},{\"@type\":\"ListItem\",\"position\":2,\"name\":\"Boutique\",\"item\":\"https:\/\/www.gruppoliturgico.com\/fr\/boutique\/\"},{\"@type\":\"ListItem\",\"position\":3,\"name\":\"chandelier d&#8217;autel en bois\"}]},{\"@type\":\"WebSite\",\"@id\":\"https:\/\/www.gruppoliturgico.com\/es\/#website\",\"url\":\"https:\/\/www.gruppoliturgico.com\/es\/\",\"name\":\"Laboratorio Gruppo Liturgico\",\"description\":\"Articoli Religiosi online\",\"publisher\":{\"@id\":\"https:\/\/www.gruppoliturgico.com\/es\/#organization\"},\"potentialAction\":[{\"@type\":\"SearchAction\",\"target\":{\"@type\":\"EntryPoint\",\"urlTemplate\":\"https:\/\/www.gruppoliturgico.com\/es\/?s={search_term_string}\"},\"query-input\":\"required name=search_term_string\"}],\"inLanguage\":\"fr-FR\"},{\"@type\":\"Organization\",\"@id\":\"https:\/\/www.gruppoliturgico.com\/es\/#organization\",\"name\":\"Laboratorio Gruppo Liturgico\",\"url\":\"https:\/\/www.gruppoliturgico.com\/es\/\",\"logo\":{\"@type\":\"ImageObject\",\"inLanguage\":\"fr-FR\",\"@id\":\"https:\/\/www.gruppoliturgico.com\/es\/#\/schema\/logo\/image\/\",\"url\":\"https:\/\/www.gruppoliturgico.com\/wp-content\/uploads\/2022\/02\/logo-laboratoriogruppoliturgico.png\",\"contentUrl\":\"https:\/\/www.gruppoliturgico.com\/wp-content\/uploads\/2022\/02\/logo-laboratoriogruppoliturgico.png\",\"width\":400,\"height\":114,\"caption\":\"Laboratorio Gruppo Liturgico\"},\"image\":{\"@id\":\"https:\/\/www.gruppoliturgico.com\/es\/#\/schema\/logo\/image\/\"}}]}<\/script>\n<!-- \/ Yoast SEO plugin. -->","yoast_head_json":{"title":"chandelier d'autel en bois - Chandelier d'autel, art 688 et Laboratorio Gruppo Liturgico","description":"Chandelier d'autel en bois. Rainures dor\u00e9es \u00e0 la feuille d'or. Au besoin, sur demande, il devient un vase \u00e0 fleurs. Hauteur cm 18.  Le chandeliers comprend la relative bougie de \u00d8 4 cm, longueur cm 20, avec le r\u00e9cipient de cire liquide.","robots":{"index":"index","follow":"follow","max-snippet":"max-snippet:-1","max-image-preview":"max-image-preview:large","max-video-preview":"max-video-preview:-1"},"canonical":"https:\/\/www.gruppoliturgico.com\/fr\/produit\/chandelier-dautel-13\/","og_locale":"fr_FR","og_type":"article","og_title":"chandelier d'autel en bois - Chandelier d'autel, art 688 et Laboratorio Gruppo Liturgico","og_description":"Chandelier d'autel en bois. Rainures dor\u00e9es \u00e0 la feuille d'or. Au besoin, sur demande, il devient un vase \u00e0 fleurs. Hauteur cm 18.  Le chandeliers comprend la relative bougie de \u00d8 4 cm, longueur cm 20, avec le r\u00e9cipient de cire liquide.","og_url":"https:\/\/www.gruppoliturgico.com\/fr\/produit\/chandelier-dautel-13\/","og_site_name":"Laboratorio Gruppo Liturgico","article_modified_time":"2022-09-28T14:10:03+00:00","og_image":[{"width":975,"height":2000,"url":"https:\/\/www.gruppoliturgico.com\/wp-content\/uploads\/2022\/05\/693_nv.jpg","type":"image\/jpeg"}],"twitter_card":"summary_large_image","schema":{"@context":"https:\/\/schema.org","@graph":[{"@type":"WebPage","@id":"https:\/\/www.gruppoliturgico.com\/fr\/produit\/chandelier-dautel-13\/","url":"https:\/\/www.gruppoliturgico.com\/fr\/produit\/chandelier-dautel-13\/","name":"chandelier d'autel en bois - Chandelier d'autel, art 688 et Laboratorio Gruppo Liturgico","isPartOf":{"@id":"https:\/\/www.gruppoliturgico.com\/es\/#website"},"datePublished":"2022-05-19T21:12:08+00:00","dateModified":"2022-09-28T14:10:03+00:00","description":"Chandelier d'autel en bois. Rainures dor\u00e9es \u00e0 la feuille d'or. Au besoin, sur demande, il devient un vase \u00e0 fleurs. Hauteur cm 18. Le chandeliers comprend la relative bougie de \u00d8 4 cm, longueur cm 20, avec le r\u00e9cipient de cire liquide.","breadcrumb":{"@id":"https:\/\/www.gruppoliturgico.com\/fr\/produit\/chandelier-dautel-13\/#breadcrumb"},"inLanguage":"fr-FR","potentialAction":[{"@type":"ReadAction","target":["https:\/\/www.gruppoliturgico.com\/fr\/produit\/chandelier-dautel-13\/"]}]},{"@type":"BreadcrumbList","@id":"https:\/\/www.gruppoliturgico.com\/fr\/produit\/chandelier-dautel-13\/#breadcrumb","itemListElement":[{"@type":"ListItem","position":1,"name":"Home","item":"https:\/\/www.gruppoliturgico.com\/fr\/"},{"@type":"ListItem","position":2,"name":"Boutique","item":"https:\/\/www.gruppoliturgico.com\/fr\/boutique\/"},{"@type":"ListItem","position":3,"name":"chandelier d&#8217;autel en bois"}]},{"@type":"WebSite","@id":"https:\/\/www.gruppoliturgico.com\/es\/#website","url":"https:\/\/www.gruppoliturgico.com\/es\/","name":"Laboratorio Gruppo Liturgico","description":"Articoli Religiosi online","publisher":{"@id":"https:\/\/www.gruppoliturgico.com\/es\/#organization"},"potentialAction":[{"@type":"SearchAction","target":{"@type":"EntryPoint","urlTemplate":"https:\/\/www.gruppoliturgico.com\/es\/?s={search_term_string}"},"query-input":"required name=search_term_string"}],"inLanguage":"fr-FR"},{"@type":"Organization","@id":"https:\/\/www.gruppoliturgico.com\/es\/#organization","name":"Laboratorio Gruppo Liturgico","url":"https:\/\/www.gruppoliturgico.com\/es\/","logo":{"@type":"ImageObject","inLanguage":"fr-FR","@id":"https:\/\/www.gruppoliturgico.com\/es\/#\/schema\/logo\/image\/","url":"https:\/\/www.gruppoliturgico.com\/wp-content\/uploads\/2022\/02\/logo-laboratoriogruppoliturgico.png","contentUrl":"https:\/\/www.gruppoliturgico.com\/wp-content\/uploads\/2022\/02\/logo-laboratoriogruppoliturgico.png","width":400,"height":114,"caption":"Laboratorio Gruppo Liturgico"},"image":{"@id":"https:\/\/www.gruppoliturgico.com\/es\/#\/schema\/logo\/image\/"}}]}},"_links":{"self":[{"href":"https:\/\/www.gruppoliturgico.com\/fr\/wp-json\/wp\/v2\/product\/63569"}],"collection":[{"href":"https:\/\/www.gruppoliturgico.com\/fr\/wp-json\/wp\/v2\/product"}],"about":[{"href":"https:\/\/www.gruppoliturgico.com\/fr\/wp-json\/wp\/v2\/types\/product"}],"wp:featuredmedia":[{"embeddable":true,"href":"https:\/\/www.gruppoliturgico.com\/fr\/wp-json\/wp\/v2\/media\/132414"}],"wp:attachment":[{"href":"https:\/\/www.gruppoliturgico.com\/fr\/wp-json\/wp\/v2\/media?parent=63569"}],"wp:term":[{"taxonomy":"product_cat","embeddable":true,"href":"https:\/\/www.gruppoliturgico.com\/fr\/wp-json\/wp\/v2\/product_cat?post=63569"},{"taxonomy":"product_tag","embeddable":true,"href":"https:\/\/www.gruppoliturgico.com\/fr\/wp-json\/wp\/v2\/product_tag?post=63569"}],"curies":[{"name":"wp","href":"https:\/\/api.w.org\/{rel}","templated":true}]}}