{"id":63557,"date":"2022-05-19T23:11:33","date_gmt":"2022-05-19T21:11:38","guid":{"rendered":"https:\/\/www.gruppoliturgico.com\/prodotto\/lampe-de-sanctuaire-7\/"},"modified":"2022-10-03T16:10:45","modified_gmt":"2022-10-03T14:10:45","slug":"lampe-de-sanctuaire-7","status":"publish","type":"product","link":"https:\/\/www.gruppoliturgico.com\/fr\/produit\/lampe-de-sanctuaire-7\/","title":{"rendered":"Lampe de sanctuaire"},"content":{"rendered":"<html><body><p>Lampe de sanctuaire \u00e0 accrocher au mur.<br>\nEn bois sculpt\u00e9 \u00e0 la main et dor\u00e9 \u00e0 la feuille d\u2019or.<br>\nLe prix comprend le verre rouge rubis.<br>\nIl est combin\u00e9 avec l\u2019art du tabernacle art 159<br>\nHauteur cm 33. <\/p>\n<\/body><\/html>","protected":false},"excerpt":{"rendered":"<p>Lampe de sanctuaire \u00e0 accrocher au mur.<br \/>\nEn bois sculpt\u00e9 \u00e0 la main et dor\u00e9 \u00e0 la feuille d&rsquo;or.<br \/>\nLe prix comprend le verre rouge rubis.<br \/>\nIl est combin\u00e9 avec l&rsquo;art du tabernacle art 159<br \/>\nHauteur cm 33.<\/p>\n","protected":false},"featured_media":132652,"template":"","meta":[],"product_cat":[12108],"product_tag":[],"yoast_head":"<!-- This site is optimized with the Yoast SEO plugin v20.4 - https:\/\/yoast.com\/wordpress\/plugins\/seo\/ -->\n<title>Lampe de sanctuaire - appliques et Laboratorio Gruppo Liturgico<\/title>\n<meta name=\"description\" content=\"Lampe de sanctuaire \u00e0 accrocher au mur. En bois sculpt\u00e9 \u00e0 la main et dor\u00e9 \u00e0 la feuille d&#039;or.  Le prix comprend le verre rouge rubis. Il est combin\u00e9 avec l&#039;art du tabernacle art 159 Hauteur cm 33.\" \/>\n<meta name=\"robots\" content=\"index, follow, max-snippet:-1, max-image-preview:large, max-video-preview:-1\" \/>\n<link rel=\"canonical\" href=\"https:\/\/www.gruppoliturgico.com\/fr\/produit\/lampe-de-sanctuaire-7\/\" \/>\n<meta property=\"og:locale\" content=\"fr_FR\" \/>\n<meta property=\"og:type\" content=\"article\" \/>\n<meta property=\"og:title\" content=\"Lampe de sanctuaire - appliques et Laboratorio Gruppo Liturgico\" \/>\n<meta property=\"og:description\" content=\"Lampe de sanctuaire \u00e0 accrocher au mur. En bois sculpt\u00e9 \u00e0 la main et dor\u00e9 \u00e0 la feuille d&#039;or.  Le prix comprend le verre rouge rubis. Il est combin\u00e9 avec l&#039;art du tabernacle art 159 Hauteur cm 33.\" \/>\n<meta property=\"og:url\" content=\"https:\/\/www.gruppoliturgico.com\/fr\/produit\/lampe-de-sanctuaire-7\/\" \/>\n<meta property=\"og:site_name\" content=\"Laboratorio Gruppo Liturgico\" \/>\n<meta property=\"article:modified_time\" content=\"2022-10-03T14:10:45+00:00\" \/>\n<meta property=\"og:image\" content=\"https:\/\/www.gruppoliturgico.com\/wp-content\/uploads\/2022\/05\/573-nv.jpg\" \/>\n\t<meta property=\"og:image:width\" content=\"632\" \/>\n\t<meta property=\"og:image:height\" content=\"1350\" \/>\n\t<meta property=\"og:image:type\" content=\"image\/jpeg\" \/>\n<meta name=\"twitter:card\" content=\"summary_large_image\" \/>\n<script type=\"application\/ld+json\" class=\"yoast-schema-graph\">{\"@context\":\"https:\/\/schema.org\",\"@graph\":[{\"@type\":\"WebPage\",\"@id\":\"https:\/\/www.gruppoliturgico.com\/fr\/produit\/lampe-de-sanctuaire-7\/\",\"url\":\"https:\/\/www.gruppoliturgico.com\/fr\/produit\/lampe-de-sanctuaire-7\/\",\"name\":\"Lampe de sanctuaire - appliques et Laboratorio Gruppo Liturgico\",\"isPartOf\":{\"@id\":\"https:\/\/www.gruppoliturgico.com\/es\/#website\"},\"datePublished\":\"2022-05-19T21:11:38+00:00\",\"dateModified\":\"2022-10-03T14:10:45+00:00\",\"description\":\"Lampe de sanctuaire \u00e0 accrocher au mur. En bois sculpt\u00e9 \u00e0 la main et dor\u00e9 \u00e0 la feuille d'or. Le prix comprend le verre rouge rubis. Il est combin\u00e9 avec l'art du tabernacle art 159 Hauteur cm 33.\",\"breadcrumb\":{\"@id\":\"https:\/\/www.gruppoliturgico.com\/fr\/produit\/lampe-de-sanctuaire-7\/#breadcrumb\"},\"inLanguage\":\"fr-FR\",\"potentialAction\":[{\"@type\":\"ReadAction\",\"target\":[\"https:\/\/www.gruppoliturgico.com\/fr\/produit\/lampe-de-sanctuaire-7\/\"]}]},{\"@type\":\"BreadcrumbList\",\"@id\":\"https:\/\/www.gruppoliturgico.com\/fr\/produit\/lampe-de-sanctuaire-7\/#breadcrumb\",\"itemListElement\":[{\"@type\":\"ListItem\",\"position\":1,\"name\":\"Home\",\"item\":\"https:\/\/www.gruppoliturgico.com\/fr\/\"},{\"@type\":\"ListItem\",\"position\":2,\"name\":\"Boutique\",\"item\":\"https:\/\/www.gruppoliturgico.com\/fr\/boutique\/\"},{\"@type\":\"ListItem\",\"position\":3,\"name\":\"Lampe de sanctuaire\"}]},{\"@type\":\"WebSite\",\"@id\":\"https:\/\/www.gruppoliturgico.com\/es\/#website\",\"url\":\"https:\/\/www.gruppoliturgico.com\/es\/\",\"name\":\"Laboratorio Gruppo Liturgico\",\"description\":\"Articoli Religiosi online\",\"publisher\":{\"@id\":\"https:\/\/www.gruppoliturgico.com\/es\/#organization\"},\"potentialAction\":[{\"@type\":\"SearchAction\",\"target\":{\"@type\":\"EntryPoint\",\"urlTemplate\":\"https:\/\/www.gruppoliturgico.com\/es\/?s={search_term_string}\"},\"query-input\":\"required name=search_term_string\"}],\"inLanguage\":\"fr-FR\"},{\"@type\":\"Organization\",\"@id\":\"https:\/\/www.gruppoliturgico.com\/es\/#organization\",\"name\":\"Laboratorio Gruppo Liturgico\",\"url\":\"https:\/\/www.gruppoliturgico.com\/es\/\",\"logo\":{\"@type\":\"ImageObject\",\"inLanguage\":\"fr-FR\",\"@id\":\"https:\/\/www.gruppoliturgico.com\/es\/#\/schema\/logo\/image\/\",\"url\":\"https:\/\/www.gruppoliturgico.com\/wp-content\/uploads\/2022\/02\/logo-laboratoriogruppoliturgico.png\",\"contentUrl\":\"https:\/\/www.gruppoliturgico.com\/wp-content\/uploads\/2022\/02\/logo-laboratoriogruppoliturgico.png\",\"width\":400,\"height\":114,\"caption\":\"Laboratorio Gruppo Liturgico\"},\"image\":{\"@id\":\"https:\/\/www.gruppoliturgico.com\/es\/#\/schema\/logo\/image\/\"}}]}<\/script>\n<!-- \/ Yoast SEO plugin. -->","yoast_head_json":{"title":"Lampe de sanctuaire - appliques et Laboratorio Gruppo Liturgico","description":"Lampe de sanctuaire \u00e0 accrocher au mur. En bois sculpt\u00e9 \u00e0 la main et dor\u00e9 \u00e0 la feuille d'or.  Le prix comprend le verre rouge rubis. Il est combin\u00e9 avec l'art du tabernacle art 159 Hauteur cm 33.","robots":{"index":"index","follow":"follow","max-snippet":"max-snippet:-1","max-image-preview":"max-image-preview:large","max-video-preview":"max-video-preview:-1"},"canonical":"https:\/\/www.gruppoliturgico.com\/fr\/produit\/lampe-de-sanctuaire-7\/","og_locale":"fr_FR","og_type":"article","og_title":"Lampe de sanctuaire - appliques et Laboratorio Gruppo Liturgico","og_description":"Lampe de sanctuaire \u00e0 accrocher au mur. En bois sculpt\u00e9 \u00e0 la main et dor\u00e9 \u00e0 la feuille d'or.  Le prix comprend le verre rouge rubis. Il est combin\u00e9 avec l'art du tabernacle art 159 Hauteur cm 33.","og_url":"https:\/\/www.gruppoliturgico.com\/fr\/produit\/lampe-de-sanctuaire-7\/","og_site_name":"Laboratorio Gruppo Liturgico","article_modified_time":"2022-10-03T14:10:45+00:00","og_image":[{"width":632,"height":1350,"url":"https:\/\/www.gruppoliturgico.com\/wp-content\/uploads\/2022\/05\/573-nv.jpg","type":"image\/jpeg"}],"twitter_card":"summary_large_image","schema":{"@context":"https:\/\/schema.org","@graph":[{"@type":"WebPage","@id":"https:\/\/www.gruppoliturgico.com\/fr\/produit\/lampe-de-sanctuaire-7\/","url":"https:\/\/www.gruppoliturgico.com\/fr\/produit\/lampe-de-sanctuaire-7\/","name":"Lampe de sanctuaire - appliques et Laboratorio Gruppo Liturgico","isPartOf":{"@id":"https:\/\/www.gruppoliturgico.com\/es\/#website"},"datePublished":"2022-05-19T21:11:38+00:00","dateModified":"2022-10-03T14:10:45+00:00","description":"Lampe de sanctuaire \u00e0 accrocher au mur. En bois sculpt\u00e9 \u00e0 la main et dor\u00e9 \u00e0 la feuille d'or. Le prix comprend le verre rouge rubis. Il est combin\u00e9 avec l'art du tabernacle art 159 Hauteur cm 33.","breadcrumb":{"@id":"https:\/\/www.gruppoliturgico.com\/fr\/produit\/lampe-de-sanctuaire-7\/#breadcrumb"},"inLanguage":"fr-FR","potentialAction":[{"@type":"ReadAction","target":["https:\/\/www.gruppoliturgico.com\/fr\/produit\/lampe-de-sanctuaire-7\/"]}]},{"@type":"BreadcrumbList","@id":"https:\/\/www.gruppoliturgico.com\/fr\/produit\/lampe-de-sanctuaire-7\/#breadcrumb","itemListElement":[{"@type":"ListItem","position":1,"name":"Home","item":"https:\/\/www.gruppoliturgico.com\/fr\/"},{"@type":"ListItem","position":2,"name":"Boutique","item":"https:\/\/www.gruppoliturgico.com\/fr\/boutique\/"},{"@type":"ListItem","position":3,"name":"Lampe de sanctuaire"}]},{"@type":"WebSite","@id":"https:\/\/www.gruppoliturgico.com\/es\/#website","url":"https:\/\/www.gruppoliturgico.com\/es\/","name":"Laboratorio Gruppo Liturgico","description":"Articoli Religiosi online","publisher":{"@id":"https:\/\/www.gruppoliturgico.com\/es\/#organization"},"potentialAction":[{"@type":"SearchAction","target":{"@type":"EntryPoint","urlTemplate":"https:\/\/www.gruppoliturgico.com\/es\/?s={search_term_string}"},"query-input":"required name=search_term_string"}],"inLanguage":"fr-FR"},{"@type":"Organization","@id":"https:\/\/www.gruppoliturgico.com\/es\/#organization","name":"Laboratorio Gruppo Liturgico","url":"https:\/\/www.gruppoliturgico.com\/es\/","logo":{"@type":"ImageObject","inLanguage":"fr-FR","@id":"https:\/\/www.gruppoliturgico.com\/es\/#\/schema\/logo\/image\/","url":"https:\/\/www.gruppoliturgico.com\/wp-content\/uploads\/2022\/02\/logo-laboratoriogruppoliturgico.png","contentUrl":"https:\/\/www.gruppoliturgico.com\/wp-content\/uploads\/2022\/02\/logo-laboratoriogruppoliturgico.png","width":400,"height":114,"caption":"Laboratorio Gruppo Liturgico"},"image":{"@id":"https:\/\/www.gruppoliturgico.com\/es\/#\/schema\/logo\/image\/"}}]}},"_links":{"self":[{"href":"https:\/\/www.gruppoliturgico.com\/fr\/wp-json\/wp\/v2\/product\/63557"}],"collection":[{"href":"https:\/\/www.gruppoliturgico.com\/fr\/wp-json\/wp\/v2\/product"}],"about":[{"href":"https:\/\/www.gruppoliturgico.com\/fr\/wp-json\/wp\/v2\/types\/product"}],"wp:featuredmedia":[{"embeddable":true,"href":"https:\/\/www.gruppoliturgico.com\/fr\/wp-json\/wp\/v2\/media\/132652"}],"wp:attachment":[{"href":"https:\/\/www.gruppoliturgico.com\/fr\/wp-json\/wp\/v2\/media?parent=63557"}],"wp:term":[{"taxonomy":"product_cat","embeddable":true,"href":"https:\/\/www.gruppoliturgico.com\/fr\/wp-json\/wp\/v2\/product_cat?post=63557"},{"taxonomy":"product_tag","embeddable":true,"href":"https:\/\/www.gruppoliturgico.com\/fr\/wp-json\/wp\/v2\/product_tag?post=63557"}],"curies":[{"name":"wp","href":"https:\/\/api.w.org\/{rel}","templated":true}]}}