{"id":63553,"date":"2022-05-19T23:11:22","date_gmt":"2022-05-19T21:11:28","guid":{"rendered":"https:\/\/www.gruppoliturgico.com\/prodotto\/autel-8\/"},"modified":"2022-10-18T14:37:55","modified_gmt":"2022-10-18T12:37:55","slug":"autel-8","status":"publish","type":"product","link":"https:\/\/www.gruppoliturgico.com\/fr\/produit\/autel-8\/","title":{"rendered":"autel"},"content":{"rendered":"<html><body><p>Autel en bois massif.<br>\nPatinage en diff\u00e9rentes tonalit\u00e9s pour le pr\u00e9cieux panneau central en bois sculpt\u00e9 et fini \u00e0 la main (il mesure cm 100 x 85) qui reproduit, par la technique du haut-relief, le \u00ab\u00a0Souper d\u2019 Emma\u00fcs\u00a0\u00bb.<br>\nDes colonnes sculpt\u00e9es aux rainures dor\u00e9es \u00e0 la feuille d\u2019or autant que les chapiteaux corinthiens.<br>\nDimensions de la base cm 170 x 70<br>\nLa table est fournie avec les mesures demand\u00e9es par le Client.<\/p>\n<\/body><\/html>","protected":false},"excerpt":{"rendered":"<p>Autel en bois massif.<br \/>\nPatinage en diff\u00e9rentes tonalit\u00e9s pour le pr\u00e9cieux panneau central en bois sculpt\u00e9 et fini \u00e0 la main (il mesure cm 100 x 85) qui reproduit, par la technique du haut-relief, le \u00ab\u00a0Souper d&rsquo; Emma\u00fcs\u00a0\u00bb.<br \/>\nDes colonnes sculpt\u00e9es aux rainures dor\u00e9es \u00e0 la feuille d&rsquo;or autant que les chapiteaux corinthiens.<br \/>\nDimensions de la base cm 170 x 70<br \/>\nLa table est fournie avec les mesures demand\u00e9es par le Client.<\/p>\n<p><img loading=\"lazy\" class=\"alignnone wp-image-76786 size-large\" src=\"https:\/\/www.gruppoliturgico.com\/wp-content\/uploads\/2022\/05\/688-1024x681.jpg\" alt=\"\" width=\"1024\" height=\"681\" srcset=\"https:\/\/www.gruppoliturgico.com\/wp-content\/uploads\/2022\/05\/688-1024x681.jpg 1024w, https:\/\/www.gruppoliturgico.com\/wp-content\/uploads\/2022\/05\/688-300x200.jpg 300w, https:\/\/www.gruppoliturgico.com\/wp-content\/uploads\/2022\/05\/688-768x511.jpg 768w, https:\/\/www.gruppoliturgico.com\/wp-content\/uploads\/2022\/05\/688-920x612.jpg 920w, https:\/\/www.gruppoliturgico.com\/wp-content\/uploads\/2022\/05\/688-230x153.jpg 230w, https:\/\/www.gruppoliturgico.com\/wp-content\/uploads\/2022\/05\/688-350x233.jpg 350w, https:\/\/www.gruppoliturgico.com\/wp-content\/uploads\/2022\/05\/688-480x319.jpg 480w, https:\/\/www.gruppoliturgico.com\/wp-content\/uploads\/2022\/05\/688-600x399.jpg 600w, https:\/\/www.gruppoliturgico.com\/wp-content\/uploads\/2022\/05\/688.jpg 1500w\" sizes=\"(max-width: 1024px) 100vw, 1024px\" \/><\/p>\n<p>Photo d\u2019ensemble de l\u2019autel et de ses accessoires.<\/p>\n","protected":false},"featured_media":131234,"template":"","meta":[],"product_cat":[12132],"product_tag":[],"yoast_head":"<!-- This site is optimized with the Yoast SEO plugin v20.4 - https:\/\/yoast.com\/wordpress\/plugins\/seo\/ -->\n<title>autel - art 688 et Laboratorio Gruppo Liturgico<\/title>\n<meta name=\"description\" content=\"Autel en bois massif. Patinage en diff\u00e9rentes tonalit\u00e9s pour le pr\u00e9cieux panneau central en bois sculpt\u00e9 et fini \u00e0 la main (il mesure cm 100 x 85) qui reproduit, par la technique du haut-relief, le &quot;Souper d&#039; Emma\u00fcs&quot;. Des colonnes sculpt\u00e9es aux rainures dor\u00e9es \u00e0 la feuille d&#039;or autant que les chapiteaux corinthiens. Dimensions de la base cm 170 x 70 La table est fournie avec les mesures demand\u00e9es par le Client.    Photo d\u2019ensemble de l\u2019autel et de ses accessoires.\" \/>\n<meta name=\"robots\" content=\"index, follow, max-snippet:-1, max-image-preview:large, max-video-preview:-1\" \/>\n<link rel=\"canonical\" href=\"https:\/\/www.gruppoliturgico.com\/fr\/produit\/autel-8\/\" \/>\n<meta property=\"og:locale\" content=\"fr_FR\" \/>\n<meta property=\"og:type\" content=\"article\" \/>\n<meta property=\"og:title\" content=\"autel - art 688 et Laboratorio Gruppo Liturgico\" \/>\n<meta property=\"og:description\" content=\"Autel en bois massif. Patinage en diff\u00e9rentes tonalit\u00e9s pour le pr\u00e9cieux panneau central en bois sculpt\u00e9 et fini \u00e0 la main (il mesure cm 100 x 85) qui reproduit, par la technique du haut-relief, le &quot;Souper d&#039; Emma\u00fcs&quot;. Des colonnes sculpt\u00e9es aux rainures dor\u00e9es \u00e0 la feuille d&#039;or autant que les chapiteaux corinthiens. Dimensions de la base cm 170 x 70 La table est fournie avec les mesures demand\u00e9es par le Client.    Photo d\u2019ensemble de l\u2019autel et de ses accessoires.\" \/>\n<meta property=\"og:url\" content=\"https:\/\/www.gruppoliturgico.com\/fr\/produit\/autel-8\/\" \/>\n<meta property=\"og:site_name\" content=\"Laboratorio Gruppo Liturgico\" \/>\n<meta property=\"article:modified_time\" content=\"2022-10-18T12:37:55+00:00\" \/>\n<meta property=\"og:image\" content=\"https:\/\/www.gruppoliturgico.com\/wp-content\/uploads\/2022\/05\/688.RIDOTTO.jpg\" \/>\n\t<meta property=\"og:image:width\" content=\"1500\" \/>\n\t<meta property=\"og:image:height\" content=\"913\" \/>\n\t<meta property=\"og:image:type\" content=\"image\/jpeg\" \/>\n<meta name=\"twitter:card\" content=\"summary_large_image\" \/>\n<script type=\"application\/ld+json\" class=\"yoast-schema-graph\">{\"@context\":\"https:\/\/schema.org\",\"@graph\":[{\"@type\":\"WebPage\",\"@id\":\"https:\/\/www.gruppoliturgico.com\/fr\/produit\/autel-8\/\",\"url\":\"https:\/\/www.gruppoliturgico.com\/fr\/produit\/autel-8\/\",\"name\":\"autel - art 688 et Laboratorio Gruppo Liturgico\",\"isPartOf\":{\"@id\":\"https:\/\/www.gruppoliturgico.com\/es\/#website\"},\"datePublished\":\"2022-05-19T21:11:28+00:00\",\"dateModified\":\"2022-10-18T12:37:55+00:00\",\"description\":\"Autel en bois massif. Patinage en diff\u00e9rentes tonalit\u00e9s pour le pr\u00e9cieux panneau central en bois sculpt\u00e9 et fini \u00e0 la main (il mesure cm 100 x 85) qui reproduit, par la technique du haut-relief, le \\\"Souper d' Emma\u00fcs\\\". Des colonnes sculpt\u00e9es aux rainures dor\u00e9es \u00e0 la feuille d'or autant que les chapiteaux corinthiens. Dimensions de la base cm 170 x 70 La table est fournie avec les mesures demand\u00e9es par le Client. Photo d\u2019ensemble de l\u2019autel et de ses accessoires.\",\"breadcrumb\":{\"@id\":\"https:\/\/www.gruppoliturgico.com\/fr\/produit\/autel-8\/#breadcrumb\"},\"inLanguage\":\"fr-FR\",\"potentialAction\":[{\"@type\":\"ReadAction\",\"target\":[\"https:\/\/www.gruppoliturgico.com\/fr\/produit\/autel-8\/\"]}]},{\"@type\":\"BreadcrumbList\",\"@id\":\"https:\/\/www.gruppoliturgico.com\/fr\/produit\/autel-8\/#breadcrumb\",\"itemListElement\":[{\"@type\":\"ListItem\",\"position\":1,\"name\":\"Home\",\"item\":\"https:\/\/www.gruppoliturgico.com\/fr\/\"},{\"@type\":\"ListItem\",\"position\":2,\"name\":\"Boutique\",\"item\":\"https:\/\/www.gruppoliturgico.com\/fr\/boutique\/\"},{\"@type\":\"ListItem\",\"position\":3,\"name\":\"autel\"}]},{\"@type\":\"WebSite\",\"@id\":\"https:\/\/www.gruppoliturgico.com\/es\/#website\",\"url\":\"https:\/\/www.gruppoliturgico.com\/es\/\",\"name\":\"Laboratorio Gruppo Liturgico\",\"description\":\"Articoli Religiosi online\",\"publisher\":{\"@id\":\"https:\/\/www.gruppoliturgico.com\/es\/#organization\"},\"potentialAction\":[{\"@type\":\"SearchAction\",\"target\":{\"@type\":\"EntryPoint\",\"urlTemplate\":\"https:\/\/www.gruppoliturgico.com\/es\/?s={search_term_string}\"},\"query-input\":\"required name=search_term_string\"}],\"inLanguage\":\"fr-FR\"},{\"@type\":\"Organization\",\"@id\":\"https:\/\/www.gruppoliturgico.com\/es\/#organization\",\"name\":\"Laboratorio Gruppo Liturgico\",\"url\":\"https:\/\/www.gruppoliturgico.com\/es\/\",\"logo\":{\"@type\":\"ImageObject\",\"inLanguage\":\"fr-FR\",\"@id\":\"https:\/\/www.gruppoliturgico.com\/es\/#\/schema\/logo\/image\/\",\"url\":\"https:\/\/www.gruppoliturgico.com\/wp-content\/uploads\/2022\/02\/logo-laboratoriogruppoliturgico.png\",\"contentUrl\":\"https:\/\/www.gruppoliturgico.com\/wp-content\/uploads\/2022\/02\/logo-laboratoriogruppoliturgico.png\",\"width\":400,\"height\":114,\"caption\":\"Laboratorio Gruppo Liturgico\"},\"image\":{\"@id\":\"https:\/\/www.gruppoliturgico.com\/es\/#\/schema\/logo\/image\/\"}}]}<\/script>\n<!-- \/ Yoast SEO plugin. -->","yoast_head_json":{"title":"autel - art 688 et Laboratorio Gruppo Liturgico","description":"Autel en bois massif. Patinage en diff\u00e9rentes tonalit\u00e9s pour le pr\u00e9cieux panneau central en bois sculpt\u00e9 et fini \u00e0 la main (il mesure cm 100 x 85) qui reproduit, par la technique du haut-relief, le \"Souper d' Emma\u00fcs\". Des colonnes sculpt\u00e9es aux rainures dor\u00e9es \u00e0 la feuille d'or autant que les chapiteaux corinthiens. Dimensions de la base cm 170 x 70 La table est fournie avec les mesures demand\u00e9es par le Client.    Photo d\u2019ensemble de l\u2019autel et de ses accessoires.","robots":{"index":"index","follow":"follow","max-snippet":"max-snippet:-1","max-image-preview":"max-image-preview:large","max-video-preview":"max-video-preview:-1"},"canonical":"https:\/\/www.gruppoliturgico.com\/fr\/produit\/autel-8\/","og_locale":"fr_FR","og_type":"article","og_title":"autel - art 688 et Laboratorio Gruppo Liturgico","og_description":"Autel en bois massif. Patinage en diff\u00e9rentes tonalit\u00e9s pour le pr\u00e9cieux panneau central en bois sculpt\u00e9 et fini \u00e0 la main (il mesure cm 100 x 85) qui reproduit, par la technique du haut-relief, le \"Souper d' Emma\u00fcs\". Des colonnes sculpt\u00e9es aux rainures dor\u00e9es \u00e0 la feuille d'or autant que les chapiteaux corinthiens. Dimensions de la base cm 170 x 70 La table est fournie avec les mesures demand\u00e9es par le Client.    Photo d\u2019ensemble de l\u2019autel et de ses accessoires.","og_url":"https:\/\/www.gruppoliturgico.com\/fr\/produit\/autel-8\/","og_site_name":"Laboratorio Gruppo Liturgico","article_modified_time":"2022-10-18T12:37:55+00:00","og_image":[{"width":1500,"height":913,"url":"https:\/\/www.gruppoliturgico.com\/wp-content\/uploads\/2022\/05\/688.RIDOTTO.jpg","type":"image\/jpeg"}],"twitter_card":"summary_large_image","schema":{"@context":"https:\/\/schema.org","@graph":[{"@type":"WebPage","@id":"https:\/\/www.gruppoliturgico.com\/fr\/produit\/autel-8\/","url":"https:\/\/www.gruppoliturgico.com\/fr\/produit\/autel-8\/","name":"autel - art 688 et Laboratorio Gruppo Liturgico","isPartOf":{"@id":"https:\/\/www.gruppoliturgico.com\/es\/#website"},"datePublished":"2022-05-19T21:11:28+00:00","dateModified":"2022-10-18T12:37:55+00:00","description":"Autel en bois massif. Patinage en diff\u00e9rentes tonalit\u00e9s pour le pr\u00e9cieux panneau central en bois sculpt\u00e9 et fini \u00e0 la main (il mesure cm 100 x 85) qui reproduit, par la technique du haut-relief, le \"Souper d' Emma\u00fcs\". Des colonnes sculpt\u00e9es aux rainures dor\u00e9es \u00e0 la feuille d'or autant que les chapiteaux corinthiens. Dimensions de la base cm 170 x 70 La table est fournie avec les mesures demand\u00e9es par le Client. Photo d\u2019ensemble de l\u2019autel et de ses accessoires.","breadcrumb":{"@id":"https:\/\/www.gruppoliturgico.com\/fr\/produit\/autel-8\/#breadcrumb"},"inLanguage":"fr-FR","potentialAction":[{"@type":"ReadAction","target":["https:\/\/www.gruppoliturgico.com\/fr\/produit\/autel-8\/"]}]},{"@type":"BreadcrumbList","@id":"https:\/\/www.gruppoliturgico.com\/fr\/produit\/autel-8\/#breadcrumb","itemListElement":[{"@type":"ListItem","position":1,"name":"Home","item":"https:\/\/www.gruppoliturgico.com\/fr\/"},{"@type":"ListItem","position":2,"name":"Boutique","item":"https:\/\/www.gruppoliturgico.com\/fr\/boutique\/"},{"@type":"ListItem","position":3,"name":"autel"}]},{"@type":"WebSite","@id":"https:\/\/www.gruppoliturgico.com\/es\/#website","url":"https:\/\/www.gruppoliturgico.com\/es\/","name":"Laboratorio Gruppo Liturgico","description":"Articoli Religiosi online","publisher":{"@id":"https:\/\/www.gruppoliturgico.com\/es\/#organization"},"potentialAction":[{"@type":"SearchAction","target":{"@type":"EntryPoint","urlTemplate":"https:\/\/www.gruppoliturgico.com\/es\/?s={search_term_string}"},"query-input":"required name=search_term_string"}],"inLanguage":"fr-FR"},{"@type":"Organization","@id":"https:\/\/www.gruppoliturgico.com\/es\/#organization","name":"Laboratorio Gruppo Liturgico","url":"https:\/\/www.gruppoliturgico.com\/es\/","logo":{"@type":"ImageObject","inLanguage":"fr-FR","@id":"https:\/\/www.gruppoliturgico.com\/es\/#\/schema\/logo\/image\/","url":"https:\/\/www.gruppoliturgico.com\/wp-content\/uploads\/2022\/02\/logo-laboratoriogruppoliturgico.png","contentUrl":"https:\/\/www.gruppoliturgico.com\/wp-content\/uploads\/2022\/02\/logo-laboratoriogruppoliturgico.png","width":400,"height":114,"caption":"Laboratorio Gruppo Liturgico"},"image":{"@id":"https:\/\/www.gruppoliturgico.com\/es\/#\/schema\/logo\/image\/"}}]}},"_links":{"self":[{"href":"https:\/\/www.gruppoliturgico.com\/fr\/wp-json\/wp\/v2\/product\/63553"}],"collection":[{"href":"https:\/\/www.gruppoliturgico.com\/fr\/wp-json\/wp\/v2\/product"}],"about":[{"href":"https:\/\/www.gruppoliturgico.com\/fr\/wp-json\/wp\/v2\/types\/product"}],"wp:featuredmedia":[{"embeddable":true,"href":"https:\/\/www.gruppoliturgico.com\/fr\/wp-json\/wp\/v2\/media\/131234"}],"wp:attachment":[{"href":"https:\/\/www.gruppoliturgico.com\/fr\/wp-json\/wp\/v2\/media?parent=63553"}],"wp:term":[{"taxonomy":"product_cat","embeddable":true,"href":"https:\/\/www.gruppoliturgico.com\/fr\/wp-json\/wp\/v2\/product_cat?post=63553"},{"taxonomy":"product_tag","embeddable":true,"href":"https:\/\/www.gruppoliturgico.com\/fr\/wp-json\/wp\/v2\/product_tag?post=63553"}],"curies":[{"name":"wp","href":"https:\/\/api.w.org\/{rel}","templated":true}]}}