{"id":63529,"date":"2022-05-19T23:10:21","date_gmt":"2022-05-19T21:10:25","guid":{"rendered":"https:\/\/www.gruppoliturgico.com\/prodotto\/autel-7\/"},"modified":"2022-07-20T10:20:11","modified_gmt":"2022-07-20T08:20:11","slug":"autel-7","status":"publish","type":"product","link":"https:\/\/www.gruppoliturgico.com\/fr\/produit\/autel-7\/","title":{"rendered":"autel"},"content":{"rendered":"<html><body><p>En bois massif avec des peintures imitation marbre, des parties argent\u00e9es et d\u2019autres dor\u00e9es \u00e0 la feuille d\u2019or.<br>\nSymbole central en bois sculpt\u00e9 dor\u00e9 et argent\u00e9 \u00e0 feuille.<\/p>\n<p>Dimensions<br>\nBase cm 180 x 80,<br>\nTable cm 220 x 100 ou sur demande.<\/p>\n<\/body><\/html>","protected":false},"excerpt":{"rendered":"<p>En bois massif avec des peintures imitation marbre, des parties argent\u00e9es et d&rsquo;autres dor\u00e9es \u00e0 la feuille d&rsquo;or.<br \/>\nSymbole central en bois sculpt\u00e9 dor\u00e9 et argent\u00e9 \u00e0 feuille.<\/p>\n<p>Dimensions<br \/>\nBase cm 180 x 80,<br \/>\nTable cm 220 x 100 ou sur demande.<\/p>\n<p><img loading=\"lazy\" class=\"alignnone wp-image-76798 size-large\" src=\"https:\/\/www.gruppoliturgico.com\/wp-content\/uploads\/2022\/05\/471_0-1024x727.jpg\" alt=\"\" width=\"1024\" height=\"727\" srcset=\"https:\/\/www.gruppoliturgico.com\/wp-content\/uploads\/2022\/05\/471_0-1024x727.jpg 1024w, https:\/\/www.gruppoliturgico.com\/wp-content\/uploads\/2022\/05\/471_0-300x213.jpg 300w, https:\/\/www.gruppoliturgico.com\/wp-content\/uploads\/2022\/05\/471_0-768x545.jpg 768w, https:\/\/www.gruppoliturgico.com\/wp-content\/uploads\/2022\/05\/471_0-920x653.jpg 920w, https:\/\/www.gruppoliturgico.com\/wp-content\/uploads\/2022\/05\/471_0-230x163.jpg 230w, https:\/\/www.gruppoliturgico.com\/wp-content\/uploads\/2022\/05\/471_0-350x249.jpg 350w, https:\/\/www.gruppoliturgico.com\/wp-content\/uploads\/2022\/05\/471_0-480x341.jpg 480w, https:\/\/www.gruppoliturgico.com\/wp-content\/uploads\/2022\/05\/471_0-600x426.jpg 600w, https:\/\/www.gruppoliturgico.com\/wp-content\/uploads\/2022\/05\/471_0.jpg 1500w\" sizes=\"(max-width: 1024px) 100vw, 1024px\" \/><\/p>\n<p>Photo d\u2019ensemble de l\u2019autel et de ses accessoires.<\/p>\n","protected":false},"featured_media":131388,"template":"","meta":[],"product_cat":[12148],"product_tag":[],"yoast_head":"<!-- This site is optimized with the Yoast SEO plugin v20.4 - https:\/\/yoast.com\/wordpress\/plugins\/seo\/ -->\n<title>autel - art 471 et Laboratorio Gruppo Liturgico<\/title>\n<meta name=\"description\" content=\"En bois massif avec des peintures imitation marbre, des parties argent\u00e9es et d&#039;autres dor\u00e9es \u00e0 la feuille d&#039;or. Symbole central en bois sculpt\u00e9 dor\u00e9 et argent\u00e9 \u00e0 feuille.  Dimensions Base cm 180 x 80, Table cm 220 x 100 ou sur demande.    Photo d\u2019ensemble de l\u2019autel et de ses accessoires.\" \/>\n<meta name=\"robots\" content=\"index, follow, max-snippet:-1, max-image-preview:large, max-video-preview:-1\" \/>\n<link rel=\"canonical\" href=\"https:\/\/www.gruppoliturgico.com\/fr\/produit\/autel-7\/\" \/>\n<meta property=\"og:locale\" content=\"fr_FR\" \/>\n<meta property=\"og:type\" content=\"article\" \/>\n<meta property=\"og:title\" content=\"autel - art 471 et Laboratorio Gruppo Liturgico\" \/>\n<meta property=\"og:description\" content=\"En bois massif avec des peintures imitation marbre, des parties argent\u00e9es et d&#039;autres dor\u00e9es \u00e0 la feuille d&#039;or. Symbole central en bois sculpt\u00e9 dor\u00e9 et argent\u00e9 \u00e0 feuille.  Dimensions Base cm 180 x 80, Table cm 220 x 100 ou sur demande.    Photo d\u2019ensemble de l\u2019autel et de ses accessoires.\" \/>\n<meta property=\"og:url\" content=\"https:\/\/www.gruppoliturgico.com\/fr\/produit\/autel-7\/\" \/>\n<meta property=\"og:site_name\" content=\"Laboratorio Gruppo Liturgico\" \/>\n<meta property=\"article:modified_time\" content=\"2022-07-20T08:20:11+00:00\" \/>\n<meta property=\"og:image\" content=\"https:\/\/www.gruppoliturgico.com\/wp-content\/uploads\/2022\/05\/47120SC.jpg\" \/>\n\t<meta property=\"og:image:width\" content=\"1500\" \/>\n\t<meta property=\"og:image:height\" content=\"842\" \/>\n\t<meta property=\"og:image:type\" content=\"image\/jpeg\" \/>\n<meta name=\"twitter:card\" content=\"summary_large_image\" \/>\n<script type=\"application\/ld+json\" class=\"yoast-schema-graph\">{\"@context\":\"https:\/\/schema.org\",\"@graph\":[{\"@type\":\"WebPage\",\"@id\":\"https:\/\/www.gruppoliturgico.com\/fr\/produit\/autel-7\/\",\"url\":\"https:\/\/www.gruppoliturgico.com\/fr\/produit\/autel-7\/\",\"name\":\"autel - art 471 et Laboratorio Gruppo Liturgico\",\"isPartOf\":{\"@id\":\"https:\/\/www.gruppoliturgico.com\/es\/#website\"},\"datePublished\":\"2022-05-19T21:10:25+00:00\",\"dateModified\":\"2022-07-20T08:20:11+00:00\",\"description\":\"En bois massif avec des peintures imitation marbre, des parties argent\u00e9es et d'autres dor\u00e9es \u00e0 la feuille d'or. Symbole central en bois sculpt\u00e9 dor\u00e9 et argent\u00e9 \u00e0 feuille. Dimensions Base cm 180 x 80, Table cm 220 x 100 ou sur demande. Photo d\u2019ensemble de l\u2019autel et de ses accessoires.\",\"breadcrumb\":{\"@id\":\"https:\/\/www.gruppoliturgico.com\/fr\/produit\/autel-7\/#breadcrumb\"},\"inLanguage\":\"fr-FR\",\"potentialAction\":[{\"@type\":\"ReadAction\",\"target\":[\"https:\/\/www.gruppoliturgico.com\/fr\/produit\/autel-7\/\"]}]},{\"@type\":\"BreadcrumbList\",\"@id\":\"https:\/\/www.gruppoliturgico.com\/fr\/produit\/autel-7\/#breadcrumb\",\"itemListElement\":[{\"@type\":\"ListItem\",\"position\":1,\"name\":\"Home\",\"item\":\"https:\/\/www.gruppoliturgico.com\/fr\/\"},{\"@type\":\"ListItem\",\"position\":2,\"name\":\"Boutique\",\"item\":\"https:\/\/www.gruppoliturgico.com\/fr\/boutique\/\"},{\"@type\":\"ListItem\",\"position\":3,\"name\":\"autel\"}]},{\"@type\":\"WebSite\",\"@id\":\"https:\/\/www.gruppoliturgico.com\/es\/#website\",\"url\":\"https:\/\/www.gruppoliturgico.com\/es\/\",\"name\":\"Laboratorio Gruppo Liturgico\",\"description\":\"Articoli Religiosi online\",\"publisher\":{\"@id\":\"https:\/\/www.gruppoliturgico.com\/es\/#organization\"},\"potentialAction\":[{\"@type\":\"SearchAction\",\"target\":{\"@type\":\"EntryPoint\",\"urlTemplate\":\"https:\/\/www.gruppoliturgico.com\/es\/?s={search_term_string}\"},\"query-input\":\"required name=search_term_string\"}],\"inLanguage\":\"fr-FR\"},{\"@type\":\"Organization\",\"@id\":\"https:\/\/www.gruppoliturgico.com\/es\/#organization\",\"name\":\"Laboratorio Gruppo Liturgico\",\"url\":\"https:\/\/www.gruppoliturgico.com\/es\/\",\"logo\":{\"@type\":\"ImageObject\",\"inLanguage\":\"fr-FR\",\"@id\":\"https:\/\/www.gruppoliturgico.com\/es\/#\/schema\/logo\/image\/\",\"url\":\"https:\/\/www.gruppoliturgico.com\/wp-content\/uploads\/2022\/02\/logo-laboratoriogruppoliturgico.png\",\"contentUrl\":\"https:\/\/www.gruppoliturgico.com\/wp-content\/uploads\/2022\/02\/logo-laboratoriogruppoliturgico.png\",\"width\":400,\"height\":114,\"caption\":\"Laboratorio Gruppo Liturgico\"},\"image\":{\"@id\":\"https:\/\/www.gruppoliturgico.com\/es\/#\/schema\/logo\/image\/\"}}]}<\/script>\n<!-- \/ Yoast SEO plugin. -->","yoast_head_json":{"title":"autel - art 471 et Laboratorio Gruppo Liturgico","description":"En bois massif avec des peintures imitation marbre, des parties argent\u00e9es et d'autres dor\u00e9es \u00e0 la feuille d'or. Symbole central en bois sculpt\u00e9 dor\u00e9 et argent\u00e9 \u00e0 feuille.  Dimensions Base cm 180 x 80, Table cm 220 x 100 ou sur demande.    Photo d\u2019ensemble de l\u2019autel et de ses accessoires.","robots":{"index":"index","follow":"follow","max-snippet":"max-snippet:-1","max-image-preview":"max-image-preview:large","max-video-preview":"max-video-preview:-1"},"canonical":"https:\/\/www.gruppoliturgico.com\/fr\/produit\/autel-7\/","og_locale":"fr_FR","og_type":"article","og_title":"autel - art 471 et Laboratorio Gruppo Liturgico","og_description":"En bois massif avec des peintures imitation marbre, des parties argent\u00e9es et d'autres dor\u00e9es \u00e0 la feuille d'or. Symbole central en bois sculpt\u00e9 dor\u00e9 et argent\u00e9 \u00e0 feuille.  Dimensions Base cm 180 x 80, Table cm 220 x 100 ou sur demande.    Photo d\u2019ensemble de l\u2019autel et de ses accessoires.","og_url":"https:\/\/www.gruppoliturgico.com\/fr\/produit\/autel-7\/","og_site_name":"Laboratorio Gruppo Liturgico","article_modified_time":"2022-07-20T08:20:11+00:00","og_image":[{"width":1500,"height":842,"url":"https:\/\/www.gruppoliturgico.com\/wp-content\/uploads\/2022\/05\/47120SC.jpg","type":"image\/jpeg"}],"twitter_card":"summary_large_image","schema":{"@context":"https:\/\/schema.org","@graph":[{"@type":"WebPage","@id":"https:\/\/www.gruppoliturgico.com\/fr\/produit\/autel-7\/","url":"https:\/\/www.gruppoliturgico.com\/fr\/produit\/autel-7\/","name":"autel - art 471 et Laboratorio Gruppo Liturgico","isPartOf":{"@id":"https:\/\/www.gruppoliturgico.com\/es\/#website"},"datePublished":"2022-05-19T21:10:25+00:00","dateModified":"2022-07-20T08:20:11+00:00","description":"En bois massif avec des peintures imitation marbre, des parties argent\u00e9es et d'autres dor\u00e9es \u00e0 la feuille d'or. Symbole central en bois sculpt\u00e9 dor\u00e9 et argent\u00e9 \u00e0 feuille. Dimensions Base cm 180 x 80, Table cm 220 x 100 ou sur demande. Photo d\u2019ensemble de l\u2019autel et de ses accessoires.","breadcrumb":{"@id":"https:\/\/www.gruppoliturgico.com\/fr\/produit\/autel-7\/#breadcrumb"},"inLanguage":"fr-FR","potentialAction":[{"@type":"ReadAction","target":["https:\/\/www.gruppoliturgico.com\/fr\/produit\/autel-7\/"]}]},{"@type":"BreadcrumbList","@id":"https:\/\/www.gruppoliturgico.com\/fr\/produit\/autel-7\/#breadcrumb","itemListElement":[{"@type":"ListItem","position":1,"name":"Home","item":"https:\/\/www.gruppoliturgico.com\/fr\/"},{"@type":"ListItem","position":2,"name":"Boutique","item":"https:\/\/www.gruppoliturgico.com\/fr\/boutique\/"},{"@type":"ListItem","position":3,"name":"autel"}]},{"@type":"WebSite","@id":"https:\/\/www.gruppoliturgico.com\/es\/#website","url":"https:\/\/www.gruppoliturgico.com\/es\/","name":"Laboratorio Gruppo Liturgico","description":"Articoli Religiosi online","publisher":{"@id":"https:\/\/www.gruppoliturgico.com\/es\/#organization"},"potentialAction":[{"@type":"SearchAction","target":{"@type":"EntryPoint","urlTemplate":"https:\/\/www.gruppoliturgico.com\/es\/?s={search_term_string}"},"query-input":"required name=search_term_string"}],"inLanguage":"fr-FR"},{"@type":"Organization","@id":"https:\/\/www.gruppoliturgico.com\/es\/#organization","name":"Laboratorio Gruppo Liturgico","url":"https:\/\/www.gruppoliturgico.com\/es\/","logo":{"@type":"ImageObject","inLanguage":"fr-FR","@id":"https:\/\/www.gruppoliturgico.com\/es\/#\/schema\/logo\/image\/","url":"https:\/\/www.gruppoliturgico.com\/wp-content\/uploads\/2022\/02\/logo-laboratoriogruppoliturgico.png","contentUrl":"https:\/\/www.gruppoliturgico.com\/wp-content\/uploads\/2022\/02\/logo-laboratoriogruppoliturgico.png","width":400,"height":114,"caption":"Laboratorio Gruppo Liturgico"},"image":{"@id":"https:\/\/www.gruppoliturgico.com\/es\/#\/schema\/logo\/image\/"}}]}},"_links":{"self":[{"href":"https:\/\/www.gruppoliturgico.com\/fr\/wp-json\/wp\/v2\/product\/63529"}],"collection":[{"href":"https:\/\/www.gruppoliturgico.com\/fr\/wp-json\/wp\/v2\/product"}],"about":[{"href":"https:\/\/www.gruppoliturgico.com\/fr\/wp-json\/wp\/v2\/types\/product"}],"wp:featuredmedia":[{"embeddable":true,"href":"https:\/\/www.gruppoliturgico.com\/fr\/wp-json\/wp\/v2\/media\/131388"}],"wp:attachment":[{"href":"https:\/\/www.gruppoliturgico.com\/fr\/wp-json\/wp\/v2\/media?parent=63529"}],"wp:term":[{"taxonomy":"product_cat","embeddable":true,"href":"https:\/\/www.gruppoliturgico.com\/fr\/wp-json\/wp\/v2\/product_cat?post=63529"},{"taxonomy":"product_tag","embeddable":true,"href":"https:\/\/www.gruppoliturgico.com\/fr\/wp-json\/wp\/v2\/product_tag?post=63529"}],"curies":[{"name":"wp","href":"https:\/\/api.w.org\/{rel}","templated":true}]}}