{"id":63505,"date":"2022-05-19T23:09:15","date_gmt":"2022-05-19T21:09:20","guid":{"rendered":"https:\/\/www.gruppoliturgico.com\/prodotto\/ambon-6\/"},"modified":"2022-10-20T11:49:40","modified_gmt":"2022-10-20T09:49:40","slug":"ambon-6","status":"publish","type":"product","link":"https:\/\/www.gruppoliturgico.com\/fr\/produit\/ambon-6\/","title":{"rendered":"ambon"},"content":{"rendered":"<html><body><p>Ambo en bois massif de style gothique.<br>\nIl pr\u00e9sente des panneaux sculpt\u00e9s en bois de tilleul repr\u00e9sentant des rosaces en relief.<br>\nLe pupitre est soutenu par une petite colonne \u00e0 chapiteau de feuilles d\u2019acanthe.<br>\nLe c\u00f4t\u00e9 est orn\u00e9 de colonnettes avec une large frise sculpt\u00e9e.<br>\nHauteur totale cm 130<br>\nLa partie centrale mesure cm 110 x 92 x 55<\/p>\n<\/body><\/html>","protected":false},"excerpt":{"rendered":"<p>Ambo en bois massif de style gothique.<br \/>\nIl pr\u00e9sente des panneaux sculpt\u00e9s en bois de tilleul repr\u00e9sentant des rosaces en relief.<br \/>\nLe pupitre est soutenu par une petite colonne \u00e0 chapiteau de feuilles d&rsquo;acanthe.<br \/>\nLe c\u00f4t\u00e9 est orn\u00e9 de colonnettes avec une large frise sculpt\u00e9e.<br \/>\nHauteur totale cm 130<br \/>\nLa partie centrale mesure cm 110 x 92 x 55<\/p>\n","protected":false},"featured_media":131338,"template":"","meta":[],"product_cat":[12140,12184],"product_tag":[],"yoast_head":"<!-- This site is optimized with the Yoast SEO plugin v20.4 - https:\/\/yoast.com\/wordpress\/plugins\/seo\/ -->\n<title>ambon - art 478, ambons et lutrins en bois et Laboratorio Gruppo Liturgico<\/title>\n<meta name=\"description\" content=\"Ambo en bois massif de style gothique. Il pr\u00e9sente des panneaux sculpt\u00e9s en bois de tilleul repr\u00e9sentant des rosaces en relief. Le pupitre est soutenu par une petite colonne \u00e0 chapiteau de feuilles d&#039;acanthe. Le c\u00f4t\u00e9 est orn\u00e9 de colonnettes avec une large frise sculpt\u00e9e. Hauteur totale cm 130 La partie centrale mesure cm 110 x 92 x 55\" \/>\n<meta name=\"robots\" content=\"index, follow, max-snippet:-1, max-image-preview:large, max-video-preview:-1\" \/>\n<link rel=\"canonical\" href=\"https:\/\/www.gruppoliturgico.com\/fr\/produit\/ambon-6\/\" \/>\n<meta property=\"og:locale\" content=\"fr_FR\" \/>\n<meta property=\"og:type\" content=\"article\" \/>\n<meta property=\"og:title\" content=\"ambon - art 478, ambons et lutrins en bois et Laboratorio Gruppo Liturgico\" \/>\n<meta property=\"og:description\" content=\"Ambo en bois massif de style gothique. Il pr\u00e9sente des panneaux sculpt\u00e9s en bois de tilleul repr\u00e9sentant des rosaces en relief. Le pupitre est soutenu par une petite colonne \u00e0 chapiteau de feuilles d&#039;acanthe. Le c\u00f4t\u00e9 est orn\u00e9 de colonnettes avec une large frise sculpt\u00e9e. Hauteur totale cm 130 La partie centrale mesure cm 110 x 92 x 55\" \/>\n<meta property=\"og:url\" content=\"https:\/\/www.gruppoliturgico.com\/fr\/produit\/ambon-6\/\" \/>\n<meta property=\"og:site_name\" content=\"Laboratorio Gruppo Liturgico\" \/>\n<meta property=\"article:modified_time\" content=\"2022-10-20T09:49:40+00:00\" \/>\n<meta property=\"og:image\" content=\"https:\/\/www.gruppoliturgico.com\/wp-content\/uploads\/2022\/05\/479.jpg\" \/>\n\t<meta property=\"og:image:width\" content=\"1114\" \/>\n\t<meta property=\"og:image:height\" content=\"1500\" \/>\n\t<meta property=\"og:image:type\" content=\"image\/jpeg\" \/>\n<meta name=\"twitter:card\" content=\"summary_large_image\" \/>\n<script type=\"application\/ld+json\" class=\"yoast-schema-graph\">{\"@context\":\"https:\/\/schema.org\",\"@graph\":[{\"@type\":\"WebPage\",\"@id\":\"https:\/\/www.gruppoliturgico.com\/fr\/produit\/ambon-6\/\",\"url\":\"https:\/\/www.gruppoliturgico.com\/fr\/produit\/ambon-6\/\",\"name\":\"ambon - art 478, ambons et lutrins en bois et Laboratorio Gruppo Liturgico\",\"isPartOf\":{\"@id\":\"https:\/\/www.gruppoliturgico.com\/es\/#website\"},\"datePublished\":\"2022-05-19T21:09:20+00:00\",\"dateModified\":\"2022-10-20T09:49:40+00:00\",\"description\":\"Ambo en bois massif de style gothique. Il pr\u00e9sente des panneaux sculpt\u00e9s en bois de tilleul repr\u00e9sentant des rosaces en relief. Le pupitre est soutenu par une petite colonne \u00e0 chapiteau de feuilles d'acanthe. Le c\u00f4t\u00e9 est orn\u00e9 de colonnettes avec une large frise sculpt\u00e9e. Hauteur totale cm 130 La partie centrale mesure cm 110 x 92 x 55\",\"breadcrumb\":{\"@id\":\"https:\/\/www.gruppoliturgico.com\/fr\/produit\/ambon-6\/#breadcrumb\"},\"inLanguage\":\"fr-FR\",\"potentialAction\":[{\"@type\":\"ReadAction\",\"target\":[\"https:\/\/www.gruppoliturgico.com\/fr\/produit\/ambon-6\/\"]}]},{\"@type\":\"BreadcrumbList\",\"@id\":\"https:\/\/www.gruppoliturgico.com\/fr\/produit\/ambon-6\/#breadcrumb\",\"itemListElement\":[{\"@type\":\"ListItem\",\"position\":1,\"name\":\"Home\",\"item\":\"https:\/\/www.gruppoliturgico.com\/fr\/\"},{\"@type\":\"ListItem\",\"position\":2,\"name\":\"Boutique\",\"item\":\"https:\/\/www.gruppoliturgico.com\/fr\/boutique\/\"},{\"@type\":\"ListItem\",\"position\":3,\"name\":\"ambon\"}]},{\"@type\":\"WebSite\",\"@id\":\"https:\/\/www.gruppoliturgico.com\/es\/#website\",\"url\":\"https:\/\/www.gruppoliturgico.com\/es\/\",\"name\":\"Laboratorio Gruppo Liturgico\",\"description\":\"Articoli Religiosi online\",\"publisher\":{\"@id\":\"https:\/\/www.gruppoliturgico.com\/es\/#organization\"},\"potentialAction\":[{\"@type\":\"SearchAction\",\"target\":{\"@type\":\"EntryPoint\",\"urlTemplate\":\"https:\/\/www.gruppoliturgico.com\/es\/?s={search_term_string}\"},\"query-input\":\"required name=search_term_string\"}],\"inLanguage\":\"fr-FR\"},{\"@type\":\"Organization\",\"@id\":\"https:\/\/www.gruppoliturgico.com\/es\/#organization\",\"name\":\"Laboratorio Gruppo Liturgico\",\"url\":\"https:\/\/www.gruppoliturgico.com\/es\/\",\"logo\":{\"@type\":\"ImageObject\",\"inLanguage\":\"fr-FR\",\"@id\":\"https:\/\/www.gruppoliturgico.com\/es\/#\/schema\/logo\/image\/\",\"url\":\"https:\/\/www.gruppoliturgico.com\/wp-content\/uploads\/2022\/02\/logo-laboratoriogruppoliturgico.png\",\"contentUrl\":\"https:\/\/www.gruppoliturgico.com\/wp-content\/uploads\/2022\/02\/logo-laboratoriogruppoliturgico.png\",\"width\":400,\"height\":114,\"caption\":\"Laboratorio Gruppo Liturgico\"},\"image\":{\"@id\":\"https:\/\/www.gruppoliturgico.com\/es\/#\/schema\/logo\/image\/\"}}]}<\/script>\n<!-- \/ Yoast SEO plugin. -->","yoast_head_json":{"title":"ambon - art 478, ambons et lutrins en bois et Laboratorio Gruppo Liturgico","description":"Ambo en bois massif de style gothique. Il pr\u00e9sente des panneaux sculpt\u00e9s en bois de tilleul repr\u00e9sentant des rosaces en relief. Le pupitre est soutenu par une petite colonne \u00e0 chapiteau de feuilles d'acanthe. Le c\u00f4t\u00e9 est orn\u00e9 de colonnettes avec une large frise sculpt\u00e9e. Hauteur totale cm 130 La partie centrale mesure cm 110 x 92 x 55","robots":{"index":"index","follow":"follow","max-snippet":"max-snippet:-1","max-image-preview":"max-image-preview:large","max-video-preview":"max-video-preview:-1"},"canonical":"https:\/\/www.gruppoliturgico.com\/fr\/produit\/ambon-6\/","og_locale":"fr_FR","og_type":"article","og_title":"ambon - art 478, ambons et lutrins en bois et Laboratorio Gruppo Liturgico","og_description":"Ambo en bois massif de style gothique. Il pr\u00e9sente des panneaux sculpt\u00e9s en bois de tilleul repr\u00e9sentant des rosaces en relief. Le pupitre est soutenu par une petite colonne \u00e0 chapiteau de feuilles d'acanthe. Le c\u00f4t\u00e9 est orn\u00e9 de colonnettes avec une large frise sculpt\u00e9e. Hauteur totale cm 130 La partie centrale mesure cm 110 x 92 x 55","og_url":"https:\/\/www.gruppoliturgico.com\/fr\/produit\/ambon-6\/","og_site_name":"Laboratorio Gruppo Liturgico","article_modified_time":"2022-10-20T09:49:40+00:00","og_image":[{"width":1114,"height":1500,"url":"https:\/\/www.gruppoliturgico.com\/wp-content\/uploads\/2022\/05\/479.jpg","type":"image\/jpeg"}],"twitter_card":"summary_large_image","schema":{"@context":"https:\/\/schema.org","@graph":[{"@type":"WebPage","@id":"https:\/\/www.gruppoliturgico.com\/fr\/produit\/ambon-6\/","url":"https:\/\/www.gruppoliturgico.com\/fr\/produit\/ambon-6\/","name":"ambon - art 478, ambons et lutrins en bois et Laboratorio Gruppo Liturgico","isPartOf":{"@id":"https:\/\/www.gruppoliturgico.com\/es\/#website"},"datePublished":"2022-05-19T21:09:20+00:00","dateModified":"2022-10-20T09:49:40+00:00","description":"Ambo en bois massif de style gothique. Il pr\u00e9sente des panneaux sculpt\u00e9s en bois de tilleul repr\u00e9sentant des rosaces en relief. Le pupitre est soutenu par une petite colonne \u00e0 chapiteau de feuilles d'acanthe. Le c\u00f4t\u00e9 est orn\u00e9 de colonnettes avec une large frise sculpt\u00e9e. Hauteur totale cm 130 La partie centrale mesure cm 110 x 92 x 55","breadcrumb":{"@id":"https:\/\/www.gruppoliturgico.com\/fr\/produit\/ambon-6\/#breadcrumb"},"inLanguage":"fr-FR","potentialAction":[{"@type":"ReadAction","target":["https:\/\/www.gruppoliturgico.com\/fr\/produit\/ambon-6\/"]}]},{"@type":"BreadcrumbList","@id":"https:\/\/www.gruppoliturgico.com\/fr\/produit\/ambon-6\/#breadcrumb","itemListElement":[{"@type":"ListItem","position":1,"name":"Home","item":"https:\/\/www.gruppoliturgico.com\/fr\/"},{"@type":"ListItem","position":2,"name":"Boutique","item":"https:\/\/www.gruppoliturgico.com\/fr\/boutique\/"},{"@type":"ListItem","position":3,"name":"ambon"}]},{"@type":"WebSite","@id":"https:\/\/www.gruppoliturgico.com\/es\/#website","url":"https:\/\/www.gruppoliturgico.com\/es\/","name":"Laboratorio Gruppo Liturgico","description":"Articoli Religiosi online","publisher":{"@id":"https:\/\/www.gruppoliturgico.com\/es\/#organization"},"potentialAction":[{"@type":"SearchAction","target":{"@type":"EntryPoint","urlTemplate":"https:\/\/www.gruppoliturgico.com\/es\/?s={search_term_string}"},"query-input":"required name=search_term_string"}],"inLanguage":"fr-FR"},{"@type":"Organization","@id":"https:\/\/www.gruppoliturgico.com\/es\/#organization","name":"Laboratorio Gruppo Liturgico","url":"https:\/\/www.gruppoliturgico.com\/es\/","logo":{"@type":"ImageObject","inLanguage":"fr-FR","@id":"https:\/\/www.gruppoliturgico.com\/es\/#\/schema\/logo\/image\/","url":"https:\/\/www.gruppoliturgico.com\/wp-content\/uploads\/2022\/02\/logo-laboratoriogruppoliturgico.png","contentUrl":"https:\/\/www.gruppoliturgico.com\/wp-content\/uploads\/2022\/02\/logo-laboratoriogruppoliturgico.png","width":400,"height":114,"caption":"Laboratorio Gruppo Liturgico"},"image":{"@id":"https:\/\/www.gruppoliturgico.com\/es\/#\/schema\/logo\/image\/"}}]}},"_links":{"self":[{"href":"https:\/\/www.gruppoliturgico.com\/fr\/wp-json\/wp\/v2\/product\/63505"}],"collection":[{"href":"https:\/\/www.gruppoliturgico.com\/fr\/wp-json\/wp\/v2\/product"}],"about":[{"href":"https:\/\/www.gruppoliturgico.com\/fr\/wp-json\/wp\/v2\/types\/product"}],"wp:featuredmedia":[{"embeddable":true,"href":"https:\/\/www.gruppoliturgico.com\/fr\/wp-json\/wp\/v2\/media\/131338"}],"wp:attachment":[{"href":"https:\/\/www.gruppoliturgico.com\/fr\/wp-json\/wp\/v2\/media?parent=63505"}],"wp:term":[{"taxonomy":"product_cat","embeddable":true,"href":"https:\/\/www.gruppoliturgico.com\/fr\/wp-json\/wp\/v2\/product_cat?post=63505"},{"taxonomy":"product_tag","embeddable":true,"href":"https:\/\/www.gruppoliturgico.com\/fr\/wp-json\/wp\/v2\/product_tag?post=63505"}],"curies":[{"name":"wp","href":"https:\/\/api.w.org\/{rel}","templated":true}]}}