{"id":63493,"date":"2022-05-19T23:08:41","date_gmt":"2022-05-19T21:08:47","guid":{"rendered":"https:\/\/www.gruppoliturgico.com\/prodotto\/colonne-5\/"},"modified":"2023-01-24T14:51:46","modified_gmt":"2023-01-24T13:51:46","slug":"colonne-5","status":"publish","type":"product","link":"https:\/\/www.gruppoliturgico.com\/fr\/produit\/colonne-5\/","title":{"rendered":"colonne"},"content":{"rendered":"<html><body><p>Colonne en bois massif de style gothique.<br>\nConvient comme soutien-tabernacle ou statue.<br>\nElle pr\u00e9sente des panneaux sculpt\u00e9s en bois de tilleul repr\u00e9sentant des rosaces en relief.<br>\nHauteur cm 110<br>\nPlateau cm 60 x 50 ou sur demande.<\/p>\n<\/body><\/html>","protected":false},"excerpt":{"rendered":"<p>Colonne en bois massif de style gothique.<br \/>\nConvient comme soutien-tabernacle ou statue.<br \/>\nElle pr\u00e9sente des panneaux sculpt\u00e9s en bois de tilleul repr\u00e9sentant des rosaces en relief.<br \/>\nHauteur cm 110<br \/>\nPlateau cm 60 x 50 ou sur demande.<\/p>\n","protected":false},"featured_media":125721,"template":"","meta":[],"product_cat":[12140,15263],"product_tag":[],"yoast_head":"<!-- This site is optimized with the Yoast SEO plugin v20.4 - https:\/\/yoast.com\/wordpress\/plugins\/seo\/ -->\n<title>colonne - art 478, Colonnes soutien statue ou tabernacle et Laboratorio Gruppo Liturgico<\/title>\n<meta name=\"description\" content=\"Colonne en bois massif de style gothique. Convient comme soutien-tabernacle ou statue. Elle pr\u00e9sente des panneaux sculpt\u00e9s en bois de tilleul repr\u00e9sentant des rosaces en relief. Hauteur cm 110 Plateau cm 60 x 50 ou sur demande.\" \/>\n<meta name=\"robots\" content=\"index, follow, max-snippet:-1, max-image-preview:large, max-video-preview:-1\" \/>\n<link rel=\"canonical\" href=\"https:\/\/www.gruppoliturgico.com\/fr\/produit\/colonne-5\/\" \/>\n<meta property=\"og:locale\" content=\"fr_FR\" \/>\n<meta property=\"og:type\" content=\"article\" \/>\n<meta property=\"og:title\" content=\"colonne - art 478, Colonnes soutien statue ou tabernacle et Laboratorio Gruppo Liturgico\" \/>\n<meta property=\"og:description\" content=\"Colonne en bois massif de style gothique. Convient comme soutien-tabernacle ou statue. Elle pr\u00e9sente des panneaux sculpt\u00e9s en bois de tilleul repr\u00e9sentant des rosaces en relief. Hauteur cm 110 Plateau cm 60 x 50 ou sur demande.\" \/>\n<meta property=\"og:url\" content=\"https:\/\/www.gruppoliturgico.com\/fr\/produit\/colonne-5\/\" \/>\n<meta property=\"og:site_name\" content=\"Laboratorio Gruppo Liturgico\" \/>\n<meta property=\"article:modified_time\" content=\"2023-01-24T13:51:46+00:00\" \/>\n<meta property=\"og:image\" content=\"https:\/\/www.gruppoliturgico.com\/wp-content\/uploads\/2022\/05\/1210.2.jpg\" \/>\n\t<meta property=\"og:image:width\" content=\"1187\" \/>\n\t<meta property=\"og:image:height\" content=\"2000\" \/>\n\t<meta property=\"og:image:type\" content=\"image\/jpeg\" \/>\n<meta name=\"twitter:card\" content=\"summary_large_image\" \/>\n<script type=\"application\/ld+json\" class=\"yoast-schema-graph\">{\"@context\":\"https:\/\/schema.org\",\"@graph\":[{\"@type\":\"WebPage\",\"@id\":\"https:\/\/www.gruppoliturgico.com\/fr\/produit\/colonne-5\/\",\"url\":\"https:\/\/www.gruppoliturgico.com\/fr\/produit\/colonne-5\/\",\"name\":\"colonne - art 478, Colonnes soutien statue ou tabernacle et Laboratorio Gruppo Liturgico\",\"isPartOf\":{\"@id\":\"https:\/\/www.gruppoliturgico.com\/es\/#website\"},\"datePublished\":\"2022-05-19T21:08:47+00:00\",\"dateModified\":\"2023-01-24T13:51:46+00:00\",\"description\":\"Colonne en bois massif de style gothique. Convient comme soutien-tabernacle ou statue. Elle pr\u00e9sente des panneaux sculpt\u00e9s en bois de tilleul repr\u00e9sentant des rosaces en relief. Hauteur cm 110 Plateau cm 60 x 50 ou sur demande.\",\"breadcrumb\":{\"@id\":\"https:\/\/www.gruppoliturgico.com\/fr\/produit\/colonne-5\/#breadcrumb\"},\"inLanguage\":\"fr-FR\",\"potentialAction\":[{\"@type\":\"ReadAction\",\"target\":[\"https:\/\/www.gruppoliturgico.com\/fr\/produit\/colonne-5\/\"]}]},{\"@type\":\"BreadcrumbList\",\"@id\":\"https:\/\/www.gruppoliturgico.com\/fr\/produit\/colonne-5\/#breadcrumb\",\"itemListElement\":[{\"@type\":\"ListItem\",\"position\":1,\"name\":\"Home\",\"item\":\"https:\/\/www.gruppoliturgico.com\/fr\/\"},{\"@type\":\"ListItem\",\"position\":2,\"name\":\"Boutique\",\"item\":\"https:\/\/www.gruppoliturgico.com\/fr\/boutique\/\"},{\"@type\":\"ListItem\",\"position\":3,\"name\":\"colonne\"}]},{\"@type\":\"WebSite\",\"@id\":\"https:\/\/www.gruppoliturgico.com\/es\/#website\",\"url\":\"https:\/\/www.gruppoliturgico.com\/es\/\",\"name\":\"Laboratorio Gruppo Liturgico\",\"description\":\"Articoli Religiosi online\",\"publisher\":{\"@id\":\"https:\/\/www.gruppoliturgico.com\/es\/#organization\"},\"potentialAction\":[{\"@type\":\"SearchAction\",\"target\":{\"@type\":\"EntryPoint\",\"urlTemplate\":\"https:\/\/www.gruppoliturgico.com\/es\/?s={search_term_string}\"},\"query-input\":\"required name=search_term_string\"}],\"inLanguage\":\"fr-FR\"},{\"@type\":\"Organization\",\"@id\":\"https:\/\/www.gruppoliturgico.com\/es\/#organization\",\"name\":\"Laboratorio Gruppo Liturgico\",\"url\":\"https:\/\/www.gruppoliturgico.com\/es\/\",\"logo\":{\"@type\":\"ImageObject\",\"inLanguage\":\"fr-FR\",\"@id\":\"https:\/\/www.gruppoliturgico.com\/es\/#\/schema\/logo\/image\/\",\"url\":\"https:\/\/www.gruppoliturgico.com\/wp-content\/uploads\/2022\/02\/logo-laboratoriogruppoliturgico.png\",\"contentUrl\":\"https:\/\/www.gruppoliturgico.com\/wp-content\/uploads\/2022\/02\/logo-laboratoriogruppoliturgico.png\",\"width\":400,\"height\":114,\"caption\":\"Laboratorio Gruppo Liturgico\"},\"image\":{\"@id\":\"https:\/\/www.gruppoliturgico.com\/es\/#\/schema\/logo\/image\/\"}}]}<\/script>\n<!-- \/ Yoast SEO plugin. -->","yoast_head_json":{"title":"colonne - art 478, Colonnes soutien statue ou tabernacle et Laboratorio Gruppo Liturgico","description":"Colonne en bois massif de style gothique. Convient comme soutien-tabernacle ou statue. Elle pr\u00e9sente des panneaux sculpt\u00e9s en bois de tilleul repr\u00e9sentant des rosaces en relief. Hauteur cm 110 Plateau cm 60 x 50 ou sur demande.","robots":{"index":"index","follow":"follow","max-snippet":"max-snippet:-1","max-image-preview":"max-image-preview:large","max-video-preview":"max-video-preview:-1"},"canonical":"https:\/\/www.gruppoliturgico.com\/fr\/produit\/colonne-5\/","og_locale":"fr_FR","og_type":"article","og_title":"colonne - art 478, Colonnes soutien statue ou tabernacle et Laboratorio Gruppo Liturgico","og_description":"Colonne en bois massif de style gothique. Convient comme soutien-tabernacle ou statue. Elle pr\u00e9sente des panneaux sculpt\u00e9s en bois de tilleul repr\u00e9sentant des rosaces en relief. Hauteur cm 110 Plateau cm 60 x 50 ou sur demande.","og_url":"https:\/\/www.gruppoliturgico.com\/fr\/produit\/colonne-5\/","og_site_name":"Laboratorio Gruppo Liturgico","article_modified_time":"2023-01-24T13:51:46+00:00","og_image":[{"width":1187,"height":2000,"url":"https:\/\/www.gruppoliturgico.com\/wp-content\/uploads\/2022\/05\/1210.2.jpg","type":"image\/jpeg"}],"twitter_card":"summary_large_image","schema":{"@context":"https:\/\/schema.org","@graph":[{"@type":"WebPage","@id":"https:\/\/www.gruppoliturgico.com\/fr\/produit\/colonne-5\/","url":"https:\/\/www.gruppoliturgico.com\/fr\/produit\/colonne-5\/","name":"colonne - art 478, Colonnes soutien statue ou tabernacle et Laboratorio Gruppo Liturgico","isPartOf":{"@id":"https:\/\/www.gruppoliturgico.com\/es\/#website"},"datePublished":"2022-05-19T21:08:47+00:00","dateModified":"2023-01-24T13:51:46+00:00","description":"Colonne en bois massif de style gothique. Convient comme soutien-tabernacle ou statue. Elle pr\u00e9sente des panneaux sculpt\u00e9s en bois de tilleul repr\u00e9sentant des rosaces en relief. Hauteur cm 110 Plateau cm 60 x 50 ou sur demande.","breadcrumb":{"@id":"https:\/\/www.gruppoliturgico.com\/fr\/produit\/colonne-5\/#breadcrumb"},"inLanguage":"fr-FR","potentialAction":[{"@type":"ReadAction","target":["https:\/\/www.gruppoliturgico.com\/fr\/produit\/colonne-5\/"]}]},{"@type":"BreadcrumbList","@id":"https:\/\/www.gruppoliturgico.com\/fr\/produit\/colonne-5\/#breadcrumb","itemListElement":[{"@type":"ListItem","position":1,"name":"Home","item":"https:\/\/www.gruppoliturgico.com\/fr\/"},{"@type":"ListItem","position":2,"name":"Boutique","item":"https:\/\/www.gruppoliturgico.com\/fr\/boutique\/"},{"@type":"ListItem","position":3,"name":"colonne"}]},{"@type":"WebSite","@id":"https:\/\/www.gruppoliturgico.com\/es\/#website","url":"https:\/\/www.gruppoliturgico.com\/es\/","name":"Laboratorio Gruppo Liturgico","description":"Articoli Religiosi online","publisher":{"@id":"https:\/\/www.gruppoliturgico.com\/es\/#organization"},"potentialAction":[{"@type":"SearchAction","target":{"@type":"EntryPoint","urlTemplate":"https:\/\/www.gruppoliturgico.com\/es\/?s={search_term_string}"},"query-input":"required name=search_term_string"}],"inLanguage":"fr-FR"},{"@type":"Organization","@id":"https:\/\/www.gruppoliturgico.com\/es\/#organization","name":"Laboratorio Gruppo Liturgico","url":"https:\/\/www.gruppoliturgico.com\/es\/","logo":{"@type":"ImageObject","inLanguage":"fr-FR","@id":"https:\/\/www.gruppoliturgico.com\/es\/#\/schema\/logo\/image\/","url":"https:\/\/www.gruppoliturgico.com\/wp-content\/uploads\/2022\/02\/logo-laboratoriogruppoliturgico.png","contentUrl":"https:\/\/www.gruppoliturgico.com\/wp-content\/uploads\/2022\/02\/logo-laboratoriogruppoliturgico.png","width":400,"height":114,"caption":"Laboratorio Gruppo Liturgico"},"image":{"@id":"https:\/\/www.gruppoliturgico.com\/es\/#\/schema\/logo\/image\/"}}]}},"_links":{"self":[{"href":"https:\/\/www.gruppoliturgico.com\/fr\/wp-json\/wp\/v2\/product\/63493"}],"collection":[{"href":"https:\/\/www.gruppoliturgico.com\/fr\/wp-json\/wp\/v2\/product"}],"about":[{"href":"https:\/\/www.gruppoliturgico.com\/fr\/wp-json\/wp\/v2\/types\/product"}],"wp:featuredmedia":[{"embeddable":true,"href":"https:\/\/www.gruppoliturgico.com\/fr\/wp-json\/wp\/v2\/media\/125721"}],"wp:attachment":[{"href":"https:\/\/www.gruppoliturgico.com\/fr\/wp-json\/wp\/v2\/media?parent=63493"}],"wp:term":[{"taxonomy":"product_cat","embeddable":true,"href":"https:\/\/www.gruppoliturgico.com\/fr\/wp-json\/wp\/v2\/product_cat?post=63493"},{"taxonomy":"product_tag","embeddable":true,"href":"https:\/\/www.gruppoliturgico.com\/fr\/wp-json\/wp\/v2\/product_tag?post=63493"}],"curies":[{"name":"wp","href":"https:\/\/api.w.org\/{rel}","templated":true}]}}