{"id":63485,"date":"2022-05-19T23:08:20","date_gmt":"2022-05-19T21:08:25","guid":{"rendered":"https:\/\/www.gruppoliturgico.com\/prodotto\/autel-6\/"},"modified":"2022-10-20T11:31:11","modified_gmt":"2022-10-20T09:31:11","slug":"autel-6","status":"publish","type":"product","link":"https:\/\/www.gruppoliturgico.com\/fr\/produit\/autel-6\/","title":{"rendered":"autel gothique"},"content":{"rendered":"<html><body><p>Extr\u00eame rigueur et puret\u00e9 des lignes pour cet autel en pr\u00e9cieux bois de tilleul peint couleur noyer.<br>\nLe style gothique s\u2019exprime dans les riches panneaux de bas-reliefs repr\u00e9sentant des rosaces qui ornent chacun des \u00e9l\u00e9ments.<br>\nEstrade d\u2019appui de cm 160 x 67<br>\nDimensions de la table de cm 190 x 80 ou sur demande<\/p>\n<\/body><\/html>","protected":false},"excerpt":{"rendered":"<p>Extr\u00eame rigueur et puret\u00e9 des lignes pour cet autel en pr\u00e9cieux bois de tilleul peint couleur noyer.<br \/>\nLe style gothique s&rsquo;exprime dans les riches panneaux de bas-reliefs repr\u00e9sentant des rosaces qui ornent chacun des \u00e9l\u00e9ments.<br \/>\nEstrade d&rsquo;appui de cm 160 x 67<br \/>\nDimensions de la table de cm 190 x 80 ou sur demande<\/p>\n<p><img loading=\"lazy\" class=\"alignnone wp-image-95167 size-large\" src=\"https:\/\/www.gruppoliturgico.com\/wp-content\/uploads\/2022\/05\/478_2-1024x498.jpg\" alt=\"\" width=\"1024\" height=\"498\" srcset=\"https:\/\/www.gruppoliturgico.com\/wp-content\/uploads\/2022\/05\/478_2-1024x498.jpg 1024w, https:\/\/www.gruppoliturgico.com\/wp-content\/uploads\/2022\/05\/478_2-300x146.jpg 300w, https:\/\/www.gruppoliturgico.com\/wp-content\/uploads\/2022\/05\/478_2-768x374.jpg 768w, https:\/\/www.gruppoliturgico.com\/wp-content\/uploads\/2022\/05\/478_2-920x448.jpg 920w, https:\/\/www.gruppoliturgico.com\/wp-content\/uploads\/2022\/05\/478_2-230x112.jpg 230w, https:\/\/www.gruppoliturgico.com\/wp-content\/uploads\/2022\/05\/478_2-350x170.jpg 350w, https:\/\/www.gruppoliturgico.com\/wp-content\/uploads\/2022\/05\/478_2-480x234.jpg 480w, https:\/\/www.gruppoliturgico.com\/wp-content\/uploads\/2022\/05\/478_2-600x292.jpg 600w, https:\/\/www.gruppoliturgico.com\/wp-content\/uploads\/2022\/05\/478_2.jpg 1500w\" sizes=\"(max-width: 1024px) 100vw, 1024px\" \/><\/p>\n<p>Photo d\u2019ensemble de l\u2019autel et de ses accessoires.<\/p>\n","protected":false},"featured_media":131318,"template":"","meta":[],"product_cat":[12140],"product_tag":[],"yoast_head":"<!-- This site is optimized with the Yoast SEO plugin v20.4 - https:\/\/yoast.com\/wordpress\/plugins\/seo\/ -->\n<title>autel gothique - art 478 et Laboratorio Gruppo Liturgico<\/title>\n<meta name=\"description\" content=\"Extr\u00eame rigueur et puret\u00e9 des lignes pour cet autel en pr\u00e9cieux bois de tilleul peint couleur noyer. Le style gothique s&#039;exprime dans les riches panneaux de bas-reliefs repr\u00e9sentant des rosaces qui ornent chacun des \u00e9l\u00e9ments. Estrade d&#039;appui de cm 160 x 67 Dimensions de la table de cm 190 x 80 ou sur demande     Photo d\u2019ensemble de l\u2019autel et de ses accessoires.\" \/>\n<meta name=\"robots\" content=\"index, follow, max-snippet:-1, max-image-preview:large, max-video-preview:-1\" \/>\n<link rel=\"canonical\" href=\"https:\/\/www.gruppoliturgico.com\/fr\/produit\/autel-6\/\" \/>\n<meta property=\"og:locale\" content=\"fr_FR\" \/>\n<meta property=\"og:type\" content=\"article\" \/>\n<meta property=\"og:title\" content=\"autel gothique - art 478 et Laboratorio Gruppo Liturgico\" \/>\n<meta property=\"og:description\" content=\"Extr\u00eame rigueur et puret\u00e9 des lignes pour cet autel en pr\u00e9cieux bois de tilleul peint couleur noyer. Le style gothique s&#039;exprime dans les riches panneaux de bas-reliefs repr\u00e9sentant des rosaces qui ornent chacun des \u00e9l\u00e9ments. Estrade d&#039;appui de cm 160 x 67 Dimensions de la table de cm 190 x 80 ou sur demande     Photo d\u2019ensemble de l\u2019autel et de ses accessoires.\" \/>\n<meta property=\"og:url\" content=\"https:\/\/www.gruppoliturgico.com\/fr\/produit\/autel-6\/\" \/>\n<meta property=\"og:site_name\" content=\"Laboratorio Gruppo Liturgico\" \/>\n<meta property=\"article:modified_time\" content=\"2022-10-20T09:31:11+00:00\" \/>\n<meta property=\"og:image\" content=\"https:\/\/www.gruppoliturgico.com\/wp-content\/uploads\/2022\/05\/478-rit.jpg\" \/>\n\t<meta property=\"og:image:width\" content=\"1000\" \/>\n\t<meta property=\"og:image:height\" content=\"945\" \/>\n\t<meta property=\"og:image:type\" content=\"image\/jpeg\" \/>\n<meta name=\"twitter:card\" content=\"summary_large_image\" \/>\n<script type=\"application\/ld+json\" class=\"yoast-schema-graph\">{\"@context\":\"https:\/\/schema.org\",\"@graph\":[{\"@type\":\"WebPage\",\"@id\":\"https:\/\/www.gruppoliturgico.com\/fr\/produit\/autel-6\/\",\"url\":\"https:\/\/www.gruppoliturgico.com\/fr\/produit\/autel-6\/\",\"name\":\"autel gothique - art 478 et Laboratorio Gruppo Liturgico\",\"isPartOf\":{\"@id\":\"https:\/\/www.gruppoliturgico.com\/es\/#website\"},\"datePublished\":\"2022-05-19T21:08:25+00:00\",\"dateModified\":\"2022-10-20T09:31:11+00:00\",\"description\":\"Extr\u00eame rigueur et puret\u00e9 des lignes pour cet autel en pr\u00e9cieux bois de tilleul peint couleur noyer. Le style gothique s'exprime dans les riches panneaux de bas-reliefs repr\u00e9sentant des rosaces qui ornent chacun des \u00e9l\u00e9ments. Estrade d'appui de cm 160 x 67 Dimensions de la table de cm 190 x 80 ou sur demande Photo d\u2019ensemble de l\u2019autel et de ses accessoires.\",\"breadcrumb\":{\"@id\":\"https:\/\/www.gruppoliturgico.com\/fr\/produit\/autel-6\/#breadcrumb\"},\"inLanguage\":\"fr-FR\",\"potentialAction\":[{\"@type\":\"ReadAction\",\"target\":[\"https:\/\/www.gruppoliturgico.com\/fr\/produit\/autel-6\/\"]}]},{\"@type\":\"BreadcrumbList\",\"@id\":\"https:\/\/www.gruppoliturgico.com\/fr\/produit\/autel-6\/#breadcrumb\",\"itemListElement\":[{\"@type\":\"ListItem\",\"position\":1,\"name\":\"Home\",\"item\":\"https:\/\/www.gruppoliturgico.com\/fr\/\"},{\"@type\":\"ListItem\",\"position\":2,\"name\":\"Boutique\",\"item\":\"https:\/\/www.gruppoliturgico.com\/fr\/boutique\/\"},{\"@type\":\"ListItem\",\"position\":3,\"name\":\"autel gothique\"}]},{\"@type\":\"WebSite\",\"@id\":\"https:\/\/www.gruppoliturgico.com\/es\/#website\",\"url\":\"https:\/\/www.gruppoliturgico.com\/es\/\",\"name\":\"Laboratorio Gruppo Liturgico\",\"description\":\"Articoli Religiosi online\",\"publisher\":{\"@id\":\"https:\/\/www.gruppoliturgico.com\/es\/#organization\"},\"potentialAction\":[{\"@type\":\"SearchAction\",\"target\":{\"@type\":\"EntryPoint\",\"urlTemplate\":\"https:\/\/www.gruppoliturgico.com\/es\/?s={search_term_string}\"},\"query-input\":\"required name=search_term_string\"}],\"inLanguage\":\"fr-FR\"},{\"@type\":\"Organization\",\"@id\":\"https:\/\/www.gruppoliturgico.com\/es\/#organization\",\"name\":\"Laboratorio Gruppo Liturgico\",\"url\":\"https:\/\/www.gruppoliturgico.com\/es\/\",\"logo\":{\"@type\":\"ImageObject\",\"inLanguage\":\"fr-FR\",\"@id\":\"https:\/\/www.gruppoliturgico.com\/es\/#\/schema\/logo\/image\/\",\"url\":\"https:\/\/www.gruppoliturgico.com\/wp-content\/uploads\/2022\/02\/logo-laboratoriogruppoliturgico.png\",\"contentUrl\":\"https:\/\/www.gruppoliturgico.com\/wp-content\/uploads\/2022\/02\/logo-laboratoriogruppoliturgico.png\",\"width\":400,\"height\":114,\"caption\":\"Laboratorio Gruppo Liturgico\"},\"image\":{\"@id\":\"https:\/\/www.gruppoliturgico.com\/es\/#\/schema\/logo\/image\/\"}}]}<\/script>\n<!-- \/ Yoast SEO plugin. -->","yoast_head_json":{"title":"autel gothique - art 478 et Laboratorio Gruppo Liturgico","description":"Extr\u00eame rigueur et puret\u00e9 des lignes pour cet autel en pr\u00e9cieux bois de tilleul peint couleur noyer. Le style gothique s'exprime dans les riches panneaux de bas-reliefs repr\u00e9sentant des rosaces qui ornent chacun des \u00e9l\u00e9ments. Estrade d'appui de cm 160 x 67 Dimensions de la table de cm 190 x 80 ou sur demande     Photo d\u2019ensemble de l\u2019autel et de ses accessoires.","robots":{"index":"index","follow":"follow","max-snippet":"max-snippet:-1","max-image-preview":"max-image-preview:large","max-video-preview":"max-video-preview:-1"},"canonical":"https:\/\/www.gruppoliturgico.com\/fr\/produit\/autel-6\/","og_locale":"fr_FR","og_type":"article","og_title":"autel gothique - art 478 et Laboratorio Gruppo Liturgico","og_description":"Extr\u00eame rigueur et puret\u00e9 des lignes pour cet autel en pr\u00e9cieux bois de tilleul peint couleur noyer. Le style gothique s'exprime dans les riches panneaux de bas-reliefs repr\u00e9sentant des rosaces qui ornent chacun des \u00e9l\u00e9ments. Estrade d'appui de cm 160 x 67 Dimensions de la table de cm 190 x 80 ou sur demande     Photo d\u2019ensemble de l\u2019autel et de ses accessoires.","og_url":"https:\/\/www.gruppoliturgico.com\/fr\/produit\/autel-6\/","og_site_name":"Laboratorio Gruppo Liturgico","article_modified_time":"2022-10-20T09:31:11+00:00","og_image":[{"width":1000,"height":945,"url":"https:\/\/www.gruppoliturgico.com\/wp-content\/uploads\/2022\/05\/478-rit.jpg","type":"image\/jpeg"}],"twitter_card":"summary_large_image","schema":{"@context":"https:\/\/schema.org","@graph":[{"@type":"WebPage","@id":"https:\/\/www.gruppoliturgico.com\/fr\/produit\/autel-6\/","url":"https:\/\/www.gruppoliturgico.com\/fr\/produit\/autel-6\/","name":"autel gothique - art 478 et Laboratorio Gruppo Liturgico","isPartOf":{"@id":"https:\/\/www.gruppoliturgico.com\/es\/#website"},"datePublished":"2022-05-19T21:08:25+00:00","dateModified":"2022-10-20T09:31:11+00:00","description":"Extr\u00eame rigueur et puret\u00e9 des lignes pour cet autel en pr\u00e9cieux bois de tilleul peint couleur noyer. Le style gothique s'exprime dans les riches panneaux de bas-reliefs repr\u00e9sentant des rosaces qui ornent chacun des \u00e9l\u00e9ments. Estrade d'appui de cm 160 x 67 Dimensions de la table de cm 190 x 80 ou sur demande Photo d\u2019ensemble de l\u2019autel et de ses accessoires.","breadcrumb":{"@id":"https:\/\/www.gruppoliturgico.com\/fr\/produit\/autel-6\/#breadcrumb"},"inLanguage":"fr-FR","potentialAction":[{"@type":"ReadAction","target":["https:\/\/www.gruppoliturgico.com\/fr\/produit\/autel-6\/"]}]},{"@type":"BreadcrumbList","@id":"https:\/\/www.gruppoliturgico.com\/fr\/produit\/autel-6\/#breadcrumb","itemListElement":[{"@type":"ListItem","position":1,"name":"Home","item":"https:\/\/www.gruppoliturgico.com\/fr\/"},{"@type":"ListItem","position":2,"name":"Boutique","item":"https:\/\/www.gruppoliturgico.com\/fr\/boutique\/"},{"@type":"ListItem","position":3,"name":"autel gothique"}]},{"@type":"WebSite","@id":"https:\/\/www.gruppoliturgico.com\/es\/#website","url":"https:\/\/www.gruppoliturgico.com\/es\/","name":"Laboratorio Gruppo Liturgico","description":"Articoli Religiosi online","publisher":{"@id":"https:\/\/www.gruppoliturgico.com\/es\/#organization"},"potentialAction":[{"@type":"SearchAction","target":{"@type":"EntryPoint","urlTemplate":"https:\/\/www.gruppoliturgico.com\/es\/?s={search_term_string}"},"query-input":"required name=search_term_string"}],"inLanguage":"fr-FR"},{"@type":"Organization","@id":"https:\/\/www.gruppoliturgico.com\/es\/#organization","name":"Laboratorio Gruppo Liturgico","url":"https:\/\/www.gruppoliturgico.com\/es\/","logo":{"@type":"ImageObject","inLanguage":"fr-FR","@id":"https:\/\/www.gruppoliturgico.com\/es\/#\/schema\/logo\/image\/","url":"https:\/\/www.gruppoliturgico.com\/wp-content\/uploads\/2022\/02\/logo-laboratoriogruppoliturgico.png","contentUrl":"https:\/\/www.gruppoliturgico.com\/wp-content\/uploads\/2022\/02\/logo-laboratoriogruppoliturgico.png","width":400,"height":114,"caption":"Laboratorio Gruppo Liturgico"},"image":{"@id":"https:\/\/www.gruppoliturgico.com\/es\/#\/schema\/logo\/image\/"}}]}},"_links":{"self":[{"href":"https:\/\/www.gruppoliturgico.com\/fr\/wp-json\/wp\/v2\/product\/63485"}],"collection":[{"href":"https:\/\/www.gruppoliturgico.com\/fr\/wp-json\/wp\/v2\/product"}],"about":[{"href":"https:\/\/www.gruppoliturgico.com\/fr\/wp-json\/wp\/v2\/types\/product"}],"wp:featuredmedia":[{"embeddable":true,"href":"https:\/\/www.gruppoliturgico.com\/fr\/wp-json\/wp\/v2\/media\/131318"}],"wp:attachment":[{"href":"https:\/\/www.gruppoliturgico.com\/fr\/wp-json\/wp\/v2\/media?parent=63485"}],"wp:term":[{"taxonomy":"product_cat","embeddable":true,"href":"https:\/\/www.gruppoliturgico.com\/fr\/wp-json\/wp\/v2\/product_cat?post=63485"},{"taxonomy":"product_tag","embeddable":true,"href":"https:\/\/www.gruppoliturgico.com\/fr\/wp-json\/wp\/v2\/product_tag?post=63485"}],"curies":[{"name":"wp","href":"https:\/\/api.w.org\/{rel}","templated":true}]}}