{"id":63477,"date":"2022-05-19T23:07:59","date_gmt":"2022-05-19T21:08:04","guid":{"rendered":"https:\/\/www.gruppoliturgico.com\/prodotto\/colonne-4\/"},"modified":"2022-05-20T07:25:29","modified_gmt":"2022-05-20T05:25:29","slug":"colonne-4","status":"publish","type":"product","link":"https:\/\/www.gruppoliturgico.com\/fr\/produit\/colonne-4\/","title":{"rendered":"colonne"},"content":{"rendered":"<html><body><p>Grand ange, pos\u00e9 sur un nuage, soutient avec le corne d\u2019abondance le plan indiqu\u00e9 pour un tabernacle ou soutien statue.<br>\nOuvrage en bois sculpt\u00e9 et dor\u00e9 \u00e0 la feuille d\u2019or. <\/p>\n<p>Hauteur cm 120<br>\nplan mesures sur demande.<\/p>\n<\/body><\/html>","protected":false},"excerpt":{"rendered":"<p>Grand ange, pos\u00e9 sur un nuage, soutient avec le corne d&rsquo;abondance le plan indiqu\u00e9 pour un tabernacle ou soutien statue.<br \/>\nOuvrage en bois sculpt\u00e9 et dor\u00e9 \u00e0 la feuille d&rsquo;or. <\/p>\n<p>Hauteur cm 120<br \/>\nplan mesures sur demande.<\/p>\n","protected":false},"featured_media":118232,"template":"","meta":[],"product_cat":[],"product_tag":[],"yoast_head":"<!-- This site is optimized with the Yoast SEO plugin v20.4 - https:\/\/yoast.com\/wordpress\/plugins\/seo\/ -->\n<title>colonne - et Laboratorio Gruppo Liturgico<\/title>\n<meta name=\"description\" content=\"Grand ange, pos\u00e9 sur un nuage, soutient avec le corne d&#039;abondance le plan indiqu\u00e9 pour un tabernacle ou soutien statue.  Ouvrage en bois sculpt\u00e9 et dor\u00e9 \u00e0 la feuille d&#039;or.   Hauteur cm 120 plan mesures sur demande.\" \/>\n<meta name=\"robots\" content=\"index, follow, max-snippet:-1, max-image-preview:large, max-video-preview:-1\" \/>\n<link rel=\"canonical\" href=\"https:\/\/www.gruppoliturgico.com\/fr\/produit\/colonne-4\/\" \/>\n<meta property=\"og:locale\" content=\"fr_FR\" \/>\n<meta property=\"og:type\" content=\"article\" \/>\n<meta property=\"og:title\" content=\"colonne - et Laboratorio Gruppo Liturgico\" \/>\n<meta property=\"og:description\" content=\"Grand ange, pos\u00e9 sur un nuage, soutient avec le corne d&#039;abondance le plan indiqu\u00e9 pour un tabernacle ou soutien statue.  Ouvrage en bois sculpt\u00e9 et dor\u00e9 \u00e0 la feuille d&#039;or.   Hauteur cm 120 plan mesures sur demande.\" \/>\n<meta property=\"og:url\" content=\"https:\/\/www.gruppoliturgico.com\/fr\/produit\/colonne-4\/\" \/>\n<meta property=\"og:site_name\" content=\"Laboratorio Gruppo Liturgico\" \/>\n<meta property=\"article:modified_time\" content=\"2022-05-20T05:25:29+00:00\" \/>\n<meta property=\"og:image\" content=\"https:\/\/www.gruppoliturgico.com\/wp-content\/uploads\/2022\/05\/1214-1.jpg\" \/>\n\t<meta property=\"og:image:width\" content=\"1334\" \/>\n\t<meta property=\"og:image:height\" content=\"2000\" \/>\n\t<meta property=\"og:image:type\" content=\"image\/jpeg\" \/>\n<meta name=\"twitter:card\" content=\"summary_large_image\" \/>\n<script type=\"application\/ld+json\" class=\"yoast-schema-graph\">{\"@context\":\"https:\/\/schema.org\",\"@graph\":[{\"@type\":\"WebPage\",\"@id\":\"https:\/\/www.gruppoliturgico.com\/fr\/produit\/colonne-4\/\",\"url\":\"https:\/\/www.gruppoliturgico.com\/fr\/produit\/colonne-4\/\",\"name\":\"colonne - et Laboratorio Gruppo Liturgico\",\"isPartOf\":{\"@id\":\"https:\/\/www.gruppoliturgico.com\/es\/#website\"},\"datePublished\":\"2022-05-19T21:08:04+00:00\",\"dateModified\":\"2022-05-20T05:25:29+00:00\",\"description\":\"Grand ange, pos\u00e9 sur un nuage, soutient avec le corne d'abondance le plan indiqu\u00e9 pour un tabernacle ou soutien statue. Ouvrage en bois sculpt\u00e9 et dor\u00e9 \u00e0 la feuille d'or. Hauteur cm 120 plan mesures sur demande.\",\"breadcrumb\":{\"@id\":\"https:\/\/www.gruppoliturgico.com\/fr\/produit\/colonne-4\/#breadcrumb\"},\"inLanguage\":\"fr-FR\",\"potentialAction\":[{\"@type\":\"ReadAction\",\"target\":[\"https:\/\/www.gruppoliturgico.com\/fr\/produit\/colonne-4\/\"]}]},{\"@type\":\"BreadcrumbList\",\"@id\":\"https:\/\/www.gruppoliturgico.com\/fr\/produit\/colonne-4\/#breadcrumb\",\"itemListElement\":[{\"@type\":\"ListItem\",\"position\":1,\"name\":\"Home\",\"item\":\"https:\/\/www.gruppoliturgico.com\/fr\/\"},{\"@type\":\"ListItem\",\"position\":2,\"name\":\"Boutique\",\"item\":\"https:\/\/www.gruppoliturgico.com\/fr\/boutique\/\"},{\"@type\":\"ListItem\",\"position\":3,\"name\":\"colonne\"}]},{\"@type\":\"WebSite\",\"@id\":\"https:\/\/www.gruppoliturgico.com\/es\/#website\",\"url\":\"https:\/\/www.gruppoliturgico.com\/es\/\",\"name\":\"Laboratorio Gruppo Liturgico\",\"description\":\"Articoli Religiosi online\",\"publisher\":{\"@id\":\"https:\/\/www.gruppoliturgico.com\/es\/#organization\"},\"potentialAction\":[{\"@type\":\"SearchAction\",\"target\":{\"@type\":\"EntryPoint\",\"urlTemplate\":\"https:\/\/www.gruppoliturgico.com\/es\/?s={search_term_string}\"},\"query-input\":\"required name=search_term_string\"}],\"inLanguage\":\"fr-FR\"},{\"@type\":\"Organization\",\"@id\":\"https:\/\/www.gruppoliturgico.com\/es\/#organization\",\"name\":\"Laboratorio Gruppo Liturgico\",\"url\":\"https:\/\/www.gruppoliturgico.com\/es\/\",\"logo\":{\"@type\":\"ImageObject\",\"inLanguage\":\"fr-FR\",\"@id\":\"https:\/\/www.gruppoliturgico.com\/es\/#\/schema\/logo\/image\/\",\"url\":\"https:\/\/www.gruppoliturgico.com\/wp-content\/uploads\/2022\/02\/logo-laboratoriogruppoliturgico.png\",\"contentUrl\":\"https:\/\/www.gruppoliturgico.com\/wp-content\/uploads\/2022\/02\/logo-laboratoriogruppoliturgico.png\",\"width\":400,\"height\":114,\"caption\":\"Laboratorio Gruppo Liturgico\"},\"image\":{\"@id\":\"https:\/\/www.gruppoliturgico.com\/es\/#\/schema\/logo\/image\/\"}}]}<\/script>\n<!-- \/ Yoast SEO plugin. -->","yoast_head_json":{"title":"colonne - et Laboratorio Gruppo Liturgico","description":"Grand ange, pos\u00e9 sur un nuage, soutient avec le corne d'abondance le plan indiqu\u00e9 pour un tabernacle ou soutien statue.  Ouvrage en bois sculpt\u00e9 et dor\u00e9 \u00e0 la feuille d'or.   Hauteur cm 120 plan mesures sur demande.","robots":{"index":"index","follow":"follow","max-snippet":"max-snippet:-1","max-image-preview":"max-image-preview:large","max-video-preview":"max-video-preview:-1"},"canonical":"https:\/\/www.gruppoliturgico.com\/fr\/produit\/colonne-4\/","og_locale":"fr_FR","og_type":"article","og_title":"colonne - et Laboratorio Gruppo Liturgico","og_description":"Grand ange, pos\u00e9 sur un nuage, soutient avec le corne d'abondance le plan indiqu\u00e9 pour un tabernacle ou soutien statue.  Ouvrage en bois sculpt\u00e9 et dor\u00e9 \u00e0 la feuille d'or.   Hauteur cm 120 plan mesures sur demande.","og_url":"https:\/\/www.gruppoliturgico.com\/fr\/produit\/colonne-4\/","og_site_name":"Laboratorio Gruppo Liturgico","article_modified_time":"2022-05-20T05:25:29+00:00","og_image":[{"width":1334,"height":2000,"url":"https:\/\/www.gruppoliturgico.com\/wp-content\/uploads\/2022\/05\/1214-1.jpg","type":"image\/jpeg"}],"twitter_card":"summary_large_image","schema":{"@context":"https:\/\/schema.org","@graph":[{"@type":"WebPage","@id":"https:\/\/www.gruppoliturgico.com\/fr\/produit\/colonne-4\/","url":"https:\/\/www.gruppoliturgico.com\/fr\/produit\/colonne-4\/","name":"colonne - et Laboratorio Gruppo Liturgico","isPartOf":{"@id":"https:\/\/www.gruppoliturgico.com\/es\/#website"},"datePublished":"2022-05-19T21:08:04+00:00","dateModified":"2022-05-20T05:25:29+00:00","description":"Grand ange, pos\u00e9 sur un nuage, soutient avec le corne d'abondance le plan indiqu\u00e9 pour un tabernacle ou soutien statue. Ouvrage en bois sculpt\u00e9 et dor\u00e9 \u00e0 la feuille d'or. Hauteur cm 120 plan mesures sur demande.","breadcrumb":{"@id":"https:\/\/www.gruppoliturgico.com\/fr\/produit\/colonne-4\/#breadcrumb"},"inLanguage":"fr-FR","potentialAction":[{"@type":"ReadAction","target":["https:\/\/www.gruppoliturgico.com\/fr\/produit\/colonne-4\/"]}]},{"@type":"BreadcrumbList","@id":"https:\/\/www.gruppoliturgico.com\/fr\/produit\/colonne-4\/#breadcrumb","itemListElement":[{"@type":"ListItem","position":1,"name":"Home","item":"https:\/\/www.gruppoliturgico.com\/fr\/"},{"@type":"ListItem","position":2,"name":"Boutique","item":"https:\/\/www.gruppoliturgico.com\/fr\/boutique\/"},{"@type":"ListItem","position":3,"name":"colonne"}]},{"@type":"WebSite","@id":"https:\/\/www.gruppoliturgico.com\/es\/#website","url":"https:\/\/www.gruppoliturgico.com\/es\/","name":"Laboratorio Gruppo Liturgico","description":"Articoli Religiosi online","publisher":{"@id":"https:\/\/www.gruppoliturgico.com\/es\/#organization"},"potentialAction":[{"@type":"SearchAction","target":{"@type":"EntryPoint","urlTemplate":"https:\/\/www.gruppoliturgico.com\/es\/?s={search_term_string}"},"query-input":"required name=search_term_string"}],"inLanguage":"fr-FR"},{"@type":"Organization","@id":"https:\/\/www.gruppoliturgico.com\/es\/#organization","name":"Laboratorio Gruppo Liturgico","url":"https:\/\/www.gruppoliturgico.com\/es\/","logo":{"@type":"ImageObject","inLanguage":"fr-FR","@id":"https:\/\/www.gruppoliturgico.com\/es\/#\/schema\/logo\/image\/","url":"https:\/\/www.gruppoliturgico.com\/wp-content\/uploads\/2022\/02\/logo-laboratoriogruppoliturgico.png","contentUrl":"https:\/\/www.gruppoliturgico.com\/wp-content\/uploads\/2022\/02\/logo-laboratoriogruppoliturgico.png","width":400,"height":114,"caption":"Laboratorio Gruppo Liturgico"},"image":{"@id":"https:\/\/www.gruppoliturgico.com\/es\/#\/schema\/logo\/image\/"}}]}},"_links":{"self":[{"href":"https:\/\/www.gruppoliturgico.com\/fr\/wp-json\/wp\/v2\/product\/63477"}],"collection":[{"href":"https:\/\/www.gruppoliturgico.com\/fr\/wp-json\/wp\/v2\/product"}],"about":[{"href":"https:\/\/www.gruppoliturgico.com\/fr\/wp-json\/wp\/v2\/types\/product"}],"wp:featuredmedia":[{"embeddable":true,"href":"https:\/\/www.gruppoliturgico.com\/fr\/wp-json\/wp\/v2\/media\/118232"}],"wp:attachment":[{"href":"https:\/\/www.gruppoliturgico.com\/fr\/wp-json\/wp\/v2\/media?parent=63477"}],"wp:term":[{"taxonomy":"product_cat","embeddable":true,"href":"https:\/\/www.gruppoliturgico.com\/fr\/wp-json\/wp\/v2\/product_cat?post=63477"},{"taxonomy":"product_tag","embeddable":true,"href":"https:\/\/www.gruppoliturgico.com\/fr\/wp-json\/wp\/v2\/product_tag?post=63477"}],"curies":[{"name":"wp","href":"https:\/\/api.w.org\/{rel}","templated":true}]}}