{"id":63473,"date":"2022-05-19T23:07:49","date_gmt":"2022-05-19T21:07:54","guid":{"rendered":"https:\/\/www.gruppoliturgico.com\/prodotto\/paire-de-chandeliers-a-cinq-branches\/"},"modified":"2022-09-27T15:40:33","modified_gmt":"2022-09-27T13:40:33","slug":"paire-de-chandeliers-a-cinq-branches","status":"publish","type":"product","link":"https:\/\/www.gruppoliturgico.com\/fr\/produit\/paire-de-chandeliers-a-cinq-branches\/","title":{"rendered":"paire de chandeliers \u00e0 cinq branches"},"content":{"rendered":"<html><body><p>Paire de chandeliers \u00e0 cinq flammes en bois sculpt\u00e9 \u00e0 la main.<br>\nIls pr\u00e9sentents un entrelacement \u00e9labor\u00e9 de frises et de sculptures baroques.<br>\nDorure \u00e0 la feuille d\u2019or.<br>\nHauteur, les bougies exclues, cm 88.<\/p>\n<p>Le prix est relative a deux chandeliers.<\/p>\n<\/body><\/html>","protected":false},"excerpt":{"rendered":"<p>Paire de chandeliers \u00e0 cinq flammes en bois sculpt\u00e9 \u00e0 la main.<br \/>\nIls pr\u00e9sentents un entrelacement \u00e9labor\u00e9 de frises et de sculptures baroques.<br \/>\nDorure \u00e0 la feuille d\u2019or.<br \/>\nHauteur, les bougies exclues, cm 88.<\/p>\n<p>Le prix est relative a deux chandeliers.<\/p>\n","protected":false},"featured_media":132104,"template":"","meta":[],"product_cat":[12056],"product_tag":[],"yoast_head":"<!-- This site is optimized with the Yoast SEO plugin v20.4 - https:\/\/yoast.com\/wordpress\/plugins\/seo\/ -->\n<title>paire de chandeliers \u00e0 cinq branches - Chandelier \u00e0 plusieurs branches et Laboratorio Gruppo Liturgico<\/title>\n<meta name=\"description\" content=\"Paire de chandeliers \u00e0 cinq flammes en bois sculpt\u00e9 \u00e0 la main. Ils pr\u00e9sentents un entrelacement \u00e9labor\u00e9 de frises et de sculptures baroques. Dorure \u00e0 la feuille d\u2019or. Hauteur, les bougies exclues, cm 88.  Le prix est relative a deux chandeliers.\" \/>\n<meta name=\"robots\" content=\"index, follow, max-snippet:-1, max-image-preview:large, max-video-preview:-1\" \/>\n<link rel=\"canonical\" href=\"https:\/\/www.gruppoliturgico.com\/fr\/produit\/paire-de-chandeliers-a-cinq-branches\/\" \/>\n<meta property=\"og:locale\" content=\"fr_FR\" \/>\n<meta property=\"og:type\" content=\"article\" \/>\n<meta property=\"og:title\" content=\"paire de chandeliers \u00e0 cinq branches - Chandelier \u00e0 plusieurs branches et Laboratorio Gruppo Liturgico\" \/>\n<meta property=\"og:description\" content=\"Paire de chandeliers \u00e0 cinq flammes en bois sculpt\u00e9 \u00e0 la main. Ils pr\u00e9sentents un entrelacement \u00e9labor\u00e9 de frises et de sculptures baroques. Dorure \u00e0 la feuille d\u2019or. Hauteur, les bougies exclues, cm 88.  Le prix est relative a deux chandeliers.\" \/>\n<meta property=\"og:url\" content=\"https:\/\/www.gruppoliturgico.com\/fr\/produit\/paire-de-chandeliers-a-cinq-branches\/\" \/>\n<meta property=\"og:site_name\" content=\"Laboratorio Gruppo Liturgico\" \/>\n<meta property=\"article:modified_time\" content=\"2022-09-27T13:40:33+00:00\" \/>\n<meta property=\"og:image\" content=\"https:\/\/www.gruppoliturgico.com\/wp-content\/uploads\/2022\/05\/1207-horz.jpg\" \/>\n\t<meta property=\"og:image:width\" content=\"1494\" \/>\n\t<meta property=\"og:image:height\" content=\"1500\" \/>\n\t<meta property=\"og:image:type\" content=\"image\/jpeg\" \/>\n<meta name=\"twitter:card\" content=\"summary_large_image\" \/>\n<script type=\"application\/ld+json\" class=\"yoast-schema-graph\">{\"@context\":\"https:\/\/schema.org\",\"@graph\":[{\"@type\":\"WebPage\",\"@id\":\"https:\/\/www.gruppoliturgico.com\/fr\/produit\/paire-de-chandeliers-a-cinq-branches\/\",\"url\":\"https:\/\/www.gruppoliturgico.com\/fr\/produit\/paire-de-chandeliers-a-cinq-branches\/\",\"name\":\"paire de chandeliers \u00e0 cinq branches - Chandelier \u00e0 plusieurs branches et Laboratorio Gruppo Liturgico\",\"isPartOf\":{\"@id\":\"https:\/\/www.gruppoliturgico.com\/es\/#website\"},\"datePublished\":\"2022-05-19T21:07:54+00:00\",\"dateModified\":\"2022-09-27T13:40:33+00:00\",\"description\":\"Paire de chandeliers \u00e0 cinq flammes en bois sculpt\u00e9 \u00e0 la main. Ils pr\u00e9sentents un entrelacement \u00e9labor\u00e9 de frises et de sculptures baroques. Dorure \u00e0 la feuille d\u2019or. Hauteur, les bougies exclues, cm 88. Le prix est relative a deux chandeliers.\",\"breadcrumb\":{\"@id\":\"https:\/\/www.gruppoliturgico.com\/fr\/produit\/paire-de-chandeliers-a-cinq-branches\/#breadcrumb\"},\"inLanguage\":\"fr-FR\",\"potentialAction\":[{\"@type\":\"ReadAction\",\"target\":[\"https:\/\/www.gruppoliturgico.com\/fr\/produit\/paire-de-chandeliers-a-cinq-branches\/\"]}]},{\"@type\":\"BreadcrumbList\",\"@id\":\"https:\/\/www.gruppoliturgico.com\/fr\/produit\/paire-de-chandeliers-a-cinq-branches\/#breadcrumb\",\"itemListElement\":[{\"@type\":\"ListItem\",\"position\":1,\"name\":\"Home\",\"item\":\"https:\/\/www.gruppoliturgico.com\/fr\/\"},{\"@type\":\"ListItem\",\"position\":2,\"name\":\"Boutique\",\"item\":\"https:\/\/www.gruppoliturgico.com\/fr\/boutique\/\"},{\"@type\":\"ListItem\",\"position\":3,\"name\":\"paire de chandeliers \u00e0 cinq branches\"}]},{\"@type\":\"WebSite\",\"@id\":\"https:\/\/www.gruppoliturgico.com\/es\/#website\",\"url\":\"https:\/\/www.gruppoliturgico.com\/es\/\",\"name\":\"Laboratorio Gruppo Liturgico\",\"description\":\"Articoli Religiosi online\",\"publisher\":{\"@id\":\"https:\/\/www.gruppoliturgico.com\/es\/#organization\"},\"potentialAction\":[{\"@type\":\"SearchAction\",\"target\":{\"@type\":\"EntryPoint\",\"urlTemplate\":\"https:\/\/www.gruppoliturgico.com\/es\/?s={search_term_string}\"},\"query-input\":\"required name=search_term_string\"}],\"inLanguage\":\"fr-FR\"},{\"@type\":\"Organization\",\"@id\":\"https:\/\/www.gruppoliturgico.com\/es\/#organization\",\"name\":\"Laboratorio Gruppo Liturgico\",\"url\":\"https:\/\/www.gruppoliturgico.com\/es\/\",\"logo\":{\"@type\":\"ImageObject\",\"inLanguage\":\"fr-FR\",\"@id\":\"https:\/\/www.gruppoliturgico.com\/es\/#\/schema\/logo\/image\/\",\"url\":\"https:\/\/www.gruppoliturgico.com\/wp-content\/uploads\/2022\/02\/logo-laboratoriogruppoliturgico.png\",\"contentUrl\":\"https:\/\/www.gruppoliturgico.com\/wp-content\/uploads\/2022\/02\/logo-laboratoriogruppoliturgico.png\",\"width\":400,\"height\":114,\"caption\":\"Laboratorio Gruppo Liturgico\"},\"image\":{\"@id\":\"https:\/\/www.gruppoliturgico.com\/es\/#\/schema\/logo\/image\/\"}}]}<\/script>\n<!-- \/ Yoast SEO plugin. -->","yoast_head_json":{"title":"paire de chandeliers \u00e0 cinq branches - Chandelier \u00e0 plusieurs branches et Laboratorio Gruppo Liturgico","description":"Paire de chandeliers \u00e0 cinq flammes en bois sculpt\u00e9 \u00e0 la main. Ils pr\u00e9sentents un entrelacement \u00e9labor\u00e9 de frises et de sculptures baroques. Dorure \u00e0 la feuille d\u2019or. Hauteur, les bougies exclues, cm 88.  Le prix est relative a deux chandeliers.","robots":{"index":"index","follow":"follow","max-snippet":"max-snippet:-1","max-image-preview":"max-image-preview:large","max-video-preview":"max-video-preview:-1"},"canonical":"https:\/\/www.gruppoliturgico.com\/fr\/produit\/paire-de-chandeliers-a-cinq-branches\/","og_locale":"fr_FR","og_type":"article","og_title":"paire de chandeliers \u00e0 cinq branches - Chandelier \u00e0 plusieurs branches et Laboratorio Gruppo Liturgico","og_description":"Paire de chandeliers \u00e0 cinq flammes en bois sculpt\u00e9 \u00e0 la main. Ils pr\u00e9sentents un entrelacement \u00e9labor\u00e9 de frises et de sculptures baroques. Dorure \u00e0 la feuille d\u2019or. Hauteur, les bougies exclues, cm 88.  Le prix est relative a deux chandeliers.","og_url":"https:\/\/www.gruppoliturgico.com\/fr\/produit\/paire-de-chandeliers-a-cinq-branches\/","og_site_name":"Laboratorio Gruppo Liturgico","article_modified_time":"2022-09-27T13:40:33+00:00","og_image":[{"width":1494,"height":1500,"url":"https:\/\/www.gruppoliturgico.com\/wp-content\/uploads\/2022\/05\/1207-horz.jpg","type":"image\/jpeg"}],"twitter_card":"summary_large_image","schema":{"@context":"https:\/\/schema.org","@graph":[{"@type":"WebPage","@id":"https:\/\/www.gruppoliturgico.com\/fr\/produit\/paire-de-chandeliers-a-cinq-branches\/","url":"https:\/\/www.gruppoliturgico.com\/fr\/produit\/paire-de-chandeliers-a-cinq-branches\/","name":"paire de chandeliers \u00e0 cinq branches - Chandelier \u00e0 plusieurs branches et Laboratorio Gruppo Liturgico","isPartOf":{"@id":"https:\/\/www.gruppoliturgico.com\/es\/#website"},"datePublished":"2022-05-19T21:07:54+00:00","dateModified":"2022-09-27T13:40:33+00:00","description":"Paire de chandeliers \u00e0 cinq flammes en bois sculpt\u00e9 \u00e0 la main. Ils pr\u00e9sentents un entrelacement \u00e9labor\u00e9 de frises et de sculptures baroques. Dorure \u00e0 la feuille d\u2019or. Hauteur, les bougies exclues, cm 88. Le prix est relative a deux chandeliers.","breadcrumb":{"@id":"https:\/\/www.gruppoliturgico.com\/fr\/produit\/paire-de-chandeliers-a-cinq-branches\/#breadcrumb"},"inLanguage":"fr-FR","potentialAction":[{"@type":"ReadAction","target":["https:\/\/www.gruppoliturgico.com\/fr\/produit\/paire-de-chandeliers-a-cinq-branches\/"]}]},{"@type":"BreadcrumbList","@id":"https:\/\/www.gruppoliturgico.com\/fr\/produit\/paire-de-chandeliers-a-cinq-branches\/#breadcrumb","itemListElement":[{"@type":"ListItem","position":1,"name":"Home","item":"https:\/\/www.gruppoliturgico.com\/fr\/"},{"@type":"ListItem","position":2,"name":"Boutique","item":"https:\/\/www.gruppoliturgico.com\/fr\/boutique\/"},{"@type":"ListItem","position":3,"name":"paire de chandeliers \u00e0 cinq branches"}]},{"@type":"WebSite","@id":"https:\/\/www.gruppoliturgico.com\/es\/#website","url":"https:\/\/www.gruppoliturgico.com\/es\/","name":"Laboratorio Gruppo Liturgico","description":"Articoli Religiosi online","publisher":{"@id":"https:\/\/www.gruppoliturgico.com\/es\/#organization"},"potentialAction":[{"@type":"SearchAction","target":{"@type":"EntryPoint","urlTemplate":"https:\/\/www.gruppoliturgico.com\/es\/?s={search_term_string}"},"query-input":"required name=search_term_string"}],"inLanguage":"fr-FR"},{"@type":"Organization","@id":"https:\/\/www.gruppoliturgico.com\/es\/#organization","name":"Laboratorio Gruppo Liturgico","url":"https:\/\/www.gruppoliturgico.com\/es\/","logo":{"@type":"ImageObject","inLanguage":"fr-FR","@id":"https:\/\/www.gruppoliturgico.com\/es\/#\/schema\/logo\/image\/","url":"https:\/\/www.gruppoliturgico.com\/wp-content\/uploads\/2022\/02\/logo-laboratoriogruppoliturgico.png","contentUrl":"https:\/\/www.gruppoliturgico.com\/wp-content\/uploads\/2022\/02\/logo-laboratoriogruppoliturgico.png","width":400,"height":114,"caption":"Laboratorio Gruppo Liturgico"},"image":{"@id":"https:\/\/www.gruppoliturgico.com\/es\/#\/schema\/logo\/image\/"}}]}},"_links":{"self":[{"href":"https:\/\/www.gruppoliturgico.com\/fr\/wp-json\/wp\/v2\/product\/63473"}],"collection":[{"href":"https:\/\/www.gruppoliturgico.com\/fr\/wp-json\/wp\/v2\/product"}],"about":[{"href":"https:\/\/www.gruppoliturgico.com\/fr\/wp-json\/wp\/v2\/types\/product"}],"wp:featuredmedia":[{"embeddable":true,"href":"https:\/\/www.gruppoliturgico.com\/fr\/wp-json\/wp\/v2\/media\/132104"}],"wp:attachment":[{"href":"https:\/\/www.gruppoliturgico.com\/fr\/wp-json\/wp\/v2\/media?parent=63473"}],"wp:term":[{"taxonomy":"product_cat","embeddable":true,"href":"https:\/\/www.gruppoliturgico.com\/fr\/wp-json\/wp\/v2\/product_cat?post=63473"},{"taxonomy":"product_tag","embeddable":true,"href":"https:\/\/www.gruppoliturgico.com\/fr\/wp-json\/wp\/v2\/product_tag?post=63473"}],"curies":[{"name":"wp","href":"https:\/\/api.w.org\/{rel}","templated":true}]}}