{"id":63441,"date":"2022-05-19T23:06:21","date_gmt":"2022-05-19T21:06:25","guid":{"rendered":"https:\/\/www.gruppoliturgico.com\/prodotto\/autel-4\/"},"modified":"2022-10-19T11:44:53","modified_gmt":"2022-10-19T09:44:53","slug":"autel-4","status":"publish","type":"product","link":"https:\/\/www.gruppoliturgico.com\/fr\/produit\/autel-4\/","title":{"rendered":"autel"},"content":{"rendered":"<html><body><p>Autel en bois massif de style baroque du XVII si\u00e8cle.<br>\nOeuvre unique et originale avec des panneaux frontaux et lat\u00e9raux en bois de tilleul accompagn\u00e9es de pilastres et de molure sur les colonnes.<br>\nDimensions de la base cm 170 x 60<br>\ntable de cm 190 x 80 ou au choix du client.<\/p>\n<\/body><\/html>","protected":false},"excerpt":{"rendered":"<p>Autel en bois massif de style baroque du XVII si\u00e8cle.<br \/>\nOeuvre unique et originale avec des panneaux frontaux et lat\u00e9raux en bois de tilleul accompagn\u00e9es de pilastres et de molure sur les colonnes.<br \/>\nDimensions de la base cm 170 x 60<br \/>\nTable de cm 190 x 80 ou au choix du client.<\/p>\n<p><img loading=\"lazy\" class=\"alignnone wp-image-76790 size-large\" src=\"https:\/\/www.gruppoliturgico.com\/wp-content\/uploads\/2022\/05\/1316_2-1024x698.jpg\" alt=\"\" width=\"1024\" height=\"698\" srcset=\"https:\/\/www.gruppoliturgico.com\/wp-content\/uploads\/2022\/05\/1316_2-1024x698.jpg 1024w, https:\/\/www.gruppoliturgico.com\/wp-content\/uploads\/2022\/05\/1316_2-300x204.jpg 300w, https:\/\/www.gruppoliturgico.com\/wp-content\/uploads\/2022\/05\/1316_2-768x523.jpg 768w, https:\/\/www.gruppoliturgico.com\/wp-content\/uploads\/2022\/05\/1316_2-920x627.jpg 920w, https:\/\/www.gruppoliturgico.com\/wp-content\/uploads\/2022\/05\/1316_2-230x157.jpg 230w, https:\/\/www.gruppoliturgico.com\/wp-content\/uploads\/2022\/05\/1316_2-350x238.jpg 350w, https:\/\/www.gruppoliturgico.com\/wp-content\/uploads\/2022\/05\/1316_2-480x327.jpg 480w, https:\/\/www.gruppoliturgico.com\/wp-content\/uploads\/2022\/05\/1316_2-600x409.jpg 600w, https:\/\/www.gruppoliturgico.com\/wp-content\/uploads\/2022\/05\/1316_2.jpg 1500w\" sizes=\"(max-width: 1024px) 100vw, 1024px\" \/><\/p>\n<p>Photo d\u2019ensemble de l\u2019autel et de ses accessoires.<\/p>\n","protected":false},"featured_media":131258,"template":"","meta":[],"product_cat":[12136],"product_tag":[],"yoast_head":"<!-- This site is optimized with the Yoast SEO plugin v20.4 - https:\/\/yoast.com\/wordpress\/plugins\/seo\/ -->\n<title>autel - art 1316 et Laboratorio Gruppo Liturgico<\/title>\n<meta name=\"description\" content=\"Autel en bois massif de style baroque du XVII si\u00e8cle. Oeuvre unique et originale avec des panneaux frontaux et lat\u00e9raux en bois de tilleul accompagn\u00e9es de pilastres et de molure sur les colonnes. Dimensions de la base cm 170 x 60 Table de cm 190 x 80 ou au choix du client.     Photo d\u2019ensemble de l\u2019autel et de ses accessoires.\" \/>\n<meta name=\"robots\" content=\"index, follow, max-snippet:-1, max-image-preview:large, max-video-preview:-1\" \/>\n<link rel=\"canonical\" href=\"https:\/\/www.gruppoliturgico.com\/fr\/produit\/autel-4\/\" \/>\n<meta property=\"og:locale\" content=\"fr_FR\" \/>\n<meta property=\"og:type\" content=\"article\" \/>\n<meta property=\"og:title\" content=\"autel - art 1316 et Laboratorio Gruppo Liturgico\" \/>\n<meta property=\"og:description\" content=\"Autel en bois massif de style baroque du XVII si\u00e8cle. Oeuvre unique et originale avec des panneaux frontaux et lat\u00e9raux en bois de tilleul accompagn\u00e9es de pilastres et de molure sur les colonnes. Dimensions de la base cm 170 x 60 Table de cm 190 x 80 ou au choix du client.     Photo d\u2019ensemble de l\u2019autel et de ses accessoires.\" \/>\n<meta property=\"og:url\" content=\"https:\/\/www.gruppoliturgico.com\/fr\/produit\/autel-4\/\" \/>\n<meta property=\"og:site_name\" content=\"Laboratorio Gruppo Liturgico\" \/>\n<meta property=\"article:modified_time\" content=\"2022-10-19T09:44:53+00:00\" \/>\n<meta property=\"og:image\" content=\"https:\/\/www.gruppoliturgico.com\/wp-content\/uploads\/2022\/05\/131620SC.jpg\" \/>\n\t<meta property=\"og:image:width\" content=\"1500\" \/>\n\t<meta property=\"og:image:height\" content=\"833\" \/>\n\t<meta property=\"og:image:type\" content=\"image\/jpeg\" \/>\n<meta name=\"twitter:card\" content=\"summary_large_image\" \/>\n<script type=\"application\/ld+json\" class=\"yoast-schema-graph\">{\"@context\":\"https:\/\/schema.org\",\"@graph\":[{\"@type\":\"WebPage\",\"@id\":\"https:\/\/www.gruppoliturgico.com\/fr\/produit\/autel-4\/\",\"url\":\"https:\/\/www.gruppoliturgico.com\/fr\/produit\/autel-4\/\",\"name\":\"autel - art 1316 et Laboratorio Gruppo Liturgico\",\"isPartOf\":{\"@id\":\"https:\/\/www.gruppoliturgico.com\/es\/#website\"},\"datePublished\":\"2022-05-19T21:06:25+00:00\",\"dateModified\":\"2022-10-19T09:44:53+00:00\",\"description\":\"Autel en bois massif de style baroque du XVII si\u00e8cle. Oeuvre unique et originale avec des panneaux frontaux et lat\u00e9raux en bois de tilleul accompagn\u00e9es de pilastres et de molure sur les colonnes. Dimensions de la base cm 170 x 60 Table de cm 190 x 80 ou au choix du client. Photo d\u2019ensemble de l\u2019autel et de ses accessoires.\",\"breadcrumb\":{\"@id\":\"https:\/\/www.gruppoliturgico.com\/fr\/produit\/autel-4\/#breadcrumb\"},\"inLanguage\":\"fr-FR\",\"potentialAction\":[{\"@type\":\"ReadAction\",\"target\":[\"https:\/\/www.gruppoliturgico.com\/fr\/produit\/autel-4\/\"]}]},{\"@type\":\"BreadcrumbList\",\"@id\":\"https:\/\/www.gruppoliturgico.com\/fr\/produit\/autel-4\/#breadcrumb\",\"itemListElement\":[{\"@type\":\"ListItem\",\"position\":1,\"name\":\"Home\",\"item\":\"https:\/\/www.gruppoliturgico.com\/fr\/\"},{\"@type\":\"ListItem\",\"position\":2,\"name\":\"Boutique\",\"item\":\"https:\/\/www.gruppoliturgico.com\/fr\/boutique\/\"},{\"@type\":\"ListItem\",\"position\":3,\"name\":\"autel\"}]},{\"@type\":\"WebSite\",\"@id\":\"https:\/\/www.gruppoliturgico.com\/es\/#website\",\"url\":\"https:\/\/www.gruppoliturgico.com\/es\/\",\"name\":\"Laboratorio Gruppo Liturgico\",\"description\":\"Articoli Religiosi online\",\"publisher\":{\"@id\":\"https:\/\/www.gruppoliturgico.com\/es\/#organization\"},\"potentialAction\":[{\"@type\":\"SearchAction\",\"target\":{\"@type\":\"EntryPoint\",\"urlTemplate\":\"https:\/\/www.gruppoliturgico.com\/es\/?s={search_term_string}\"},\"query-input\":\"required name=search_term_string\"}],\"inLanguage\":\"fr-FR\"},{\"@type\":\"Organization\",\"@id\":\"https:\/\/www.gruppoliturgico.com\/es\/#organization\",\"name\":\"Laboratorio Gruppo Liturgico\",\"url\":\"https:\/\/www.gruppoliturgico.com\/es\/\",\"logo\":{\"@type\":\"ImageObject\",\"inLanguage\":\"fr-FR\",\"@id\":\"https:\/\/www.gruppoliturgico.com\/es\/#\/schema\/logo\/image\/\",\"url\":\"https:\/\/www.gruppoliturgico.com\/wp-content\/uploads\/2022\/02\/logo-laboratoriogruppoliturgico.png\",\"contentUrl\":\"https:\/\/www.gruppoliturgico.com\/wp-content\/uploads\/2022\/02\/logo-laboratoriogruppoliturgico.png\",\"width\":400,\"height\":114,\"caption\":\"Laboratorio Gruppo Liturgico\"},\"image\":{\"@id\":\"https:\/\/www.gruppoliturgico.com\/es\/#\/schema\/logo\/image\/\"}}]}<\/script>\n<!-- \/ Yoast SEO plugin. -->","yoast_head_json":{"title":"autel - art 1316 et Laboratorio Gruppo Liturgico","description":"Autel en bois massif de style baroque du XVII si\u00e8cle. Oeuvre unique et originale avec des panneaux frontaux et lat\u00e9raux en bois de tilleul accompagn\u00e9es de pilastres et de molure sur les colonnes. Dimensions de la base cm 170 x 60 Table de cm 190 x 80 ou au choix du client.     Photo d\u2019ensemble de l\u2019autel et de ses accessoires.","robots":{"index":"index","follow":"follow","max-snippet":"max-snippet:-1","max-image-preview":"max-image-preview:large","max-video-preview":"max-video-preview:-1"},"canonical":"https:\/\/www.gruppoliturgico.com\/fr\/produit\/autel-4\/","og_locale":"fr_FR","og_type":"article","og_title":"autel - art 1316 et Laboratorio Gruppo Liturgico","og_description":"Autel en bois massif de style baroque du XVII si\u00e8cle. Oeuvre unique et originale avec des panneaux frontaux et lat\u00e9raux en bois de tilleul accompagn\u00e9es de pilastres et de molure sur les colonnes. Dimensions de la base cm 170 x 60 Table de cm 190 x 80 ou au choix du client.     Photo d\u2019ensemble de l\u2019autel et de ses accessoires.","og_url":"https:\/\/www.gruppoliturgico.com\/fr\/produit\/autel-4\/","og_site_name":"Laboratorio Gruppo Liturgico","article_modified_time":"2022-10-19T09:44:53+00:00","og_image":[{"width":1500,"height":833,"url":"https:\/\/www.gruppoliturgico.com\/wp-content\/uploads\/2022\/05\/131620SC.jpg","type":"image\/jpeg"}],"twitter_card":"summary_large_image","schema":{"@context":"https:\/\/schema.org","@graph":[{"@type":"WebPage","@id":"https:\/\/www.gruppoliturgico.com\/fr\/produit\/autel-4\/","url":"https:\/\/www.gruppoliturgico.com\/fr\/produit\/autel-4\/","name":"autel - art 1316 et Laboratorio Gruppo Liturgico","isPartOf":{"@id":"https:\/\/www.gruppoliturgico.com\/es\/#website"},"datePublished":"2022-05-19T21:06:25+00:00","dateModified":"2022-10-19T09:44:53+00:00","description":"Autel en bois massif de style baroque du XVII si\u00e8cle. Oeuvre unique et originale avec des panneaux frontaux et lat\u00e9raux en bois de tilleul accompagn\u00e9es de pilastres et de molure sur les colonnes. Dimensions de la base cm 170 x 60 Table de cm 190 x 80 ou au choix du client. Photo d\u2019ensemble de l\u2019autel et de ses accessoires.","breadcrumb":{"@id":"https:\/\/www.gruppoliturgico.com\/fr\/produit\/autel-4\/#breadcrumb"},"inLanguage":"fr-FR","potentialAction":[{"@type":"ReadAction","target":["https:\/\/www.gruppoliturgico.com\/fr\/produit\/autel-4\/"]}]},{"@type":"BreadcrumbList","@id":"https:\/\/www.gruppoliturgico.com\/fr\/produit\/autel-4\/#breadcrumb","itemListElement":[{"@type":"ListItem","position":1,"name":"Home","item":"https:\/\/www.gruppoliturgico.com\/fr\/"},{"@type":"ListItem","position":2,"name":"Boutique","item":"https:\/\/www.gruppoliturgico.com\/fr\/boutique\/"},{"@type":"ListItem","position":3,"name":"autel"}]},{"@type":"WebSite","@id":"https:\/\/www.gruppoliturgico.com\/es\/#website","url":"https:\/\/www.gruppoliturgico.com\/es\/","name":"Laboratorio Gruppo Liturgico","description":"Articoli Religiosi online","publisher":{"@id":"https:\/\/www.gruppoliturgico.com\/es\/#organization"},"potentialAction":[{"@type":"SearchAction","target":{"@type":"EntryPoint","urlTemplate":"https:\/\/www.gruppoliturgico.com\/es\/?s={search_term_string}"},"query-input":"required name=search_term_string"}],"inLanguage":"fr-FR"},{"@type":"Organization","@id":"https:\/\/www.gruppoliturgico.com\/es\/#organization","name":"Laboratorio Gruppo Liturgico","url":"https:\/\/www.gruppoliturgico.com\/es\/","logo":{"@type":"ImageObject","inLanguage":"fr-FR","@id":"https:\/\/www.gruppoliturgico.com\/es\/#\/schema\/logo\/image\/","url":"https:\/\/www.gruppoliturgico.com\/wp-content\/uploads\/2022\/02\/logo-laboratoriogruppoliturgico.png","contentUrl":"https:\/\/www.gruppoliturgico.com\/wp-content\/uploads\/2022\/02\/logo-laboratoriogruppoliturgico.png","width":400,"height":114,"caption":"Laboratorio Gruppo Liturgico"},"image":{"@id":"https:\/\/www.gruppoliturgico.com\/es\/#\/schema\/logo\/image\/"}}]}},"_links":{"self":[{"href":"https:\/\/www.gruppoliturgico.com\/fr\/wp-json\/wp\/v2\/product\/63441"}],"collection":[{"href":"https:\/\/www.gruppoliturgico.com\/fr\/wp-json\/wp\/v2\/product"}],"about":[{"href":"https:\/\/www.gruppoliturgico.com\/fr\/wp-json\/wp\/v2\/types\/product"}],"wp:featuredmedia":[{"embeddable":true,"href":"https:\/\/www.gruppoliturgico.com\/fr\/wp-json\/wp\/v2\/media\/131258"}],"wp:attachment":[{"href":"https:\/\/www.gruppoliturgico.com\/fr\/wp-json\/wp\/v2\/media?parent=63441"}],"wp:term":[{"taxonomy":"product_cat","embeddable":true,"href":"https:\/\/www.gruppoliturgico.com\/fr\/wp-json\/wp\/v2\/product_cat?post=63441"},{"taxonomy":"product_tag","embeddable":true,"href":"https:\/\/www.gruppoliturgico.com\/fr\/wp-json\/wp\/v2\/product_tag?post=63441"}],"curies":[{"name":"wp","href":"https:\/\/api.w.org\/{rel}","templated":true}]}}