{"id":63417,"date":"2022-05-19T23:05:21","date_gmt":"2022-05-19T21:05:26","guid":{"rendered":"https:\/\/www.gruppoliturgico.com\/prodotto\/colonne\/"},"modified":"2022-10-21T10:46:54","modified_gmt":"2022-10-21T08:46:54","slug":"colonne","status":"publish","type":"product","link":"https:\/\/www.gruppoliturgico.com\/fr\/produit\/colonne\/","title":{"rendered":"colonne"},"content":{"rendered":"<html><body><p>Colonne en bois massif de structure simple et lin\u00e9aire.<br>\nSoutien-tabernacle ou soutien-statue.<br>\nLe symbole central est en bois dor\u00e9 \u00e0 la feuille d\u2019or.<br>\nColonnes lat\u00e9rales \u00e0 cannelures dor\u00e9es \u00e0 la feuille d\u2019or ainsi que tous les cadres.<br>\nDimensions<br>\nHauteur cm 110<br>\nBase cm 36 x 52<br>\nPlan d\u2019appui de cm 60 x 40 ou sur demande.<\/p>\n<\/body><\/html>","protected":false},"excerpt":{"rendered":"<p>Colonne en bois massif de structure simple et lin\u00e9aire.<br \/>\nSoutien-tabernacle ou soutien-statue.<br \/>\nLe symbole central est en bois dor\u00e9 \u00e0 la feuille d\u2019or.<br \/>\nColonnes lat\u00e9rales \u00e0 cannelures dor\u00e9es \u00e0 la feuille d\u2019or ainsi que tous les cadres.<br \/>\nDimensions<br \/>\nHauteur cm 110<br \/>\nBase cm 36 x 52<br \/>\nPlan d&rsquo;appui de cm 60 x 40 ou sur demande.<\/p>\n","protected":false},"featured_media":131420,"template":"","meta":[],"product_cat":[12156],"product_tag":[],"yoast_head":"<!-- This site is optimized with the Yoast SEO plugin v20.4 - https:\/\/yoast.com\/wordpress\/plugins\/seo\/ -->\n<title>colonne - art 1670 et Laboratorio Gruppo Liturgico<\/title>\n<meta name=\"description\" content=\"Colonne en bois massif de structure simple et lin\u00e9aire. Soutien-tabernacle ou soutien-statue. Le symbole central est en bois dor\u00e9 \u00e0 la feuille d\u2019or. Colonnes lat\u00e9rales \u00e0 cannelures dor\u00e9es \u00e0 la feuille d\u2019or ainsi que tous les cadres. Dimensions Hauteur cm 110  Base cm 36 x 52 Plan d&#039;appui de cm 60 x 40 ou sur demande.\" \/>\n<meta name=\"robots\" content=\"index, follow, max-snippet:-1, max-image-preview:large, max-video-preview:-1\" \/>\n<link rel=\"canonical\" href=\"https:\/\/www.gruppoliturgico.com\/fr\/produit\/colonne\/\" \/>\n<meta property=\"og:locale\" content=\"fr_FR\" \/>\n<meta property=\"og:type\" content=\"article\" \/>\n<meta property=\"og:title\" content=\"colonne - art 1670 et Laboratorio Gruppo Liturgico\" \/>\n<meta property=\"og:description\" content=\"Colonne en bois massif de structure simple et lin\u00e9aire. Soutien-tabernacle ou soutien-statue. Le symbole central est en bois dor\u00e9 \u00e0 la feuille d\u2019or. Colonnes lat\u00e9rales \u00e0 cannelures dor\u00e9es \u00e0 la feuille d\u2019or ainsi que tous les cadres. Dimensions Hauteur cm 110  Base cm 36 x 52 Plan d&#039;appui de cm 60 x 40 ou sur demande.\" \/>\n<meta property=\"og:url\" content=\"https:\/\/www.gruppoliturgico.com\/fr\/produit\/colonne\/\" \/>\n<meta property=\"og:site_name\" content=\"Laboratorio Gruppo Liturgico\" \/>\n<meta property=\"article:modified_time\" content=\"2022-10-21T08:46:54+00:00\" \/>\n<meta property=\"og:image\" content=\"https:\/\/www.gruppoliturgico.com\/wp-content\/uploads\/2022\/05\/1672.jpg\" \/>\n\t<meta property=\"og:image:width\" content=\"921\" \/>\n\t<meta property=\"og:image:height\" content=\"1500\" \/>\n\t<meta property=\"og:image:type\" content=\"image\/jpeg\" \/>\n<meta name=\"twitter:card\" content=\"summary_large_image\" \/>\n<script type=\"application\/ld+json\" class=\"yoast-schema-graph\">{\"@context\":\"https:\/\/schema.org\",\"@graph\":[{\"@type\":\"WebPage\",\"@id\":\"https:\/\/www.gruppoliturgico.com\/fr\/produit\/colonne\/\",\"url\":\"https:\/\/www.gruppoliturgico.com\/fr\/produit\/colonne\/\",\"name\":\"colonne - art 1670 et Laboratorio Gruppo Liturgico\",\"isPartOf\":{\"@id\":\"https:\/\/www.gruppoliturgico.com\/es\/#website\"},\"datePublished\":\"2022-05-19T21:05:26+00:00\",\"dateModified\":\"2022-10-21T08:46:54+00:00\",\"description\":\"Colonne en bois massif de structure simple et lin\u00e9aire. Soutien-tabernacle ou soutien-statue. Le symbole central est en bois dor\u00e9 \u00e0 la feuille d\u2019or. Colonnes lat\u00e9rales \u00e0 cannelures dor\u00e9es \u00e0 la feuille d\u2019or ainsi que tous les cadres. Dimensions Hauteur cm 110 Base cm 36 x 52 Plan d'appui de cm 60 x 40 ou sur demande.\",\"breadcrumb\":{\"@id\":\"https:\/\/www.gruppoliturgico.com\/fr\/produit\/colonne\/#breadcrumb\"},\"inLanguage\":\"fr-FR\",\"potentialAction\":[{\"@type\":\"ReadAction\",\"target\":[\"https:\/\/www.gruppoliturgico.com\/fr\/produit\/colonne\/\"]}]},{\"@type\":\"BreadcrumbList\",\"@id\":\"https:\/\/www.gruppoliturgico.com\/fr\/produit\/colonne\/#breadcrumb\",\"itemListElement\":[{\"@type\":\"ListItem\",\"position\":1,\"name\":\"Home\",\"item\":\"https:\/\/www.gruppoliturgico.com\/fr\/\"},{\"@type\":\"ListItem\",\"position\":2,\"name\":\"Boutique\",\"item\":\"https:\/\/www.gruppoliturgico.com\/fr\/boutique\/\"},{\"@type\":\"ListItem\",\"position\":3,\"name\":\"colonne\"}]},{\"@type\":\"WebSite\",\"@id\":\"https:\/\/www.gruppoliturgico.com\/es\/#website\",\"url\":\"https:\/\/www.gruppoliturgico.com\/es\/\",\"name\":\"Laboratorio Gruppo Liturgico\",\"description\":\"Articoli Religiosi online\",\"publisher\":{\"@id\":\"https:\/\/www.gruppoliturgico.com\/es\/#organization\"},\"potentialAction\":[{\"@type\":\"SearchAction\",\"target\":{\"@type\":\"EntryPoint\",\"urlTemplate\":\"https:\/\/www.gruppoliturgico.com\/es\/?s={search_term_string}\"},\"query-input\":\"required name=search_term_string\"}],\"inLanguage\":\"fr-FR\"},{\"@type\":\"Organization\",\"@id\":\"https:\/\/www.gruppoliturgico.com\/es\/#organization\",\"name\":\"Laboratorio Gruppo Liturgico\",\"url\":\"https:\/\/www.gruppoliturgico.com\/es\/\",\"logo\":{\"@type\":\"ImageObject\",\"inLanguage\":\"fr-FR\",\"@id\":\"https:\/\/www.gruppoliturgico.com\/es\/#\/schema\/logo\/image\/\",\"url\":\"https:\/\/www.gruppoliturgico.com\/wp-content\/uploads\/2022\/02\/logo-laboratoriogruppoliturgico.png\",\"contentUrl\":\"https:\/\/www.gruppoliturgico.com\/wp-content\/uploads\/2022\/02\/logo-laboratoriogruppoliturgico.png\",\"width\":400,\"height\":114,\"caption\":\"Laboratorio Gruppo Liturgico\"},\"image\":{\"@id\":\"https:\/\/www.gruppoliturgico.com\/es\/#\/schema\/logo\/image\/\"}}]}<\/script>\n<!-- \/ Yoast SEO plugin. -->","yoast_head_json":{"title":"colonne - art 1670 et Laboratorio Gruppo Liturgico","description":"Colonne en bois massif de structure simple et lin\u00e9aire. Soutien-tabernacle ou soutien-statue. Le symbole central est en bois dor\u00e9 \u00e0 la feuille d\u2019or. Colonnes lat\u00e9rales \u00e0 cannelures dor\u00e9es \u00e0 la feuille d\u2019or ainsi que tous les cadres. Dimensions Hauteur cm 110  Base cm 36 x 52 Plan d'appui de cm 60 x 40 ou sur demande.","robots":{"index":"index","follow":"follow","max-snippet":"max-snippet:-1","max-image-preview":"max-image-preview:large","max-video-preview":"max-video-preview:-1"},"canonical":"https:\/\/www.gruppoliturgico.com\/fr\/produit\/colonne\/","og_locale":"fr_FR","og_type":"article","og_title":"colonne - art 1670 et Laboratorio Gruppo Liturgico","og_description":"Colonne en bois massif de structure simple et lin\u00e9aire. Soutien-tabernacle ou soutien-statue. Le symbole central est en bois dor\u00e9 \u00e0 la feuille d\u2019or. Colonnes lat\u00e9rales \u00e0 cannelures dor\u00e9es \u00e0 la feuille d\u2019or ainsi que tous les cadres. Dimensions Hauteur cm 110  Base cm 36 x 52 Plan d'appui de cm 60 x 40 ou sur demande.","og_url":"https:\/\/www.gruppoliturgico.com\/fr\/produit\/colonne\/","og_site_name":"Laboratorio Gruppo Liturgico","article_modified_time":"2022-10-21T08:46:54+00:00","og_image":[{"width":921,"height":1500,"url":"https:\/\/www.gruppoliturgico.com\/wp-content\/uploads\/2022\/05\/1672.jpg","type":"image\/jpeg"}],"twitter_card":"summary_large_image","schema":{"@context":"https:\/\/schema.org","@graph":[{"@type":"WebPage","@id":"https:\/\/www.gruppoliturgico.com\/fr\/produit\/colonne\/","url":"https:\/\/www.gruppoliturgico.com\/fr\/produit\/colonne\/","name":"colonne - art 1670 et Laboratorio Gruppo Liturgico","isPartOf":{"@id":"https:\/\/www.gruppoliturgico.com\/es\/#website"},"datePublished":"2022-05-19T21:05:26+00:00","dateModified":"2022-10-21T08:46:54+00:00","description":"Colonne en bois massif de structure simple et lin\u00e9aire. Soutien-tabernacle ou soutien-statue. Le symbole central est en bois dor\u00e9 \u00e0 la feuille d\u2019or. Colonnes lat\u00e9rales \u00e0 cannelures dor\u00e9es \u00e0 la feuille d\u2019or ainsi que tous les cadres. Dimensions Hauteur cm 110 Base cm 36 x 52 Plan d'appui de cm 60 x 40 ou sur demande.","breadcrumb":{"@id":"https:\/\/www.gruppoliturgico.com\/fr\/produit\/colonne\/#breadcrumb"},"inLanguage":"fr-FR","potentialAction":[{"@type":"ReadAction","target":["https:\/\/www.gruppoliturgico.com\/fr\/produit\/colonne\/"]}]},{"@type":"BreadcrumbList","@id":"https:\/\/www.gruppoliturgico.com\/fr\/produit\/colonne\/#breadcrumb","itemListElement":[{"@type":"ListItem","position":1,"name":"Home","item":"https:\/\/www.gruppoliturgico.com\/fr\/"},{"@type":"ListItem","position":2,"name":"Boutique","item":"https:\/\/www.gruppoliturgico.com\/fr\/boutique\/"},{"@type":"ListItem","position":3,"name":"colonne"}]},{"@type":"WebSite","@id":"https:\/\/www.gruppoliturgico.com\/es\/#website","url":"https:\/\/www.gruppoliturgico.com\/es\/","name":"Laboratorio Gruppo Liturgico","description":"Articoli Religiosi online","publisher":{"@id":"https:\/\/www.gruppoliturgico.com\/es\/#organization"},"potentialAction":[{"@type":"SearchAction","target":{"@type":"EntryPoint","urlTemplate":"https:\/\/www.gruppoliturgico.com\/es\/?s={search_term_string}"},"query-input":"required name=search_term_string"}],"inLanguage":"fr-FR"},{"@type":"Organization","@id":"https:\/\/www.gruppoliturgico.com\/es\/#organization","name":"Laboratorio Gruppo Liturgico","url":"https:\/\/www.gruppoliturgico.com\/es\/","logo":{"@type":"ImageObject","inLanguage":"fr-FR","@id":"https:\/\/www.gruppoliturgico.com\/es\/#\/schema\/logo\/image\/","url":"https:\/\/www.gruppoliturgico.com\/wp-content\/uploads\/2022\/02\/logo-laboratoriogruppoliturgico.png","contentUrl":"https:\/\/www.gruppoliturgico.com\/wp-content\/uploads\/2022\/02\/logo-laboratoriogruppoliturgico.png","width":400,"height":114,"caption":"Laboratorio Gruppo Liturgico"},"image":{"@id":"https:\/\/www.gruppoliturgico.com\/es\/#\/schema\/logo\/image\/"}}]}},"_links":{"self":[{"href":"https:\/\/www.gruppoliturgico.com\/fr\/wp-json\/wp\/v2\/product\/63417"}],"collection":[{"href":"https:\/\/www.gruppoliturgico.com\/fr\/wp-json\/wp\/v2\/product"}],"about":[{"href":"https:\/\/www.gruppoliturgico.com\/fr\/wp-json\/wp\/v2\/types\/product"}],"wp:featuredmedia":[{"embeddable":true,"href":"https:\/\/www.gruppoliturgico.com\/fr\/wp-json\/wp\/v2\/media\/131420"}],"wp:attachment":[{"href":"https:\/\/www.gruppoliturgico.com\/fr\/wp-json\/wp\/v2\/media?parent=63417"}],"wp:term":[{"taxonomy":"product_cat","embeddable":true,"href":"https:\/\/www.gruppoliturgico.com\/fr\/wp-json\/wp\/v2\/product_cat?post=63417"},{"taxonomy":"product_tag","embeddable":true,"href":"https:\/\/www.gruppoliturgico.com\/fr\/wp-json\/wp\/v2\/product_tag?post=63417"}],"curies":[{"name":"wp","href":"https:\/\/api.w.org\/{rel}","templated":true}]}}