{"id":63413,"date":"2022-05-19T23:05:10","date_gmt":"2022-05-19T21:05:15","guid":{"rendered":"https:\/\/www.gruppoliturgico.com\/prodotto\/ambon-2\/"},"modified":"2022-10-21T10:27:01","modified_gmt":"2022-10-21T08:27:01","slug":"ambon-2","status":"publish","type":"product","link":"https:\/\/www.gruppoliturgico.com\/fr\/produit\/ambon-2\/","title":{"rendered":"ambon"},"content":{"rendered":"<html><body><p>Ambon en bois massif de structure simple et lin\u00e9aire.<br>\nLe symbole central est en bois dor\u00e9 \u00e0 la feuille d\u2019or.<br>\nColonnes lat\u00e9rales \u00e0 cannelures dor\u00e9es \u00e0 la feuille d\u2019or ainsi que tous les cadres.<br>\nHauteur cm 125<br>\nBase cm 36 x 52<\/p>\n<\/body><\/html>","protected":false},"excerpt":{"rendered":"<p>Ambon en bois massif de structure simple et lin\u00e9aire.<br \/>\nLe symbole central est en bois dor\u00e9 \u00e0 la feuille d\u2019or.<br \/>\nColonnes lat\u00e9rales \u00e0 cannelures dor\u00e9es \u00e0 la feuille d\u2019or ainsi que tous les cadres.<br \/>\nHauteur cm 125<br \/>\nBase cm 36 x 52<\/p>\n","protected":false},"featured_media":131416,"template":"","meta":[],"product_cat":[12156,12184],"product_tag":[],"yoast_head":"<!-- This site is optimized with the Yoast SEO plugin v20.4 - https:\/\/yoast.com\/wordpress\/plugins\/seo\/ -->\n<title>ambon - art 1670, ambons et lutrins en bois et Laboratorio Gruppo Liturgico<\/title>\n<meta name=\"description\" content=\"Ambon en bois massif de structure simple et lin\u00e9aire. Le symbole central est en bois dor\u00e9 \u00e0 la feuille d\u2019or. Colonnes lat\u00e9rales \u00e0 cannelures dor\u00e9es \u00e0 la feuille d\u2019or ainsi que tous les cadres. Hauteur cm 125 Base cm 36 x 52\" \/>\n<meta name=\"robots\" content=\"index, follow, max-snippet:-1, max-image-preview:large, max-video-preview:-1\" \/>\n<link rel=\"canonical\" href=\"https:\/\/www.gruppoliturgico.com\/fr\/produit\/ambon-2\/\" \/>\n<meta property=\"og:locale\" content=\"fr_FR\" \/>\n<meta property=\"og:type\" content=\"article\" \/>\n<meta property=\"og:title\" content=\"ambon - art 1670, ambons et lutrins en bois et Laboratorio Gruppo Liturgico\" \/>\n<meta property=\"og:description\" content=\"Ambon en bois massif de structure simple et lin\u00e9aire. Le symbole central est en bois dor\u00e9 \u00e0 la feuille d\u2019or. Colonnes lat\u00e9rales \u00e0 cannelures dor\u00e9es \u00e0 la feuille d\u2019or ainsi que tous les cadres. Hauteur cm 125 Base cm 36 x 52\" \/>\n<meta property=\"og:url\" content=\"https:\/\/www.gruppoliturgico.com\/fr\/produit\/ambon-2\/\" \/>\n<meta property=\"og:site_name\" content=\"Laboratorio Gruppo Liturgico\" \/>\n<meta property=\"article:modified_time\" content=\"2022-10-21T08:27:01+00:00\" \/>\n<meta property=\"og:image\" content=\"https:\/\/www.gruppoliturgico.com\/wp-content\/uploads\/2022\/05\/1671.jpg\" \/>\n\t<meta property=\"og:image:width\" content=\"810\" \/>\n\t<meta property=\"og:image:height\" content=\"1500\" \/>\n\t<meta property=\"og:image:type\" content=\"image\/jpeg\" \/>\n<meta name=\"twitter:card\" content=\"summary_large_image\" \/>\n<script type=\"application\/ld+json\" class=\"yoast-schema-graph\">{\"@context\":\"https:\/\/schema.org\",\"@graph\":[{\"@type\":\"WebPage\",\"@id\":\"https:\/\/www.gruppoliturgico.com\/fr\/produit\/ambon-2\/\",\"url\":\"https:\/\/www.gruppoliturgico.com\/fr\/produit\/ambon-2\/\",\"name\":\"ambon - art 1670, ambons et lutrins en bois et Laboratorio Gruppo Liturgico\",\"isPartOf\":{\"@id\":\"https:\/\/www.gruppoliturgico.com\/es\/#website\"},\"datePublished\":\"2022-05-19T21:05:15+00:00\",\"dateModified\":\"2022-10-21T08:27:01+00:00\",\"description\":\"Ambon en bois massif de structure simple et lin\u00e9aire. Le symbole central est en bois dor\u00e9 \u00e0 la feuille d\u2019or. Colonnes lat\u00e9rales \u00e0 cannelures dor\u00e9es \u00e0 la feuille d\u2019or ainsi que tous les cadres. Hauteur cm 125 Base cm 36 x 52\",\"breadcrumb\":{\"@id\":\"https:\/\/www.gruppoliturgico.com\/fr\/produit\/ambon-2\/#breadcrumb\"},\"inLanguage\":\"fr-FR\",\"potentialAction\":[{\"@type\":\"ReadAction\",\"target\":[\"https:\/\/www.gruppoliturgico.com\/fr\/produit\/ambon-2\/\"]}]},{\"@type\":\"BreadcrumbList\",\"@id\":\"https:\/\/www.gruppoliturgico.com\/fr\/produit\/ambon-2\/#breadcrumb\",\"itemListElement\":[{\"@type\":\"ListItem\",\"position\":1,\"name\":\"Home\",\"item\":\"https:\/\/www.gruppoliturgico.com\/fr\/\"},{\"@type\":\"ListItem\",\"position\":2,\"name\":\"Boutique\",\"item\":\"https:\/\/www.gruppoliturgico.com\/fr\/boutique\/\"},{\"@type\":\"ListItem\",\"position\":3,\"name\":\"ambon\"}]},{\"@type\":\"WebSite\",\"@id\":\"https:\/\/www.gruppoliturgico.com\/es\/#website\",\"url\":\"https:\/\/www.gruppoliturgico.com\/es\/\",\"name\":\"Laboratorio Gruppo Liturgico\",\"description\":\"Articoli Religiosi online\",\"publisher\":{\"@id\":\"https:\/\/www.gruppoliturgico.com\/es\/#organization\"},\"potentialAction\":[{\"@type\":\"SearchAction\",\"target\":{\"@type\":\"EntryPoint\",\"urlTemplate\":\"https:\/\/www.gruppoliturgico.com\/es\/?s={search_term_string}\"},\"query-input\":\"required name=search_term_string\"}],\"inLanguage\":\"fr-FR\"},{\"@type\":\"Organization\",\"@id\":\"https:\/\/www.gruppoliturgico.com\/es\/#organization\",\"name\":\"Laboratorio Gruppo Liturgico\",\"url\":\"https:\/\/www.gruppoliturgico.com\/es\/\",\"logo\":{\"@type\":\"ImageObject\",\"inLanguage\":\"fr-FR\",\"@id\":\"https:\/\/www.gruppoliturgico.com\/es\/#\/schema\/logo\/image\/\",\"url\":\"https:\/\/www.gruppoliturgico.com\/wp-content\/uploads\/2022\/02\/logo-laboratoriogruppoliturgico.png\",\"contentUrl\":\"https:\/\/www.gruppoliturgico.com\/wp-content\/uploads\/2022\/02\/logo-laboratoriogruppoliturgico.png\",\"width\":400,\"height\":114,\"caption\":\"Laboratorio Gruppo Liturgico\"},\"image\":{\"@id\":\"https:\/\/www.gruppoliturgico.com\/es\/#\/schema\/logo\/image\/\"}}]}<\/script>\n<!-- \/ Yoast SEO plugin. -->","yoast_head_json":{"title":"ambon - art 1670, ambons et lutrins en bois et Laboratorio Gruppo Liturgico","description":"Ambon en bois massif de structure simple et lin\u00e9aire. Le symbole central est en bois dor\u00e9 \u00e0 la feuille d\u2019or. Colonnes lat\u00e9rales \u00e0 cannelures dor\u00e9es \u00e0 la feuille d\u2019or ainsi que tous les cadres. Hauteur cm 125 Base cm 36 x 52","robots":{"index":"index","follow":"follow","max-snippet":"max-snippet:-1","max-image-preview":"max-image-preview:large","max-video-preview":"max-video-preview:-1"},"canonical":"https:\/\/www.gruppoliturgico.com\/fr\/produit\/ambon-2\/","og_locale":"fr_FR","og_type":"article","og_title":"ambon - art 1670, ambons et lutrins en bois et Laboratorio Gruppo Liturgico","og_description":"Ambon en bois massif de structure simple et lin\u00e9aire. Le symbole central est en bois dor\u00e9 \u00e0 la feuille d\u2019or. Colonnes lat\u00e9rales \u00e0 cannelures dor\u00e9es \u00e0 la feuille d\u2019or ainsi que tous les cadres. Hauteur cm 125 Base cm 36 x 52","og_url":"https:\/\/www.gruppoliturgico.com\/fr\/produit\/ambon-2\/","og_site_name":"Laboratorio Gruppo Liturgico","article_modified_time":"2022-10-21T08:27:01+00:00","og_image":[{"width":810,"height":1500,"url":"https:\/\/www.gruppoliturgico.com\/wp-content\/uploads\/2022\/05\/1671.jpg","type":"image\/jpeg"}],"twitter_card":"summary_large_image","schema":{"@context":"https:\/\/schema.org","@graph":[{"@type":"WebPage","@id":"https:\/\/www.gruppoliturgico.com\/fr\/produit\/ambon-2\/","url":"https:\/\/www.gruppoliturgico.com\/fr\/produit\/ambon-2\/","name":"ambon - art 1670, ambons et lutrins en bois et Laboratorio Gruppo Liturgico","isPartOf":{"@id":"https:\/\/www.gruppoliturgico.com\/es\/#website"},"datePublished":"2022-05-19T21:05:15+00:00","dateModified":"2022-10-21T08:27:01+00:00","description":"Ambon en bois massif de structure simple et lin\u00e9aire. Le symbole central est en bois dor\u00e9 \u00e0 la feuille d\u2019or. Colonnes lat\u00e9rales \u00e0 cannelures dor\u00e9es \u00e0 la feuille d\u2019or ainsi que tous les cadres. Hauteur cm 125 Base cm 36 x 52","breadcrumb":{"@id":"https:\/\/www.gruppoliturgico.com\/fr\/produit\/ambon-2\/#breadcrumb"},"inLanguage":"fr-FR","potentialAction":[{"@type":"ReadAction","target":["https:\/\/www.gruppoliturgico.com\/fr\/produit\/ambon-2\/"]}]},{"@type":"BreadcrumbList","@id":"https:\/\/www.gruppoliturgico.com\/fr\/produit\/ambon-2\/#breadcrumb","itemListElement":[{"@type":"ListItem","position":1,"name":"Home","item":"https:\/\/www.gruppoliturgico.com\/fr\/"},{"@type":"ListItem","position":2,"name":"Boutique","item":"https:\/\/www.gruppoliturgico.com\/fr\/boutique\/"},{"@type":"ListItem","position":3,"name":"ambon"}]},{"@type":"WebSite","@id":"https:\/\/www.gruppoliturgico.com\/es\/#website","url":"https:\/\/www.gruppoliturgico.com\/es\/","name":"Laboratorio Gruppo Liturgico","description":"Articoli Religiosi online","publisher":{"@id":"https:\/\/www.gruppoliturgico.com\/es\/#organization"},"potentialAction":[{"@type":"SearchAction","target":{"@type":"EntryPoint","urlTemplate":"https:\/\/www.gruppoliturgico.com\/es\/?s={search_term_string}"},"query-input":"required name=search_term_string"}],"inLanguage":"fr-FR"},{"@type":"Organization","@id":"https:\/\/www.gruppoliturgico.com\/es\/#organization","name":"Laboratorio Gruppo Liturgico","url":"https:\/\/www.gruppoliturgico.com\/es\/","logo":{"@type":"ImageObject","inLanguage":"fr-FR","@id":"https:\/\/www.gruppoliturgico.com\/es\/#\/schema\/logo\/image\/","url":"https:\/\/www.gruppoliturgico.com\/wp-content\/uploads\/2022\/02\/logo-laboratoriogruppoliturgico.png","contentUrl":"https:\/\/www.gruppoliturgico.com\/wp-content\/uploads\/2022\/02\/logo-laboratoriogruppoliturgico.png","width":400,"height":114,"caption":"Laboratorio Gruppo Liturgico"},"image":{"@id":"https:\/\/www.gruppoliturgico.com\/es\/#\/schema\/logo\/image\/"}}]}},"_links":{"self":[{"href":"https:\/\/www.gruppoliturgico.com\/fr\/wp-json\/wp\/v2\/product\/63413"}],"collection":[{"href":"https:\/\/www.gruppoliturgico.com\/fr\/wp-json\/wp\/v2\/product"}],"about":[{"href":"https:\/\/www.gruppoliturgico.com\/fr\/wp-json\/wp\/v2\/types\/product"}],"wp:featuredmedia":[{"embeddable":true,"href":"https:\/\/www.gruppoliturgico.com\/fr\/wp-json\/wp\/v2\/media\/131416"}],"wp:attachment":[{"href":"https:\/\/www.gruppoliturgico.com\/fr\/wp-json\/wp\/v2\/media?parent=63413"}],"wp:term":[{"taxonomy":"product_cat","embeddable":true,"href":"https:\/\/www.gruppoliturgico.com\/fr\/wp-json\/wp\/v2\/product_cat?post=63413"},{"taxonomy":"product_tag","embeddable":true,"href":"https:\/\/www.gruppoliturgico.com\/fr\/wp-json\/wp\/v2\/product_tag?post=63413"}],"curies":[{"name":"wp","href":"https:\/\/api.w.org\/{rel}","templated":true}]}}