{"id":63409,"date":"2022-05-19T23:04:58","date_gmt":"2022-05-19T21:05:03","guid":{"rendered":"https:\/\/www.gruppoliturgico.com\/prodotto\/autel-2\/"},"modified":"2022-10-21T10:32:35","modified_gmt":"2022-10-21T08:32:35","slug":"autel-2","status":"publish","type":"product","link":"https:\/\/www.gruppoliturgico.com\/fr\/produit\/autel-2\/","title":{"rendered":"autel"},"content":{"rendered":"<html><body><p>Autel en bois massif de structure simple et lin\u00e9aire.<br>\nL\u2019ornement central est en bois dor\u00e9 \u00e0 la feuille d\u2019or.<br>\nColonnes lat\u00e9rales \u00e0 cannelures dor\u00e9es \u00e0 la feuille d\u2019or ainsi que tous les cadres.<br>\nDimensions de la base cm 100 x 65<br>\nLa table mesure cm 130 x 75 ou sur demande.<\/p>\n<\/body><\/html>","protected":false},"excerpt":{"rendered":"<p>Autel en bois massif de structure simple et lin\u00e9aire.<br \/>\nL&rsquo;ornement central est en bois dor\u00e9 \u00e0 la feuille d&rsquo;or.<br \/>\nColonnes lat\u00e9rales \u00e0 cannelures dor\u00e9es \u00e0 la feuille d&rsquo;or ainsi que tous les cadres.<br \/>\nDimensions de la base cm 100 x 65<br \/>\nLa table mesure cm 130 x 75 ou sur demande.<\/p>\n<p><img loading=\"lazy\" class=\"alignnone wp-image-76806 size-large\" src=\"https:\/\/www.gruppoliturgico.com\/wp-content\/uploads\/2022\/05\/1670_3-1024x803.jpg\" alt=\"\" width=\"1024\" height=\"803\" srcset=\"https:\/\/www.gruppoliturgico.com\/wp-content\/uploads\/2022\/05\/1670_3-1024x803.jpg 1024w, https:\/\/www.gruppoliturgico.com\/wp-content\/uploads\/2022\/05\/1670_3-300x235.jpg 300w, https:\/\/www.gruppoliturgico.com\/wp-content\/uploads\/2022\/05\/1670_3-768x602.jpg 768w, https:\/\/www.gruppoliturgico.com\/wp-content\/uploads\/2022\/05\/1670_3-920x721.jpg 920w, https:\/\/www.gruppoliturgico.com\/wp-content\/uploads\/2022\/05\/1670_3-230x180.jpg 230w, https:\/\/www.gruppoliturgico.com\/wp-content\/uploads\/2022\/05\/1670_3-350x274.jpg 350w, https:\/\/www.gruppoliturgico.com\/wp-content\/uploads\/2022\/05\/1670_3-480x376.jpg 480w, https:\/\/www.gruppoliturgico.com\/wp-content\/uploads\/2022\/05\/1670_3-600x470.jpg 600w, https:\/\/www.gruppoliturgico.com\/wp-content\/uploads\/2022\/05\/1670_3.jpg 1500w\" sizes=\"(max-width: 1024px) 100vw, 1024px\" \/><\/p>\n<p>Photo d\u2019ensemble de l\u2019autel et de ses accessoires.<\/p>\n","protected":false},"featured_media":73754,"template":"","meta":[],"product_cat":[12156],"product_tag":[],"yoast_head":"<!-- This site is optimized with the Yoast SEO plugin v20.4 - https:\/\/yoast.com\/wordpress\/plugins\/seo\/ -->\n<title>autel - art 1670 et Laboratorio Gruppo Liturgico<\/title>\n<meta name=\"description\" content=\"Autel en bois massif de structure simple et lin\u00e9aire. L&#039;ornement central est en bois dor\u00e9 \u00e0 la feuille d&#039;or. Colonnes lat\u00e9rales \u00e0 cannelures dor\u00e9es \u00e0 la feuille d&#039;or ainsi que tous les cadres. Dimensions de la base cm 100 x 65 La table mesure cm 130 x 75 ou sur demande.     Photo d\u2019ensemble de l\u2019autel et de ses accessoires.\" \/>\n<meta name=\"robots\" content=\"index, follow, max-snippet:-1, max-image-preview:large, max-video-preview:-1\" \/>\n<link rel=\"canonical\" href=\"https:\/\/www.gruppoliturgico.com\/fr\/produit\/autel-2\/\" \/>\n<meta property=\"og:locale\" content=\"fr_FR\" \/>\n<meta property=\"og:type\" content=\"article\" \/>\n<meta property=\"og:title\" content=\"autel - art 1670 et Laboratorio Gruppo Liturgico\" \/>\n<meta property=\"og:description\" content=\"Autel en bois massif de structure simple et lin\u00e9aire. L&#039;ornement central est en bois dor\u00e9 \u00e0 la feuille d&#039;or. Colonnes lat\u00e9rales \u00e0 cannelures dor\u00e9es \u00e0 la feuille d&#039;or ainsi que tous les cadres. Dimensions de la base cm 100 x 65 La table mesure cm 130 x 75 ou sur demande.     Photo d\u2019ensemble de l\u2019autel et de ses accessoires.\" \/>\n<meta property=\"og:url\" content=\"https:\/\/www.gruppoliturgico.com\/fr\/produit\/autel-2\/\" \/>\n<meta property=\"og:site_name\" content=\"Laboratorio Gruppo Liturgico\" \/>\n<meta property=\"article:modified_time\" content=\"2022-10-21T08:32:35+00:00\" \/>\n<meta property=\"og:image\" content=\"https:\/\/www.gruppoliturgico.com\/wp-content\/uploads\/2022\/05\/167020SC.jpg\" \/>\n\t<meta property=\"og:image:width\" content=\"1500\" \/>\n\t<meta property=\"og:image:height\" content=\"1213\" \/>\n\t<meta property=\"og:image:type\" content=\"image\/jpeg\" \/>\n<meta name=\"twitter:card\" content=\"summary_large_image\" \/>\n<script type=\"application\/ld+json\" class=\"yoast-schema-graph\">{\"@context\":\"https:\/\/schema.org\",\"@graph\":[{\"@type\":\"WebPage\",\"@id\":\"https:\/\/www.gruppoliturgico.com\/fr\/produit\/autel-2\/\",\"url\":\"https:\/\/www.gruppoliturgico.com\/fr\/produit\/autel-2\/\",\"name\":\"autel - art 1670 et Laboratorio Gruppo Liturgico\",\"isPartOf\":{\"@id\":\"https:\/\/www.gruppoliturgico.com\/es\/#website\"},\"datePublished\":\"2022-05-19T21:05:03+00:00\",\"dateModified\":\"2022-10-21T08:32:35+00:00\",\"description\":\"Autel en bois massif de structure simple et lin\u00e9aire. L'ornement central est en bois dor\u00e9 \u00e0 la feuille d'or. Colonnes lat\u00e9rales \u00e0 cannelures dor\u00e9es \u00e0 la feuille d'or ainsi que tous les cadres. Dimensions de la base cm 100 x 65 La table mesure cm 130 x 75 ou sur demande. Photo d\u2019ensemble de l\u2019autel et de ses accessoires.\",\"breadcrumb\":{\"@id\":\"https:\/\/www.gruppoliturgico.com\/fr\/produit\/autel-2\/#breadcrumb\"},\"inLanguage\":\"fr-FR\",\"potentialAction\":[{\"@type\":\"ReadAction\",\"target\":[\"https:\/\/www.gruppoliturgico.com\/fr\/produit\/autel-2\/\"]}]},{\"@type\":\"BreadcrumbList\",\"@id\":\"https:\/\/www.gruppoliturgico.com\/fr\/produit\/autel-2\/#breadcrumb\",\"itemListElement\":[{\"@type\":\"ListItem\",\"position\":1,\"name\":\"Home\",\"item\":\"https:\/\/www.gruppoliturgico.com\/fr\/\"},{\"@type\":\"ListItem\",\"position\":2,\"name\":\"Boutique\",\"item\":\"https:\/\/www.gruppoliturgico.com\/fr\/boutique\/\"},{\"@type\":\"ListItem\",\"position\":3,\"name\":\"autel\"}]},{\"@type\":\"WebSite\",\"@id\":\"https:\/\/www.gruppoliturgico.com\/es\/#website\",\"url\":\"https:\/\/www.gruppoliturgico.com\/es\/\",\"name\":\"Laboratorio Gruppo Liturgico\",\"description\":\"Articoli Religiosi online\",\"publisher\":{\"@id\":\"https:\/\/www.gruppoliturgico.com\/es\/#organization\"},\"potentialAction\":[{\"@type\":\"SearchAction\",\"target\":{\"@type\":\"EntryPoint\",\"urlTemplate\":\"https:\/\/www.gruppoliturgico.com\/es\/?s={search_term_string}\"},\"query-input\":\"required name=search_term_string\"}],\"inLanguage\":\"fr-FR\"},{\"@type\":\"Organization\",\"@id\":\"https:\/\/www.gruppoliturgico.com\/es\/#organization\",\"name\":\"Laboratorio Gruppo Liturgico\",\"url\":\"https:\/\/www.gruppoliturgico.com\/es\/\",\"logo\":{\"@type\":\"ImageObject\",\"inLanguage\":\"fr-FR\",\"@id\":\"https:\/\/www.gruppoliturgico.com\/es\/#\/schema\/logo\/image\/\",\"url\":\"https:\/\/www.gruppoliturgico.com\/wp-content\/uploads\/2022\/02\/logo-laboratoriogruppoliturgico.png\",\"contentUrl\":\"https:\/\/www.gruppoliturgico.com\/wp-content\/uploads\/2022\/02\/logo-laboratoriogruppoliturgico.png\",\"width\":400,\"height\":114,\"caption\":\"Laboratorio Gruppo Liturgico\"},\"image\":{\"@id\":\"https:\/\/www.gruppoliturgico.com\/es\/#\/schema\/logo\/image\/\"}}]}<\/script>\n<!-- \/ Yoast SEO plugin. -->","yoast_head_json":{"title":"autel - art 1670 et Laboratorio Gruppo Liturgico","description":"Autel en bois massif de structure simple et lin\u00e9aire. L'ornement central est en bois dor\u00e9 \u00e0 la feuille d'or. Colonnes lat\u00e9rales \u00e0 cannelures dor\u00e9es \u00e0 la feuille d'or ainsi que tous les cadres. Dimensions de la base cm 100 x 65 La table mesure cm 130 x 75 ou sur demande.     Photo d\u2019ensemble de l\u2019autel et de ses accessoires.","robots":{"index":"index","follow":"follow","max-snippet":"max-snippet:-1","max-image-preview":"max-image-preview:large","max-video-preview":"max-video-preview:-1"},"canonical":"https:\/\/www.gruppoliturgico.com\/fr\/produit\/autel-2\/","og_locale":"fr_FR","og_type":"article","og_title":"autel - art 1670 et Laboratorio Gruppo Liturgico","og_description":"Autel en bois massif de structure simple et lin\u00e9aire. L'ornement central est en bois dor\u00e9 \u00e0 la feuille d'or. Colonnes lat\u00e9rales \u00e0 cannelures dor\u00e9es \u00e0 la feuille d'or ainsi que tous les cadres. Dimensions de la base cm 100 x 65 La table mesure cm 130 x 75 ou sur demande.     Photo d\u2019ensemble de l\u2019autel et de ses accessoires.","og_url":"https:\/\/www.gruppoliturgico.com\/fr\/produit\/autel-2\/","og_site_name":"Laboratorio Gruppo Liturgico","article_modified_time":"2022-10-21T08:32:35+00:00","og_image":[{"width":1500,"height":1213,"url":"https:\/\/www.gruppoliturgico.com\/wp-content\/uploads\/2022\/05\/167020SC.jpg","type":"image\/jpeg"}],"twitter_card":"summary_large_image","schema":{"@context":"https:\/\/schema.org","@graph":[{"@type":"WebPage","@id":"https:\/\/www.gruppoliturgico.com\/fr\/produit\/autel-2\/","url":"https:\/\/www.gruppoliturgico.com\/fr\/produit\/autel-2\/","name":"autel - art 1670 et Laboratorio Gruppo Liturgico","isPartOf":{"@id":"https:\/\/www.gruppoliturgico.com\/es\/#website"},"datePublished":"2022-05-19T21:05:03+00:00","dateModified":"2022-10-21T08:32:35+00:00","description":"Autel en bois massif de structure simple et lin\u00e9aire. L'ornement central est en bois dor\u00e9 \u00e0 la feuille d'or. Colonnes lat\u00e9rales \u00e0 cannelures dor\u00e9es \u00e0 la feuille d'or ainsi que tous les cadres. Dimensions de la base cm 100 x 65 La table mesure cm 130 x 75 ou sur demande. Photo d\u2019ensemble de l\u2019autel et de ses accessoires.","breadcrumb":{"@id":"https:\/\/www.gruppoliturgico.com\/fr\/produit\/autel-2\/#breadcrumb"},"inLanguage":"fr-FR","potentialAction":[{"@type":"ReadAction","target":["https:\/\/www.gruppoliturgico.com\/fr\/produit\/autel-2\/"]}]},{"@type":"BreadcrumbList","@id":"https:\/\/www.gruppoliturgico.com\/fr\/produit\/autel-2\/#breadcrumb","itemListElement":[{"@type":"ListItem","position":1,"name":"Home","item":"https:\/\/www.gruppoliturgico.com\/fr\/"},{"@type":"ListItem","position":2,"name":"Boutique","item":"https:\/\/www.gruppoliturgico.com\/fr\/boutique\/"},{"@type":"ListItem","position":3,"name":"autel"}]},{"@type":"WebSite","@id":"https:\/\/www.gruppoliturgico.com\/es\/#website","url":"https:\/\/www.gruppoliturgico.com\/es\/","name":"Laboratorio Gruppo Liturgico","description":"Articoli Religiosi online","publisher":{"@id":"https:\/\/www.gruppoliturgico.com\/es\/#organization"},"potentialAction":[{"@type":"SearchAction","target":{"@type":"EntryPoint","urlTemplate":"https:\/\/www.gruppoliturgico.com\/es\/?s={search_term_string}"},"query-input":"required name=search_term_string"}],"inLanguage":"fr-FR"},{"@type":"Organization","@id":"https:\/\/www.gruppoliturgico.com\/es\/#organization","name":"Laboratorio Gruppo Liturgico","url":"https:\/\/www.gruppoliturgico.com\/es\/","logo":{"@type":"ImageObject","inLanguage":"fr-FR","@id":"https:\/\/www.gruppoliturgico.com\/es\/#\/schema\/logo\/image\/","url":"https:\/\/www.gruppoliturgico.com\/wp-content\/uploads\/2022\/02\/logo-laboratoriogruppoliturgico.png","contentUrl":"https:\/\/www.gruppoliturgico.com\/wp-content\/uploads\/2022\/02\/logo-laboratoriogruppoliturgico.png","width":400,"height":114,"caption":"Laboratorio Gruppo Liturgico"},"image":{"@id":"https:\/\/www.gruppoliturgico.com\/es\/#\/schema\/logo\/image\/"}}]}},"_links":{"self":[{"href":"https:\/\/www.gruppoliturgico.com\/fr\/wp-json\/wp\/v2\/product\/63409"}],"collection":[{"href":"https:\/\/www.gruppoliturgico.com\/fr\/wp-json\/wp\/v2\/product"}],"about":[{"href":"https:\/\/www.gruppoliturgico.com\/fr\/wp-json\/wp\/v2\/types\/product"}],"wp:featuredmedia":[{"embeddable":true,"href":"https:\/\/www.gruppoliturgico.com\/fr\/wp-json\/wp\/v2\/media\/73754"}],"wp:attachment":[{"href":"https:\/\/www.gruppoliturgico.com\/fr\/wp-json\/wp\/v2\/media?parent=63409"}],"wp:term":[{"taxonomy":"product_cat","embeddable":true,"href":"https:\/\/www.gruppoliturgico.com\/fr\/wp-json\/wp\/v2\/product_cat?post=63409"},{"taxonomy":"product_tag","embeddable":true,"href":"https:\/\/www.gruppoliturgico.com\/fr\/wp-json\/wp\/v2\/product_tag?post=63409"}],"curies":[{"name":"wp","href":"https:\/\/api.w.org\/{rel}","templated":true}]}}