{"id":63397,"date":"2022-05-19T23:04:27","date_gmt":"2022-05-19T21:04:32","guid":{"rendered":"https:\/\/www.gruppoliturgico.com\/prodotto\/ambon\/"},"modified":"2022-10-20T16:56:37","modified_gmt":"2022-10-20T14:56:37","slug":"ambon","status":"publish","type":"product","link":"https:\/\/www.gruppoliturgico.com\/fr\/produit\/ambon\/","title":{"rendered":"ambon"},"content":{"rendered":"<html><body><p>Ambon en bois massif, avec d\u00e9licate d\u00e9coration imitation marbre.<br>\nFigure centrale de J\u00e9sus Ma\u00eetre en bois sculpt\u00e9 et dor\u00e9 \u00e0 la feuille d\u2019or de cm 80.<br>\nLa gradation chromatique de la peinture peut \u00eatre ex\u00e9cut\u00e9e en teintes au choix.<br>\nDimensions cm 125 x 82 x 51. <\/p>\n<\/body><\/html>","protected":false},"excerpt":{"rendered":"<p>Ambon en bois massif, avec d\u00e9licate d\u00e9coration imitation marbre.<br \/>\nFigure centrale de J\u00e9sus Ma\u00eetre en bois sculpt\u00e9 et dor\u00e9 \u00e0 la feuille d&rsquo;or de cm 80.<br \/>\nLa gradation chromatique de la peinture peut \u00eatre ex\u00e9cut\u00e9e en teintes au choix.<br \/>\nDimensions cm 125 x 82 x 51. <\/p>\n","protected":false},"featured_media":131376,"template":"","meta":[],"product_cat":[12144,12184],"product_tag":[],"yoast_head":"<!-- This site is optimized with the Yoast SEO plugin v20.4 - https:\/\/yoast.com\/wordpress\/plugins\/seo\/ -->\n<title>ambon - art 1666, ambons et lutrins en bois et Laboratorio Gruppo Liturgico<\/title>\n<meta name=\"description\" content=\"Ambon en bois massif, avec d\u00e9licate d\u00e9coration imitation marbre. Figure centrale de J\u00e9sus Ma\u00eetre en bois sculpt\u00e9 et dor\u00e9 \u00e0 la feuille d&#039;or de cm 80. La gradation chromatique de la peinture peut \u00eatre ex\u00e9cut\u00e9e en teintes au choix. Dimensions cm 125 x 82 x 51.\" \/>\n<meta name=\"robots\" content=\"index, follow, max-snippet:-1, max-image-preview:large, max-video-preview:-1\" \/>\n<link rel=\"canonical\" href=\"https:\/\/www.gruppoliturgico.com\/fr\/produit\/ambon\/\" \/>\n<meta property=\"og:locale\" content=\"fr_FR\" \/>\n<meta property=\"og:type\" content=\"article\" \/>\n<meta property=\"og:title\" content=\"ambon - art 1666, ambons et lutrins en bois et Laboratorio Gruppo Liturgico\" \/>\n<meta property=\"og:description\" content=\"Ambon en bois massif, avec d\u00e9licate d\u00e9coration imitation marbre. Figure centrale de J\u00e9sus Ma\u00eetre en bois sculpt\u00e9 et dor\u00e9 \u00e0 la feuille d&#039;or de cm 80. La gradation chromatique de la peinture peut \u00eatre ex\u00e9cut\u00e9e en teintes au choix. Dimensions cm 125 x 82 x 51.\" \/>\n<meta property=\"og:url\" content=\"https:\/\/www.gruppoliturgico.com\/fr\/produit\/ambon\/\" \/>\n<meta property=\"og:site_name\" content=\"Laboratorio Gruppo Liturgico\" \/>\n<meta property=\"article:modified_time\" content=\"2022-10-20T14:56:37+00:00\" \/>\n<meta property=\"og:image\" content=\"https:\/\/www.gruppoliturgico.com\/wp-content\/uploads\/2022\/05\/1667.jpg\" \/>\n\t<meta property=\"og:image:width\" content=\"1037\" \/>\n\t<meta property=\"og:image:height\" content=\"1500\" \/>\n\t<meta property=\"og:image:type\" content=\"image\/jpeg\" \/>\n<meta name=\"twitter:card\" content=\"summary_large_image\" \/>\n<script type=\"application\/ld+json\" class=\"yoast-schema-graph\">{\"@context\":\"https:\/\/schema.org\",\"@graph\":[{\"@type\":\"WebPage\",\"@id\":\"https:\/\/www.gruppoliturgico.com\/fr\/produit\/ambon\/\",\"url\":\"https:\/\/www.gruppoliturgico.com\/fr\/produit\/ambon\/\",\"name\":\"ambon - art 1666, ambons et lutrins en bois et Laboratorio Gruppo Liturgico\",\"isPartOf\":{\"@id\":\"https:\/\/www.gruppoliturgico.com\/es\/#website\"},\"datePublished\":\"2022-05-19T21:04:32+00:00\",\"dateModified\":\"2022-10-20T14:56:37+00:00\",\"description\":\"Ambon en bois massif, avec d\u00e9licate d\u00e9coration imitation marbre. Figure centrale de J\u00e9sus Ma\u00eetre en bois sculpt\u00e9 et dor\u00e9 \u00e0 la feuille d'or de cm 80. La gradation chromatique de la peinture peut \u00eatre ex\u00e9cut\u00e9e en teintes au choix. Dimensions cm 125 x 82 x 51.\",\"breadcrumb\":{\"@id\":\"https:\/\/www.gruppoliturgico.com\/fr\/produit\/ambon\/#breadcrumb\"},\"inLanguage\":\"fr-FR\",\"potentialAction\":[{\"@type\":\"ReadAction\",\"target\":[\"https:\/\/www.gruppoliturgico.com\/fr\/produit\/ambon\/\"]}]},{\"@type\":\"BreadcrumbList\",\"@id\":\"https:\/\/www.gruppoliturgico.com\/fr\/produit\/ambon\/#breadcrumb\",\"itemListElement\":[{\"@type\":\"ListItem\",\"position\":1,\"name\":\"Home\",\"item\":\"https:\/\/www.gruppoliturgico.com\/fr\/\"},{\"@type\":\"ListItem\",\"position\":2,\"name\":\"Boutique\",\"item\":\"https:\/\/www.gruppoliturgico.com\/fr\/boutique\/\"},{\"@type\":\"ListItem\",\"position\":3,\"name\":\"ambon\"}]},{\"@type\":\"WebSite\",\"@id\":\"https:\/\/www.gruppoliturgico.com\/es\/#website\",\"url\":\"https:\/\/www.gruppoliturgico.com\/es\/\",\"name\":\"Laboratorio Gruppo Liturgico\",\"description\":\"Articoli Religiosi online\",\"publisher\":{\"@id\":\"https:\/\/www.gruppoliturgico.com\/es\/#organization\"},\"potentialAction\":[{\"@type\":\"SearchAction\",\"target\":{\"@type\":\"EntryPoint\",\"urlTemplate\":\"https:\/\/www.gruppoliturgico.com\/es\/?s={search_term_string}\"},\"query-input\":\"required name=search_term_string\"}],\"inLanguage\":\"fr-FR\"},{\"@type\":\"Organization\",\"@id\":\"https:\/\/www.gruppoliturgico.com\/es\/#organization\",\"name\":\"Laboratorio Gruppo Liturgico\",\"url\":\"https:\/\/www.gruppoliturgico.com\/es\/\",\"logo\":{\"@type\":\"ImageObject\",\"inLanguage\":\"fr-FR\",\"@id\":\"https:\/\/www.gruppoliturgico.com\/es\/#\/schema\/logo\/image\/\",\"url\":\"https:\/\/www.gruppoliturgico.com\/wp-content\/uploads\/2022\/02\/logo-laboratoriogruppoliturgico.png\",\"contentUrl\":\"https:\/\/www.gruppoliturgico.com\/wp-content\/uploads\/2022\/02\/logo-laboratoriogruppoliturgico.png\",\"width\":400,\"height\":114,\"caption\":\"Laboratorio Gruppo Liturgico\"},\"image\":{\"@id\":\"https:\/\/www.gruppoliturgico.com\/es\/#\/schema\/logo\/image\/\"}}]}<\/script>\n<!-- \/ Yoast SEO plugin. -->","yoast_head_json":{"title":"ambon - art 1666, ambons et lutrins en bois et Laboratorio Gruppo Liturgico","description":"Ambon en bois massif, avec d\u00e9licate d\u00e9coration imitation marbre. Figure centrale de J\u00e9sus Ma\u00eetre en bois sculpt\u00e9 et dor\u00e9 \u00e0 la feuille d'or de cm 80. La gradation chromatique de la peinture peut \u00eatre ex\u00e9cut\u00e9e en teintes au choix. Dimensions cm 125 x 82 x 51.","robots":{"index":"index","follow":"follow","max-snippet":"max-snippet:-1","max-image-preview":"max-image-preview:large","max-video-preview":"max-video-preview:-1"},"canonical":"https:\/\/www.gruppoliturgico.com\/fr\/produit\/ambon\/","og_locale":"fr_FR","og_type":"article","og_title":"ambon - art 1666, ambons et lutrins en bois et Laboratorio Gruppo Liturgico","og_description":"Ambon en bois massif, avec d\u00e9licate d\u00e9coration imitation marbre. Figure centrale de J\u00e9sus Ma\u00eetre en bois sculpt\u00e9 et dor\u00e9 \u00e0 la feuille d'or de cm 80. La gradation chromatique de la peinture peut \u00eatre ex\u00e9cut\u00e9e en teintes au choix. Dimensions cm 125 x 82 x 51.","og_url":"https:\/\/www.gruppoliturgico.com\/fr\/produit\/ambon\/","og_site_name":"Laboratorio Gruppo Liturgico","article_modified_time":"2022-10-20T14:56:37+00:00","og_image":[{"width":1037,"height":1500,"url":"https:\/\/www.gruppoliturgico.com\/wp-content\/uploads\/2022\/05\/1667.jpg","type":"image\/jpeg"}],"twitter_card":"summary_large_image","schema":{"@context":"https:\/\/schema.org","@graph":[{"@type":"WebPage","@id":"https:\/\/www.gruppoliturgico.com\/fr\/produit\/ambon\/","url":"https:\/\/www.gruppoliturgico.com\/fr\/produit\/ambon\/","name":"ambon - art 1666, ambons et lutrins en bois et Laboratorio Gruppo Liturgico","isPartOf":{"@id":"https:\/\/www.gruppoliturgico.com\/es\/#website"},"datePublished":"2022-05-19T21:04:32+00:00","dateModified":"2022-10-20T14:56:37+00:00","description":"Ambon en bois massif, avec d\u00e9licate d\u00e9coration imitation marbre. Figure centrale de J\u00e9sus Ma\u00eetre en bois sculpt\u00e9 et dor\u00e9 \u00e0 la feuille d'or de cm 80. La gradation chromatique de la peinture peut \u00eatre ex\u00e9cut\u00e9e en teintes au choix. Dimensions cm 125 x 82 x 51.","breadcrumb":{"@id":"https:\/\/www.gruppoliturgico.com\/fr\/produit\/ambon\/#breadcrumb"},"inLanguage":"fr-FR","potentialAction":[{"@type":"ReadAction","target":["https:\/\/www.gruppoliturgico.com\/fr\/produit\/ambon\/"]}]},{"@type":"BreadcrumbList","@id":"https:\/\/www.gruppoliturgico.com\/fr\/produit\/ambon\/#breadcrumb","itemListElement":[{"@type":"ListItem","position":1,"name":"Home","item":"https:\/\/www.gruppoliturgico.com\/fr\/"},{"@type":"ListItem","position":2,"name":"Boutique","item":"https:\/\/www.gruppoliturgico.com\/fr\/boutique\/"},{"@type":"ListItem","position":3,"name":"ambon"}]},{"@type":"WebSite","@id":"https:\/\/www.gruppoliturgico.com\/es\/#website","url":"https:\/\/www.gruppoliturgico.com\/es\/","name":"Laboratorio Gruppo Liturgico","description":"Articoli Religiosi online","publisher":{"@id":"https:\/\/www.gruppoliturgico.com\/es\/#organization"},"potentialAction":[{"@type":"SearchAction","target":{"@type":"EntryPoint","urlTemplate":"https:\/\/www.gruppoliturgico.com\/es\/?s={search_term_string}"},"query-input":"required name=search_term_string"}],"inLanguage":"fr-FR"},{"@type":"Organization","@id":"https:\/\/www.gruppoliturgico.com\/es\/#organization","name":"Laboratorio Gruppo Liturgico","url":"https:\/\/www.gruppoliturgico.com\/es\/","logo":{"@type":"ImageObject","inLanguage":"fr-FR","@id":"https:\/\/www.gruppoliturgico.com\/es\/#\/schema\/logo\/image\/","url":"https:\/\/www.gruppoliturgico.com\/wp-content\/uploads\/2022\/02\/logo-laboratoriogruppoliturgico.png","contentUrl":"https:\/\/www.gruppoliturgico.com\/wp-content\/uploads\/2022\/02\/logo-laboratoriogruppoliturgico.png","width":400,"height":114,"caption":"Laboratorio Gruppo Liturgico"},"image":{"@id":"https:\/\/www.gruppoliturgico.com\/es\/#\/schema\/logo\/image\/"}}]}},"_links":{"self":[{"href":"https:\/\/www.gruppoliturgico.com\/fr\/wp-json\/wp\/v2\/product\/63397"}],"collection":[{"href":"https:\/\/www.gruppoliturgico.com\/fr\/wp-json\/wp\/v2\/product"}],"about":[{"href":"https:\/\/www.gruppoliturgico.com\/fr\/wp-json\/wp\/v2\/types\/product"}],"wp:featuredmedia":[{"embeddable":true,"href":"https:\/\/www.gruppoliturgico.com\/fr\/wp-json\/wp\/v2\/media\/131376"}],"wp:attachment":[{"href":"https:\/\/www.gruppoliturgico.com\/fr\/wp-json\/wp\/v2\/media?parent=63397"}],"wp:term":[{"taxonomy":"product_cat","embeddable":true,"href":"https:\/\/www.gruppoliturgico.com\/fr\/wp-json\/wp\/v2\/product_cat?post=63397"},{"taxonomy":"product_tag","embeddable":true,"href":"https:\/\/www.gruppoliturgico.com\/fr\/wp-json\/wp\/v2\/product_tag?post=63397"}],"curies":[{"name":"wp","href":"https:\/\/api.w.org\/{rel}","templated":true}]}}