{"id":63373,"date":"2022-05-19T23:03:00","date_gmt":"2022-05-19T21:03:00","guid":{"rendered":"https:\/\/www.gruppoliturgico.com\/prodotto\/anneau-episcopal-4\/"},"modified":"2022-11-12T11:51:43","modified_gmt":"2022-11-12T10:51:43","slug":"anneau-episcopal-4","status":"publish","type":"product","link":"https:\/\/www.gruppoliturgico.com\/fr\/produit\/anneau-episcopal-4\/","title":{"rendered":"anneau \u00e9piscopal"},"content":{"rendered":"<html><body><p>Anneau \u00e8piscopal en argent massif.<br>\nDor\u00e9 or 24 carats.<br>\nLa pierre ornementale est une am\u00e9thyste.<br>\nIl est produit dans toutes les mesures.<br>\nLa measure peut\u00a0 \u00eatre indiqu\u00e9e dans les notes de commande.<\/p>\n<\/body><\/html>","protected":false},"excerpt":{"rendered":"<p>Anneau \u00e8piscopal en argent massif.<br \/>\nDor\u00e9 or 24 carats.<br \/>\nLa pierre ornementale est une am\u00e9thyste.<br \/>\nIl est produit dans toutes les mesures.<br \/>\nLa measure peut\u00a0 \u00eatre indiqu\u00e9e dans les notes de commande.<\/p>\n","protected":false},"featured_media":73718,"template":"","meta":[],"product_cat":[12112],"product_tag":[],"yoast_head":"<!-- This site is optimized with the Yoast SEO plugin v20.4 - https:\/\/yoast.com\/wordpress\/plugins\/seo\/ -->\n<title>anneau \u00e9piscopal - anneaux \u00e9piscopaux et Laboratorio Gruppo Liturgico<\/title>\n<meta name=\"description\" content=\"Anneau \u00e8piscopal en argent massif. Dor\u00e9 or 24 carats. La pierre ornementale est une am\u00e9thyste. Il est produit dans toutes les mesures. La measure peut\u00a0 \u00eatre indiqu\u00e9e dans les notes de commande.\" \/>\n<meta name=\"robots\" content=\"index, follow, max-snippet:-1, max-image-preview:large, max-video-preview:-1\" \/>\n<link rel=\"canonical\" href=\"https:\/\/www.gruppoliturgico.com\/fr\/produit\/anneau-episcopal-4\/\" \/>\n<meta property=\"og:locale\" content=\"fr_FR\" \/>\n<meta property=\"og:type\" content=\"article\" \/>\n<meta property=\"og:title\" content=\"anneau \u00e9piscopal - anneaux \u00e9piscopaux et Laboratorio Gruppo Liturgico\" \/>\n<meta property=\"og:description\" content=\"Anneau \u00e8piscopal en argent massif. Dor\u00e9 or 24 carats. La pierre ornementale est une am\u00e9thyste. Il est produit dans toutes les mesures. La measure peut\u00a0 \u00eatre indiqu\u00e9e dans les notes de commande.\" \/>\n<meta property=\"og:url\" content=\"https:\/\/www.gruppoliturgico.com\/fr\/produit\/anneau-episcopal-4\/\" \/>\n<meta property=\"og:site_name\" content=\"Laboratorio Gruppo Liturgico\" \/>\n<meta property=\"article:modified_time\" content=\"2022-11-12T10:51:43+00:00\" \/>\n<meta property=\"og:image\" content=\"https:\/\/www.gruppoliturgico.com\/wp-content\/uploads\/2022\/05\/1156_0.jpg\" \/>\n\t<meta property=\"og:image:width\" content=\"1500\" \/>\n\t<meta property=\"og:image:height\" content=\"1196\" \/>\n\t<meta property=\"og:image:type\" content=\"image\/jpeg\" \/>\n<meta name=\"twitter:card\" content=\"summary_large_image\" \/>\n<script type=\"application\/ld+json\" class=\"yoast-schema-graph\">{\"@context\":\"https:\/\/schema.org\",\"@graph\":[{\"@type\":\"WebPage\",\"@id\":\"https:\/\/www.gruppoliturgico.com\/fr\/produit\/anneau-episcopal-4\/\",\"url\":\"https:\/\/www.gruppoliturgico.com\/fr\/produit\/anneau-episcopal-4\/\",\"name\":\"anneau \u00e9piscopal - anneaux \u00e9piscopaux et Laboratorio Gruppo Liturgico\",\"isPartOf\":{\"@id\":\"https:\/\/www.gruppoliturgico.com\/es\/#website\"},\"datePublished\":\"2022-05-19T21:03:00+00:00\",\"dateModified\":\"2022-11-12T10:51:43+00:00\",\"description\":\"Anneau \u00e8piscopal en argent massif. Dor\u00e9 or 24 carats. La pierre ornementale est une am\u00e9thyste. Il est produit dans toutes les mesures. La measure peut\u00a0 \u00eatre indiqu\u00e9e dans les notes de commande.\",\"breadcrumb\":{\"@id\":\"https:\/\/www.gruppoliturgico.com\/fr\/produit\/anneau-episcopal-4\/#breadcrumb\"},\"inLanguage\":\"fr-FR\",\"potentialAction\":[{\"@type\":\"ReadAction\",\"target\":[\"https:\/\/www.gruppoliturgico.com\/fr\/produit\/anneau-episcopal-4\/\"]}]},{\"@type\":\"BreadcrumbList\",\"@id\":\"https:\/\/www.gruppoliturgico.com\/fr\/produit\/anneau-episcopal-4\/#breadcrumb\",\"itemListElement\":[{\"@type\":\"ListItem\",\"position\":1,\"name\":\"Home\",\"item\":\"https:\/\/www.gruppoliturgico.com\/fr\/\"},{\"@type\":\"ListItem\",\"position\":2,\"name\":\"Boutique\",\"item\":\"https:\/\/www.gruppoliturgico.com\/fr\/boutique\/\"},{\"@type\":\"ListItem\",\"position\":3,\"name\":\"anneau \u00e9piscopal\"}]},{\"@type\":\"WebSite\",\"@id\":\"https:\/\/www.gruppoliturgico.com\/es\/#website\",\"url\":\"https:\/\/www.gruppoliturgico.com\/es\/\",\"name\":\"Laboratorio Gruppo Liturgico\",\"description\":\"Articoli Religiosi online\",\"publisher\":{\"@id\":\"https:\/\/www.gruppoliturgico.com\/es\/#organization\"},\"potentialAction\":[{\"@type\":\"SearchAction\",\"target\":{\"@type\":\"EntryPoint\",\"urlTemplate\":\"https:\/\/www.gruppoliturgico.com\/es\/?s={search_term_string}\"},\"query-input\":\"required name=search_term_string\"}],\"inLanguage\":\"fr-FR\"},{\"@type\":\"Organization\",\"@id\":\"https:\/\/www.gruppoliturgico.com\/es\/#organization\",\"name\":\"Laboratorio Gruppo Liturgico\",\"url\":\"https:\/\/www.gruppoliturgico.com\/es\/\",\"logo\":{\"@type\":\"ImageObject\",\"inLanguage\":\"fr-FR\",\"@id\":\"https:\/\/www.gruppoliturgico.com\/es\/#\/schema\/logo\/image\/\",\"url\":\"https:\/\/www.gruppoliturgico.com\/wp-content\/uploads\/2022\/02\/logo-laboratoriogruppoliturgico.png\",\"contentUrl\":\"https:\/\/www.gruppoliturgico.com\/wp-content\/uploads\/2022\/02\/logo-laboratoriogruppoliturgico.png\",\"width\":400,\"height\":114,\"caption\":\"Laboratorio Gruppo Liturgico\"},\"image\":{\"@id\":\"https:\/\/www.gruppoliturgico.com\/es\/#\/schema\/logo\/image\/\"}}]}<\/script>\n<!-- \/ Yoast SEO plugin. -->","yoast_head_json":{"title":"anneau \u00e9piscopal - anneaux \u00e9piscopaux et Laboratorio Gruppo Liturgico","description":"Anneau \u00e8piscopal en argent massif. Dor\u00e9 or 24 carats. La pierre ornementale est une am\u00e9thyste. Il est produit dans toutes les mesures. La measure peut\u00a0 \u00eatre indiqu\u00e9e dans les notes de commande.","robots":{"index":"index","follow":"follow","max-snippet":"max-snippet:-1","max-image-preview":"max-image-preview:large","max-video-preview":"max-video-preview:-1"},"canonical":"https:\/\/www.gruppoliturgico.com\/fr\/produit\/anneau-episcopal-4\/","og_locale":"fr_FR","og_type":"article","og_title":"anneau \u00e9piscopal - anneaux \u00e9piscopaux et Laboratorio Gruppo Liturgico","og_description":"Anneau \u00e8piscopal en argent massif. Dor\u00e9 or 24 carats. La pierre ornementale est une am\u00e9thyste. Il est produit dans toutes les mesures. La measure peut\u00a0 \u00eatre indiqu\u00e9e dans les notes de commande.","og_url":"https:\/\/www.gruppoliturgico.com\/fr\/produit\/anneau-episcopal-4\/","og_site_name":"Laboratorio Gruppo Liturgico","article_modified_time":"2022-11-12T10:51:43+00:00","og_image":[{"width":1500,"height":1196,"url":"https:\/\/www.gruppoliturgico.com\/wp-content\/uploads\/2022\/05\/1156_0.jpg","type":"image\/jpeg"}],"twitter_card":"summary_large_image","schema":{"@context":"https:\/\/schema.org","@graph":[{"@type":"WebPage","@id":"https:\/\/www.gruppoliturgico.com\/fr\/produit\/anneau-episcopal-4\/","url":"https:\/\/www.gruppoliturgico.com\/fr\/produit\/anneau-episcopal-4\/","name":"anneau \u00e9piscopal - anneaux \u00e9piscopaux et Laboratorio Gruppo Liturgico","isPartOf":{"@id":"https:\/\/www.gruppoliturgico.com\/es\/#website"},"datePublished":"2022-05-19T21:03:00+00:00","dateModified":"2022-11-12T10:51:43+00:00","description":"Anneau \u00e8piscopal en argent massif. Dor\u00e9 or 24 carats. La pierre ornementale est une am\u00e9thyste. Il est produit dans toutes les mesures. La measure peut\u00a0 \u00eatre indiqu\u00e9e dans les notes de commande.","breadcrumb":{"@id":"https:\/\/www.gruppoliturgico.com\/fr\/produit\/anneau-episcopal-4\/#breadcrumb"},"inLanguage":"fr-FR","potentialAction":[{"@type":"ReadAction","target":["https:\/\/www.gruppoliturgico.com\/fr\/produit\/anneau-episcopal-4\/"]}]},{"@type":"BreadcrumbList","@id":"https:\/\/www.gruppoliturgico.com\/fr\/produit\/anneau-episcopal-4\/#breadcrumb","itemListElement":[{"@type":"ListItem","position":1,"name":"Home","item":"https:\/\/www.gruppoliturgico.com\/fr\/"},{"@type":"ListItem","position":2,"name":"Boutique","item":"https:\/\/www.gruppoliturgico.com\/fr\/boutique\/"},{"@type":"ListItem","position":3,"name":"anneau \u00e9piscopal"}]},{"@type":"WebSite","@id":"https:\/\/www.gruppoliturgico.com\/es\/#website","url":"https:\/\/www.gruppoliturgico.com\/es\/","name":"Laboratorio Gruppo Liturgico","description":"Articoli Religiosi online","publisher":{"@id":"https:\/\/www.gruppoliturgico.com\/es\/#organization"},"potentialAction":[{"@type":"SearchAction","target":{"@type":"EntryPoint","urlTemplate":"https:\/\/www.gruppoliturgico.com\/es\/?s={search_term_string}"},"query-input":"required name=search_term_string"}],"inLanguage":"fr-FR"},{"@type":"Organization","@id":"https:\/\/www.gruppoliturgico.com\/es\/#organization","name":"Laboratorio Gruppo Liturgico","url":"https:\/\/www.gruppoliturgico.com\/es\/","logo":{"@type":"ImageObject","inLanguage":"fr-FR","@id":"https:\/\/www.gruppoliturgico.com\/es\/#\/schema\/logo\/image\/","url":"https:\/\/www.gruppoliturgico.com\/wp-content\/uploads\/2022\/02\/logo-laboratoriogruppoliturgico.png","contentUrl":"https:\/\/www.gruppoliturgico.com\/wp-content\/uploads\/2022\/02\/logo-laboratoriogruppoliturgico.png","width":400,"height":114,"caption":"Laboratorio Gruppo Liturgico"},"image":{"@id":"https:\/\/www.gruppoliturgico.com\/es\/#\/schema\/logo\/image\/"}}]}},"_links":{"self":[{"href":"https:\/\/www.gruppoliturgico.com\/fr\/wp-json\/wp\/v2\/product\/63373"}],"collection":[{"href":"https:\/\/www.gruppoliturgico.com\/fr\/wp-json\/wp\/v2\/product"}],"about":[{"href":"https:\/\/www.gruppoliturgico.com\/fr\/wp-json\/wp\/v2\/types\/product"}],"wp:featuredmedia":[{"embeddable":true,"href":"https:\/\/www.gruppoliturgico.com\/fr\/wp-json\/wp\/v2\/media\/73718"}],"wp:attachment":[{"href":"https:\/\/www.gruppoliturgico.com\/fr\/wp-json\/wp\/v2\/media?parent=63373"}],"wp:term":[{"taxonomy":"product_cat","embeddable":true,"href":"https:\/\/www.gruppoliturgico.com\/fr\/wp-json\/wp\/v2\/product_cat?post=63373"},{"taxonomy":"product_tag","embeddable":true,"href":"https:\/\/www.gruppoliturgico.com\/fr\/wp-json\/wp\/v2\/product_tag?post=63373"}],"curies":[{"name":"wp","href":"https:\/\/api.w.org\/{rel}","templated":true}]}}