{"id":63345,"date":"2022-05-19T23:02:12","date_gmt":"2022-05-19T21:02:17","guid":{"rendered":"https:\/\/www.gruppoliturgico.com\/prodotto\/lampe-de-sanctuaire-6\/"},"modified":"2026-01-20T10:45:13","modified_gmt":"2026-01-20T09:45:13","slug":"lampe-de-sanctuaire-6","status":"publish","type":"product","link":"https:\/\/www.gruppoliturgico.com\/fr\/produit\/lampe-de-sanctuaire-6\/","title":{"rendered":"lampe de sanctuaire"},"content":{"rendered":"<html><body><p>En laiton argent\u00e9 et dor\u00e9.<br>\nCiselures ex\u00e9cut\u00e9es \u00e0 la main.<br>\nCompl\u00e8tent la d\u00e9coration des \u00e9l\u00e9ments en bronze forg\u00e9.<br>\nLes cha\u00eenes ont une longueur de 125 cm<br>\nEventuelle installation \u00e9lectrique sur demande.<br>\nElle est disponible en diff\u00e9rentes mesures.<\/p>\n<\/body><\/html>","protected":false},"excerpt":{"rendered":"<p>En laiton argent\u00e9 et dor\u00e9.<br \/>\nCiselures ex\u00e9cut\u00e9es \u00e0 la main.<br \/>\nCompl\u00e8tent la d\u00e9coration des \u00e9l\u00e9ments en bronze forg\u00e9.<br \/>\nLes cha\u00eenes ont une longueur de 125 cm<br \/>\nEventuelle installation \u00e9lectrique sur demande.<br \/>\nElle est disponible en diff\u00e9rentes mesures.<\/p>\n","protected":false},"featured_media":73690,"template":"","meta":[],"product_cat":[12100],"product_tag":[],"yoast_head":"<!-- This site is optimized with the Yoast SEO plugin v20.4 - https:\/\/yoast.com\/wordpress\/plugins\/seo\/ -->\n<title>lampe de sanctuaire - Lampes avec cha\u00eenes et Laboratorio Gruppo Liturgico<\/title>\n<meta name=\"description\" content=\"En laiton argent\u00e9 et dor\u00e9.  Ciselures ex\u00e9cut\u00e9es \u00e0 la main.  Compl\u00e8tent la d\u00e9coration des \u00e9l\u00e9ments en bronze forg\u00e9.  Les cha\u00eenes ont une longueur de 125 cm Eventuelle installation \u00e9lectrique sur demande. Elle est disponible en diff\u00e9rentes mesures.\" \/>\n<meta name=\"robots\" content=\"index, follow, max-snippet:-1, max-image-preview:large, max-video-preview:-1\" \/>\n<link rel=\"canonical\" href=\"https:\/\/www.gruppoliturgico.com\/fr\/produit\/lampe-de-sanctuaire-6\/\" \/>\n<meta property=\"og:locale\" content=\"fr_FR\" \/>\n<meta property=\"og:type\" content=\"article\" \/>\n<meta property=\"og:title\" content=\"lampe de sanctuaire - Lampes avec cha\u00eenes et Laboratorio Gruppo Liturgico\" \/>\n<meta property=\"og:description\" content=\"En laiton argent\u00e9 et dor\u00e9.  Ciselures ex\u00e9cut\u00e9es \u00e0 la main.  Compl\u00e8tent la d\u00e9coration des \u00e9l\u00e9ments en bronze forg\u00e9.  Les cha\u00eenes ont une longueur de 125 cm Eventuelle installation \u00e9lectrique sur demande. Elle est disponible en diff\u00e9rentes mesures.\" \/>\n<meta property=\"og:url\" content=\"https:\/\/www.gruppoliturgico.com\/fr\/produit\/lampe-de-sanctuaire-6\/\" \/>\n<meta property=\"og:site_name\" content=\"Laboratorio Gruppo Liturgico\" \/>\n<meta property=\"article:modified_time\" content=\"2026-01-20T09:45:13+00:00\" \/>\n<meta property=\"og:image\" content=\"https:\/\/www.gruppoliturgico.com\/wp-content\/uploads\/2022\/05\/pag2034.jpg\" \/>\n\t<meta property=\"og:image:width\" content=\"809\" \/>\n\t<meta property=\"og:image:height\" content=\"1500\" \/>\n\t<meta property=\"og:image:type\" content=\"image\/jpeg\" \/>\n<meta name=\"twitter:card\" content=\"summary_large_image\" \/>\n<script type=\"application\/ld+json\" class=\"yoast-schema-graph\">{\"@context\":\"https:\/\/schema.org\",\"@graph\":[{\"@type\":\"WebPage\",\"@id\":\"https:\/\/www.gruppoliturgico.com\/fr\/produit\/lampe-de-sanctuaire-6\/\",\"url\":\"https:\/\/www.gruppoliturgico.com\/fr\/produit\/lampe-de-sanctuaire-6\/\",\"name\":\"lampe de sanctuaire - Lampes avec cha\u00eenes et Laboratorio Gruppo Liturgico\",\"isPartOf\":{\"@id\":\"https:\/\/www.gruppoliturgico.com\/es\/#website\"},\"datePublished\":\"2022-05-19T21:02:17+00:00\",\"dateModified\":\"2026-01-20T09:45:13+00:00\",\"description\":\"En laiton argent\u00e9 et dor\u00e9. Ciselures ex\u00e9cut\u00e9es \u00e0 la main. Compl\u00e8tent la d\u00e9coration des \u00e9l\u00e9ments en bronze forg\u00e9. Les cha\u00eenes ont une longueur de 125 cm Eventuelle installation \u00e9lectrique sur demande. Elle est disponible en diff\u00e9rentes mesures.\",\"breadcrumb\":{\"@id\":\"https:\/\/www.gruppoliturgico.com\/fr\/produit\/lampe-de-sanctuaire-6\/#breadcrumb\"},\"inLanguage\":\"fr-FR\",\"potentialAction\":[{\"@type\":\"ReadAction\",\"target\":[\"https:\/\/www.gruppoliturgico.com\/fr\/produit\/lampe-de-sanctuaire-6\/\"]}]},{\"@type\":\"BreadcrumbList\",\"@id\":\"https:\/\/www.gruppoliturgico.com\/fr\/produit\/lampe-de-sanctuaire-6\/#breadcrumb\",\"itemListElement\":[{\"@type\":\"ListItem\",\"position\":1,\"name\":\"Home\",\"item\":\"https:\/\/www.gruppoliturgico.com\/fr\/\"},{\"@type\":\"ListItem\",\"position\":2,\"name\":\"Boutique\",\"item\":\"https:\/\/www.gruppoliturgico.com\/fr\/boutique\/\"},{\"@type\":\"ListItem\",\"position\":3,\"name\":\"lampe de sanctuaire\"}]},{\"@type\":\"WebSite\",\"@id\":\"https:\/\/www.gruppoliturgico.com\/es\/#website\",\"url\":\"https:\/\/www.gruppoliturgico.com\/es\/\",\"name\":\"Laboratorio Gruppo Liturgico\",\"description\":\"Articoli Religiosi online\",\"publisher\":{\"@id\":\"https:\/\/www.gruppoliturgico.com\/es\/#organization\"},\"potentialAction\":[{\"@type\":\"SearchAction\",\"target\":{\"@type\":\"EntryPoint\",\"urlTemplate\":\"https:\/\/www.gruppoliturgico.com\/es\/?s={search_term_string}\"},\"query-input\":\"required name=search_term_string\"}],\"inLanguage\":\"fr-FR\"},{\"@type\":\"Organization\",\"@id\":\"https:\/\/www.gruppoliturgico.com\/es\/#organization\",\"name\":\"Laboratorio Gruppo Liturgico\",\"url\":\"https:\/\/www.gruppoliturgico.com\/es\/\",\"logo\":{\"@type\":\"ImageObject\",\"inLanguage\":\"fr-FR\",\"@id\":\"https:\/\/www.gruppoliturgico.com\/es\/#\/schema\/logo\/image\/\",\"url\":\"https:\/\/www.gruppoliturgico.com\/wp-content\/uploads\/2022\/02\/logo-laboratoriogruppoliturgico.png\",\"contentUrl\":\"https:\/\/www.gruppoliturgico.com\/wp-content\/uploads\/2022\/02\/logo-laboratoriogruppoliturgico.png\",\"width\":400,\"height\":114,\"caption\":\"Laboratorio Gruppo Liturgico\"},\"image\":{\"@id\":\"https:\/\/www.gruppoliturgico.com\/es\/#\/schema\/logo\/image\/\"}}]}<\/script>\n<!-- \/ Yoast SEO plugin. -->","yoast_head_json":{"title":"lampe de sanctuaire - Lampes avec cha\u00eenes et Laboratorio Gruppo Liturgico","description":"En laiton argent\u00e9 et dor\u00e9.  Ciselures ex\u00e9cut\u00e9es \u00e0 la main.  Compl\u00e8tent la d\u00e9coration des \u00e9l\u00e9ments en bronze forg\u00e9.  Les cha\u00eenes ont une longueur de 125 cm Eventuelle installation \u00e9lectrique sur demande. Elle est disponible en diff\u00e9rentes mesures.","robots":{"index":"index","follow":"follow","max-snippet":"max-snippet:-1","max-image-preview":"max-image-preview:large","max-video-preview":"max-video-preview:-1"},"canonical":"https:\/\/www.gruppoliturgico.com\/fr\/produit\/lampe-de-sanctuaire-6\/","og_locale":"fr_FR","og_type":"article","og_title":"lampe de sanctuaire - Lampes avec cha\u00eenes et Laboratorio Gruppo Liturgico","og_description":"En laiton argent\u00e9 et dor\u00e9.  Ciselures ex\u00e9cut\u00e9es \u00e0 la main.  Compl\u00e8tent la d\u00e9coration des \u00e9l\u00e9ments en bronze forg\u00e9.  Les cha\u00eenes ont une longueur de 125 cm Eventuelle installation \u00e9lectrique sur demande. Elle est disponible en diff\u00e9rentes mesures.","og_url":"https:\/\/www.gruppoliturgico.com\/fr\/produit\/lampe-de-sanctuaire-6\/","og_site_name":"Laboratorio Gruppo Liturgico","article_modified_time":"2026-01-20T09:45:13+00:00","og_image":[{"width":809,"height":1500,"url":"https:\/\/www.gruppoliturgico.com\/wp-content\/uploads\/2022\/05\/pag2034.jpg","type":"image\/jpeg"}],"twitter_card":"summary_large_image","schema":{"@context":"https:\/\/schema.org","@graph":[{"@type":"WebPage","@id":"https:\/\/www.gruppoliturgico.com\/fr\/produit\/lampe-de-sanctuaire-6\/","url":"https:\/\/www.gruppoliturgico.com\/fr\/produit\/lampe-de-sanctuaire-6\/","name":"lampe de sanctuaire - Lampes avec cha\u00eenes et Laboratorio Gruppo Liturgico","isPartOf":{"@id":"https:\/\/www.gruppoliturgico.com\/es\/#website"},"datePublished":"2022-05-19T21:02:17+00:00","dateModified":"2026-01-20T09:45:13+00:00","description":"En laiton argent\u00e9 et dor\u00e9. Ciselures ex\u00e9cut\u00e9es \u00e0 la main. Compl\u00e8tent la d\u00e9coration des \u00e9l\u00e9ments en bronze forg\u00e9. Les cha\u00eenes ont une longueur de 125 cm Eventuelle installation \u00e9lectrique sur demande. Elle est disponible en diff\u00e9rentes mesures.","breadcrumb":{"@id":"https:\/\/www.gruppoliturgico.com\/fr\/produit\/lampe-de-sanctuaire-6\/#breadcrumb"},"inLanguage":"fr-FR","potentialAction":[{"@type":"ReadAction","target":["https:\/\/www.gruppoliturgico.com\/fr\/produit\/lampe-de-sanctuaire-6\/"]}]},{"@type":"BreadcrumbList","@id":"https:\/\/www.gruppoliturgico.com\/fr\/produit\/lampe-de-sanctuaire-6\/#breadcrumb","itemListElement":[{"@type":"ListItem","position":1,"name":"Home","item":"https:\/\/www.gruppoliturgico.com\/fr\/"},{"@type":"ListItem","position":2,"name":"Boutique","item":"https:\/\/www.gruppoliturgico.com\/fr\/boutique\/"},{"@type":"ListItem","position":3,"name":"lampe de sanctuaire"}]},{"@type":"WebSite","@id":"https:\/\/www.gruppoliturgico.com\/es\/#website","url":"https:\/\/www.gruppoliturgico.com\/es\/","name":"Laboratorio Gruppo Liturgico","description":"Articoli Religiosi online","publisher":{"@id":"https:\/\/www.gruppoliturgico.com\/es\/#organization"},"potentialAction":[{"@type":"SearchAction","target":{"@type":"EntryPoint","urlTemplate":"https:\/\/www.gruppoliturgico.com\/es\/?s={search_term_string}"},"query-input":"required name=search_term_string"}],"inLanguage":"fr-FR"},{"@type":"Organization","@id":"https:\/\/www.gruppoliturgico.com\/es\/#organization","name":"Laboratorio Gruppo Liturgico","url":"https:\/\/www.gruppoliturgico.com\/es\/","logo":{"@type":"ImageObject","inLanguage":"fr-FR","@id":"https:\/\/www.gruppoliturgico.com\/es\/#\/schema\/logo\/image\/","url":"https:\/\/www.gruppoliturgico.com\/wp-content\/uploads\/2022\/02\/logo-laboratoriogruppoliturgico.png","contentUrl":"https:\/\/www.gruppoliturgico.com\/wp-content\/uploads\/2022\/02\/logo-laboratoriogruppoliturgico.png","width":400,"height":114,"caption":"Laboratorio Gruppo Liturgico"},"image":{"@id":"https:\/\/www.gruppoliturgico.com\/es\/#\/schema\/logo\/image\/"}}]}},"_links":{"self":[{"href":"https:\/\/www.gruppoliturgico.com\/fr\/wp-json\/wp\/v2\/product\/63345"}],"collection":[{"href":"https:\/\/www.gruppoliturgico.com\/fr\/wp-json\/wp\/v2\/product"}],"about":[{"href":"https:\/\/www.gruppoliturgico.com\/fr\/wp-json\/wp\/v2\/types\/product"}],"wp:featuredmedia":[{"embeddable":true,"href":"https:\/\/www.gruppoliturgico.com\/fr\/wp-json\/wp\/v2\/media\/73690"}],"wp:attachment":[{"href":"https:\/\/www.gruppoliturgico.com\/fr\/wp-json\/wp\/v2\/media?parent=63345"}],"wp:term":[{"taxonomy":"product_cat","embeddable":true,"href":"https:\/\/www.gruppoliturgico.com\/fr\/wp-json\/wp\/v2\/product_cat?post=63345"},{"taxonomy":"product_tag","embeddable":true,"href":"https:\/\/www.gruppoliturgico.com\/fr\/wp-json\/wp\/v2\/product_tag?post=63345"}],"curies":[{"name":"wp","href":"https:\/\/api.w.org\/{rel}","templated":true}]}}