{"id":63277,"date":"2022-05-19T22:59:10","date_gmt":"2022-05-19T20:59:14","guid":{"rendered":"https:\/\/www.gruppoliturgico.com\/prodotto\/paire-de-chandeliers-a-trois-branches-2\/"},"modified":"2022-09-27T15:48:06","modified_gmt":"2022-09-27T13:48:06","slug":"paire-de-chandeliers-a-trois-branches-2","status":"publish","type":"product","link":"https:\/\/www.gruppoliturgico.com\/fr\/produit\/paire-de-chandeliers-a-trois-branches-2\/","title":{"rendered":"paire de chandeliers \u00e0 trois branches"},"content":{"rendered":"<html><body><p>Paire de chandeliers \u00e0 trois flammes en bois sculpt\u00e9 \u00e0 la main.<br>\nIls pr\u00e9sentent un entrelacement \u00e9labor\u00e9 de frises et de sculptures baroques.<br>\nDorure \u00e0 la feuille d\u2019or.<br>\nHauteur cm 40 (les bougies exclues)<br>\nBase cm 35 x 12<\/p>\n<p>Le prix est relative a deux chandeliers et comprend les bogies avec le r\u00e9cipient de cire liquide.<\/p>\n<\/body><\/html>","protected":false},"excerpt":{"rendered":"<p>Paire de chandeliers \u00e0 trois flammes en bois sculpt\u00e9 \u00e0 la main.<br \/>\nIls pr\u00e9sentent un entrelacement \u00e9labor\u00e9 de frises et de sculptures baroques.<br \/>\nDorure \u00e0 la feuille d\u2019or.<br \/>\nHauteur cm 40 (les bougies exclues)<br \/>\nBase cm 35 x 12<\/p>\n<p>Le prix est relative a deux chandeliers et comprend les bogies avec le r\u00e9cipient de cire liquide.<\/p>\n","protected":false},"featured_media":132116,"template":"","meta":[],"product_cat":[12056],"product_tag":[],"yoast_head":"<!-- This site is optimized with the Yoast SEO plugin v20.4 - https:\/\/yoast.com\/wordpress\/plugins\/seo\/ -->\n<title>paire de chandeliers \u00e0 trois branches - Chandelier \u00e0 plusieurs branches et Laboratorio Gruppo Liturgico<\/title>\n<meta name=\"description\" content=\"Paire de chandeliers \u00e0 trois flammes en bois sculpt\u00e9 \u00e0 la main. Ils pr\u00e9sentent un entrelacement \u00e9labor\u00e9 de frises et de sculptures baroques. Dorure \u00e0 la feuille d\u2019or. Hauteur cm 40 (les bougies exclues) Base cm 35 x 12  Le prix est relative a deux chandeliers et comprend les bogies avec le r\u00e9cipient de cire liquide.\" \/>\n<meta name=\"robots\" content=\"index, follow, max-snippet:-1, max-image-preview:large, max-video-preview:-1\" \/>\n<link rel=\"canonical\" href=\"https:\/\/www.gruppoliturgico.com\/fr\/produit\/paire-de-chandeliers-a-trois-branches-2\/\" \/>\n<meta property=\"og:locale\" content=\"fr_FR\" \/>\n<meta property=\"og:type\" content=\"article\" \/>\n<meta property=\"og:title\" content=\"paire de chandeliers \u00e0 trois branches - Chandelier \u00e0 plusieurs branches et Laboratorio Gruppo Liturgico\" \/>\n<meta property=\"og:description\" content=\"Paire de chandeliers \u00e0 trois flammes en bois sculpt\u00e9 \u00e0 la main. Ils pr\u00e9sentent un entrelacement \u00e9labor\u00e9 de frises et de sculptures baroques. Dorure \u00e0 la feuille d\u2019or. Hauteur cm 40 (les bougies exclues) Base cm 35 x 12  Le prix est relative a deux chandeliers et comprend les bogies avec le r\u00e9cipient de cire liquide.\" \/>\n<meta property=\"og:url\" content=\"https:\/\/www.gruppoliturgico.com\/fr\/produit\/paire-de-chandeliers-a-trois-branches-2\/\" \/>\n<meta property=\"og:site_name\" content=\"Laboratorio Gruppo Liturgico\" \/>\n<meta property=\"article:modified_time\" content=\"2022-09-27T13:48:06+00:00\" \/>\n<meta property=\"og:image\" content=\"https:\/\/www.gruppoliturgico.com\/wp-content\/uploads\/2022\/05\/363-nv4-919x1024.jpg\" \/>\n\t<meta property=\"og:image:width\" content=\"919\" \/>\n\t<meta property=\"og:image:height\" content=\"1024\" \/>\n\t<meta property=\"og:image:type\" content=\"image\/jpeg\" \/>\n<meta name=\"twitter:card\" content=\"summary_large_image\" \/>\n<script type=\"application\/ld+json\" class=\"yoast-schema-graph\">{\"@context\":\"https:\/\/schema.org\",\"@graph\":[{\"@type\":\"WebPage\",\"@id\":\"https:\/\/www.gruppoliturgico.com\/fr\/produit\/paire-de-chandeliers-a-trois-branches-2\/\",\"url\":\"https:\/\/www.gruppoliturgico.com\/fr\/produit\/paire-de-chandeliers-a-trois-branches-2\/\",\"name\":\"paire de chandeliers \u00e0 trois branches - Chandelier \u00e0 plusieurs branches et Laboratorio Gruppo Liturgico\",\"isPartOf\":{\"@id\":\"https:\/\/www.gruppoliturgico.com\/es\/#website\"},\"datePublished\":\"2022-05-19T20:59:14+00:00\",\"dateModified\":\"2022-09-27T13:48:06+00:00\",\"description\":\"Paire de chandeliers \u00e0 trois flammes en bois sculpt\u00e9 \u00e0 la main. Ils pr\u00e9sentent un entrelacement \u00e9labor\u00e9 de frises et de sculptures baroques. Dorure \u00e0 la feuille d\u2019or. Hauteur cm 40 (les bougies exclues) Base cm 35 x 12 Le prix est relative a deux chandeliers et comprend les bogies avec le r\u00e9cipient de cire liquide.\",\"breadcrumb\":{\"@id\":\"https:\/\/www.gruppoliturgico.com\/fr\/produit\/paire-de-chandeliers-a-trois-branches-2\/#breadcrumb\"},\"inLanguage\":\"fr-FR\",\"potentialAction\":[{\"@type\":\"ReadAction\",\"target\":[\"https:\/\/www.gruppoliturgico.com\/fr\/produit\/paire-de-chandeliers-a-trois-branches-2\/\"]}]},{\"@type\":\"BreadcrumbList\",\"@id\":\"https:\/\/www.gruppoliturgico.com\/fr\/produit\/paire-de-chandeliers-a-trois-branches-2\/#breadcrumb\",\"itemListElement\":[{\"@type\":\"ListItem\",\"position\":1,\"name\":\"Home\",\"item\":\"https:\/\/www.gruppoliturgico.com\/fr\/\"},{\"@type\":\"ListItem\",\"position\":2,\"name\":\"Boutique\",\"item\":\"https:\/\/www.gruppoliturgico.com\/fr\/boutique\/\"},{\"@type\":\"ListItem\",\"position\":3,\"name\":\"paire de chandeliers \u00e0 trois branches\"}]},{\"@type\":\"WebSite\",\"@id\":\"https:\/\/www.gruppoliturgico.com\/es\/#website\",\"url\":\"https:\/\/www.gruppoliturgico.com\/es\/\",\"name\":\"Laboratorio Gruppo Liturgico\",\"description\":\"Articoli Religiosi online\",\"publisher\":{\"@id\":\"https:\/\/www.gruppoliturgico.com\/es\/#organization\"},\"potentialAction\":[{\"@type\":\"SearchAction\",\"target\":{\"@type\":\"EntryPoint\",\"urlTemplate\":\"https:\/\/www.gruppoliturgico.com\/es\/?s={search_term_string}\"},\"query-input\":\"required name=search_term_string\"}],\"inLanguage\":\"fr-FR\"},{\"@type\":\"Organization\",\"@id\":\"https:\/\/www.gruppoliturgico.com\/es\/#organization\",\"name\":\"Laboratorio Gruppo Liturgico\",\"url\":\"https:\/\/www.gruppoliturgico.com\/es\/\",\"logo\":{\"@type\":\"ImageObject\",\"inLanguage\":\"fr-FR\",\"@id\":\"https:\/\/www.gruppoliturgico.com\/es\/#\/schema\/logo\/image\/\",\"url\":\"https:\/\/www.gruppoliturgico.com\/wp-content\/uploads\/2022\/02\/logo-laboratoriogruppoliturgico.png\",\"contentUrl\":\"https:\/\/www.gruppoliturgico.com\/wp-content\/uploads\/2022\/02\/logo-laboratoriogruppoliturgico.png\",\"width\":400,\"height\":114,\"caption\":\"Laboratorio Gruppo Liturgico\"},\"image\":{\"@id\":\"https:\/\/www.gruppoliturgico.com\/es\/#\/schema\/logo\/image\/\"}}]}<\/script>\n<!-- \/ Yoast SEO plugin. -->","yoast_head_json":{"title":"paire de chandeliers \u00e0 trois branches - Chandelier \u00e0 plusieurs branches et Laboratorio Gruppo Liturgico","description":"Paire de chandeliers \u00e0 trois flammes en bois sculpt\u00e9 \u00e0 la main. Ils pr\u00e9sentent un entrelacement \u00e9labor\u00e9 de frises et de sculptures baroques. Dorure \u00e0 la feuille d\u2019or. Hauteur cm 40 (les bougies exclues) Base cm 35 x 12  Le prix est relative a deux chandeliers et comprend les bogies avec le r\u00e9cipient de cire liquide.","robots":{"index":"index","follow":"follow","max-snippet":"max-snippet:-1","max-image-preview":"max-image-preview:large","max-video-preview":"max-video-preview:-1"},"canonical":"https:\/\/www.gruppoliturgico.com\/fr\/produit\/paire-de-chandeliers-a-trois-branches-2\/","og_locale":"fr_FR","og_type":"article","og_title":"paire de chandeliers \u00e0 trois branches - Chandelier \u00e0 plusieurs branches et Laboratorio Gruppo Liturgico","og_description":"Paire de chandeliers \u00e0 trois flammes en bois sculpt\u00e9 \u00e0 la main. Ils pr\u00e9sentent un entrelacement \u00e9labor\u00e9 de frises et de sculptures baroques. Dorure \u00e0 la feuille d\u2019or. Hauteur cm 40 (les bougies exclues) Base cm 35 x 12  Le prix est relative a deux chandeliers et comprend les bogies avec le r\u00e9cipient de cire liquide.","og_url":"https:\/\/www.gruppoliturgico.com\/fr\/produit\/paire-de-chandeliers-a-trois-branches-2\/","og_site_name":"Laboratorio Gruppo Liturgico","article_modified_time":"2022-09-27T13:48:06+00:00","og_image":[{"width":919,"height":1024,"url":"https:\/\/www.gruppoliturgico.com\/wp-content\/uploads\/2022\/05\/363-nv4-919x1024.jpg","type":"image\/jpeg"}],"twitter_card":"summary_large_image","schema":{"@context":"https:\/\/schema.org","@graph":[{"@type":"WebPage","@id":"https:\/\/www.gruppoliturgico.com\/fr\/produit\/paire-de-chandeliers-a-trois-branches-2\/","url":"https:\/\/www.gruppoliturgico.com\/fr\/produit\/paire-de-chandeliers-a-trois-branches-2\/","name":"paire de chandeliers \u00e0 trois branches - Chandelier \u00e0 plusieurs branches et Laboratorio Gruppo Liturgico","isPartOf":{"@id":"https:\/\/www.gruppoliturgico.com\/es\/#website"},"datePublished":"2022-05-19T20:59:14+00:00","dateModified":"2022-09-27T13:48:06+00:00","description":"Paire de chandeliers \u00e0 trois flammes en bois sculpt\u00e9 \u00e0 la main. Ils pr\u00e9sentent un entrelacement \u00e9labor\u00e9 de frises et de sculptures baroques. Dorure \u00e0 la feuille d\u2019or. Hauteur cm 40 (les bougies exclues) Base cm 35 x 12 Le prix est relative a deux chandeliers et comprend les bogies avec le r\u00e9cipient de cire liquide.","breadcrumb":{"@id":"https:\/\/www.gruppoliturgico.com\/fr\/produit\/paire-de-chandeliers-a-trois-branches-2\/#breadcrumb"},"inLanguage":"fr-FR","potentialAction":[{"@type":"ReadAction","target":["https:\/\/www.gruppoliturgico.com\/fr\/produit\/paire-de-chandeliers-a-trois-branches-2\/"]}]},{"@type":"BreadcrumbList","@id":"https:\/\/www.gruppoliturgico.com\/fr\/produit\/paire-de-chandeliers-a-trois-branches-2\/#breadcrumb","itemListElement":[{"@type":"ListItem","position":1,"name":"Home","item":"https:\/\/www.gruppoliturgico.com\/fr\/"},{"@type":"ListItem","position":2,"name":"Boutique","item":"https:\/\/www.gruppoliturgico.com\/fr\/boutique\/"},{"@type":"ListItem","position":3,"name":"paire de chandeliers \u00e0 trois branches"}]},{"@type":"WebSite","@id":"https:\/\/www.gruppoliturgico.com\/es\/#website","url":"https:\/\/www.gruppoliturgico.com\/es\/","name":"Laboratorio Gruppo Liturgico","description":"Articoli Religiosi online","publisher":{"@id":"https:\/\/www.gruppoliturgico.com\/es\/#organization"},"potentialAction":[{"@type":"SearchAction","target":{"@type":"EntryPoint","urlTemplate":"https:\/\/www.gruppoliturgico.com\/es\/?s={search_term_string}"},"query-input":"required name=search_term_string"}],"inLanguage":"fr-FR"},{"@type":"Organization","@id":"https:\/\/www.gruppoliturgico.com\/es\/#organization","name":"Laboratorio Gruppo Liturgico","url":"https:\/\/www.gruppoliturgico.com\/es\/","logo":{"@type":"ImageObject","inLanguage":"fr-FR","@id":"https:\/\/www.gruppoliturgico.com\/es\/#\/schema\/logo\/image\/","url":"https:\/\/www.gruppoliturgico.com\/wp-content\/uploads\/2022\/02\/logo-laboratoriogruppoliturgico.png","contentUrl":"https:\/\/www.gruppoliturgico.com\/wp-content\/uploads\/2022\/02\/logo-laboratoriogruppoliturgico.png","width":400,"height":114,"caption":"Laboratorio Gruppo Liturgico"},"image":{"@id":"https:\/\/www.gruppoliturgico.com\/es\/#\/schema\/logo\/image\/"}}]}},"_links":{"self":[{"href":"https:\/\/www.gruppoliturgico.com\/fr\/wp-json\/wp\/v2\/product\/63277"}],"collection":[{"href":"https:\/\/www.gruppoliturgico.com\/fr\/wp-json\/wp\/v2\/product"}],"about":[{"href":"https:\/\/www.gruppoliturgico.com\/fr\/wp-json\/wp\/v2\/types\/product"}],"wp:featuredmedia":[{"embeddable":true,"href":"https:\/\/www.gruppoliturgico.com\/fr\/wp-json\/wp\/v2\/media\/132116"}],"wp:attachment":[{"href":"https:\/\/www.gruppoliturgico.com\/fr\/wp-json\/wp\/v2\/media?parent=63277"}],"wp:term":[{"taxonomy":"product_cat","embeddable":true,"href":"https:\/\/www.gruppoliturgico.com\/fr\/wp-json\/wp\/v2\/product_cat?post=63277"},{"taxonomy":"product_tag","embeddable":true,"href":"https:\/\/www.gruppoliturgico.com\/fr\/wp-json\/wp\/v2\/product_tag?post=63277"}],"curies":[{"name":"wp","href":"https:\/\/api.w.org\/{rel}","templated":true}]}}