{"id":63261,"date":"2022-05-19T22:58:31","date_gmt":"2022-05-19T20:58:35","guid":{"rendered":"https:\/\/www.gruppoliturgico.com\/prodotto\/tabernacle-11\/"},"modified":"2022-10-07T09:59:36","modified_gmt":"2022-10-07T07:59:36","slug":"tabernacle-11","status":"publish","type":"product","link":"https:\/\/www.gruppoliturgico.com\/fr\/produit\/tabernacle-11\/","title":{"rendered":"tabernacle"},"content":{"rendered":"<html><body><p>Tabernacle recouvert ext\u00e9rieurement de bois pr\u00e9cieux.<br>\nIl a une porte dor\u00e9e en fusion avec un calice d\u00e9cor\u00e9 d\u2019\u00e9maux rouges.<br>\nDimensions<br>\next\u00e9rieures  cm 20 x 20 x 20.<br>\nint\u00e9rieur cm 16 x 16 x 16<\/p>\n<\/body><\/html>","protected":false},"excerpt":{"rendered":"<p>Tabernacle recouvert ext\u00e9rieurement de bois pr\u00e9cieux.<br \/>\nIl a une porte dor\u00e9e en fusion avec un calice d\u00e9cor\u00e9 d&rsquo;\u00e9maux rouges.<br \/>\nDimensions<br \/>\next\u00e9rieures  cm 20 x 20 x 20.<br \/>\nint\u00e9rieur cm 16 x 16 x 16<\/p>\n","protected":false},"featured_media":132999,"template":"","meta":[],"product_cat":[12084],"product_tag":[],"yoast_head":"<!-- This site is optimized with the Yoast SEO plugin v20.4 - https:\/\/yoast.com\/wordpress\/plugins\/seo\/ -->\n<title>tabernacle - Tabernacles en m\u00e9tal et Laboratorio Gruppo Liturgico<\/title>\n<meta name=\"description\" content=\"Tabernacle recouvert ext\u00e9rieurement de bois pr\u00e9cieux. Il a une porte dor\u00e9e en fusion avec un calice d\u00e9cor\u00e9 d&#039;\u00e9maux rouges. Dimensions  ext\u00e9rieures cm 20 x 20 x 20. int\u00e9rieur cm 16 x 16 x 16\" \/>\n<meta name=\"robots\" content=\"index, follow, max-snippet:-1, max-image-preview:large, max-video-preview:-1\" \/>\n<link rel=\"canonical\" href=\"https:\/\/www.gruppoliturgico.com\/fr\/produit\/tabernacle-11\/\" \/>\n<meta property=\"og:locale\" content=\"fr_FR\" \/>\n<meta property=\"og:type\" content=\"article\" \/>\n<meta property=\"og:title\" content=\"tabernacle - Tabernacles en m\u00e9tal et Laboratorio Gruppo Liturgico\" \/>\n<meta property=\"og:description\" content=\"Tabernacle recouvert ext\u00e9rieurement de bois pr\u00e9cieux. Il a une porte dor\u00e9e en fusion avec un calice d\u00e9cor\u00e9 d&#039;\u00e9maux rouges. Dimensions  ext\u00e9rieures cm 20 x 20 x 20. int\u00e9rieur cm 16 x 16 x 16\" \/>\n<meta property=\"og:url\" content=\"https:\/\/www.gruppoliturgico.com\/fr\/produit\/tabernacle-11\/\" \/>\n<meta property=\"og:site_name\" content=\"Laboratorio Gruppo Liturgico\" \/>\n<meta property=\"article:modified_time\" content=\"2022-10-07T07:59:36+00:00\" \/>\n<meta property=\"og:image\" content=\"https:\/\/www.gruppoliturgico.com\/wp-content\/uploads\/2022\/05\/1578_0.jpg\" \/>\n\t<meta property=\"og:image:width\" content=\"1466\" \/>\n\t<meta property=\"og:image:height\" content=\"1500\" \/>\n\t<meta property=\"og:image:type\" content=\"image\/jpeg\" \/>\n<meta name=\"twitter:card\" content=\"summary_large_image\" \/>\n<script type=\"application\/ld+json\" class=\"yoast-schema-graph\">{\"@context\":\"https:\/\/schema.org\",\"@graph\":[{\"@type\":\"WebPage\",\"@id\":\"https:\/\/www.gruppoliturgico.com\/fr\/produit\/tabernacle-11\/\",\"url\":\"https:\/\/www.gruppoliturgico.com\/fr\/produit\/tabernacle-11\/\",\"name\":\"tabernacle - Tabernacles en m\u00e9tal et Laboratorio Gruppo Liturgico\",\"isPartOf\":{\"@id\":\"https:\/\/www.gruppoliturgico.com\/es\/#website\"},\"datePublished\":\"2022-05-19T20:58:35+00:00\",\"dateModified\":\"2022-10-07T07:59:36+00:00\",\"description\":\"Tabernacle recouvert ext\u00e9rieurement de bois pr\u00e9cieux. Il a une porte dor\u00e9e en fusion avec un calice d\u00e9cor\u00e9 d'\u00e9maux rouges. Dimensions ext\u00e9rieures cm 20 x 20 x 20. int\u00e9rieur cm 16 x 16 x 16\",\"breadcrumb\":{\"@id\":\"https:\/\/www.gruppoliturgico.com\/fr\/produit\/tabernacle-11\/#breadcrumb\"},\"inLanguage\":\"fr-FR\",\"potentialAction\":[{\"@type\":\"ReadAction\",\"target\":[\"https:\/\/www.gruppoliturgico.com\/fr\/produit\/tabernacle-11\/\"]}]},{\"@type\":\"BreadcrumbList\",\"@id\":\"https:\/\/www.gruppoliturgico.com\/fr\/produit\/tabernacle-11\/#breadcrumb\",\"itemListElement\":[{\"@type\":\"ListItem\",\"position\":1,\"name\":\"Home\",\"item\":\"https:\/\/www.gruppoliturgico.com\/fr\/\"},{\"@type\":\"ListItem\",\"position\":2,\"name\":\"Boutique\",\"item\":\"https:\/\/www.gruppoliturgico.com\/fr\/boutique\/\"},{\"@type\":\"ListItem\",\"position\":3,\"name\":\"tabernacle\"}]},{\"@type\":\"WebSite\",\"@id\":\"https:\/\/www.gruppoliturgico.com\/es\/#website\",\"url\":\"https:\/\/www.gruppoliturgico.com\/es\/\",\"name\":\"Laboratorio Gruppo Liturgico\",\"description\":\"Articoli Religiosi online\",\"publisher\":{\"@id\":\"https:\/\/www.gruppoliturgico.com\/es\/#organization\"},\"potentialAction\":[{\"@type\":\"SearchAction\",\"target\":{\"@type\":\"EntryPoint\",\"urlTemplate\":\"https:\/\/www.gruppoliturgico.com\/es\/?s={search_term_string}\"},\"query-input\":\"required name=search_term_string\"}],\"inLanguage\":\"fr-FR\"},{\"@type\":\"Organization\",\"@id\":\"https:\/\/www.gruppoliturgico.com\/es\/#organization\",\"name\":\"Laboratorio Gruppo Liturgico\",\"url\":\"https:\/\/www.gruppoliturgico.com\/es\/\",\"logo\":{\"@type\":\"ImageObject\",\"inLanguage\":\"fr-FR\",\"@id\":\"https:\/\/www.gruppoliturgico.com\/es\/#\/schema\/logo\/image\/\",\"url\":\"https:\/\/www.gruppoliturgico.com\/wp-content\/uploads\/2022\/02\/logo-laboratoriogruppoliturgico.png\",\"contentUrl\":\"https:\/\/www.gruppoliturgico.com\/wp-content\/uploads\/2022\/02\/logo-laboratoriogruppoliturgico.png\",\"width\":400,\"height\":114,\"caption\":\"Laboratorio Gruppo Liturgico\"},\"image\":{\"@id\":\"https:\/\/www.gruppoliturgico.com\/es\/#\/schema\/logo\/image\/\"}}]}<\/script>\n<!-- \/ Yoast SEO plugin. -->","yoast_head_json":{"title":"tabernacle - Tabernacles en m\u00e9tal et Laboratorio Gruppo Liturgico","description":"Tabernacle recouvert ext\u00e9rieurement de bois pr\u00e9cieux. Il a une porte dor\u00e9e en fusion avec un calice d\u00e9cor\u00e9 d'\u00e9maux rouges. Dimensions  ext\u00e9rieures cm 20 x 20 x 20. int\u00e9rieur cm 16 x 16 x 16","robots":{"index":"index","follow":"follow","max-snippet":"max-snippet:-1","max-image-preview":"max-image-preview:large","max-video-preview":"max-video-preview:-1"},"canonical":"https:\/\/www.gruppoliturgico.com\/fr\/produit\/tabernacle-11\/","og_locale":"fr_FR","og_type":"article","og_title":"tabernacle - Tabernacles en m\u00e9tal et Laboratorio Gruppo Liturgico","og_description":"Tabernacle recouvert ext\u00e9rieurement de bois pr\u00e9cieux. Il a une porte dor\u00e9e en fusion avec un calice d\u00e9cor\u00e9 d'\u00e9maux rouges. Dimensions  ext\u00e9rieures cm 20 x 20 x 20. int\u00e9rieur cm 16 x 16 x 16","og_url":"https:\/\/www.gruppoliturgico.com\/fr\/produit\/tabernacle-11\/","og_site_name":"Laboratorio Gruppo Liturgico","article_modified_time":"2022-10-07T07:59:36+00:00","og_image":[{"width":1466,"height":1500,"url":"https:\/\/www.gruppoliturgico.com\/wp-content\/uploads\/2022\/05\/1578_0.jpg","type":"image\/jpeg"}],"twitter_card":"summary_large_image","schema":{"@context":"https:\/\/schema.org","@graph":[{"@type":"WebPage","@id":"https:\/\/www.gruppoliturgico.com\/fr\/produit\/tabernacle-11\/","url":"https:\/\/www.gruppoliturgico.com\/fr\/produit\/tabernacle-11\/","name":"tabernacle - Tabernacles en m\u00e9tal et Laboratorio Gruppo Liturgico","isPartOf":{"@id":"https:\/\/www.gruppoliturgico.com\/es\/#website"},"datePublished":"2022-05-19T20:58:35+00:00","dateModified":"2022-10-07T07:59:36+00:00","description":"Tabernacle recouvert ext\u00e9rieurement de bois pr\u00e9cieux. Il a une porte dor\u00e9e en fusion avec un calice d\u00e9cor\u00e9 d'\u00e9maux rouges. Dimensions ext\u00e9rieures cm 20 x 20 x 20. int\u00e9rieur cm 16 x 16 x 16","breadcrumb":{"@id":"https:\/\/www.gruppoliturgico.com\/fr\/produit\/tabernacle-11\/#breadcrumb"},"inLanguage":"fr-FR","potentialAction":[{"@type":"ReadAction","target":["https:\/\/www.gruppoliturgico.com\/fr\/produit\/tabernacle-11\/"]}]},{"@type":"BreadcrumbList","@id":"https:\/\/www.gruppoliturgico.com\/fr\/produit\/tabernacle-11\/#breadcrumb","itemListElement":[{"@type":"ListItem","position":1,"name":"Home","item":"https:\/\/www.gruppoliturgico.com\/fr\/"},{"@type":"ListItem","position":2,"name":"Boutique","item":"https:\/\/www.gruppoliturgico.com\/fr\/boutique\/"},{"@type":"ListItem","position":3,"name":"tabernacle"}]},{"@type":"WebSite","@id":"https:\/\/www.gruppoliturgico.com\/es\/#website","url":"https:\/\/www.gruppoliturgico.com\/es\/","name":"Laboratorio Gruppo Liturgico","description":"Articoli Religiosi online","publisher":{"@id":"https:\/\/www.gruppoliturgico.com\/es\/#organization"},"potentialAction":[{"@type":"SearchAction","target":{"@type":"EntryPoint","urlTemplate":"https:\/\/www.gruppoliturgico.com\/es\/?s={search_term_string}"},"query-input":"required name=search_term_string"}],"inLanguage":"fr-FR"},{"@type":"Organization","@id":"https:\/\/www.gruppoliturgico.com\/es\/#organization","name":"Laboratorio Gruppo Liturgico","url":"https:\/\/www.gruppoliturgico.com\/es\/","logo":{"@type":"ImageObject","inLanguage":"fr-FR","@id":"https:\/\/www.gruppoliturgico.com\/es\/#\/schema\/logo\/image\/","url":"https:\/\/www.gruppoliturgico.com\/wp-content\/uploads\/2022\/02\/logo-laboratoriogruppoliturgico.png","contentUrl":"https:\/\/www.gruppoliturgico.com\/wp-content\/uploads\/2022\/02\/logo-laboratoriogruppoliturgico.png","width":400,"height":114,"caption":"Laboratorio Gruppo Liturgico"},"image":{"@id":"https:\/\/www.gruppoliturgico.com\/es\/#\/schema\/logo\/image\/"}}]}},"_links":{"self":[{"href":"https:\/\/www.gruppoliturgico.com\/fr\/wp-json\/wp\/v2\/product\/63261"}],"collection":[{"href":"https:\/\/www.gruppoliturgico.com\/fr\/wp-json\/wp\/v2\/product"}],"about":[{"href":"https:\/\/www.gruppoliturgico.com\/fr\/wp-json\/wp\/v2\/types\/product"}],"wp:featuredmedia":[{"embeddable":true,"href":"https:\/\/www.gruppoliturgico.com\/fr\/wp-json\/wp\/v2\/media\/132999"}],"wp:attachment":[{"href":"https:\/\/www.gruppoliturgico.com\/fr\/wp-json\/wp\/v2\/media?parent=63261"}],"wp:term":[{"taxonomy":"product_cat","embeddable":true,"href":"https:\/\/www.gruppoliturgico.com\/fr\/wp-json\/wp\/v2\/product_cat?post=63261"},{"taxonomy":"product_tag","embeddable":true,"href":"https:\/\/www.gruppoliturgico.com\/fr\/wp-json\/wp\/v2\/product_tag?post=63261"}],"curies":[{"name":"wp","href":"https:\/\/api.w.org\/{rel}","templated":true}]}}