{"id":63241,"date":"2022-05-19T22:57:42","date_gmt":"2022-05-19T20:57:48","guid":{"rendered":"https:\/\/www.gruppoliturgico.com\/prodotto\/tabernacle-9\/"},"modified":"2023-03-12T11:27:46","modified_gmt":"2023-03-12T10:27:46","slug":"tabernacle-9","status":"publish","type":"product","link":"https:\/\/www.gruppoliturgico.com\/fr\/produit\/tabernacle-9\/","title":{"rendered":"tabernacle"},"content":{"rendered":"<html><body><p>En bois sculpt\u00e9 et dor\u00e9 \u00e0 la feuille d\u2019or.<br>\nDans un encadrement de nuages est renferm\u00e9e la petite porte avec symbole eucharistique.<br>\nMod\u00e8le \u00e0 appui ou \u00e0 accrocher.<br>\nDimensions<br>\next\u00e9rieures cm 29 x 46 x 23<br>\nint\u00e9rieures cm 19 x 25 x 19<\/p>\n<\/body><\/html>","protected":false},"excerpt":{"rendered":"<p>En bois sculpt\u00e9 et dor\u00e9 \u00e0 la feuille d&rsquo;or.<br \/>\nDans un encadrement de nuages est renferm\u00e9e la petite porte avec symbole eucharistique.<br \/>\nMod\u00e8le \u00e0 appui ou \u00e0 accrocher.<br \/>\nDimensions<br \/>\next\u00e9rieures cm 29 x 46 x 23<br \/>\nint\u00e9rieures cm 19 x 25 x 19<\/p>\n","protected":false},"featured_media":73586,"template":"","meta":[],"product_cat":[12076],"product_tag":[],"yoast_head":"<!-- This site is optimized with the Yoast SEO plugin v20.4 - https:\/\/yoast.com\/wordpress\/plugins\/seo\/ -->\n<title>tabernacle - Tabernacles en bois et Laboratorio Gruppo Liturgico<\/title>\n<meta name=\"description\" content=\"En bois sculpt\u00e9 et dor\u00e9 \u00e0 la feuille d&#039;or.  Dans un encadrement de nuages est renferm\u00e9e la petite porte avec symbole eucharistique.  Mod\u00e8le \u00e0 appui ou \u00e0 accrocher. Dimensions  ext\u00e9rieures cm 29 x 46 x 23 int\u00e9rieures cm 19 x 25 x 19\" \/>\n<meta name=\"robots\" content=\"index, follow, max-snippet:-1, max-image-preview:large, max-video-preview:-1\" \/>\n<link rel=\"canonical\" href=\"https:\/\/www.gruppoliturgico.com\/fr\/produit\/tabernacle-9\/\" \/>\n<meta property=\"og:locale\" content=\"fr_FR\" \/>\n<meta property=\"og:type\" content=\"article\" \/>\n<meta property=\"og:title\" content=\"tabernacle - Tabernacles en bois et Laboratorio Gruppo Liturgico\" \/>\n<meta property=\"og:description\" content=\"En bois sculpt\u00e9 et dor\u00e9 \u00e0 la feuille d&#039;or.  Dans un encadrement de nuages est renferm\u00e9e la petite porte avec symbole eucharistique.  Mod\u00e8le \u00e0 appui ou \u00e0 accrocher. Dimensions  ext\u00e9rieures cm 29 x 46 x 23 int\u00e9rieures cm 19 x 25 x 19\" \/>\n<meta property=\"og:url\" content=\"https:\/\/www.gruppoliturgico.com\/fr\/produit\/tabernacle-9\/\" \/>\n<meta property=\"og:site_name\" content=\"Laboratorio Gruppo Liturgico\" \/>\n<meta property=\"article:modified_time\" content=\"2023-03-12T10:27:46+00:00\" \/>\n<meta property=\"og:image\" content=\"https:\/\/www.gruppoliturgico.com\/wp-content\/uploads\/2022\/05\/159.1.jpg\" \/>\n\t<meta property=\"og:image:width\" content=\"1090\" \/>\n\t<meta property=\"og:image:height\" content=\"1500\" \/>\n\t<meta property=\"og:image:type\" content=\"image\/jpeg\" \/>\n<meta name=\"twitter:card\" content=\"summary_large_image\" \/>\n<script type=\"application\/ld+json\" class=\"yoast-schema-graph\">{\"@context\":\"https:\/\/schema.org\",\"@graph\":[{\"@type\":\"WebPage\",\"@id\":\"https:\/\/www.gruppoliturgico.com\/fr\/produit\/tabernacle-9\/\",\"url\":\"https:\/\/www.gruppoliturgico.com\/fr\/produit\/tabernacle-9\/\",\"name\":\"tabernacle - Tabernacles en bois et Laboratorio Gruppo Liturgico\",\"isPartOf\":{\"@id\":\"https:\/\/www.gruppoliturgico.com\/es\/#website\"},\"datePublished\":\"2022-05-19T20:57:48+00:00\",\"dateModified\":\"2023-03-12T10:27:46+00:00\",\"description\":\"En bois sculpt\u00e9 et dor\u00e9 \u00e0 la feuille d'or. Dans un encadrement de nuages est renferm\u00e9e la petite porte avec symbole eucharistique. Mod\u00e8le \u00e0 appui ou \u00e0 accrocher. Dimensions ext\u00e9rieures cm 29 x 46 x 23 int\u00e9rieures cm 19 x 25 x 19\",\"breadcrumb\":{\"@id\":\"https:\/\/www.gruppoliturgico.com\/fr\/produit\/tabernacle-9\/#breadcrumb\"},\"inLanguage\":\"fr-FR\",\"potentialAction\":[{\"@type\":\"ReadAction\",\"target\":[\"https:\/\/www.gruppoliturgico.com\/fr\/produit\/tabernacle-9\/\"]}]},{\"@type\":\"BreadcrumbList\",\"@id\":\"https:\/\/www.gruppoliturgico.com\/fr\/produit\/tabernacle-9\/#breadcrumb\",\"itemListElement\":[{\"@type\":\"ListItem\",\"position\":1,\"name\":\"Home\",\"item\":\"https:\/\/www.gruppoliturgico.com\/fr\/\"},{\"@type\":\"ListItem\",\"position\":2,\"name\":\"Boutique\",\"item\":\"https:\/\/www.gruppoliturgico.com\/fr\/boutique\/\"},{\"@type\":\"ListItem\",\"position\":3,\"name\":\"tabernacle\"}]},{\"@type\":\"WebSite\",\"@id\":\"https:\/\/www.gruppoliturgico.com\/es\/#website\",\"url\":\"https:\/\/www.gruppoliturgico.com\/es\/\",\"name\":\"Laboratorio Gruppo Liturgico\",\"description\":\"Articoli Religiosi online\",\"publisher\":{\"@id\":\"https:\/\/www.gruppoliturgico.com\/es\/#organization\"},\"potentialAction\":[{\"@type\":\"SearchAction\",\"target\":{\"@type\":\"EntryPoint\",\"urlTemplate\":\"https:\/\/www.gruppoliturgico.com\/es\/?s={search_term_string}\"},\"query-input\":\"required name=search_term_string\"}],\"inLanguage\":\"fr-FR\"},{\"@type\":\"Organization\",\"@id\":\"https:\/\/www.gruppoliturgico.com\/es\/#organization\",\"name\":\"Laboratorio Gruppo Liturgico\",\"url\":\"https:\/\/www.gruppoliturgico.com\/es\/\",\"logo\":{\"@type\":\"ImageObject\",\"inLanguage\":\"fr-FR\",\"@id\":\"https:\/\/www.gruppoliturgico.com\/es\/#\/schema\/logo\/image\/\",\"url\":\"https:\/\/www.gruppoliturgico.com\/wp-content\/uploads\/2022\/02\/logo-laboratoriogruppoliturgico.png\",\"contentUrl\":\"https:\/\/www.gruppoliturgico.com\/wp-content\/uploads\/2022\/02\/logo-laboratoriogruppoliturgico.png\",\"width\":400,\"height\":114,\"caption\":\"Laboratorio Gruppo Liturgico\"},\"image\":{\"@id\":\"https:\/\/www.gruppoliturgico.com\/es\/#\/schema\/logo\/image\/\"}}]}<\/script>\n<!-- \/ Yoast SEO plugin. -->","yoast_head_json":{"title":"tabernacle - Tabernacles en bois et Laboratorio Gruppo Liturgico","description":"En bois sculpt\u00e9 et dor\u00e9 \u00e0 la feuille d'or.  Dans un encadrement de nuages est renferm\u00e9e la petite porte avec symbole eucharistique.  Mod\u00e8le \u00e0 appui ou \u00e0 accrocher. Dimensions  ext\u00e9rieures cm 29 x 46 x 23 int\u00e9rieures cm 19 x 25 x 19","robots":{"index":"index","follow":"follow","max-snippet":"max-snippet:-1","max-image-preview":"max-image-preview:large","max-video-preview":"max-video-preview:-1"},"canonical":"https:\/\/www.gruppoliturgico.com\/fr\/produit\/tabernacle-9\/","og_locale":"fr_FR","og_type":"article","og_title":"tabernacle - Tabernacles en bois et Laboratorio Gruppo Liturgico","og_description":"En bois sculpt\u00e9 et dor\u00e9 \u00e0 la feuille d'or.  Dans un encadrement de nuages est renferm\u00e9e la petite porte avec symbole eucharistique.  Mod\u00e8le \u00e0 appui ou \u00e0 accrocher. Dimensions  ext\u00e9rieures cm 29 x 46 x 23 int\u00e9rieures cm 19 x 25 x 19","og_url":"https:\/\/www.gruppoliturgico.com\/fr\/produit\/tabernacle-9\/","og_site_name":"Laboratorio Gruppo Liturgico","article_modified_time":"2023-03-12T10:27:46+00:00","og_image":[{"width":1090,"height":1500,"url":"https:\/\/www.gruppoliturgico.com\/wp-content\/uploads\/2022\/05\/159.1.jpg","type":"image\/jpeg"}],"twitter_card":"summary_large_image","schema":{"@context":"https:\/\/schema.org","@graph":[{"@type":"WebPage","@id":"https:\/\/www.gruppoliturgico.com\/fr\/produit\/tabernacle-9\/","url":"https:\/\/www.gruppoliturgico.com\/fr\/produit\/tabernacle-9\/","name":"tabernacle - Tabernacles en bois et Laboratorio Gruppo Liturgico","isPartOf":{"@id":"https:\/\/www.gruppoliturgico.com\/es\/#website"},"datePublished":"2022-05-19T20:57:48+00:00","dateModified":"2023-03-12T10:27:46+00:00","description":"En bois sculpt\u00e9 et dor\u00e9 \u00e0 la feuille d'or. Dans un encadrement de nuages est renferm\u00e9e la petite porte avec symbole eucharistique. Mod\u00e8le \u00e0 appui ou \u00e0 accrocher. Dimensions ext\u00e9rieures cm 29 x 46 x 23 int\u00e9rieures cm 19 x 25 x 19","breadcrumb":{"@id":"https:\/\/www.gruppoliturgico.com\/fr\/produit\/tabernacle-9\/#breadcrumb"},"inLanguage":"fr-FR","potentialAction":[{"@type":"ReadAction","target":["https:\/\/www.gruppoliturgico.com\/fr\/produit\/tabernacle-9\/"]}]},{"@type":"BreadcrumbList","@id":"https:\/\/www.gruppoliturgico.com\/fr\/produit\/tabernacle-9\/#breadcrumb","itemListElement":[{"@type":"ListItem","position":1,"name":"Home","item":"https:\/\/www.gruppoliturgico.com\/fr\/"},{"@type":"ListItem","position":2,"name":"Boutique","item":"https:\/\/www.gruppoliturgico.com\/fr\/boutique\/"},{"@type":"ListItem","position":3,"name":"tabernacle"}]},{"@type":"WebSite","@id":"https:\/\/www.gruppoliturgico.com\/es\/#website","url":"https:\/\/www.gruppoliturgico.com\/es\/","name":"Laboratorio Gruppo Liturgico","description":"Articoli Religiosi online","publisher":{"@id":"https:\/\/www.gruppoliturgico.com\/es\/#organization"},"potentialAction":[{"@type":"SearchAction","target":{"@type":"EntryPoint","urlTemplate":"https:\/\/www.gruppoliturgico.com\/es\/?s={search_term_string}"},"query-input":"required name=search_term_string"}],"inLanguage":"fr-FR"},{"@type":"Organization","@id":"https:\/\/www.gruppoliturgico.com\/es\/#organization","name":"Laboratorio Gruppo Liturgico","url":"https:\/\/www.gruppoliturgico.com\/es\/","logo":{"@type":"ImageObject","inLanguage":"fr-FR","@id":"https:\/\/www.gruppoliturgico.com\/es\/#\/schema\/logo\/image\/","url":"https:\/\/www.gruppoliturgico.com\/wp-content\/uploads\/2022\/02\/logo-laboratoriogruppoliturgico.png","contentUrl":"https:\/\/www.gruppoliturgico.com\/wp-content\/uploads\/2022\/02\/logo-laboratoriogruppoliturgico.png","width":400,"height":114,"caption":"Laboratorio Gruppo Liturgico"},"image":{"@id":"https:\/\/www.gruppoliturgico.com\/es\/#\/schema\/logo\/image\/"}}]}},"_links":{"self":[{"href":"https:\/\/www.gruppoliturgico.com\/fr\/wp-json\/wp\/v2\/product\/63241"}],"collection":[{"href":"https:\/\/www.gruppoliturgico.com\/fr\/wp-json\/wp\/v2\/product"}],"about":[{"href":"https:\/\/www.gruppoliturgico.com\/fr\/wp-json\/wp\/v2\/types\/product"}],"wp:featuredmedia":[{"embeddable":true,"href":"https:\/\/www.gruppoliturgico.com\/fr\/wp-json\/wp\/v2\/media\/73586"}],"wp:attachment":[{"href":"https:\/\/www.gruppoliturgico.com\/fr\/wp-json\/wp\/v2\/media?parent=63241"}],"wp:term":[{"taxonomy":"product_cat","embeddable":true,"href":"https:\/\/www.gruppoliturgico.com\/fr\/wp-json\/wp\/v2\/product_cat?post=63241"},{"taxonomy":"product_tag","embeddable":true,"href":"https:\/\/www.gruppoliturgico.com\/fr\/wp-json\/wp\/v2\/product_tag?post=63241"}],"curies":[{"name":"wp","href":"https:\/\/api.w.org\/{rel}","templated":true}]}}