{"id":63233,"date":"2022-05-19T22:57:24","date_gmt":"2022-05-19T20:57:29","guid":{"rendered":"https:\/\/www.gruppoliturgico.com\/prodotto\/tabernacle-7\/"},"modified":"2022-06-02T11:25:41","modified_gmt":"2022-06-02T09:25:41","slug":"tabernacle-7","status":"publish","type":"product","link":"https:\/\/www.gruppoliturgico.com\/fr\/produit\/tabernacle-7\/","title":{"rendered":"tabernacle"},"content":{"rendered":"<html><body><p>En bois sculpt\u00e9 et dor\u00e9 \u00e0 la feuille d\u2019or.<br>\nToute la majest\u00e9 du style baroque dans cet ouvrage de grandes dimensions.<br>\nIndiqu\u00e9s pour contenir des ciboires de grandes dimensions. <\/p>\n<p>Mesures<br>\nint\u00e9rieures cm 35 x 44 x 31<br>\next\u00e9rieures cm 48 x 77 x 36<\/p>\n<\/body><\/html>","protected":false},"excerpt":{"rendered":"<p>En bois sculpt\u00e9 et dor\u00e9 \u00e0 la feuille d&rsquo;or.<br \/>\nToute la majest\u00e9 du style baroque dans cet ouvrage de grandes dimensions.<br \/>\nIndiqu\u00e9s pour contenir des ciboires de grandes dimensions. <\/p>\n<p>Mesures<br \/>\nint\u00e9rieures cm 35 x 44 x 31<br \/>\next\u00e9rieures cm 48 x 77 x 36<\/p>\n","protected":false},"featured_media":131201,"template":"","meta":[],"product_cat":[12076,12124],"product_tag":[],"yoast_head":"<!-- This site is optimized with the Yoast SEO plugin v20.4 - https:\/\/yoast.com\/wordpress\/plugins\/seo\/ -->\n<title>tabernacle - Tabernacles en bois, art 1186 et Laboratorio Gruppo Liturgico<\/title>\n<meta name=\"description\" content=\"En bois sculpt\u00e9 et dor\u00e9 \u00e0 la feuille d&#039;or.  Toute la majest\u00e9 du style baroque dans cet ouvrage de grandes dimensions.  Indiqu\u00e9s pour contenir des ciboires de grandes dimensions.   Mesures  int\u00e9rieures cm 35 x 44 x 31  ext\u00e9rieures cm 48 x 77 x 36\" \/>\n<meta name=\"robots\" content=\"index, follow, max-snippet:-1, max-image-preview:large, max-video-preview:-1\" \/>\n<link rel=\"canonical\" href=\"https:\/\/www.gruppoliturgico.com\/fr\/produit\/tabernacle-7\/\" \/>\n<meta property=\"og:locale\" content=\"fr_FR\" \/>\n<meta property=\"og:type\" content=\"article\" \/>\n<meta property=\"og:title\" content=\"tabernacle - Tabernacles en bois, art 1186 et Laboratorio Gruppo Liturgico\" \/>\n<meta property=\"og:description\" content=\"En bois sculpt\u00e9 et dor\u00e9 \u00e0 la feuille d&#039;or.  Toute la majest\u00e9 du style baroque dans cet ouvrage de grandes dimensions.  Indiqu\u00e9s pour contenir des ciboires de grandes dimensions.   Mesures  int\u00e9rieures cm 35 x 44 x 31  ext\u00e9rieures cm 48 x 77 x 36\" \/>\n<meta property=\"og:url\" content=\"https:\/\/www.gruppoliturgico.com\/fr\/produit\/tabernacle-7\/\" \/>\n<meta property=\"og:site_name\" content=\"Laboratorio Gruppo Liturgico\" \/>\n<meta property=\"article:modified_time\" content=\"2022-06-02T09:25:41+00:00\" \/>\n<meta property=\"og:image\" content=\"https:\/\/www.gruppoliturgico.com\/wp-content\/uploads\/2022\/05\/1191_4.jpg\" \/>\n\t<meta property=\"og:image:width\" content=\"1036\" \/>\n\t<meta property=\"og:image:height\" content=\"1500\" \/>\n\t<meta property=\"og:image:type\" content=\"image\/jpeg\" \/>\n<meta name=\"twitter:card\" content=\"summary_large_image\" \/>\n<script type=\"application\/ld+json\" class=\"yoast-schema-graph\">{\"@context\":\"https:\/\/schema.org\",\"@graph\":[{\"@type\":\"WebPage\",\"@id\":\"https:\/\/www.gruppoliturgico.com\/fr\/produit\/tabernacle-7\/\",\"url\":\"https:\/\/www.gruppoliturgico.com\/fr\/produit\/tabernacle-7\/\",\"name\":\"tabernacle - Tabernacles en bois, art 1186 et Laboratorio Gruppo Liturgico\",\"isPartOf\":{\"@id\":\"https:\/\/www.gruppoliturgico.com\/es\/#website\"},\"datePublished\":\"2022-05-19T20:57:29+00:00\",\"dateModified\":\"2022-06-02T09:25:41+00:00\",\"description\":\"En bois sculpt\u00e9 et dor\u00e9 \u00e0 la feuille d'or. Toute la majest\u00e9 du style baroque dans cet ouvrage de grandes dimensions. Indiqu\u00e9s pour contenir des ciboires de grandes dimensions. Mesures int\u00e9rieures cm 35 x 44 x 31 ext\u00e9rieures cm 48 x 77 x 36\",\"breadcrumb\":{\"@id\":\"https:\/\/www.gruppoliturgico.com\/fr\/produit\/tabernacle-7\/#breadcrumb\"},\"inLanguage\":\"fr-FR\",\"potentialAction\":[{\"@type\":\"ReadAction\",\"target\":[\"https:\/\/www.gruppoliturgico.com\/fr\/produit\/tabernacle-7\/\"]}]},{\"@type\":\"BreadcrumbList\",\"@id\":\"https:\/\/www.gruppoliturgico.com\/fr\/produit\/tabernacle-7\/#breadcrumb\",\"itemListElement\":[{\"@type\":\"ListItem\",\"position\":1,\"name\":\"Home\",\"item\":\"https:\/\/www.gruppoliturgico.com\/fr\/\"},{\"@type\":\"ListItem\",\"position\":2,\"name\":\"Boutique\",\"item\":\"https:\/\/www.gruppoliturgico.com\/fr\/boutique\/\"},{\"@type\":\"ListItem\",\"position\":3,\"name\":\"tabernacle\"}]},{\"@type\":\"WebSite\",\"@id\":\"https:\/\/www.gruppoliturgico.com\/es\/#website\",\"url\":\"https:\/\/www.gruppoliturgico.com\/es\/\",\"name\":\"Laboratorio Gruppo Liturgico\",\"description\":\"Articoli Religiosi online\",\"publisher\":{\"@id\":\"https:\/\/www.gruppoliturgico.com\/es\/#organization\"},\"potentialAction\":[{\"@type\":\"SearchAction\",\"target\":{\"@type\":\"EntryPoint\",\"urlTemplate\":\"https:\/\/www.gruppoliturgico.com\/es\/?s={search_term_string}\"},\"query-input\":\"required name=search_term_string\"}],\"inLanguage\":\"fr-FR\"},{\"@type\":\"Organization\",\"@id\":\"https:\/\/www.gruppoliturgico.com\/es\/#organization\",\"name\":\"Laboratorio Gruppo Liturgico\",\"url\":\"https:\/\/www.gruppoliturgico.com\/es\/\",\"logo\":{\"@type\":\"ImageObject\",\"inLanguage\":\"fr-FR\",\"@id\":\"https:\/\/www.gruppoliturgico.com\/es\/#\/schema\/logo\/image\/\",\"url\":\"https:\/\/www.gruppoliturgico.com\/wp-content\/uploads\/2022\/02\/logo-laboratoriogruppoliturgico.png\",\"contentUrl\":\"https:\/\/www.gruppoliturgico.com\/wp-content\/uploads\/2022\/02\/logo-laboratoriogruppoliturgico.png\",\"width\":400,\"height\":114,\"caption\":\"Laboratorio Gruppo Liturgico\"},\"image\":{\"@id\":\"https:\/\/www.gruppoliturgico.com\/es\/#\/schema\/logo\/image\/\"}}]}<\/script>\n<!-- \/ Yoast SEO plugin. -->","yoast_head_json":{"title":"tabernacle - Tabernacles en bois, art 1186 et Laboratorio Gruppo Liturgico","description":"En bois sculpt\u00e9 et dor\u00e9 \u00e0 la feuille d'or.  Toute la majest\u00e9 du style baroque dans cet ouvrage de grandes dimensions.  Indiqu\u00e9s pour contenir des ciboires de grandes dimensions.   Mesures  int\u00e9rieures cm 35 x 44 x 31  ext\u00e9rieures cm 48 x 77 x 36","robots":{"index":"index","follow":"follow","max-snippet":"max-snippet:-1","max-image-preview":"max-image-preview:large","max-video-preview":"max-video-preview:-1"},"canonical":"https:\/\/www.gruppoliturgico.com\/fr\/produit\/tabernacle-7\/","og_locale":"fr_FR","og_type":"article","og_title":"tabernacle - Tabernacles en bois, art 1186 et Laboratorio Gruppo Liturgico","og_description":"En bois sculpt\u00e9 et dor\u00e9 \u00e0 la feuille d'or.  Toute la majest\u00e9 du style baroque dans cet ouvrage de grandes dimensions.  Indiqu\u00e9s pour contenir des ciboires de grandes dimensions.   Mesures  int\u00e9rieures cm 35 x 44 x 31  ext\u00e9rieures cm 48 x 77 x 36","og_url":"https:\/\/www.gruppoliturgico.com\/fr\/produit\/tabernacle-7\/","og_site_name":"Laboratorio Gruppo Liturgico","article_modified_time":"2022-06-02T09:25:41+00:00","og_image":[{"width":1036,"height":1500,"url":"https:\/\/www.gruppoliturgico.com\/wp-content\/uploads\/2022\/05\/1191_4.jpg","type":"image\/jpeg"}],"twitter_card":"summary_large_image","schema":{"@context":"https:\/\/schema.org","@graph":[{"@type":"WebPage","@id":"https:\/\/www.gruppoliturgico.com\/fr\/produit\/tabernacle-7\/","url":"https:\/\/www.gruppoliturgico.com\/fr\/produit\/tabernacle-7\/","name":"tabernacle - Tabernacles en bois, art 1186 et Laboratorio Gruppo Liturgico","isPartOf":{"@id":"https:\/\/www.gruppoliturgico.com\/es\/#website"},"datePublished":"2022-05-19T20:57:29+00:00","dateModified":"2022-06-02T09:25:41+00:00","description":"En bois sculpt\u00e9 et dor\u00e9 \u00e0 la feuille d'or. Toute la majest\u00e9 du style baroque dans cet ouvrage de grandes dimensions. Indiqu\u00e9s pour contenir des ciboires de grandes dimensions. Mesures int\u00e9rieures cm 35 x 44 x 31 ext\u00e9rieures cm 48 x 77 x 36","breadcrumb":{"@id":"https:\/\/www.gruppoliturgico.com\/fr\/produit\/tabernacle-7\/#breadcrumb"},"inLanguage":"fr-FR","potentialAction":[{"@type":"ReadAction","target":["https:\/\/www.gruppoliturgico.com\/fr\/produit\/tabernacle-7\/"]}]},{"@type":"BreadcrumbList","@id":"https:\/\/www.gruppoliturgico.com\/fr\/produit\/tabernacle-7\/#breadcrumb","itemListElement":[{"@type":"ListItem","position":1,"name":"Home","item":"https:\/\/www.gruppoliturgico.com\/fr\/"},{"@type":"ListItem","position":2,"name":"Boutique","item":"https:\/\/www.gruppoliturgico.com\/fr\/boutique\/"},{"@type":"ListItem","position":3,"name":"tabernacle"}]},{"@type":"WebSite","@id":"https:\/\/www.gruppoliturgico.com\/es\/#website","url":"https:\/\/www.gruppoliturgico.com\/es\/","name":"Laboratorio Gruppo Liturgico","description":"Articoli Religiosi online","publisher":{"@id":"https:\/\/www.gruppoliturgico.com\/es\/#organization"},"potentialAction":[{"@type":"SearchAction","target":{"@type":"EntryPoint","urlTemplate":"https:\/\/www.gruppoliturgico.com\/es\/?s={search_term_string}"},"query-input":"required name=search_term_string"}],"inLanguage":"fr-FR"},{"@type":"Organization","@id":"https:\/\/www.gruppoliturgico.com\/es\/#organization","name":"Laboratorio Gruppo Liturgico","url":"https:\/\/www.gruppoliturgico.com\/es\/","logo":{"@type":"ImageObject","inLanguage":"fr-FR","@id":"https:\/\/www.gruppoliturgico.com\/es\/#\/schema\/logo\/image\/","url":"https:\/\/www.gruppoliturgico.com\/wp-content\/uploads\/2022\/02\/logo-laboratoriogruppoliturgico.png","contentUrl":"https:\/\/www.gruppoliturgico.com\/wp-content\/uploads\/2022\/02\/logo-laboratoriogruppoliturgico.png","width":400,"height":114,"caption":"Laboratorio Gruppo Liturgico"},"image":{"@id":"https:\/\/www.gruppoliturgico.com\/es\/#\/schema\/logo\/image\/"}}]}},"_links":{"self":[{"href":"https:\/\/www.gruppoliturgico.com\/fr\/wp-json\/wp\/v2\/product\/63233"}],"collection":[{"href":"https:\/\/www.gruppoliturgico.com\/fr\/wp-json\/wp\/v2\/product"}],"about":[{"href":"https:\/\/www.gruppoliturgico.com\/fr\/wp-json\/wp\/v2\/types\/product"}],"wp:featuredmedia":[{"embeddable":true,"href":"https:\/\/www.gruppoliturgico.com\/fr\/wp-json\/wp\/v2\/media\/131201"}],"wp:attachment":[{"href":"https:\/\/www.gruppoliturgico.com\/fr\/wp-json\/wp\/v2\/media?parent=63233"}],"wp:term":[{"taxonomy":"product_cat","embeddable":true,"href":"https:\/\/www.gruppoliturgico.com\/fr\/wp-json\/wp\/v2\/product_cat?post=63233"},{"taxonomy":"product_tag","embeddable":true,"href":"https:\/\/www.gruppoliturgico.com\/fr\/wp-json\/wp\/v2\/product_tag?post=63233"}],"curies":[{"name":"wp","href":"https:\/\/api.w.org\/{rel}","templated":true}]}}