{"id":63217,"date":"2022-05-19T22:56:46","date_gmt":"2022-05-19T20:56:50","guid":{"rendered":"https:\/\/www.gruppoliturgico.com\/prodotto\/tabernacle-3\/"},"modified":"2022-10-05T17:07:21","modified_gmt":"2022-10-05T15:07:21","slug":"tabernacle-3","status":"publish","type":"product","link":"https:\/\/www.gruppoliturgico.com\/fr\/produit\/tabernacle-3\/","title":{"rendered":"tabernacle"},"content":{"rendered":"<html><body><p>Tabernacle en bois sculpt\u00e9 et dor\u00e9 \u00e0 la feuille d\u2019or.<br>\nFid\u00e8le imitation des anciens tabernacles, il pr\u00e9sente une porte grav\u00e9e avec des symboles eucharistiques et des colonnes qui pr\u00e9sentent une contracture avec chapiteau. <\/p>\n<p>Dimensions<br>\next\u00e9rieures cm 44 x 57 x 37<br>\nint\u00e9rieures cm 35 x 40 x 28<\/p>\n<\/body><\/html>","protected":false},"excerpt":{"rendered":"<p>Tabernacle en bois sculpt\u00e9 et dor\u00e9 \u00e0 la feuille d&rsquo;or.<br \/>\nFid\u00e8le imitation des anciens tabernacles, il pr\u00e9sente une porte grav\u00e9e avec des symboles eucharistiques et des colonnes qui pr\u00e9sentent une contracture avec chapiteau. <\/p>\n<p>Dimensions<br \/>\next\u00e9rieures cm 44 x 57 x 37<br \/>\nint\u00e9rieures cm 35 x 40 x 28<\/p>\n","protected":false},"featured_media":73562,"template":"","meta":[],"product_cat":[12076],"product_tag":[],"yoast_head":"<!-- This site is optimized with the Yoast SEO plugin v20.4 - https:\/\/yoast.com\/wordpress\/plugins\/seo\/ -->\n<title>tabernacle - Tabernacles en bois et Laboratorio Gruppo Liturgico<\/title>\n<meta name=\"description\" content=\"Tabernacle en bois sculpt\u00e9 et dor\u00e9 \u00e0 la feuille d&#039;or.  Fid\u00e8le imitation des anciens tabernacles, il pr\u00e9sente une porte grav\u00e9e avec des symboles eucharistiques et des colonnes qui pr\u00e9sentent une contracture avec chapiteau.   Dimensions  ext\u00e9rieures cm 44 x 57 x 37 int\u00e9rieures cm 35 x 40 x 28\" \/>\n<meta name=\"robots\" content=\"index, follow, max-snippet:-1, max-image-preview:large, max-video-preview:-1\" \/>\n<link rel=\"canonical\" href=\"https:\/\/www.gruppoliturgico.com\/fr\/produit\/tabernacle-3\/\" \/>\n<meta property=\"og:locale\" content=\"fr_FR\" \/>\n<meta property=\"og:type\" content=\"article\" \/>\n<meta property=\"og:title\" content=\"tabernacle - Tabernacles en bois et Laboratorio Gruppo Liturgico\" \/>\n<meta property=\"og:description\" content=\"Tabernacle en bois sculpt\u00e9 et dor\u00e9 \u00e0 la feuille d&#039;or.  Fid\u00e8le imitation des anciens tabernacles, il pr\u00e9sente une porte grav\u00e9e avec des symboles eucharistiques et des colonnes qui pr\u00e9sentent une contracture avec chapiteau.   Dimensions  ext\u00e9rieures cm 44 x 57 x 37 int\u00e9rieures cm 35 x 40 x 28\" \/>\n<meta property=\"og:url\" content=\"https:\/\/www.gruppoliturgico.com\/fr\/produit\/tabernacle-3\/\" \/>\n<meta property=\"og:site_name\" content=\"Laboratorio Gruppo Liturgico\" \/>\n<meta property=\"article:modified_time\" content=\"2022-10-05T15:07:21+00:00\" \/>\n<meta property=\"og:image\" content=\"https:\/\/www.gruppoliturgico.com\/wp-content\/uploads\/2022\/05\/177.1_1.jpg\" \/>\n\t<meta property=\"og:image:width\" content=\"1305\" \/>\n\t<meta property=\"og:image:height\" content=\"1500\" \/>\n\t<meta property=\"og:image:type\" content=\"image\/jpeg\" \/>\n<meta name=\"twitter:card\" content=\"summary_large_image\" \/>\n<script type=\"application\/ld+json\" class=\"yoast-schema-graph\">{\"@context\":\"https:\/\/schema.org\",\"@graph\":[{\"@type\":\"WebPage\",\"@id\":\"https:\/\/www.gruppoliturgico.com\/fr\/produit\/tabernacle-3\/\",\"url\":\"https:\/\/www.gruppoliturgico.com\/fr\/produit\/tabernacle-3\/\",\"name\":\"tabernacle - Tabernacles en bois et Laboratorio Gruppo Liturgico\",\"isPartOf\":{\"@id\":\"https:\/\/www.gruppoliturgico.com\/es\/#website\"},\"datePublished\":\"2022-05-19T20:56:50+00:00\",\"dateModified\":\"2022-10-05T15:07:21+00:00\",\"description\":\"Tabernacle en bois sculpt\u00e9 et dor\u00e9 \u00e0 la feuille d'or. Fid\u00e8le imitation des anciens tabernacles, il pr\u00e9sente une porte grav\u00e9e avec des symboles eucharistiques et des colonnes qui pr\u00e9sentent une contracture avec chapiteau. Dimensions ext\u00e9rieures cm 44 x 57 x 37 int\u00e9rieures cm 35 x 40 x 28\",\"breadcrumb\":{\"@id\":\"https:\/\/www.gruppoliturgico.com\/fr\/produit\/tabernacle-3\/#breadcrumb\"},\"inLanguage\":\"fr-FR\",\"potentialAction\":[{\"@type\":\"ReadAction\",\"target\":[\"https:\/\/www.gruppoliturgico.com\/fr\/produit\/tabernacle-3\/\"]}]},{\"@type\":\"BreadcrumbList\",\"@id\":\"https:\/\/www.gruppoliturgico.com\/fr\/produit\/tabernacle-3\/#breadcrumb\",\"itemListElement\":[{\"@type\":\"ListItem\",\"position\":1,\"name\":\"Home\",\"item\":\"https:\/\/www.gruppoliturgico.com\/fr\/\"},{\"@type\":\"ListItem\",\"position\":2,\"name\":\"Boutique\",\"item\":\"https:\/\/www.gruppoliturgico.com\/fr\/boutique\/\"},{\"@type\":\"ListItem\",\"position\":3,\"name\":\"tabernacle\"}]},{\"@type\":\"WebSite\",\"@id\":\"https:\/\/www.gruppoliturgico.com\/es\/#website\",\"url\":\"https:\/\/www.gruppoliturgico.com\/es\/\",\"name\":\"Laboratorio Gruppo Liturgico\",\"description\":\"Articoli Religiosi online\",\"publisher\":{\"@id\":\"https:\/\/www.gruppoliturgico.com\/es\/#organization\"},\"potentialAction\":[{\"@type\":\"SearchAction\",\"target\":{\"@type\":\"EntryPoint\",\"urlTemplate\":\"https:\/\/www.gruppoliturgico.com\/es\/?s={search_term_string}\"},\"query-input\":\"required name=search_term_string\"}],\"inLanguage\":\"fr-FR\"},{\"@type\":\"Organization\",\"@id\":\"https:\/\/www.gruppoliturgico.com\/es\/#organization\",\"name\":\"Laboratorio Gruppo Liturgico\",\"url\":\"https:\/\/www.gruppoliturgico.com\/es\/\",\"logo\":{\"@type\":\"ImageObject\",\"inLanguage\":\"fr-FR\",\"@id\":\"https:\/\/www.gruppoliturgico.com\/es\/#\/schema\/logo\/image\/\",\"url\":\"https:\/\/www.gruppoliturgico.com\/wp-content\/uploads\/2022\/02\/logo-laboratoriogruppoliturgico.png\",\"contentUrl\":\"https:\/\/www.gruppoliturgico.com\/wp-content\/uploads\/2022\/02\/logo-laboratoriogruppoliturgico.png\",\"width\":400,\"height\":114,\"caption\":\"Laboratorio Gruppo Liturgico\"},\"image\":{\"@id\":\"https:\/\/www.gruppoliturgico.com\/es\/#\/schema\/logo\/image\/\"}}]}<\/script>\n<!-- \/ Yoast SEO plugin. -->","yoast_head_json":{"title":"tabernacle - Tabernacles en bois et Laboratorio Gruppo Liturgico","description":"Tabernacle en bois sculpt\u00e9 et dor\u00e9 \u00e0 la feuille d'or.  Fid\u00e8le imitation des anciens tabernacles, il pr\u00e9sente une porte grav\u00e9e avec des symboles eucharistiques et des colonnes qui pr\u00e9sentent une contracture avec chapiteau.   Dimensions  ext\u00e9rieures cm 44 x 57 x 37 int\u00e9rieures cm 35 x 40 x 28","robots":{"index":"index","follow":"follow","max-snippet":"max-snippet:-1","max-image-preview":"max-image-preview:large","max-video-preview":"max-video-preview:-1"},"canonical":"https:\/\/www.gruppoliturgico.com\/fr\/produit\/tabernacle-3\/","og_locale":"fr_FR","og_type":"article","og_title":"tabernacle - Tabernacles en bois et Laboratorio Gruppo Liturgico","og_description":"Tabernacle en bois sculpt\u00e9 et dor\u00e9 \u00e0 la feuille d'or.  Fid\u00e8le imitation des anciens tabernacles, il pr\u00e9sente une porte grav\u00e9e avec des symboles eucharistiques et des colonnes qui pr\u00e9sentent une contracture avec chapiteau.   Dimensions  ext\u00e9rieures cm 44 x 57 x 37 int\u00e9rieures cm 35 x 40 x 28","og_url":"https:\/\/www.gruppoliturgico.com\/fr\/produit\/tabernacle-3\/","og_site_name":"Laboratorio Gruppo Liturgico","article_modified_time":"2022-10-05T15:07:21+00:00","og_image":[{"width":1305,"height":1500,"url":"https:\/\/www.gruppoliturgico.com\/wp-content\/uploads\/2022\/05\/177.1_1.jpg","type":"image\/jpeg"}],"twitter_card":"summary_large_image","schema":{"@context":"https:\/\/schema.org","@graph":[{"@type":"WebPage","@id":"https:\/\/www.gruppoliturgico.com\/fr\/produit\/tabernacle-3\/","url":"https:\/\/www.gruppoliturgico.com\/fr\/produit\/tabernacle-3\/","name":"tabernacle - Tabernacles en bois et Laboratorio Gruppo Liturgico","isPartOf":{"@id":"https:\/\/www.gruppoliturgico.com\/es\/#website"},"datePublished":"2022-05-19T20:56:50+00:00","dateModified":"2022-10-05T15:07:21+00:00","description":"Tabernacle en bois sculpt\u00e9 et dor\u00e9 \u00e0 la feuille d'or. Fid\u00e8le imitation des anciens tabernacles, il pr\u00e9sente une porte grav\u00e9e avec des symboles eucharistiques et des colonnes qui pr\u00e9sentent une contracture avec chapiteau. Dimensions ext\u00e9rieures cm 44 x 57 x 37 int\u00e9rieures cm 35 x 40 x 28","breadcrumb":{"@id":"https:\/\/www.gruppoliturgico.com\/fr\/produit\/tabernacle-3\/#breadcrumb"},"inLanguage":"fr-FR","potentialAction":[{"@type":"ReadAction","target":["https:\/\/www.gruppoliturgico.com\/fr\/produit\/tabernacle-3\/"]}]},{"@type":"BreadcrumbList","@id":"https:\/\/www.gruppoliturgico.com\/fr\/produit\/tabernacle-3\/#breadcrumb","itemListElement":[{"@type":"ListItem","position":1,"name":"Home","item":"https:\/\/www.gruppoliturgico.com\/fr\/"},{"@type":"ListItem","position":2,"name":"Boutique","item":"https:\/\/www.gruppoliturgico.com\/fr\/boutique\/"},{"@type":"ListItem","position":3,"name":"tabernacle"}]},{"@type":"WebSite","@id":"https:\/\/www.gruppoliturgico.com\/es\/#website","url":"https:\/\/www.gruppoliturgico.com\/es\/","name":"Laboratorio Gruppo Liturgico","description":"Articoli Religiosi online","publisher":{"@id":"https:\/\/www.gruppoliturgico.com\/es\/#organization"},"potentialAction":[{"@type":"SearchAction","target":{"@type":"EntryPoint","urlTemplate":"https:\/\/www.gruppoliturgico.com\/es\/?s={search_term_string}"},"query-input":"required name=search_term_string"}],"inLanguage":"fr-FR"},{"@type":"Organization","@id":"https:\/\/www.gruppoliturgico.com\/es\/#organization","name":"Laboratorio Gruppo Liturgico","url":"https:\/\/www.gruppoliturgico.com\/es\/","logo":{"@type":"ImageObject","inLanguage":"fr-FR","@id":"https:\/\/www.gruppoliturgico.com\/es\/#\/schema\/logo\/image\/","url":"https:\/\/www.gruppoliturgico.com\/wp-content\/uploads\/2022\/02\/logo-laboratoriogruppoliturgico.png","contentUrl":"https:\/\/www.gruppoliturgico.com\/wp-content\/uploads\/2022\/02\/logo-laboratoriogruppoliturgico.png","width":400,"height":114,"caption":"Laboratorio Gruppo Liturgico"},"image":{"@id":"https:\/\/www.gruppoliturgico.com\/es\/#\/schema\/logo\/image\/"}}]}},"_links":{"self":[{"href":"https:\/\/www.gruppoliturgico.com\/fr\/wp-json\/wp\/v2\/product\/63217"}],"collection":[{"href":"https:\/\/www.gruppoliturgico.com\/fr\/wp-json\/wp\/v2\/product"}],"about":[{"href":"https:\/\/www.gruppoliturgico.com\/fr\/wp-json\/wp\/v2\/types\/product"}],"wp:featuredmedia":[{"embeddable":true,"href":"https:\/\/www.gruppoliturgico.com\/fr\/wp-json\/wp\/v2\/media\/73562"}],"wp:attachment":[{"href":"https:\/\/www.gruppoliturgico.com\/fr\/wp-json\/wp\/v2\/media?parent=63217"}],"wp:term":[{"taxonomy":"product_cat","embeddable":true,"href":"https:\/\/www.gruppoliturgico.com\/fr\/wp-json\/wp\/v2\/product_cat?post=63217"},{"taxonomy":"product_tag","embeddable":true,"href":"https:\/\/www.gruppoliturgico.com\/fr\/wp-json\/wp\/v2\/product_tag?post=63217"}],"curies":[{"name":"wp","href":"https:\/\/api.w.org\/{rel}","templated":true}]}}