{"id":63213,"date":"2022-05-19T22:56:36","date_gmt":"2022-05-19T20:56:40","guid":{"rendered":"https:\/\/www.gruppoliturgico.com\/prodotto\/tabernacle-de-mur\/"},"modified":"2022-10-06T17:13:29","modified_gmt":"2022-10-06T15:13:29","slug":"tabernacle-de-mur","status":"publish","type":"product","link":"https:\/\/www.gruppoliturgico.com\/fr\/produit\/tabernacle-de-mur\/","title":{"rendered":"tabernacle de mur"},"content":{"rendered":"<html><body><p>Tabernacle de mur en bois sculpt\u00e9 et dor\u00e9 \u00e0 la feuille d\u2019or.<br>\nL\u2019aur\u00e9ole aussi  est r\u00e9alis\u00e9e en bois.<br>\nLa petite porte est orn\u00e9e d\u2019une sculpture de symboles eucharistiques et l\u2019encadrement renferme des rameaux d\u2019olivier.<br>\nDimensions:<br>\naur\u00e9ole cm 75 x 65<br>\ntabernacle ext\u00e9rieur cm 48 x 41<br>\ntabernacle int\u00e9rieur cm 25 x 30 x 25<\/p>\n<\/body><\/html>","protected":false},"excerpt":{"rendered":"<p>Tabernacle de mur en bois sculpt\u00e9 et dor\u00e9 \u00e0 la feuille d&rsquo;or.<br \/>\nL&rsquo;aur\u00e9ole aussi  est r\u00e9alis\u00e9e en bois.<br \/>\nLa petite porte est orn\u00e9e d&rsquo;une sculpture de symboles eucharistiques et l&rsquo;encadrement renferme des rameaux d&rsquo;olivier.<br \/>\nDimensions:<br \/>\naur\u00e9ole cm 75 x 65<br \/>\ntabernacle ext\u00e9rieur cm 48 x 41<br \/>\ntabernacle int\u00e9rieur cm 25 x 30 x 25<\/p>\n","protected":false},"featured_media":132948,"template":"","meta":[],"product_cat":[12076],"product_tag":[],"yoast_head":"<!-- This site is optimized with the Yoast SEO plugin v20.4 - https:\/\/yoast.com\/wordpress\/plugins\/seo\/ -->\n<title>tabernacle de mur - Tabernacles en bois et Laboratorio Gruppo Liturgico<\/title>\n<meta name=\"description\" content=\"Tabernacle de mur en bois sculpt\u00e9 et dor\u00e9 \u00e0 la feuille d&#039;or.  L&#039;aur\u00e9ole aussi est r\u00e9alis\u00e9e en bois. La petite porte est orn\u00e9e d&#039;une sculpture de symboles eucharistiques et l&#039;encadrement renferme des rameaux d&#039;olivier.  Dimensions:  aur\u00e9ole cm 75 x 65 tabernacle ext\u00e9rieur cm 48 x 41  tabernacle int\u00e9rieur cm 25 x 30 x 25\" \/>\n<meta name=\"robots\" content=\"index, follow, max-snippet:-1, max-image-preview:large, max-video-preview:-1\" \/>\n<link rel=\"canonical\" href=\"https:\/\/www.gruppoliturgico.com\/fr\/produit\/tabernacle-de-mur\/\" \/>\n<meta property=\"og:locale\" content=\"fr_FR\" \/>\n<meta property=\"og:type\" content=\"article\" \/>\n<meta property=\"og:title\" content=\"tabernacle de mur - Tabernacles en bois et Laboratorio Gruppo Liturgico\" \/>\n<meta property=\"og:description\" content=\"Tabernacle de mur en bois sculpt\u00e9 et dor\u00e9 \u00e0 la feuille d&#039;or.  L&#039;aur\u00e9ole aussi est r\u00e9alis\u00e9e en bois. La petite porte est orn\u00e9e d&#039;une sculpture de symboles eucharistiques et l&#039;encadrement renferme des rameaux d&#039;olivier.  Dimensions:  aur\u00e9ole cm 75 x 65 tabernacle ext\u00e9rieur cm 48 x 41  tabernacle int\u00e9rieur cm 25 x 30 x 25\" \/>\n<meta property=\"og:url\" content=\"https:\/\/www.gruppoliturgico.com\/fr\/produit\/tabernacle-de-mur\/\" \/>\n<meta property=\"og:site_name\" content=\"Laboratorio Gruppo Liturgico\" \/>\n<meta property=\"article:modified_time\" content=\"2022-10-06T15:13:29+00:00\" \/>\n<meta property=\"og:image\" content=\"https:\/\/www.gruppoliturgico.com\/wp-content\/uploads\/2022\/05\/1204-nv-892x1024.jpg\" \/>\n\t<meta property=\"og:image:width\" content=\"892\" \/>\n\t<meta property=\"og:image:height\" content=\"1024\" \/>\n\t<meta property=\"og:image:type\" content=\"image\/jpeg\" \/>\n<meta name=\"twitter:card\" content=\"summary_large_image\" \/>\n<script type=\"application\/ld+json\" class=\"yoast-schema-graph\">{\"@context\":\"https:\/\/schema.org\",\"@graph\":[{\"@type\":\"WebPage\",\"@id\":\"https:\/\/www.gruppoliturgico.com\/fr\/produit\/tabernacle-de-mur\/\",\"url\":\"https:\/\/www.gruppoliturgico.com\/fr\/produit\/tabernacle-de-mur\/\",\"name\":\"tabernacle de mur - Tabernacles en bois et Laboratorio Gruppo Liturgico\",\"isPartOf\":{\"@id\":\"https:\/\/www.gruppoliturgico.com\/es\/#website\"},\"datePublished\":\"2022-05-19T20:56:40+00:00\",\"dateModified\":\"2022-10-06T15:13:29+00:00\",\"description\":\"Tabernacle de mur en bois sculpt\u00e9 et dor\u00e9 \u00e0 la feuille d'or. L'aur\u00e9ole aussi est r\u00e9alis\u00e9e en bois. La petite porte est orn\u00e9e d'une sculpture de symboles eucharistiques et l'encadrement renferme des rameaux d'olivier. Dimensions: aur\u00e9ole cm 75 x 65 tabernacle ext\u00e9rieur cm 48 x 41 tabernacle int\u00e9rieur cm 25 x 30 x 25\",\"breadcrumb\":{\"@id\":\"https:\/\/www.gruppoliturgico.com\/fr\/produit\/tabernacle-de-mur\/#breadcrumb\"},\"inLanguage\":\"fr-FR\",\"potentialAction\":[{\"@type\":\"ReadAction\",\"target\":[\"https:\/\/www.gruppoliturgico.com\/fr\/produit\/tabernacle-de-mur\/\"]}]},{\"@type\":\"BreadcrumbList\",\"@id\":\"https:\/\/www.gruppoliturgico.com\/fr\/produit\/tabernacle-de-mur\/#breadcrumb\",\"itemListElement\":[{\"@type\":\"ListItem\",\"position\":1,\"name\":\"Home\",\"item\":\"https:\/\/www.gruppoliturgico.com\/fr\/\"},{\"@type\":\"ListItem\",\"position\":2,\"name\":\"Boutique\",\"item\":\"https:\/\/www.gruppoliturgico.com\/fr\/boutique\/\"},{\"@type\":\"ListItem\",\"position\":3,\"name\":\"tabernacle de mur\"}]},{\"@type\":\"WebSite\",\"@id\":\"https:\/\/www.gruppoliturgico.com\/es\/#website\",\"url\":\"https:\/\/www.gruppoliturgico.com\/es\/\",\"name\":\"Laboratorio Gruppo Liturgico\",\"description\":\"Articoli Religiosi online\",\"publisher\":{\"@id\":\"https:\/\/www.gruppoliturgico.com\/es\/#organization\"},\"potentialAction\":[{\"@type\":\"SearchAction\",\"target\":{\"@type\":\"EntryPoint\",\"urlTemplate\":\"https:\/\/www.gruppoliturgico.com\/es\/?s={search_term_string}\"},\"query-input\":\"required name=search_term_string\"}],\"inLanguage\":\"fr-FR\"},{\"@type\":\"Organization\",\"@id\":\"https:\/\/www.gruppoliturgico.com\/es\/#organization\",\"name\":\"Laboratorio Gruppo Liturgico\",\"url\":\"https:\/\/www.gruppoliturgico.com\/es\/\",\"logo\":{\"@type\":\"ImageObject\",\"inLanguage\":\"fr-FR\",\"@id\":\"https:\/\/www.gruppoliturgico.com\/es\/#\/schema\/logo\/image\/\",\"url\":\"https:\/\/www.gruppoliturgico.com\/wp-content\/uploads\/2022\/02\/logo-laboratoriogruppoliturgico.png\",\"contentUrl\":\"https:\/\/www.gruppoliturgico.com\/wp-content\/uploads\/2022\/02\/logo-laboratoriogruppoliturgico.png\",\"width\":400,\"height\":114,\"caption\":\"Laboratorio Gruppo Liturgico\"},\"image\":{\"@id\":\"https:\/\/www.gruppoliturgico.com\/es\/#\/schema\/logo\/image\/\"}}]}<\/script>\n<!-- \/ Yoast SEO plugin. -->","yoast_head_json":{"title":"tabernacle de mur - Tabernacles en bois et Laboratorio Gruppo Liturgico","description":"Tabernacle de mur en bois sculpt\u00e9 et dor\u00e9 \u00e0 la feuille d'or.  L'aur\u00e9ole aussi est r\u00e9alis\u00e9e en bois. La petite porte est orn\u00e9e d'une sculpture de symboles eucharistiques et l'encadrement renferme des rameaux d'olivier.  Dimensions:  aur\u00e9ole cm 75 x 65 tabernacle ext\u00e9rieur cm 48 x 41  tabernacle int\u00e9rieur cm 25 x 30 x 25","robots":{"index":"index","follow":"follow","max-snippet":"max-snippet:-1","max-image-preview":"max-image-preview:large","max-video-preview":"max-video-preview:-1"},"canonical":"https:\/\/www.gruppoliturgico.com\/fr\/produit\/tabernacle-de-mur\/","og_locale":"fr_FR","og_type":"article","og_title":"tabernacle de mur - Tabernacles en bois et Laboratorio Gruppo Liturgico","og_description":"Tabernacle de mur en bois sculpt\u00e9 et dor\u00e9 \u00e0 la feuille d'or.  L'aur\u00e9ole aussi est r\u00e9alis\u00e9e en bois. La petite porte est orn\u00e9e d'une sculpture de symboles eucharistiques et l'encadrement renferme des rameaux d'olivier.  Dimensions:  aur\u00e9ole cm 75 x 65 tabernacle ext\u00e9rieur cm 48 x 41  tabernacle int\u00e9rieur cm 25 x 30 x 25","og_url":"https:\/\/www.gruppoliturgico.com\/fr\/produit\/tabernacle-de-mur\/","og_site_name":"Laboratorio Gruppo Liturgico","article_modified_time":"2022-10-06T15:13:29+00:00","og_image":[{"width":892,"height":1024,"url":"https:\/\/www.gruppoliturgico.com\/wp-content\/uploads\/2022\/05\/1204-nv-892x1024.jpg","type":"image\/jpeg"}],"twitter_card":"summary_large_image","schema":{"@context":"https:\/\/schema.org","@graph":[{"@type":"WebPage","@id":"https:\/\/www.gruppoliturgico.com\/fr\/produit\/tabernacle-de-mur\/","url":"https:\/\/www.gruppoliturgico.com\/fr\/produit\/tabernacle-de-mur\/","name":"tabernacle de mur - Tabernacles en bois et Laboratorio Gruppo Liturgico","isPartOf":{"@id":"https:\/\/www.gruppoliturgico.com\/es\/#website"},"datePublished":"2022-05-19T20:56:40+00:00","dateModified":"2022-10-06T15:13:29+00:00","description":"Tabernacle de mur en bois sculpt\u00e9 et dor\u00e9 \u00e0 la feuille d'or. L'aur\u00e9ole aussi est r\u00e9alis\u00e9e en bois. La petite porte est orn\u00e9e d'une sculpture de symboles eucharistiques et l'encadrement renferme des rameaux d'olivier. Dimensions: aur\u00e9ole cm 75 x 65 tabernacle ext\u00e9rieur cm 48 x 41 tabernacle int\u00e9rieur cm 25 x 30 x 25","breadcrumb":{"@id":"https:\/\/www.gruppoliturgico.com\/fr\/produit\/tabernacle-de-mur\/#breadcrumb"},"inLanguage":"fr-FR","potentialAction":[{"@type":"ReadAction","target":["https:\/\/www.gruppoliturgico.com\/fr\/produit\/tabernacle-de-mur\/"]}]},{"@type":"BreadcrumbList","@id":"https:\/\/www.gruppoliturgico.com\/fr\/produit\/tabernacle-de-mur\/#breadcrumb","itemListElement":[{"@type":"ListItem","position":1,"name":"Home","item":"https:\/\/www.gruppoliturgico.com\/fr\/"},{"@type":"ListItem","position":2,"name":"Boutique","item":"https:\/\/www.gruppoliturgico.com\/fr\/boutique\/"},{"@type":"ListItem","position":3,"name":"tabernacle de mur"}]},{"@type":"WebSite","@id":"https:\/\/www.gruppoliturgico.com\/es\/#website","url":"https:\/\/www.gruppoliturgico.com\/es\/","name":"Laboratorio Gruppo Liturgico","description":"Articoli Religiosi online","publisher":{"@id":"https:\/\/www.gruppoliturgico.com\/es\/#organization"},"potentialAction":[{"@type":"SearchAction","target":{"@type":"EntryPoint","urlTemplate":"https:\/\/www.gruppoliturgico.com\/es\/?s={search_term_string}"},"query-input":"required name=search_term_string"}],"inLanguage":"fr-FR"},{"@type":"Organization","@id":"https:\/\/www.gruppoliturgico.com\/es\/#organization","name":"Laboratorio Gruppo Liturgico","url":"https:\/\/www.gruppoliturgico.com\/es\/","logo":{"@type":"ImageObject","inLanguage":"fr-FR","@id":"https:\/\/www.gruppoliturgico.com\/es\/#\/schema\/logo\/image\/","url":"https:\/\/www.gruppoliturgico.com\/wp-content\/uploads\/2022\/02\/logo-laboratoriogruppoliturgico.png","contentUrl":"https:\/\/www.gruppoliturgico.com\/wp-content\/uploads\/2022\/02\/logo-laboratoriogruppoliturgico.png","width":400,"height":114,"caption":"Laboratorio Gruppo Liturgico"},"image":{"@id":"https:\/\/www.gruppoliturgico.com\/es\/#\/schema\/logo\/image\/"}}]}},"_links":{"self":[{"href":"https:\/\/www.gruppoliturgico.com\/fr\/wp-json\/wp\/v2\/product\/63213"}],"collection":[{"href":"https:\/\/www.gruppoliturgico.com\/fr\/wp-json\/wp\/v2\/product"}],"about":[{"href":"https:\/\/www.gruppoliturgico.com\/fr\/wp-json\/wp\/v2\/types\/product"}],"wp:featuredmedia":[{"embeddable":true,"href":"https:\/\/www.gruppoliturgico.com\/fr\/wp-json\/wp\/v2\/media\/132948"}],"wp:attachment":[{"href":"https:\/\/www.gruppoliturgico.com\/fr\/wp-json\/wp\/v2\/media?parent=63213"}],"wp:term":[{"taxonomy":"product_cat","embeddable":true,"href":"https:\/\/www.gruppoliturgico.com\/fr\/wp-json\/wp\/v2\/product_cat?post=63213"},{"taxonomy":"product_tag","embeddable":true,"href":"https:\/\/www.gruppoliturgico.com\/fr\/wp-json\/wp\/v2\/product_tag?post=63213"}],"curies":[{"name":"wp","href":"https:\/\/api.w.org\/{rel}","templated":true}]}}