{"id":63193,"date":"2022-05-19T22:55:49","date_gmt":"2022-05-19T20:55:53","guid":{"rendered":"https:\/\/www.gruppoliturgico.com\/prodotto\/reliquaire-2\/"},"modified":"2022-10-12T10:25:17","modified_gmt":"2022-10-12T08:25:17","slug":"reliquaire-2","status":"publish","type":"product","link":"https:\/\/www.gruppoliturgico.com\/fr\/produit\/reliquaire-2\/","title":{"rendered":"reliquaire"},"content":{"rendered":"<html><body><p>Reliquaire en massif bronze fondu de style baroque.<br>\nRichement d\u00e9cor\u00e9, il pr\u00e9sente dans l\u2019aur\u00e9ole des ornements avec de petits anges en fusion.<br>\nLa base aussi est richement travaill\u00e9e et pr\u00e9sente des fusions \u00e0 cire perdue de petites t\u00eates d\u2019ange et les symboles de l\u2019Agneau et du P\u00e9lican.<br>\nDimension de la boite \u00e0 reliques cm 8 x 6,5.<br>\nHauteur cm 42<\/p>\n<\/body><\/html>","protected":false},"excerpt":{"rendered":"<p>Reliquaire en massif bronze fondu de style baroque.<br \/>\nRichement d\u00e9cor\u00e9, il pr\u00e9sente dans l&rsquo;aur\u00e9ole des ornements avec de petits anges en fusion.<br \/>\nLa base aussi est richement travaill\u00e9e et pr\u00e9sente des fusions \u00e0 cire perdue de petites t\u00eates d&rsquo;ange et les symboles de l&rsquo;Agneau et du P\u00e9lican.<br \/>\nDimension de la boite \u00e0 reliques cm 8 x 6,5.<br \/>\nHauteur cm 42<\/p>\n","protected":false},"featured_media":132857,"template":"","meta":[],"product_cat":[11692],"product_tag":[],"yoast_head":"<!-- This site is optimized with the Yoast SEO plugin v20.4 - https:\/\/yoast.com\/wordpress\/plugins\/seo\/ -->\n<title>reliquaire - reliquaires et Laboratorio Gruppo Liturgico<\/title>\n<meta name=\"description\" content=\"Reliquaire en massif bronze fondu de style baroque.  Richement d\u00e9cor\u00e9, il pr\u00e9sente dans l&#039;aur\u00e9ole des ornements avec de petits anges en fusion.  La base aussi est richement travaill\u00e9e et pr\u00e9sente des fusions \u00e0 cire perdue de petites t\u00eates d&#039;ange et les symboles de l&#039;Agneau et du P\u00e9lican. Dimension de la boite \u00e0 reliques cm 8 x 6,5. Hauteur cm 42\" \/>\n<meta name=\"robots\" content=\"index, follow, max-snippet:-1, max-image-preview:large, max-video-preview:-1\" \/>\n<link rel=\"canonical\" href=\"https:\/\/www.gruppoliturgico.com\/fr\/produit\/reliquaire-2\/\" \/>\n<meta property=\"og:locale\" content=\"fr_FR\" \/>\n<meta property=\"og:type\" content=\"article\" \/>\n<meta property=\"og:title\" content=\"reliquaire - reliquaires et Laboratorio Gruppo Liturgico\" \/>\n<meta property=\"og:description\" content=\"Reliquaire en massif bronze fondu de style baroque.  Richement d\u00e9cor\u00e9, il pr\u00e9sente dans l&#039;aur\u00e9ole des ornements avec de petits anges en fusion.  La base aussi est richement travaill\u00e9e et pr\u00e9sente des fusions \u00e0 cire perdue de petites t\u00eates d&#039;ange et les symboles de l&#039;Agneau et du P\u00e9lican. Dimension de la boite \u00e0 reliques cm 8 x 6,5. Hauteur cm 42\" \/>\n<meta property=\"og:url\" content=\"https:\/\/www.gruppoliturgico.com\/fr\/produit\/reliquaire-2\/\" \/>\n<meta property=\"og:site_name\" content=\"Laboratorio Gruppo Liturgico\" \/>\n<meta property=\"article:modified_time\" content=\"2022-10-12T08:25:17+00:00\" \/>\n<meta property=\"og:image\" content=\"https:\/\/www.gruppoliturgico.com\/wp-content\/uploads\/2022\/05\/1366-nv.jpg\" \/>\n\t<meta property=\"og:image:width\" content=\"809\" \/>\n\t<meta property=\"og:image:height\" content=\"2000\" \/>\n\t<meta property=\"og:image:type\" content=\"image\/jpeg\" \/>\n<meta name=\"twitter:card\" content=\"summary_large_image\" \/>\n<script type=\"application\/ld+json\" class=\"yoast-schema-graph\">{\"@context\":\"https:\/\/schema.org\",\"@graph\":[{\"@type\":\"WebPage\",\"@id\":\"https:\/\/www.gruppoliturgico.com\/fr\/produit\/reliquaire-2\/\",\"url\":\"https:\/\/www.gruppoliturgico.com\/fr\/produit\/reliquaire-2\/\",\"name\":\"reliquaire - reliquaires et Laboratorio Gruppo Liturgico\",\"isPartOf\":{\"@id\":\"https:\/\/www.gruppoliturgico.com\/es\/#website\"},\"datePublished\":\"2022-05-19T20:55:53+00:00\",\"dateModified\":\"2022-10-12T08:25:17+00:00\",\"description\":\"Reliquaire en massif bronze fondu de style baroque. Richement d\u00e9cor\u00e9, il pr\u00e9sente dans l'aur\u00e9ole des ornements avec de petits anges en fusion. La base aussi est richement travaill\u00e9e et pr\u00e9sente des fusions \u00e0 cire perdue de petites t\u00eates d'ange et les symboles de l'Agneau et du P\u00e9lican. Dimension de la boite \u00e0 reliques cm 8 x 6,5. Hauteur cm 42\",\"breadcrumb\":{\"@id\":\"https:\/\/www.gruppoliturgico.com\/fr\/produit\/reliquaire-2\/#breadcrumb\"},\"inLanguage\":\"fr-FR\",\"potentialAction\":[{\"@type\":\"ReadAction\",\"target\":[\"https:\/\/www.gruppoliturgico.com\/fr\/produit\/reliquaire-2\/\"]}]},{\"@type\":\"BreadcrumbList\",\"@id\":\"https:\/\/www.gruppoliturgico.com\/fr\/produit\/reliquaire-2\/#breadcrumb\",\"itemListElement\":[{\"@type\":\"ListItem\",\"position\":1,\"name\":\"Home\",\"item\":\"https:\/\/www.gruppoliturgico.com\/fr\/\"},{\"@type\":\"ListItem\",\"position\":2,\"name\":\"Boutique\",\"item\":\"https:\/\/www.gruppoliturgico.com\/fr\/boutique\/\"},{\"@type\":\"ListItem\",\"position\":3,\"name\":\"reliquaire\"}]},{\"@type\":\"WebSite\",\"@id\":\"https:\/\/www.gruppoliturgico.com\/es\/#website\",\"url\":\"https:\/\/www.gruppoliturgico.com\/es\/\",\"name\":\"Laboratorio Gruppo Liturgico\",\"description\":\"Articoli Religiosi online\",\"publisher\":{\"@id\":\"https:\/\/www.gruppoliturgico.com\/es\/#organization\"},\"potentialAction\":[{\"@type\":\"SearchAction\",\"target\":{\"@type\":\"EntryPoint\",\"urlTemplate\":\"https:\/\/www.gruppoliturgico.com\/es\/?s={search_term_string}\"},\"query-input\":\"required name=search_term_string\"}],\"inLanguage\":\"fr-FR\"},{\"@type\":\"Organization\",\"@id\":\"https:\/\/www.gruppoliturgico.com\/es\/#organization\",\"name\":\"Laboratorio Gruppo Liturgico\",\"url\":\"https:\/\/www.gruppoliturgico.com\/es\/\",\"logo\":{\"@type\":\"ImageObject\",\"inLanguage\":\"fr-FR\",\"@id\":\"https:\/\/www.gruppoliturgico.com\/es\/#\/schema\/logo\/image\/\",\"url\":\"https:\/\/www.gruppoliturgico.com\/wp-content\/uploads\/2022\/02\/logo-laboratoriogruppoliturgico.png\",\"contentUrl\":\"https:\/\/www.gruppoliturgico.com\/wp-content\/uploads\/2022\/02\/logo-laboratoriogruppoliturgico.png\",\"width\":400,\"height\":114,\"caption\":\"Laboratorio Gruppo Liturgico\"},\"image\":{\"@id\":\"https:\/\/www.gruppoliturgico.com\/es\/#\/schema\/logo\/image\/\"}}]}<\/script>\n<!-- \/ Yoast SEO plugin. -->","yoast_head_json":{"title":"reliquaire - reliquaires et Laboratorio Gruppo Liturgico","description":"Reliquaire en massif bronze fondu de style baroque.  Richement d\u00e9cor\u00e9, il pr\u00e9sente dans l'aur\u00e9ole des ornements avec de petits anges en fusion.  La base aussi est richement travaill\u00e9e et pr\u00e9sente des fusions \u00e0 cire perdue de petites t\u00eates d'ange et les symboles de l'Agneau et du P\u00e9lican. Dimension de la boite \u00e0 reliques cm 8 x 6,5. Hauteur cm 42","robots":{"index":"index","follow":"follow","max-snippet":"max-snippet:-1","max-image-preview":"max-image-preview:large","max-video-preview":"max-video-preview:-1"},"canonical":"https:\/\/www.gruppoliturgico.com\/fr\/produit\/reliquaire-2\/","og_locale":"fr_FR","og_type":"article","og_title":"reliquaire - reliquaires et Laboratorio Gruppo Liturgico","og_description":"Reliquaire en massif bronze fondu de style baroque.  Richement d\u00e9cor\u00e9, il pr\u00e9sente dans l'aur\u00e9ole des ornements avec de petits anges en fusion.  La base aussi est richement travaill\u00e9e et pr\u00e9sente des fusions \u00e0 cire perdue de petites t\u00eates d'ange et les symboles de l'Agneau et du P\u00e9lican. Dimension de la boite \u00e0 reliques cm 8 x 6,5. Hauteur cm 42","og_url":"https:\/\/www.gruppoliturgico.com\/fr\/produit\/reliquaire-2\/","og_site_name":"Laboratorio Gruppo Liturgico","article_modified_time":"2022-10-12T08:25:17+00:00","og_image":[{"width":809,"height":2000,"url":"https:\/\/www.gruppoliturgico.com\/wp-content\/uploads\/2022\/05\/1366-nv.jpg","type":"image\/jpeg"}],"twitter_card":"summary_large_image","schema":{"@context":"https:\/\/schema.org","@graph":[{"@type":"WebPage","@id":"https:\/\/www.gruppoliturgico.com\/fr\/produit\/reliquaire-2\/","url":"https:\/\/www.gruppoliturgico.com\/fr\/produit\/reliquaire-2\/","name":"reliquaire - reliquaires et Laboratorio Gruppo Liturgico","isPartOf":{"@id":"https:\/\/www.gruppoliturgico.com\/es\/#website"},"datePublished":"2022-05-19T20:55:53+00:00","dateModified":"2022-10-12T08:25:17+00:00","description":"Reliquaire en massif bronze fondu de style baroque. Richement d\u00e9cor\u00e9, il pr\u00e9sente dans l'aur\u00e9ole des ornements avec de petits anges en fusion. La base aussi est richement travaill\u00e9e et pr\u00e9sente des fusions \u00e0 cire perdue de petites t\u00eates d'ange et les symboles de l'Agneau et du P\u00e9lican. Dimension de la boite \u00e0 reliques cm 8 x 6,5. Hauteur cm 42","breadcrumb":{"@id":"https:\/\/www.gruppoliturgico.com\/fr\/produit\/reliquaire-2\/#breadcrumb"},"inLanguage":"fr-FR","potentialAction":[{"@type":"ReadAction","target":["https:\/\/www.gruppoliturgico.com\/fr\/produit\/reliquaire-2\/"]}]},{"@type":"BreadcrumbList","@id":"https:\/\/www.gruppoliturgico.com\/fr\/produit\/reliquaire-2\/#breadcrumb","itemListElement":[{"@type":"ListItem","position":1,"name":"Home","item":"https:\/\/www.gruppoliturgico.com\/fr\/"},{"@type":"ListItem","position":2,"name":"Boutique","item":"https:\/\/www.gruppoliturgico.com\/fr\/boutique\/"},{"@type":"ListItem","position":3,"name":"reliquaire"}]},{"@type":"WebSite","@id":"https:\/\/www.gruppoliturgico.com\/es\/#website","url":"https:\/\/www.gruppoliturgico.com\/es\/","name":"Laboratorio Gruppo Liturgico","description":"Articoli Religiosi online","publisher":{"@id":"https:\/\/www.gruppoliturgico.com\/es\/#organization"},"potentialAction":[{"@type":"SearchAction","target":{"@type":"EntryPoint","urlTemplate":"https:\/\/www.gruppoliturgico.com\/es\/?s={search_term_string}"},"query-input":"required name=search_term_string"}],"inLanguage":"fr-FR"},{"@type":"Organization","@id":"https:\/\/www.gruppoliturgico.com\/es\/#organization","name":"Laboratorio Gruppo Liturgico","url":"https:\/\/www.gruppoliturgico.com\/es\/","logo":{"@type":"ImageObject","inLanguage":"fr-FR","@id":"https:\/\/www.gruppoliturgico.com\/es\/#\/schema\/logo\/image\/","url":"https:\/\/www.gruppoliturgico.com\/wp-content\/uploads\/2022\/02\/logo-laboratoriogruppoliturgico.png","contentUrl":"https:\/\/www.gruppoliturgico.com\/wp-content\/uploads\/2022\/02\/logo-laboratoriogruppoliturgico.png","width":400,"height":114,"caption":"Laboratorio Gruppo Liturgico"},"image":{"@id":"https:\/\/www.gruppoliturgico.com\/es\/#\/schema\/logo\/image\/"}}]}},"_links":{"self":[{"href":"https:\/\/www.gruppoliturgico.com\/fr\/wp-json\/wp\/v2\/product\/63193"}],"collection":[{"href":"https:\/\/www.gruppoliturgico.com\/fr\/wp-json\/wp\/v2\/product"}],"about":[{"href":"https:\/\/www.gruppoliturgico.com\/fr\/wp-json\/wp\/v2\/types\/product"}],"wp:featuredmedia":[{"embeddable":true,"href":"https:\/\/www.gruppoliturgico.com\/fr\/wp-json\/wp\/v2\/media\/132857"}],"wp:attachment":[{"href":"https:\/\/www.gruppoliturgico.com\/fr\/wp-json\/wp\/v2\/media?parent=63193"}],"wp:term":[{"taxonomy":"product_cat","embeddable":true,"href":"https:\/\/www.gruppoliturgico.com\/fr\/wp-json\/wp\/v2\/product_cat?post=63193"},{"taxonomy":"product_tag","embeddable":true,"href":"https:\/\/www.gruppoliturgico.com\/fr\/wp-json\/wp\/v2\/product_tag?post=63193"}],"curies":[{"name":"wp","href":"https:\/\/api.w.org\/{rel}","templated":true}]}}