{"id":63189,"date":"2022-05-19T22:55:00","date_gmt":"2022-05-19T20:55:43","guid":{"rendered":"https:\/\/www.gruppoliturgico.com\/prodotto\/chasuble-romaine\/"},"modified":"2022-09-15T14:51:59","modified_gmt":"2022-09-15T12:51:59","slug":"chasuble-romaine","status":"publish","type":"product","link":"https:\/\/www.gruppoliturgico.com\/fr\/produit\/chasuble-romaine\/","title":{"rendered":"Chasuble romaine"},"content":{"rendered":"<html><body><p>Chasuble romaine confectionn\u00e9e avec un tissu jacquard original.<br>\nLe tissage particulier de ce tissu est obtenu sur un m\u00e9tier sp\u00e9cial pour mettre en \u00e9vidence les d\u00e9corations dor\u00e9es, du type arabesque, qui se distinguent de la couleur liturgique choisie.<br>\nCompl\u00e8te d\u2019\u00e9tole.<br>\nDisponible dans les coloris Liturgiques et en rose.<\/p>\n<\/body><\/html>","protected":false},"excerpt":{"rendered":"<p>Chasuble romaine confectionn\u00e9e avec un tissu jacquard original.<br \/>\nLe tissage particulier de ce tissu est obtenu sur un m\u00e9tier sp\u00e9cial pour mettre en \u00e9vidence les d\u00e9corations dor\u00e9es, du type arabesque, qui se distinguent de la couleur liturgique choisie.<br \/>\nCompl\u00e8te d&rsquo;\u00e9tole.<br \/>\nDisponible dans les coloris Liturgiques et en rose.<\/p>\n","protected":false},"featured_media":129776,"template":"","meta":[],"product_cat":[12280],"product_tag":[],"yoast_head":"<!-- This site is optimized with the Yoast SEO plugin v20.4 - https:\/\/yoast.com\/wordpress\/plugins\/seo\/ -->\n<title>Chasuble romaine - chasubles romaines et Laboratorio Gruppo Liturgico<\/title>\n<meta name=\"description\" content=\"Chasuble romaine confectionn\u00e9e avec un tissu jacquard original.  Le tissage particulier de ce tissu est obtenu sur un m\u00e9tier sp\u00e9cial pour mettre en \u00e9vidence les d\u00e9corations dor\u00e9es, du type arabesque, qui se distinguent de la couleur liturgique choisie.  Compl\u00e8te d&#039;\u00e9tole. Disponible dans les coloris Liturgiques et en rose.\" \/>\n<meta name=\"robots\" content=\"index, follow, max-snippet:-1, max-image-preview:large, max-video-preview:-1\" \/>\n<link rel=\"canonical\" href=\"https:\/\/www.gruppoliturgico.com\/fr\/produit\/chasuble-romaine\/\" \/>\n<meta property=\"og:locale\" content=\"fr_FR\" \/>\n<meta property=\"og:type\" content=\"article\" \/>\n<meta property=\"og:title\" content=\"Chasuble romaine - chasubles romaines et Laboratorio Gruppo Liturgico\" \/>\n<meta property=\"og:description\" content=\"Chasuble romaine confectionn\u00e9e avec un tissu jacquard original.  Le tissage particulier de ce tissu est obtenu sur un m\u00e9tier sp\u00e9cial pour mettre en \u00e9vidence les d\u00e9corations dor\u00e9es, du type arabesque, qui se distinguent de la couleur liturgique choisie.  Compl\u00e8te d&#039;\u00e9tole. Disponible dans les coloris Liturgiques et en rose.\" \/>\n<meta property=\"og:url\" content=\"https:\/\/www.gruppoliturgico.com\/fr\/produit\/chasuble-romaine\/\" \/>\n<meta property=\"og:site_name\" content=\"Laboratorio Gruppo Liturgico\" \/>\n<meta property=\"article:modified_time\" content=\"2022-09-15T12:51:59+00:00\" \/>\n<meta property=\"og:image\" content=\"https:\/\/www.gruppoliturgico.com\/wp-content\/uploads\/2022\/09\/3403-bianca.jpg\" \/>\n\t<meta property=\"og:image:width\" content=\"1051\" \/>\n\t<meta property=\"og:image:height\" content=\"1500\" \/>\n\t<meta property=\"og:image:type\" content=\"image\/jpeg\" \/>\n<meta name=\"twitter:card\" content=\"summary_large_image\" \/>\n<script type=\"application\/ld+json\" class=\"yoast-schema-graph\">{\"@context\":\"https:\/\/schema.org\",\"@graph\":[{\"@type\":\"WebPage\",\"@id\":\"https:\/\/www.gruppoliturgico.com\/fr\/produit\/chasuble-romaine\/\",\"url\":\"https:\/\/www.gruppoliturgico.com\/fr\/produit\/chasuble-romaine\/\",\"name\":\"Chasuble romaine - chasubles romaines et Laboratorio Gruppo Liturgico\",\"isPartOf\":{\"@id\":\"https:\/\/www.gruppoliturgico.com\/es\/#website\"},\"datePublished\":\"2022-05-19T20:55:43+00:00\",\"dateModified\":\"2022-09-15T12:51:59+00:00\",\"description\":\"Chasuble romaine confectionn\u00e9e avec un tissu jacquard original. Le tissage particulier de ce tissu est obtenu sur un m\u00e9tier sp\u00e9cial pour mettre en \u00e9vidence les d\u00e9corations dor\u00e9es, du type arabesque, qui se distinguent de la couleur liturgique choisie. Compl\u00e8te d'\u00e9tole. Disponible dans les coloris Liturgiques et en rose.\",\"breadcrumb\":{\"@id\":\"https:\/\/www.gruppoliturgico.com\/fr\/produit\/chasuble-romaine\/#breadcrumb\"},\"inLanguage\":\"fr-FR\",\"potentialAction\":[{\"@type\":\"ReadAction\",\"target\":[\"https:\/\/www.gruppoliturgico.com\/fr\/produit\/chasuble-romaine\/\"]}]},{\"@type\":\"BreadcrumbList\",\"@id\":\"https:\/\/www.gruppoliturgico.com\/fr\/produit\/chasuble-romaine\/#breadcrumb\",\"itemListElement\":[{\"@type\":\"ListItem\",\"position\":1,\"name\":\"Home\",\"item\":\"https:\/\/www.gruppoliturgico.com\/fr\/\"},{\"@type\":\"ListItem\",\"position\":2,\"name\":\"Boutique\",\"item\":\"https:\/\/www.gruppoliturgico.com\/fr\/boutique\/\"},{\"@type\":\"ListItem\",\"position\":3,\"name\":\"Chasuble romaine\"}]},{\"@type\":\"WebSite\",\"@id\":\"https:\/\/www.gruppoliturgico.com\/es\/#website\",\"url\":\"https:\/\/www.gruppoliturgico.com\/es\/\",\"name\":\"Laboratorio Gruppo Liturgico\",\"description\":\"Articoli Religiosi online\",\"publisher\":{\"@id\":\"https:\/\/www.gruppoliturgico.com\/es\/#organization\"},\"potentialAction\":[{\"@type\":\"SearchAction\",\"target\":{\"@type\":\"EntryPoint\",\"urlTemplate\":\"https:\/\/www.gruppoliturgico.com\/es\/?s={search_term_string}\"},\"query-input\":\"required name=search_term_string\"}],\"inLanguage\":\"fr-FR\"},{\"@type\":\"Organization\",\"@id\":\"https:\/\/www.gruppoliturgico.com\/es\/#organization\",\"name\":\"Laboratorio Gruppo Liturgico\",\"url\":\"https:\/\/www.gruppoliturgico.com\/es\/\",\"logo\":{\"@type\":\"ImageObject\",\"inLanguage\":\"fr-FR\",\"@id\":\"https:\/\/www.gruppoliturgico.com\/es\/#\/schema\/logo\/image\/\",\"url\":\"https:\/\/www.gruppoliturgico.com\/wp-content\/uploads\/2022\/02\/logo-laboratoriogruppoliturgico.png\",\"contentUrl\":\"https:\/\/www.gruppoliturgico.com\/wp-content\/uploads\/2022\/02\/logo-laboratoriogruppoliturgico.png\",\"width\":400,\"height\":114,\"caption\":\"Laboratorio Gruppo Liturgico\"},\"image\":{\"@id\":\"https:\/\/www.gruppoliturgico.com\/es\/#\/schema\/logo\/image\/\"}}]}<\/script>\n<!-- \/ Yoast SEO plugin. -->","yoast_head_json":{"title":"Chasuble romaine - chasubles romaines et Laboratorio Gruppo Liturgico","description":"Chasuble romaine confectionn\u00e9e avec un tissu jacquard original.  Le tissage particulier de ce tissu est obtenu sur un m\u00e9tier sp\u00e9cial pour mettre en \u00e9vidence les d\u00e9corations dor\u00e9es, du type arabesque, qui se distinguent de la couleur liturgique choisie.  Compl\u00e8te d'\u00e9tole. Disponible dans les coloris Liturgiques et en rose.","robots":{"index":"index","follow":"follow","max-snippet":"max-snippet:-1","max-image-preview":"max-image-preview:large","max-video-preview":"max-video-preview:-1"},"canonical":"https:\/\/www.gruppoliturgico.com\/fr\/produit\/chasuble-romaine\/","og_locale":"fr_FR","og_type":"article","og_title":"Chasuble romaine - chasubles romaines et Laboratorio Gruppo Liturgico","og_description":"Chasuble romaine confectionn\u00e9e avec un tissu jacquard original.  Le tissage particulier de ce tissu est obtenu sur un m\u00e9tier sp\u00e9cial pour mettre en \u00e9vidence les d\u00e9corations dor\u00e9es, du type arabesque, qui se distinguent de la couleur liturgique choisie.  Compl\u00e8te d'\u00e9tole. Disponible dans les coloris Liturgiques et en rose.","og_url":"https:\/\/www.gruppoliturgico.com\/fr\/produit\/chasuble-romaine\/","og_site_name":"Laboratorio Gruppo Liturgico","article_modified_time":"2022-09-15T12:51:59+00:00","og_image":[{"width":1051,"height":1500,"url":"https:\/\/www.gruppoliturgico.com\/wp-content\/uploads\/2022\/09\/3403-bianca.jpg","type":"image\/jpeg"}],"twitter_card":"summary_large_image","schema":{"@context":"https:\/\/schema.org","@graph":[{"@type":"WebPage","@id":"https:\/\/www.gruppoliturgico.com\/fr\/produit\/chasuble-romaine\/","url":"https:\/\/www.gruppoliturgico.com\/fr\/produit\/chasuble-romaine\/","name":"Chasuble romaine - chasubles romaines et Laboratorio Gruppo Liturgico","isPartOf":{"@id":"https:\/\/www.gruppoliturgico.com\/es\/#website"},"datePublished":"2022-05-19T20:55:43+00:00","dateModified":"2022-09-15T12:51:59+00:00","description":"Chasuble romaine confectionn\u00e9e avec un tissu jacquard original. Le tissage particulier de ce tissu est obtenu sur un m\u00e9tier sp\u00e9cial pour mettre en \u00e9vidence les d\u00e9corations dor\u00e9es, du type arabesque, qui se distinguent de la couleur liturgique choisie. Compl\u00e8te d'\u00e9tole. Disponible dans les coloris Liturgiques et en rose.","breadcrumb":{"@id":"https:\/\/www.gruppoliturgico.com\/fr\/produit\/chasuble-romaine\/#breadcrumb"},"inLanguage":"fr-FR","potentialAction":[{"@type":"ReadAction","target":["https:\/\/www.gruppoliturgico.com\/fr\/produit\/chasuble-romaine\/"]}]},{"@type":"BreadcrumbList","@id":"https:\/\/www.gruppoliturgico.com\/fr\/produit\/chasuble-romaine\/#breadcrumb","itemListElement":[{"@type":"ListItem","position":1,"name":"Home","item":"https:\/\/www.gruppoliturgico.com\/fr\/"},{"@type":"ListItem","position":2,"name":"Boutique","item":"https:\/\/www.gruppoliturgico.com\/fr\/boutique\/"},{"@type":"ListItem","position":3,"name":"Chasuble romaine"}]},{"@type":"WebSite","@id":"https:\/\/www.gruppoliturgico.com\/es\/#website","url":"https:\/\/www.gruppoliturgico.com\/es\/","name":"Laboratorio Gruppo Liturgico","description":"Articoli Religiosi online","publisher":{"@id":"https:\/\/www.gruppoliturgico.com\/es\/#organization"},"potentialAction":[{"@type":"SearchAction","target":{"@type":"EntryPoint","urlTemplate":"https:\/\/www.gruppoliturgico.com\/es\/?s={search_term_string}"},"query-input":"required name=search_term_string"}],"inLanguage":"fr-FR"},{"@type":"Organization","@id":"https:\/\/www.gruppoliturgico.com\/es\/#organization","name":"Laboratorio Gruppo Liturgico","url":"https:\/\/www.gruppoliturgico.com\/es\/","logo":{"@type":"ImageObject","inLanguage":"fr-FR","@id":"https:\/\/www.gruppoliturgico.com\/es\/#\/schema\/logo\/image\/","url":"https:\/\/www.gruppoliturgico.com\/wp-content\/uploads\/2022\/02\/logo-laboratoriogruppoliturgico.png","contentUrl":"https:\/\/www.gruppoliturgico.com\/wp-content\/uploads\/2022\/02\/logo-laboratoriogruppoliturgico.png","width":400,"height":114,"caption":"Laboratorio Gruppo Liturgico"},"image":{"@id":"https:\/\/www.gruppoliturgico.com\/es\/#\/schema\/logo\/image\/"}}]}},"_links":{"self":[{"href":"https:\/\/www.gruppoliturgico.com\/fr\/wp-json\/wp\/v2\/product\/63189"}],"collection":[{"href":"https:\/\/www.gruppoliturgico.com\/fr\/wp-json\/wp\/v2\/product"}],"about":[{"href":"https:\/\/www.gruppoliturgico.com\/fr\/wp-json\/wp\/v2\/types\/product"}],"wp:featuredmedia":[{"embeddable":true,"href":"https:\/\/www.gruppoliturgico.com\/fr\/wp-json\/wp\/v2\/media\/129776"}],"wp:attachment":[{"href":"https:\/\/www.gruppoliturgico.com\/fr\/wp-json\/wp\/v2\/media?parent=63189"}],"wp:term":[{"taxonomy":"product_cat","embeddable":true,"href":"https:\/\/www.gruppoliturgico.com\/fr\/wp-json\/wp\/v2\/product_cat?post=63189"},{"taxonomy":"product_tag","embeddable":true,"href":"https:\/\/www.gruppoliturgico.com\/fr\/wp-json\/wp\/v2\/product_tag?post=63189"}],"curies":[{"name":"wp","href":"https:\/\/api.w.org\/{rel}","templated":true}]}}