{"id":63181,"date":"2022-05-19T22:55:18","date_gmt":"2022-05-19T20:55:22","guid":{"rendered":"https:\/\/www.gruppoliturgico.com\/prodotto\/ostensoir-5\/"},"modified":"2022-05-20T07:14:00","modified_gmt":"2022-05-20T05:14:00","slug":"ostensoir-5","status":"publish","type":"product","link":"https:\/\/www.gruppoliturgico.com\/fr\/produit\/ostensoir-5\/","title":{"rendered":"ostensoir"},"content":{"rendered":"<html><body><p>En bronze fondu dor\u00e9 avec des parties argent\u00e9es.<br>\nSur la base, richement cisel\u00e9e, sont repr\u00e9sent\u00e9es des sc\u00e8nes du Chemin de Croix avec des pierres dures ornementales.<br>\nLes rayons aussi sont en fusion.<br>\nIl peut accueillir une hostie au diam\u00e8tre de cm 7,5.<\/p>\n<p>Hauteur cm 56<\/p>\n<\/body><\/html>","protected":false},"excerpt":{"rendered":"<p>En bronze fondu dor\u00e9 avec des parties argent\u00e9es.<br \/>\nSur la base, richement cisel\u00e9e, sont repr\u00e9sent\u00e9es des sc\u00e8nes du Chemin de Croix avec des pierres dures ornementales.<br \/>\nLes rayons aussi sont en fusion.<br \/>\nIl peut accueillir une hostie au diam\u00e8tre de cm 7,5.<\/p>\n<p>Hauteur cm 56<\/p>\n","protected":false},"featured_media":73526,"template":"","meta":[],"product_cat":[12064],"product_tag":[],"yoast_head":"<!-- This site is optimized with the Yoast SEO plugin v20.4 - https:\/\/yoast.com\/wordpress\/plugins\/seo\/ -->\n<title>ostensoir - ostensoirs et Laboratorio Gruppo Liturgico<\/title>\n<meta name=\"description\" content=\"En bronze fondu dor\u00e9 avec des parties argent\u00e9es.  Sur la base, richement cisel\u00e9e, sont repr\u00e9sent\u00e9es des sc\u00e8nes du Chemin de Croix avec des pierres dures ornementales.  Les rayons aussi sont en fusion.  Il peut accueillir une hostie au diam\u00e8tre de cm 7,5.  Hauteur cm 56\" \/>\n<meta name=\"robots\" content=\"index, follow, max-snippet:-1, max-image-preview:large, max-video-preview:-1\" \/>\n<link rel=\"canonical\" href=\"https:\/\/www.gruppoliturgico.com\/fr\/produit\/ostensoir-5\/\" \/>\n<meta property=\"og:locale\" content=\"fr_FR\" \/>\n<meta property=\"og:type\" content=\"article\" \/>\n<meta property=\"og:title\" content=\"ostensoir - ostensoirs et Laboratorio Gruppo Liturgico\" \/>\n<meta property=\"og:description\" content=\"En bronze fondu dor\u00e9 avec des parties argent\u00e9es.  Sur la base, richement cisel\u00e9e, sont repr\u00e9sent\u00e9es des sc\u00e8nes du Chemin de Croix avec des pierres dures ornementales.  Les rayons aussi sont en fusion.  Il peut accueillir une hostie au diam\u00e8tre de cm 7,5.  Hauteur cm 56\" \/>\n<meta property=\"og:url\" content=\"https:\/\/www.gruppoliturgico.com\/fr\/produit\/ostensoir-5\/\" \/>\n<meta property=\"og:site_name\" content=\"Laboratorio Gruppo Liturgico\" \/>\n<meta property=\"article:modified_time\" content=\"2022-05-20T05:14:00+00:00\" \/>\n<meta property=\"og:image\" content=\"https:\/\/www.gruppoliturgico.com\/wp-content\/uploads\/2022\/05\/1252.jpg\" \/>\n\t<meta property=\"og:image:width\" content=\"952\" \/>\n\t<meta property=\"og:image:height\" content=\"1500\" \/>\n\t<meta property=\"og:image:type\" content=\"image\/jpeg\" \/>\n<meta name=\"twitter:card\" content=\"summary_large_image\" \/>\n<script type=\"application\/ld+json\" class=\"yoast-schema-graph\">{\"@context\":\"https:\/\/schema.org\",\"@graph\":[{\"@type\":\"WebPage\",\"@id\":\"https:\/\/www.gruppoliturgico.com\/fr\/produit\/ostensoir-5\/\",\"url\":\"https:\/\/www.gruppoliturgico.com\/fr\/produit\/ostensoir-5\/\",\"name\":\"ostensoir - ostensoirs et Laboratorio Gruppo Liturgico\",\"isPartOf\":{\"@id\":\"https:\/\/www.gruppoliturgico.com\/es\/#website\"},\"datePublished\":\"2022-05-19T20:55:22+00:00\",\"dateModified\":\"2022-05-20T05:14:00+00:00\",\"description\":\"En bronze fondu dor\u00e9 avec des parties argent\u00e9es. Sur la base, richement cisel\u00e9e, sont repr\u00e9sent\u00e9es des sc\u00e8nes du Chemin de Croix avec des pierres dures ornementales. Les rayons aussi sont en fusion. Il peut accueillir une hostie au diam\u00e8tre de cm 7,5. Hauteur cm 56\",\"breadcrumb\":{\"@id\":\"https:\/\/www.gruppoliturgico.com\/fr\/produit\/ostensoir-5\/#breadcrumb\"},\"inLanguage\":\"fr-FR\",\"potentialAction\":[{\"@type\":\"ReadAction\",\"target\":[\"https:\/\/www.gruppoliturgico.com\/fr\/produit\/ostensoir-5\/\"]}]},{\"@type\":\"BreadcrumbList\",\"@id\":\"https:\/\/www.gruppoliturgico.com\/fr\/produit\/ostensoir-5\/#breadcrumb\",\"itemListElement\":[{\"@type\":\"ListItem\",\"position\":1,\"name\":\"Home\",\"item\":\"https:\/\/www.gruppoliturgico.com\/fr\/\"},{\"@type\":\"ListItem\",\"position\":2,\"name\":\"Boutique\",\"item\":\"https:\/\/www.gruppoliturgico.com\/fr\/boutique\/\"},{\"@type\":\"ListItem\",\"position\":3,\"name\":\"ostensoir\"}]},{\"@type\":\"WebSite\",\"@id\":\"https:\/\/www.gruppoliturgico.com\/es\/#website\",\"url\":\"https:\/\/www.gruppoliturgico.com\/es\/\",\"name\":\"Laboratorio Gruppo Liturgico\",\"description\":\"Articoli Religiosi online\",\"publisher\":{\"@id\":\"https:\/\/www.gruppoliturgico.com\/es\/#organization\"},\"potentialAction\":[{\"@type\":\"SearchAction\",\"target\":{\"@type\":\"EntryPoint\",\"urlTemplate\":\"https:\/\/www.gruppoliturgico.com\/es\/?s={search_term_string}\"},\"query-input\":\"required name=search_term_string\"}],\"inLanguage\":\"fr-FR\"},{\"@type\":\"Organization\",\"@id\":\"https:\/\/www.gruppoliturgico.com\/es\/#organization\",\"name\":\"Laboratorio Gruppo Liturgico\",\"url\":\"https:\/\/www.gruppoliturgico.com\/es\/\",\"logo\":{\"@type\":\"ImageObject\",\"inLanguage\":\"fr-FR\",\"@id\":\"https:\/\/www.gruppoliturgico.com\/es\/#\/schema\/logo\/image\/\",\"url\":\"https:\/\/www.gruppoliturgico.com\/wp-content\/uploads\/2022\/02\/logo-laboratoriogruppoliturgico.png\",\"contentUrl\":\"https:\/\/www.gruppoliturgico.com\/wp-content\/uploads\/2022\/02\/logo-laboratoriogruppoliturgico.png\",\"width\":400,\"height\":114,\"caption\":\"Laboratorio Gruppo Liturgico\"},\"image\":{\"@id\":\"https:\/\/www.gruppoliturgico.com\/es\/#\/schema\/logo\/image\/\"}}]}<\/script>\n<!-- \/ Yoast SEO plugin. -->","yoast_head_json":{"title":"ostensoir - ostensoirs et Laboratorio Gruppo Liturgico","description":"En bronze fondu dor\u00e9 avec des parties argent\u00e9es.  Sur la base, richement cisel\u00e9e, sont repr\u00e9sent\u00e9es des sc\u00e8nes du Chemin de Croix avec des pierres dures ornementales.  Les rayons aussi sont en fusion.  Il peut accueillir une hostie au diam\u00e8tre de cm 7,5.  Hauteur cm 56","robots":{"index":"index","follow":"follow","max-snippet":"max-snippet:-1","max-image-preview":"max-image-preview:large","max-video-preview":"max-video-preview:-1"},"canonical":"https:\/\/www.gruppoliturgico.com\/fr\/produit\/ostensoir-5\/","og_locale":"fr_FR","og_type":"article","og_title":"ostensoir - ostensoirs et Laboratorio Gruppo Liturgico","og_description":"En bronze fondu dor\u00e9 avec des parties argent\u00e9es.  Sur la base, richement cisel\u00e9e, sont repr\u00e9sent\u00e9es des sc\u00e8nes du Chemin de Croix avec des pierres dures ornementales.  Les rayons aussi sont en fusion.  Il peut accueillir une hostie au diam\u00e8tre de cm 7,5.  Hauteur cm 56","og_url":"https:\/\/www.gruppoliturgico.com\/fr\/produit\/ostensoir-5\/","og_site_name":"Laboratorio Gruppo Liturgico","article_modified_time":"2022-05-20T05:14:00+00:00","og_image":[{"width":952,"height":1500,"url":"https:\/\/www.gruppoliturgico.com\/wp-content\/uploads\/2022\/05\/1252.jpg","type":"image\/jpeg"}],"twitter_card":"summary_large_image","schema":{"@context":"https:\/\/schema.org","@graph":[{"@type":"WebPage","@id":"https:\/\/www.gruppoliturgico.com\/fr\/produit\/ostensoir-5\/","url":"https:\/\/www.gruppoliturgico.com\/fr\/produit\/ostensoir-5\/","name":"ostensoir - ostensoirs et Laboratorio Gruppo Liturgico","isPartOf":{"@id":"https:\/\/www.gruppoliturgico.com\/es\/#website"},"datePublished":"2022-05-19T20:55:22+00:00","dateModified":"2022-05-20T05:14:00+00:00","description":"En bronze fondu dor\u00e9 avec des parties argent\u00e9es. Sur la base, richement cisel\u00e9e, sont repr\u00e9sent\u00e9es des sc\u00e8nes du Chemin de Croix avec des pierres dures ornementales. Les rayons aussi sont en fusion. Il peut accueillir une hostie au diam\u00e8tre de cm 7,5. Hauteur cm 56","breadcrumb":{"@id":"https:\/\/www.gruppoliturgico.com\/fr\/produit\/ostensoir-5\/#breadcrumb"},"inLanguage":"fr-FR","potentialAction":[{"@type":"ReadAction","target":["https:\/\/www.gruppoliturgico.com\/fr\/produit\/ostensoir-5\/"]}]},{"@type":"BreadcrumbList","@id":"https:\/\/www.gruppoliturgico.com\/fr\/produit\/ostensoir-5\/#breadcrumb","itemListElement":[{"@type":"ListItem","position":1,"name":"Home","item":"https:\/\/www.gruppoliturgico.com\/fr\/"},{"@type":"ListItem","position":2,"name":"Boutique","item":"https:\/\/www.gruppoliturgico.com\/fr\/boutique\/"},{"@type":"ListItem","position":3,"name":"ostensoir"}]},{"@type":"WebSite","@id":"https:\/\/www.gruppoliturgico.com\/es\/#website","url":"https:\/\/www.gruppoliturgico.com\/es\/","name":"Laboratorio Gruppo Liturgico","description":"Articoli Religiosi online","publisher":{"@id":"https:\/\/www.gruppoliturgico.com\/es\/#organization"},"potentialAction":[{"@type":"SearchAction","target":{"@type":"EntryPoint","urlTemplate":"https:\/\/www.gruppoliturgico.com\/es\/?s={search_term_string}"},"query-input":"required name=search_term_string"}],"inLanguage":"fr-FR"},{"@type":"Organization","@id":"https:\/\/www.gruppoliturgico.com\/es\/#organization","name":"Laboratorio Gruppo Liturgico","url":"https:\/\/www.gruppoliturgico.com\/es\/","logo":{"@type":"ImageObject","inLanguage":"fr-FR","@id":"https:\/\/www.gruppoliturgico.com\/es\/#\/schema\/logo\/image\/","url":"https:\/\/www.gruppoliturgico.com\/wp-content\/uploads\/2022\/02\/logo-laboratoriogruppoliturgico.png","contentUrl":"https:\/\/www.gruppoliturgico.com\/wp-content\/uploads\/2022\/02\/logo-laboratoriogruppoliturgico.png","width":400,"height":114,"caption":"Laboratorio Gruppo Liturgico"},"image":{"@id":"https:\/\/www.gruppoliturgico.com\/es\/#\/schema\/logo\/image\/"}}]}},"_links":{"self":[{"href":"https:\/\/www.gruppoliturgico.com\/fr\/wp-json\/wp\/v2\/product\/63181"}],"collection":[{"href":"https:\/\/www.gruppoliturgico.com\/fr\/wp-json\/wp\/v2\/product"}],"about":[{"href":"https:\/\/www.gruppoliturgico.com\/fr\/wp-json\/wp\/v2\/types\/product"}],"wp:featuredmedia":[{"embeddable":true,"href":"https:\/\/www.gruppoliturgico.com\/fr\/wp-json\/wp\/v2\/media\/73526"}],"wp:attachment":[{"href":"https:\/\/www.gruppoliturgico.com\/fr\/wp-json\/wp\/v2\/media?parent=63181"}],"wp:term":[{"taxonomy":"product_cat","embeddable":true,"href":"https:\/\/www.gruppoliturgico.com\/fr\/wp-json\/wp\/v2\/product_cat?post=63181"},{"taxonomy":"product_tag","embeddable":true,"href":"https:\/\/www.gruppoliturgico.com\/fr\/wp-json\/wp\/v2\/product_tag?post=63181"}],"curies":[{"name":"wp","href":"https:\/\/api.w.org\/{rel}","templated":true}]}}