{"id":63149,"date":"2022-05-19T22:54:02","date_gmt":"2022-05-19T20:54:06","guid":{"rendered":"https:\/\/www.gruppoliturgico.com\/prodotto\/ostensoir\/"},"modified":"2022-05-20T07:12:47","modified_gmt":"2022-05-20T05:12:47","slug":"ostensoir","status":"publish","type":"product","link":"https:\/\/www.gruppoliturgico.com\/fr\/produit\/ostensoir\/","title":{"rendered":"ostensoir"},"content":{"rendered":"<html><body><p>En style gothique.<br>\nEn bronze fondu avec base cisel\u00e9e.<br>\nToute l\u2019importance de ce style se manifeste dans cet ouvrage orn\u00e9 de petites statues de Marie, Saint Pierre et Saint Paul.<br>\nBicolore or et argent.<br>\nIl peut accueillir une hostie au diam\u00e8tre de cm 7,5.<\/p>\n<p>Hauteur cm 55. <\/p>\n<p>Une petite \u0153uvre d\u2019art! <\/p>\n<\/body><\/html>","protected":false},"excerpt":{"rendered":"<p>En style gothique.<br \/>\nEn bronze fondu avec base cisel\u00e9e.<br \/>\nToute l&rsquo;importance de ce style se manifeste dans cet ouvrage orn\u00e9 de petites statues de Marie, Saint Pierre et Saint Paul.<br \/>\nBicolore or et argent.<br \/>\nIl peut accueillir une hostie au diam\u00e8tre de cm 7,5.<\/p>\n<p>Hauteur cm 55. <\/p>\n<p>Une petite \u0153uvre d&rsquo;art! <\/p>\n","protected":false},"featured_media":73494,"template":"","meta":[],"product_cat":[12064],"product_tag":[],"yoast_head":"<!-- This site is optimized with the Yoast SEO plugin v20.4 - https:\/\/yoast.com\/wordpress\/plugins\/seo\/ -->\n<title>ostensoir - ostensoirs et Laboratorio Gruppo Liturgico<\/title>\n<meta name=\"description\" content=\"En style gothique.  En bronze fondu avec base cisel\u00e9e.  Toute l&#039;importance de ce style se manifeste dans cet ouvrage orn\u00e9 de petites statues de Marie, Saint Pierre et Saint Paul.  Bicolore or et argent.  Il peut accueillir une hostie au diam\u00e8tre de cm 7,5.  Hauteur cm 55.   Une petite \u0153uvre d&#039;art!\" \/>\n<meta name=\"robots\" content=\"index, follow, max-snippet:-1, max-image-preview:large, max-video-preview:-1\" \/>\n<link rel=\"canonical\" href=\"https:\/\/www.gruppoliturgico.com\/fr\/produit\/ostensoir\/\" \/>\n<meta property=\"og:locale\" content=\"fr_FR\" \/>\n<meta property=\"og:type\" content=\"article\" \/>\n<meta property=\"og:title\" content=\"ostensoir - ostensoirs et Laboratorio Gruppo Liturgico\" \/>\n<meta property=\"og:description\" content=\"En style gothique.  En bronze fondu avec base cisel\u00e9e.  Toute l&#039;importance de ce style se manifeste dans cet ouvrage orn\u00e9 de petites statues de Marie, Saint Pierre et Saint Paul.  Bicolore or et argent.  Il peut accueillir une hostie au diam\u00e8tre de cm 7,5.  Hauteur cm 55.   Une petite \u0153uvre d&#039;art!\" \/>\n<meta property=\"og:url\" content=\"https:\/\/www.gruppoliturgico.com\/fr\/produit\/ostensoir\/\" \/>\n<meta property=\"og:site_name\" content=\"Laboratorio Gruppo Liturgico\" \/>\n<meta property=\"article:modified_time\" content=\"2022-05-20T05:12:47+00:00\" \/>\n<meta property=\"og:image\" content=\"https:\/\/www.gruppoliturgico.com\/wp-content\/uploads\/2022\/05\/1365_0.jpg\" \/>\n\t<meta property=\"og:image:width\" content=\"631\" \/>\n\t<meta property=\"og:image:height\" content=\"1500\" \/>\n\t<meta property=\"og:image:type\" content=\"image\/jpeg\" \/>\n<meta name=\"twitter:card\" content=\"summary_large_image\" \/>\n<script type=\"application\/ld+json\" class=\"yoast-schema-graph\">{\"@context\":\"https:\/\/schema.org\",\"@graph\":[{\"@type\":\"WebPage\",\"@id\":\"https:\/\/www.gruppoliturgico.com\/fr\/produit\/ostensoir\/\",\"url\":\"https:\/\/www.gruppoliturgico.com\/fr\/produit\/ostensoir\/\",\"name\":\"ostensoir - ostensoirs et Laboratorio Gruppo Liturgico\",\"isPartOf\":{\"@id\":\"https:\/\/www.gruppoliturgico.com\/es\/#website\"},\"datePublished\":\"2022-05-19T20:54:06+00:00\",\"dateModified\":\"2022-05-20T05:12:47+00:00\",\"description\":\"En style gothique. En bronze fondu avec base cisel\u00e9e. Toute l'importance de ce style se manifeste dans cet ouvrage orn\u00e9 de petites statues de Marie, Saint Pierre et Saint Paul. Bicolore or et argent. Il peut accueillir une hostie au diam\u00e8tre de cm 7,5. Hauteur cm 55. Une petite \u0153uvre d'art!\",\"breadcrumb\":{\"@id\":\"https:\/\/www.gruppoliturgico.com\/fr\/produit\/ostensoir\/#breadcrumb\"},\"inLanguage\":\"fr-FR\",\"potentialAction\":[{\"@type\":\"ReadAction\",\"target\":[\"https:\/\/www.gruppoliturgico.com\/fr\/produit\/ostensoir\/\"]}]},{\"@type\":\"BreadcrumbList\",\"@id\":\"https:\/\/www.gruppoliturgico.com\/fr\/produit\/ostensoir\/#breadcrumb\",\"itemListElement\":[{\"@type\":\"ListItem\",\"position\":1,\"name\":\"Home\",\"item\":\"https:\/\/www.gruppoliturgico.com\/fr\/\"},{\"@type\":\"ListItem\",\"position\":2,\"name\":\"Boutique\",\"item\":\"https:\/\/www.gruppoliturgico.com\/fr\/boutique\/\"},{\"@type\":\"ListItem\",\"position\":3,\"name\":\"ostensoir\"}]},{\"@type\":\"WebSite\",\"@id\":\"https:\/\/www.gruppoliturgico.com\/es\/#website\",\"url\":\"https:\/\/www.gruppoliturgico.com\/es\/\",\"name\":\"Laboratorio Gruppo Liturgico\",\"description\":\"Articoli Religiosi online\",\"publisher\":{\"@id\":\"https:\/\/www.gruppoliturgico.com\/es\/#organization\"},\"potentialAction\":[{\"@type\":\"SearchAction\",\"target\":{\"@type\":\"EntryPoint\",\"urlTemplate\":\"https:\/\/www.gruppoliturgico.com\/es\/?s={search_term_string}\"},\"query-input\":\"required name=search_term_string\"}],\"inLanguage\":\"fr-FR\"},{\"@type\":\"Organization\",\"@id\":\"https:\/\/www.gruppoliturgico.com\/es\/#organization\",\"name\":\"Laboratorio Gruppo Liturgico\",\"url\":\"https:\/\/www.gruppoliturgico.com\/es\/\",\"logo\":{\"@type\":\"ImageObject\",\"inLanguage\":\"fr-FR\",\"@id\":\"https:\/\/www.gruppoliturgico.com\/es\/#\/schema\/logo\/image\/\",\"url\":\"https:\/\/www.gruppoliturgico.com\/wp-content\/uploads\/2022\/02\/logo-laboratoriogruppoliturgico.png\",\"contentUrl\":\"https:\/\/www.gruppoliturgico.com\/wp-content\/uploads\/2022\/02\/logo-laboratoriogruppoliturgico.png\",\"width\":400,\"height\":114,\"caption\":\"Laboratorio Gruppo Liturgico\"},\"image\":{\"@id\":\"https:\/\/www.gruppoliturgico.com\/es\/#\/schema\/logo\/image\/\"}}]}<\/script>\n<!-- \/ Yoast SEO plugin. -->","yoast_head_json":{"title":"ostensoir - ostensoirs et Laboratorio Gruppo Liturgico","description":"En style gothique.  En bronze fondu avec base cisel\u00e9e.  Toute l'importance de ce style se manifeste dans cet ouvrage orn\u00e9 de petites statues de Marie, Saint Pierre et Saint Paul.  Bicolore or et argent.  Il peut accueillir une hostie au diam\u00e8tre de cm 7,5.  Hauteur cm 55.   Une petite \u0153uvre d'art!","robots":{"index":"index","follow":"follow","max-snippet":"max-snippet:-1","max-image-preview":"max-image-preview:large","max-video-preview":"max-video-preview:-1"},"canonical":"https:\/\/www.gruppoliturgico.com\/fr\/produit\/ostensoir\/","og_locale":"fr_FR","og_type":"article","og_title":"ostensoir - ostensoirs et Laboratorio Gruppo Liturgico","og_description":"En style gothique.  En bronze fondu avec base cisel\u00e9e.  Toute l'importance de ce style se manifeste dans cet ouvrage orn\u00e9 de petites statues de Marie, Saint Pierre et Saint Paul.  Bicolore or et argent.  Il peut accueillir une hostie au diam\u00e8tre de cm 7,5.  Hauteur cm 55.   Une petite \u0153uvre d'art!","og_url":"https:\/\/www.gruppoliturgico.com\/fr\/produit\/ostensoir\/","og_site_name":"Laboratorio Gruppo Liturgico","article_modified_time":"2022-05-20T05:12:47+00:00","og_image":[{"width":631,"height":1500,"url":"https:\/\/www.gruppoliturgico.com\/wp-content\/uploads\/2022\/05\/1365_0.jpg","type":"image\/jpeg"}],"twitter_card":"summary_large_image","schema":{"@context":"https:\/\/schema.org","@graph":[{"@type":"WebPage","@id":"https:\/\/www.gruppoliturgico.com\/fr\/produit\/ostensoir\/","url":"https:\/\/www.gruppoliturgico.com\/fr\/produit\/ostensoir\/","name":"ostensoir - ostensoirs et Laboratorio Gruppo Liturgico","isPartOf":{"@id":"https:\/\/www.gruppoliturgico.com\/es\/#website"},"datePublished":"2022-05-19T20:54:06+00:00","dateModified":"2022-05-20T05:12:47+00:00","description":"En style gothique. En bronze fondu avec base cisel\u00e9e. Toute l'importance de ce style se manifeste dans cet ouvrage orn\u00e9 de petites statues de Marie, Saint Pierre et Saint Paul. Bicolore or et argent. Il peut accueillir une hostie au diam\u00e8tre de cm 7,5. Hauteur cm 55. Une petite \u0153uvre d'art!","breadcrumb":{"@id":"https:\/\/www.gruppoliturgico.com\/fr\/produit\/ostensoir\/#breadcrumb"},"inLanguage":"fr-FR","potentialAction":[{"@type":"ReadAction","target":["https:\/\/www.gruppoliturgico.com\/fr\/produit\/ostensoir\/"]}]},{"@type":"BreadcrumbList","@id":"https:\/\/www.gruppoliturgico.com\/fr\/produit\/ostensoir\/#breadcrumb","itemListElement":[{"@type":"ListItem","position":1,"name":"Home","item":"https:\/\/www.gruppoliturgico.com\/fr\/"},{"@type":"ListItem","position":2,"name":"Boutique","item":"https:\/\/www.gruppoliturgico.com\/fr\/boutique\/"},{"@type":"ListItem","position":3,"name":"ostensoir"}]},{"@type":"WebSite","@id":"https:\/\/www.gruppoliturgico.com\/es\/#website","url":"https:\/\/www.gruppoliturgico.com\/es\/","name":"Laboratorio Gruppo Liturgico","description":"Articoli Religiosi online","publisher":{"@id":"https:\/\/www.gruppoliturgico.com\/es\/#organization"},"potentialAction":[{"@type":"SearchAction","target":{"@type":"EntryPoint","urlTemplate":"https:\/\/www.gruppoliturgico.com\/es\/?s={search_term_string}"},"query-input":"required name=search_term_string"}],"inLanguage":"fr-FR"},{"@type":"Organization","@id":"https:\/\/www.gruppoliturgico.com\/es\/#organization","name":"Laboratorio Gruppo Liturgico","url":"https:\/\/www.gruppoliturgico.com\/es\/","logo":{"@type":"ImageObject","inLanguage":"fr-FR","@id":"https:\/\/www.gruppoliturgico.com\/es\/#\/schema\/logo\/image\/","url":"https:\/\/www.gruppoliturgico.com\/wp-content\/uploads\/2022\/02\/logo-laboratoriogruppoliturgico.png","contentUrl":"https:\/\/www.gruppoliturgico.com\/wp-content\/uploads\/2022\/02\/logo-laboratoriogruppoliturgico.png","width":400,"height":114,"caption":"Laboratorio Gruppo Liturgico"},"image":{"@id":"https:\/\/www.gruppoliturgico.com\/es\/#\/schema\/logo\/image\/"}}]}},"_links":{"self":[{"href":"https:\/\/www.gruppoliturgico.com\/fr\/wp-json\/wp\/v2\/product\/63149"}],"collection":[{"href":"https:\/\/www.gruppoliturgico.com\/fr\/wp-json\/wp\/v2\/product"}],"about":[{"href":"https:\/\/www.gruppoliturgico.com\/fr\/wp-json\/wp\/v2\/types\/product"}],"wp:featuredmedia":[{"embeddable":true,"href":"https:\/\/www.gruppoliturgico.com\/fr\/wp-json\/wp\/v2\/media\/73494"}],"wp:attachment":[{"href":"https:\/\/www.gruppoliturgico.com\/fr\/wp-json\/wp\/v2\/media?parent=63149"}],"wp:term":[{"taxonomy":"product_cat","embeddable":true,"href":"https:\/\/www.gruppoliturgico.com\/fr\/wp-json\/wp\/v2\/product_cat?post=63149"},{"taxonomy":"product_tag","embeddable":true,"href":"https:\/\/www.gruppoliturgico.com\/fr\/wp-json\/wp\/v2\/product_tag?post=63149"}],"curies":[{"name":"wp","href":"https:\/\/api.w.org\/{rel}","templated":true}]}}