{"id":63145,"date":"2022-05-19T22:53:53","date_gmt":"2022-05-19T20:53:58","guid":{"rendered":"https:\/\/www.gruppoliturgico.com\/prodotto\/pupitre-dautel-en-bois-3\/"},"modified":"2022-05-20T07:12:36","modified_gmt":"2022-05-20T05:12:36","slug":"pupitre-dautel-en-bois-3","status":"publish","type":"product","link":"https:\/\/www.gruppoliturgico.com\/fr\/produit\/pupitre-dautel-en-bois-3\/","title":{"rendered":"pupitre d&rsquo;autel en bois"},"content":{"rendered":"<html><body><p>En bois sculpt\u00e9.<br>\nDorure \u00e0 la feuille d\u2019or et quelques parties laqu\u00e9es<br>\nLa structure lin\u00e9aire pr\u00e9sente comme \u00e9l\u00e9ment d\u00e9coratif un ornement qui constitue la base d\u2019appui pour un livre.<br>\nInclinaison r\u00e9glable.<br>\nDimensions cm 35 x 30. <\/p>\n<\/body><\/html>","protected":false},"excerpt":{"rendered":"<p>En bois sculpt\u00e9.<br \/>\nDorure \u00e0 la feuille d&rsquo;or et quelques parties laqu\u00e9es<br \/>\nLa structure lin\u00e9aire pr\u00e9sente comme \u00e9l\u00e9ment d\u00e9coratif un ornement qui constitue la base d&rsquo;appui pour un livre.<br \/>\nInclinaison r\u00e9glable.<br \/>\nDimensions cm 35 x 30. <\/p>\n","protected":false},"featured_media":132692,"template":"","meta":[],"product_cat":[11680],"product_tag":[],"yoast_head":"<!-- This site is optimized with the Yoast SEO plugin v20.4 - https:\/\/yoast.com\/wordpress\/plugins\/seo\/ -->\n<title>pupitre d&#039;autel en bois - pupitres d&#039;autel et Laboratorio Gruppo Liturgico<\/title>\n<meta name=\"description\" content=\"En bois sculpt\u00e9.  Dorure \u00e0 la feuille d&#039;or et quelques parties laqu\u00e9es La structure lin\u00e9aire pr\u00e9sente comme \u00e9l\u00e9ment d\u00e9coratif un ornement qui constitue la base d&#039;appui pour un livre.  Inclinaison r\u00e9glable. Dimensions cm 35 x 30.\" \/>\n<meta name=\"robots\" content=\"index, follow, max-snippet:-1, max-image-preview:large, max-video-preview:-1\" \/>\n<link rel=\"canonical\" href=\"https:\/\/www.gruppoliturgico.com\/fr\/produit\/pupitre-dautel-en-bois-3\/\" \/>\n<meta property=\"og:locale\" content=\"fr_FR\" \/>\n<meta property=\"og:type\" content=\"article\" \/>\n<meta property=\"og:title\" content=\"pupitre d&#039;autel en bois - pupitres d&#039;autel et Laboratorio Gruppo Liturgico\" \/>\n<meta property=\"og:description\" content=\"En bois sculpt\u00e9.  Dorure \u00e0 la feuille d&#039;or et quelques parties laqu\u00e9es La structure lin\u00e9aire pr\u00e9sente comme \u00e9l\u00e9ment d\u00e9coratif un ornement qui constitue la base d&#039;appui pour un livre.  Inclinaison r\u00e9glable. Dimensions cm 35 x 30.\" \/>\n<meta property=\"og:url\" content=\"https:\/\/www.gruppoliturgico.com\/fr\/produit\/pupitre-dautel-en-bois-3\/\" \/>\n<meta property=\"og:site_name\" content=\"Laboratorio Gruppo Liturgico\" \/>\n<meta property=\"article:modified_time\" content=\"2022-05-20T05:12:36+00:00\" \/>\n<meta property=\"og:image\" content=\"https:\/\/www.gruppoliturgico.com\/wp-content\/uploads\/2022\/05\/333.oro_.jpg\" \/>\n\t<meta property=\"og:image:width\" content=\"1500\" \/>\n\t<meta property=\"og:image:height\" content=\"996\" \/>\n\t<meta property=\"og:image:type\" content=\"image\/jpeg\" \/>\n<meta name=\"twitter:card\" content=\"summary_large_image\" \/>\n<script type=\"application\/ld+json\" class=\"yoast-schema-graph\">{\"@context\":\"https:\/\/schema.org\",\"@graph\":[{\"@type\":\"WebPage\",\"@id\":\"https:\/\/www.gruppoliturgico.com\/fr\/produit\/pupitre-dautel-en-bois-3\/\",\"url\":\"https:\/\/www.gruppoliturgico.com\/fr\/produit\/pupitre-dautel-en-bois-3\/\",\"name\":\"pupitre d'autel en bois - pupitres d'autel et Laboratorio Gruppo Liturgico\",\"isPartOf\":{\"@id\":\"https:\/\/www.gruppoliturgico.com\/es\/#website\"},\"datePublished\":\"2022-05-19T20:53:58+00:00\",\"dateModified\":\"2022-05-20T05:12:36+00:00\",\"description\":\"En bois sculpt\u00e9. Dorure \u00e0 la feuille d'or et quelques parties laqu\u00e9es La structure lin\u00e9aire pr\u00e9sente comme \u00e9l\u00e9ment d\u00e9coratif un ornement qui constitue la base d'appui pour un livre. Inclinaison r\u00e9glable. Dimensions cm 35 x 30.\",\"breadcrumb\":{\"@id\":\"https:\/\/www.gruppoliturgico.com\/fr\/produit\/pupitre-dautel-en-bois-3\/#breadcrumb\"},\"inLanguage\":\"fr-FR\",\"potentialAction\":[{\"@type\":\"ReadAction\",\"target\":[\"https:\/\/www.gruppoliturgico.com\/fr\/produit\/pupitre-dautel-en-bois-3\/\"]}]},{\"@type\":\"BreadcrumbList\",\"@id\":\"https:\/\/www.gruppoliturgico.com\/fr\/produit\/pupitre-dautel-en-bois-3\/#breadcrumb\",\"itemListElement\":[{\"@type\":\"ListItem\",\"position\":1,\"name\":\"Home\",\"item\":\"https:\/\/www.gruppoliturgico.com\/fr\/\"},{\"@type\":\"ListItem\",\"position\":2,\"name\":\"Boutique\",\"item\":\"https:\/\/www.gruppoliturgico.com\/fr\/boutique\/\"},{\"@type\":\"ListItem\",\"position\":3,\"name\":\"pupitre d&rsquo;autel en bois\"}]},{\"@type\":\"WebSite\",\"@id\":\"https:\/\/www.gruppoliturgico.com\/es\/#website\",\"url\":\"https:\/\/www.gruppoliturgico.com\/es\/\",\"name\":\"Laboratorio Gruppo Liturgico\",\"description\":\"Articoli Religiosi online\",\"publisher\":{\"@id\":\"https:\/\/www.gruppoliturgico.com\/es\/#organization\"},\"potentialAction\":[{\"@type\":\"SearchAction\",\"target\":{\"@type\":\"EntryPoint\",\"urlTemplate\":\"https:\/\/www.gruppoliturgico.com\/es\/?s={search_term_string}\"},\"query-input\":\"required name=search_term_string\"}],\"inLanguage\":\"fr-FR\"},{\"@type\":\"Organization\",\"@id\":\"https:\/\/www.gruppoliturgico.com\/es\/#organization\",\"name\":\"Laboratorio Gruppo Liturgico\",\"url\":\"https:\/\/www.gruppoliturgico.com\/es\/\",\"logo\":{\"@type\":\"ImageObject\",\"inLanguage\":\"fr-FR\",\"@id\":\"https:\/\/www.gruppoliturgico.com\/es\/#\/schema\/logo\/image\/\",\"url\":\"https:\/\/www.gruppoliturgico.com\/wp-content\/uploads\/2022\/02\/logo-laboratoriogruppoliturgico.png\",\"contentUrl\":\"https:\/\/www.gruppoliturgico.com\/wp-content\/uploads\/2022\/02\/logo-laboratoriogruppoliturgico.png\",\"width\":400,\"height\":114,\"caption\":\"Laboratorio Gruppo Liturgico\"},\"image\":{\"@id\":\"https:\/\/www.gruppoliturgico.com\/es\/#\/schema\/logo\/image\/\"}}]}<\/script>\n<!-- \/ Yoast SEO plugin. -->","yoast_head_json":{"title":"pupitre d'autel en bois - pupitres d'autel et Laboratorio Gruppo Liturgico","description":"En bois sculpt\u00e9.  Dorure \u00e0 la feuille d'or et quelques parties laqu\u00e9es La structure lin\u00e9aire pr\u00e9sente comme \u00e9l\u00e9ment d\u00e9coratif un ornement qui constitue la base d'appui pour un livre.  Inclinaison r\u00e9glable. Dimensions cm 35 x 30.","robots":{"index":"index","follow":"follow","max-snippet":"max-snippet:-1","max-image-preview":"max-image-preview:large","max-video-preview":"max-video-preview:-1"},"canonical":"https:\/\/www.gruppoliturgico.com\/fr\/produit\/pupitre-dautel-en-bois-3\/","og_locale":"fr_FR","og_type":"article","og_title":"pupitre d'autel en bois - pupitres d'autel et Laboratorio Gruppo Liturgico","og_description":"En bois sculpt\u00e9.  Dorure \u00e0 la feuille d'or et quelques parties laqu\u00e9es La structure lin\u00e9aire pr\u00e9sente comme \u00e9l\u00e9ment d\u00e9coratif un ornement qui constitue la base d'appui pour un livre.  Inclinaison r\u00e9glable. Dimensions cm 35 x 30.","og_url":"https:\/\/www.gruppoliturgico.com\/fr\/produit\/pupitre-dautel-en-bois-3\/","og_site_name":"Laboratorio Gruppo Liturgico","article_modified_time":"2022-05-20T05:12:36+00:00","og_image":[{"width":1500,"height":996,"url":"https:\/\/www.gruppoliturgico.com\/wp-content\/uploads\/2022\/05\/333.oro_.jpg","type":"image\/jpeg"}],"twitter_card":"summary_large_image","schema":{"@context":"https:\/\/schema.org","@graph":[{"@type":"WebPage","@id":"https:\/\/www.gruppoliturgico.com\/fr\/produit\/pupitre-dautel-en-bois-3\/","url":"https:\/\/www.gruppoliturgico.com\/fr\/produit\/pupitre-dautel-en-bois-3\/","name":"pupitre d'autel en bois - pupitres d'autel et Laboratorio Gruppo Liturgico","isPartOf":{"@id":"https:\/\/www.gruppoliturgico.com\/es\/#website"},"datePublished":"2022-05-19T20:53:58+00:00","dateModified":"2022-05-20T05:12:36+00:00","description":"En bois sculpt\u00e9. Dorure \u00e0 la feuille d'or et quelques parties laqu\u00e9es La structure lin\u00e9aire pr\u00e9sente comme \u00e9l\u00e9ment d\u00e9coratif un ornement qui constitue la base d'appui pour un livre. Inclinaison r\u00e9glable. Dimensions cm 35 x 30.","breadcrumb":{"@id":"https:\/\/www.gruppoliturgico.com\/fr\/produit\/pupitre-dautel-en-bois-3\/#breadcrumb"},"inLanguage":"fr-FR","potentialAction":[{"@type":"ReadAction","target":["https:\/\/www.gruppoliturgico.com\/fr\/produit\/pupitre-dautel-en-bois-3\/"]}]},{"@type":"BreadcrumbList","@id":"https:\/\/www.gruppoliturgico.com\/fr\/produit\/pupitre-dautel-en-bois-3\/#breadcrumb","itemListElement":[{"@type":"ListItem","position":1,"name":"Home","item":"https:\/\/www.gruppoliturgico.com\/fr\/"},{"@type":"ListItem","position":2,"name":"Boutique","item":"https:\/\/www.gruppoliturgico.com\/fr\/boutique\/"},{"@type":"ListItem","position":3,"name":"pupitre d&rsquo;autel en bois"}]},{"@type":"WebSite","@id":"https:\/\/www.gruppoliturgico.com\/es\/#website","url":"https:\/\/www.gruppoliturgico.com\/es\/","name":"Laboratorio Gruppo Liturgico","description":"Articoli Religiosi online","publisher":{"@id":"https:\/\/www.gruppoliturgico.com\/es\/#organization"},"potentialAction":[{"@type":"SearchAction","target":{"@type":"EntryPoint","urlTemplate":"https:\/\/www.gruppoliturgico.com\/es\/?s={search_term_string}"},"query-input":"required name=search_term_string"}],"inLanguage":"fr-FR"},{"@type":"Organization","@id":"https:\/\/www.gruppoliturgico.com\/es\/#organization","name":"Laboratorio Gruppo Liturgico","url":"https:\/\/www.gruppoliturgico.com\/es\/","logo":{"@type":"ImageObject","inLanguage":"fr-FR","@id":"https:\/\/www.gruppoliturgico.com\/es\/#\/schema\/logo\/image\/","url":"https:\/\/www.gruppoliturgico.com\/wp-content\/uploads\/2022\/02\/logo-laboratoriogruppoliturgico.png","contentUrl":"https:\/\/www.gruppoliturgico.com\/wp-content\/uploads\/2022\/02\/logo-laboratoriogruppoliturgico.png","width":400,"height":114,"caption":"Laboratorio Gruppo Liturgico"},"image":{"@id":"https:\/\/www.gruppoliturgico.com\/es\/#\/schema\/logo\/image\/"}}]}},"_links":{"self":[{"href":"https:\/\/www.gruppoliturgico.com\/fr\/wp-json\/wp\/v2\/product\/63145"}],"collection":[{"href":"https:\/\/www.gruppoliturgico.com\/fr\/wp-json\/wp\/v2\/product"}],"about":[{"href":"https:\/\/www.gruppoliturgico.com\/fr\/wp-json\/wp\/v2\/types\/product"}],"wp:featuredmedia":[{"embeddable":true,"href":"https:\/\/www.gruppoliturgico.com\/fr\/wp-json\/wp\/v2\/media\/132692"}],"wp:attachment":[{"href":"https:\/\/www.gruppoliturgico.com\/fr\/wp-json\/wp\/v2\/media?parent=63145"}],"wp:term":[{"taxonomy":"product_cat","embeddable":true,"href":"https:\/\/www.gruppoliturgico.com\/fr\/wp-json\/wp\/v2\/product_cat?post=63145"},{"taxonomy":"product_tag","embeddable":true,"href":"https:\/\/www.gruppoliturgico.com\/fr\/wp-json\/wp\/v2\/product_tag?post=63145"}],"curies":[{"name":"wp","href":"https:\/\/api.w.org\/{rel}","templated":true}]}}