{"id":63105,"date":"2022-05-19T22:52:11","date_gmt":"2022-05-19T20:52:16","guid":{"rendered":"https:\/\/www.gruppoliturgico.com\/prodotto\/croix-de-procession-en-bois\/"},"modified":"2022-05-20T07:11:10","modified_gmt":"2022-05-20T05:11:10","slug":"croix-de-procession-en-bois","status":"publish","type":"product","link":"https:\/\/www.gruppoliturgico.com\/fr\/produit\/croix-de-procession-en-bois\/","title":{"rendered":"croix de procession en bois"},"content":{"rendered":"<html><body><p>En bois sculpt\u00e9 et dor\u00e9 \u00e0 la feuille d\u2019or.<br>\nUne splendide croix en style baroque aux encoignures richement sculpt\u00e9es.<br>\nLe corps de J\u00e9sus est en m\u00e9tal dor\u00e9.<br>\nElle comprend la hampe en bois de cm 150.<br>\nDimensions cm 65 x 50. <\/p>\n<\/body><\/html>","protected":false},"excerpt":{"rendered":"<p>En bois sculpt\u00e9 et dor\u00e9 \u00e0 la feuille d&rsquo;or.<br \/>\nUne splendide croix en style baroque aux encoignures richement sculpt\u00e9es.<br \/>\nLe corps de J\u00e9sus est en m\u00e9tal dor\u00e9.<br \/>\nElle comprend la hampe en bois de cm 150.<br \/>\nDimensions cm 65 x 50. <\/p>\n","protected":false},"featured_media":73450,"template":"","meta":[],"product_cat":[11668],"product_tag":[],"yoast_head":"<!-- This site is optimized with the Yoast SEO plugin v20.4 - https:\/\/yoast.com\/wordpress\/plugins\/seo\/ -->\n<title>croix de procession en bois - croix de procession et Laboratorio Gruppo Liturgico<\/title>\n<meta name=\"description\" content=\"En bois sculpt\u00e9 et dor\u00e9 \u00e0 la feuille d&#039;or.  Une splendide croix en style baroque aux encoignures richement sculpt\u00e9es.  Le corps de J\u00e9sus est en m\u00e9tal dor\u00e9.  Elle comprend la hampe en bois de cm 150. Dimensions cm 65 x 50.\" \/>\n<meta name=\"robots\" content=\"index, follow, max-snippet:-1, max-image-preview:large, max-video-preview:-1\" \/>\n<link rel=\"canonical\" href=\"https:\/\/www.gruppoliturgico.com\/fr\/produit\/croix-de-procession-en-bois\/\" \/>\n<meta property=\"og:locale\" content=\"fr_FR\" \/>\n<meta property=\"og:type\" content=\"article\" \/>\n<meta property=\"og:title\" content=\"croix de procession en bois - croix de procession et Laboratorio Gruppo Liturgico\" \/>\n<meta property=\"og:description\" content=\"En bois sculpt\u00e9 et dor\u00e9 \u00e0 la feuille d&#039;or.  Une splendide croix en style baroque aux encoignures richement sculpt\u00e9es.  Le corps de J\u00e9sus est en m\u00e9tal dor\u00e9.  Elle comprend la hampe en bois de cm 150. Dimensions cm 65 x 50.\" \/>\n<meta property=\"og:url\" content=\"https:\/\/www.gruppoliturgico.com\/fr\/produit\/croix-de-procession-en-bois\/\" \/>\n<meta property=\"og:site_name\" content=\"Laboratorio Gruppo Liturgico\" \/>\n<meta property=\"article:modified_time\" content=\"2022-05-20T05:11:10+00:00\" \/>\n<meta property=\"og:image\" content=\"https:\/\/www.gruppoliturgico.com\/wp-content\/uploads\/2022\/05\/114.12020croce20astile.jpg\" \/>\n\t<meta property=\"og:image:width\" content=\"1012\" \/>\n\t<meta property=\"og:image:height\" content=\"1500\" \/>\n\t<meta property=\"og:image:type\" content=\"image\/jpeg\" \/>\n<meta name=\"twitter:card\" content=\"summary_large_image\" \/>\n<script type=\"application\/ld+json\" class=\"yoast-schema-graph\">{\"@context\":\"https:\/\/schema.org\",\"@graph\":[{\"@type\":\"WebPage\",\"@id\":\"https:\/\/www.gruppoliturgico.com\/fr\/produit\/croix-de-procession-en-bois\/\",\"url\":\"https:\/\/www.gruppoliturgico.com\/fr\/produit\/croix-de-procession-en-bois\/\",\"name\":\"croix de procession en bois - croix de procession et Laboratorio Gruppo Liturgico\",\"isPartOf\":{\"@id\":\"https:\/\/www.gruppoliturgico.com\/es\/#website\"},\"datePublished\":\"2022-05-19T20:52:16+00:00\",\"dateModified\":\"2022-05-20T05:11:10+00:00\",\"description\":\"En bois sculpt\u00e9 et dor\u00e9 \u00e0 la feuille d'or. Une splendide croix en style baroque aux encoignures richement sculpt\u00e9es. Le corps de J\u00e9sus est en m\u00e9tal dor\u00e9. Elle comprend la hampe en bois de cm 150. Dimensions cm 65 x 50.\",\"breadcrumb\":{\"@id\":\"https:\/\/www.gruppoliturgico.com\/fr\/produit\/croix-de-procession-en-bois\/#breadcrumb\"},\"inLanguage\":\"fr-FR\",\"potentialAction\":[{\"@type\":\"ReadAction\",\"target\":[\"https:\/\/www.gruppoliturgico.com\/fr\/produit\/croix-de-procession-en-bois\/\"]}]},{\"@type\":\"BreadcrumbList\",\"@id\":\"https:\/\/www.gruppoliturgico.com\/fr\/produit\/croix-de-procession-en-bois\/#breadcrumb\",\"itemListElement\":[{\"@type\":\"ListItem\",\"position\":1,\"name\":\"Home\",\"item\":\"https:\/\/www.gruppoliturgico.com\/fr\/\"},{\"@type\":\"ListItem\",\"position\":2,\"name\":\"Boutique\",\"item\":\"https:\/\/www.gruppoliturgico.com\/fr\/boutique\/\"},{\"@type\":\"ListItem\",\"position\":3,\"name\":\"croix de procession en bois\"}]},{\"@type\":\"WebSite\",\"@id\":\"https:\/\/www.gruppoliturgico.com\/es\/#website\",\"url\":\"https:\/\/www.gruppoliturgico.com\/es\/\",\"name\":\"Laboratorio Gruppo Liturgico\",\"description\":\"Articoli Religiosi online\",\"publisher\":{\"@id\":\"https:\/\/www.gruppoliturgico.com\/es\/#organization\"},\"potentialAction\":[{\"@type\":\"SearchAction\",\"target\":{\"@type\":\"EntryPoint\",\"urlTemplate\":\"https:\/\/www.gruppoliturgico.com\/es\/?s={search_term_string}\"},\"query-input\":\"required name=search_term_string\"}],\"inLanguage\":\"fr-FR\"},{\"@type\":\"Organization\",\"@id\":\"https:\/\/www.gruppoliturgico.com\/es\/#organization\",\"name\":\"Laboratorio Gruppo Liturgico\",\"url\":\"https:\/\/www.gruppoliturgico.com\/es\/\",\"logo\":{\"@type\":\"ImageObject\",\"inLanguage\":\"fr-FR\",\"@id\":\"https:\/\/www.gruppoliturgico.com\/es\/#\/schema\/logo\/image\/\",\"url\":\"https:\/\/www.gruppoliturgico.com\/wp-content\/uploads\/2022\/02\/logo-laboratoriogruppoliturgico.png\",\"contentUrl\":\"https:\/\/www.gruppoliturgico.com\/wp-content\/uploads\/2022\/02\/logo-laboratoriogruppoliturgico.png\",\"width\":400,\"height\":114,\"caption\":\"Laboratorio Gruppo Liturgico\"},\"image\":{\"@id\":\"https:\/\/www.gruppoliturgico.com\/es\/#\/schema\/logo\/image\/\"}}]}<\/script>\n<!-- \/ Yoast SEO plugin. -->","yoast_head_json":{"title":"croix de procession en bois - croix de procession et Laboratorio Gruppo Liturgico","description":"En bois sculpt\u00e9 et dor\u00e9 \u00e0 la feuille d'or.  Une splendide croix en style baroque aux encoignures richement sculpt\u00e9es.  Le corps de J\u00e9sus est en m\u00e9tal dor\u00e9.  Elle comprend la hampe en bois de cm 150. Dimensions cm 65 x 50.","robots":{"index":"index","follow":"follow","max-snippet":"max-snippet:-1","max-image-preview":"max-image-preview:large","max-video-preview":"max-video-preview:-1"},"canonical":"https:\/\/www.gruppoliturgico.com\/fr\/produit\/croix-de-procession-en-bois\/","og_locale":"fr_FR","og_type":"article","og_title":"croix de procession en bois - croix de procession et Laboratorio Gruppo Liturgico","og_description":"En bois sculpt\u00e9 et dor\u00e9 \u00e0 la feuille d'or.  Une splendide croix en style baroque aux encoignures richement sculpt\u00e9es.  Le corps de J\u00e9sus est en m\u00e9tal dor\u00e9.  Elle comprend la hampe en bois de cm 150. Dimensions cm 65 x 50.","og_url":"https:\/\/www.gruppoliturgico.com\/fr\/produit\/croix-de-procession-en-bois\/","og_site_name":"Laboratorio Gruppo Liturgico","article_modified_time":"2022-05-20T05:11:10+00:00","og_image":[{"width":1012,"height":1500,"url":"https:\/\/www.gruppoliturgico.com\/wp-content\/uploads\/2022\/05\/114.12020croce20astile.jpg","type":"image\/jpeg"}],"twitter_card":"summary_large_image","schema":{"@context":"https:\/\/schema.org","@graph":[{"@type":"WebPage","@id":"https:\/\/www.gruppoliturgico.com\/fr\/produit\/croix-de-procession-en-bois\/","url":"https:\/\/www.gruppoliturgico.com\/fr\/produit\/croix-de-procession-en-bois\/","name":"croix de procession en bois - croix de procession et Laboratorio Gruppo Liturgico","isPartOf":{"@id":"https:\/\/www.gruppoliturgico.com\/es\/#website"},"datePublished":"2022-05-19T20:52:16+00:00","dateModified":"2022-05-20T05:11:10+00:00","description":"En bois sculpt\u00e9 et dor\u00e9 \u00e0 la feuille d'or. Une splendide croix en style baroque aux encoignures richement sculpt\u00e9es. Le corps de J\u00e9sus est en m\u00e9tal dor\u00e9. Elle comprend la hampe en bois de cm 150. Dimensions cm 65 x 50.","breadcrumb":{"@id":"https:\/\/www.gruppoliturgico.com\/fr\/produit\/croix-de-procession-en-bois\/#breadcrumb"},"inLanguage":"fr-FR","potentialAction":[{"@type":"ReadAction","target":["https:\/\/www.gruppoliturgico.com\/fr\/produit\/croix-de-procession-en-bois\/"]}]},{"@type":"BreadcrumbList","@id":"https:\/\/www.gruppoliturgico.com\/fr\/produit\/croix-de-procession-en-bois\/#breadcrumb","itemListElement":[{"@type":"ListItem","position":1,"name":"Home","item":"https:\/\/www.gruppoliturgico.com\/fr\/"},{"@type":"ListItem","position":2,"name":"Boutique","item":"https:\/\/www.gruppoliturgico.com\/fr\/boutique\/"},{"@type":"ListItem","position":3,"name":"croix de procession en bois"}]},{"@type":"WebSite","@id":"https:\/\/www.gruppoliturgico.com\/es\/#website","url":"https:\/\/www.gruppoliturgico.com\/es\/","name":"Laboratorio Gruppo Liturgico","description":"Articoli Religiosi online","publisher":{"@id":"https:\/\/www.gruppoliturgico.com\/es\/#organization"},"potentialAction":[{"@type":"SearchAction","target":{"@type":"EntryPoint","urlTemplate":"https:\/\/www.gruppoliturgico.com\/es\/?s={search_term_string}"},"query-input":"required name=search_term_string"}],"inLanguage":"fr-FR"},{"@type":"Organization","@id":"https:\/\/www.gruppoliturgico.com\/es\/#organization","name":"Laboratorio Gruppo Liturgico","url":"https:\/\/www.gruppoliturgico.com\/es\/","logo":{"@type":"ImageObject","inLanguage":"fr-FR","@id":"https:\/\/www.gruppoliturgico.com\/es\/#\/schema\/logo\/image\/","url":"https:\/\/www.gruppoliturgico.com\/wp-content\/uploads\/2022\/02\/logo-laboratoriogruppoliturgico.png","contentUrl":"https:\/\/www.gruppoliturgico.com\/wp-content\/uploads\/2022\/02\/logo-laboratoriogruppoliturgico.png","width":400,"height":114,"caption":"Laboratorio Gruppo Liturgico"},"image":{"@id":"https:\/\/www.gruppoliturgico.com\/es\/#\/schema\/logo\/image\/"}}]}},"_links":{"self":[{"href":"https:\/\/www.gruppoliturgico.com\/fr\/wp-json\/wp\/v2\/product\/63105"}],"collection":[{"href":"https:\/\/www.gruppoliturgico.com\/fr\/wp-json\/wp\/v2\/product"}],"about":[{"href":"https:\/\/www.gruppoliturgico.com\/fr\/wp-json\/wp\/v2\/types\/product"}],"wp:featuredmedia":[{"embeddable":true,"href":"https:\/\/www.gruppoliturgico.com\/fr\/wp-json\/wp\/v2\/media\/73450"}],"wp:attachment":[{"href":"https:\/\/www.gruppoliturgico.com\/fr\/wp-json\/wp\/v2\/media?parent=63105"}],"wp:term":[{"taxonomy":"product_cat","embeddable":true,"href":"https:\/\/www.gruppoliturgico.com\/fr\/wp-json\/wp\/v2\/product_cat?post=63105"},{"taxonomy":"product_tag","embeddable":true,"href":"https:\/\/www.gruppoliturgico.com\/fr\/wp-json\/wp\/v2\/product_tag?post=63105"}],"curies":[{"name":"wp","href":"https:\/\/api.w.org\/{rel}","templated":true}]}}