{"id":63097,"date":"2022-05-19T22:51:54","date_gmt":"2022-05-19T20:51:58","guid":{"rendered":"https:\/\/www.gruppoliturgico.com\/prodotto\/croix-de-procession\/"},"modified":"2022-05-20T07:10:50","modified_gmt":"2022-05-20T05:10:50","slug":"croix-de-procession","status":"publish","type":"product","link":"https:\/\/www.gruppoliturgico.com\/fr\/produit\/croix-de-procession\/","title":{"rendered":"croix de procession"},"content":{"rendered":"<html><body><p>Elles est compl\u00e8tement cisel\u00e9e et pr\u00e9sente des encoignures avec des m\u00e9daillons argent\u00e9s repr\u00e9sentant les Evang\u00e9listes.<br>\nLe corps de Christ est en m\u00e9tal argent\u00e9.<br>\nElle comprend  la hampe relative de cm 150<br>\nDimensions cm 42 x 65. <\/p>\n<\/body><\/html>","protected":false},"excerpt":{"rendered":"<p>Elles est compl\u00e8tement cisel\u00e9e et pr\u00e9sente des encoignures avec des m\u00e9daillons argent\u00e9s repr\u00e9sentant les Evang\u00e9listes.<br \/>\nLe corps de Christ est en m\u00e9tal argent\u00e9.<br \/>\nElle comprend  la hampe relative de cm 150<br \/>\nDimensions cm 42 x 65. <\/p>\n","protected":false},"featured_media":132547,"template":"","meta":[],"product_cat":[11668],"product_tag":[],"yoast_head":"<!-- This site is optimized with the Yoast SEO plugin v20.4 - https:\/\/yoast.com\/wordpress\/plugins\/seo\/ -->\n<title>croix de procession - croix de procession et Laboratorio Gruppo Liturgico<\/title>\n<meta name=\"description\" content=\"Elles est compl\u00e8tement cisel\u00e9e et pr\u00e9sente des encoignures avec des m\u00e9daillons argent\u00e9s repr\u00e9sentant les Evang\u00e9listes.  Le corps de Christ est en m\u00e9tal argent\u00e9.  Elle comprend la hampe relative de cm 150 Dimensions cm 42 x 65.\" \/>\n<meta name=\"robots\" content=\"index, follow, max-snippet:-1, max-image-preview:large, max-video-preview:-1\" \/>\n<link rel=\"canonical\" href=\"https:\/\/www.gruppoliturgico.com\/fr\/produit\/croix-de-procession\/\" \/>\n<meta property=\"og:locale\" content=\"fr_FR\" \/>\n<meta property=\"og:type\" content=\"article\" \/>\n<meta property=\"og:title\" content=\"croix de procession - croix de procession et Laboratorio Gruppo Liturgico\" \/>\n<meta property=\"og:description\" content=\"Elles est compl\u00e8tement cisel\u00e9e et pr\u00e9sente des encoignures avec des m\u00e9daillons argent\u00e9s repr\u00e9sentant les Evang\u00e9listes.  Le corps de Christ est en m\u00e9tal argent\u00e9.  Elle comprend la hampe relative de cm 150 Dimensions cm 42 x 65.\" \/>\n<meta property=\"og:url\" content=\"https:\/\/www.gruppoliturgico.com\/fr\/produit\/croix-de-procession\/\" \/>\n<meta property=\"og:site_name\" content=\"Laboratorio Gruppo Liturgico\" \/>\n<meta property=\"article:modified_time\" content=\"2022-05-20T05:10:50+00:00\" \/>\n<meta property=\"og:image\" content=\"https:\/\/www.gruppoliturgico.com\/wp-content\/uploads\/2022\/05\/44_nv.jpg\" \/>\n\t<meta property=\"og:image:width\" content=\"1244\" \/>\n\t<meta property=\"og:image:height\" content=\"2000\" \/>\n\t<meta property=\"og:image:type\" content=\"image\/jpeg\" \/>\n<meta name=\"twitter:card\" content=\"summary_large_image\" \/>\n<script type=\"application\/ld+json\" class=\"yoast-schema-graph\">{\"@context\":\"https:\/\/schema.org\",\"@graph\":[{\"@type\":\"WebPage\",\"@id\":\"https:\/\/www.gruppoliturgico.com\/fr\/produit\/croix-de-procession\/\",\"url\":\"https:\/\/www.gruppoliturgico.com\/fr\/produit\/croix-de-procession\/\",\"name\":\"croix de procession - croix de procession et Laboratorio Gruppo Liturgico\",\"isPartOf\":{\"@id\":\"https:\/\/www.gruppoliturgico.com\/es\/#website\"},\"datePublished\":\"2022-05-19T20:51:58+00:00\",\"dateModified\":\"2022-05-20T05:10:50+00:00\",\"description\":\"Elles est compl\u00e8tement cisel\u00e9e et pr\u00e9sente des encoignures avec des m\u00e9daillons argent\u00e9s repr\u00e9sentant les Evang\u00e9listes. Le corps de Christ est en m\u00e9tal argent\u00e9. Elle comprend la hampe relative de cm 150 Dimensions cm 42 x 65.\",\"breadcrumb\":{\"@id\":\"https:\/\/www.gruppoliturgico.com\/fr\/produit\/croix-de-procession\/#breadcrumb\"},\"inLanguage\":\"fr-FR\",\"potentialAction\":[{\"@type\":\"ReadAction\",\"target\":[\"https:\/\/www.gruppoliturgico.com\/fr\/produit\/croix-de-procession\/\"]}]},{\"@type\":\"BreadcrumbList\",\"@id\":\"https:\/\/www.gruppoliturgico.com\/fr\/produit\/croix-de-procession\/#breadcrumb\",\"itemListElement\":[{\"@type\":\"ListItem\",\"position\":1,\"name\":\"Home\",\"item\":\"https:\/\/www.gruppoliturgico.com\/fr\/\"},{\"@type\":\"ListItem\",\"position\":2,\"name\":\"Boutique\",\"item\":\"https:\/\/www.gruppoliturgico.com\/fr\/boutique\/\"},{\"@type\":\"ListItem\",\"position\":3,\"name\":\"croix de procession\"}]},{\"@type\":\"WebSite\",\"@id\":\"https:\/\/www.gruppoliturgico.com\/es\/#website\",\"url\":\"https:\/\/www.gruppoliturgico.com\/es\/\",\"name\":\"Laboratorio Gruppo Liturgico\",\"description\":\"Articoli Religiosi online\",\"publisher\":{\"@id\":\"https:\/\/www.gruppoliturgico.com\/es\/#organization\"},\"potentialAction\":[{\"@type\":\"SearchAction\",\"target\":{\"@type\":\"EntryPoint\",\"urlTemplate\":\"https:\/\/www.gruppoliturgico.com\/es\/?s={search_term_string}\"},\"query-input\":\"required name=search_term_string\"}],\"inLanguage\":\"fr-FR\"},{\"@type\":\"Organization\",\"@id\":\"https:\/\/www.gruppoliturgico.com\/es\/#organization\",\"name\":\"Laboratorio Gruppo Liturgico\",\"url\":\"https:\/\/www.gruppoliturgico.com\/es\/\",\"logo\":{\"@type\":\"ImageObject\",\"inLanguage\":\"fr-FR\",\"@id\":\"https:\/\/www.gruppoliturgico.com\/es\/#\/schema\/logo\/image\/\",\"url\":\"https:\/\/www.gruppoliturgico.com\/wp-content\/uploads\/2022\/02\/logo-laboratoriogruppoliturgico.png\",\"contentUrl\":\"https:\/\/www.gruppoliturgico.com\/wp-content\/uploads\/2022\/02\/logo-laboratoriogruppoliturgico.png\",\"width\":400,\"height\":114,\"caption\":\"Laboratorio Gruppo Liturgico\"},\"image\":{\"@id\":\"https:\/\/www.gruppoliturgico.com\/es\/#\/schema\/logo\/image\/\"}}]}<\/script>\n<!-- \/ Yoast SEO plugin. -->","yoast_head_json":{"title":"croix de procession - croix de procession et Laboratorio Gruppo Liturgico","description":"Elles est compl\u00e8tement cisel\u00e9e et pr\u00e9sente des encoignures avec des m\u00e9daillons argent\u00e9s repr\u00e9sentant les Evang\u00e9listes.  Le corps de Christ est en m\u00e9tal argent\u00e9.  Elle comprend la hampe relative de cm 150 Dimensions cm 42 x 65.","robots":{"index":"index","follow":"follow","max-snippet":"max-snippet:-1","max-image-preview":"max-image-preview:large","max-video-preview":"max-video-preview:-1"},"canonical":"https:\/\/www.gruppoliturgico.com\/fr\/produit\/croix-de-procession\/","og_locale":"fr_FR","og_type":"article","og_title":"croix de procession - croix de procession et Laboratorio Gruppo Liturgico","og_description":"Elles est compl\u00e8tement cisel\u00e9e et pr\u00e9sente des encoignures avec des m\u00e9daillons argent\u00e9s repr\u00e9sentant les Evang\u00e9listes.  Le corps de Christ est en m\u00e9tal argent\u00e9.  Elle comprend la hampe relative de cm 150 Dimensions cm 42 x 65.","og_url":"https:\/\/www.gruppoliturgico.com\/fr\/produit\/croix-de-procession\/","og_site_name":"Laboratorio Gruppo Liturgico","article_modified_time":"2022-05-20T05:10:50+00:00","og_image":[{"width":1244,"height":2000,"url":"https:\/\/www.gruppoliturgico.com\/wp-content\/uploads\/2022\/05\/44_nv.jpg","type":"image\/jpeg"}],"twitter_card":"summary_large_image","schema":{"@context":"https:\/\/schema.org","@graph":[{"@type":"WebPage","@id":"https:\/\/www.gruppoliturgico.com\/fr\/produit\/croix-de-procession\/","url":"https:\/\/www.gruppoliturgico.com\/fr\/produit\/croix-de-procession\/","name":"croix de procession - croix de procession et Laboratorio Gruppo Liturgico","isPartOf":{"@id":"https:\/\/www.gruppoliturgico.com\/es\/#website"},"datePublished":"2022-05-19T20:51:58+00:00","dateModified":"2022-05-20T05:10:50+00:00","description":"Elles est compl\u00e8tement cisel\u00e9e et pr\u00e9sente des encoignures avec des m\u00e9daillons argent\u00e9s repr\u00e9sentant les Evang\u00e9listes. Le corps de Christ est en m\u00e9tal argent\u00e9. Elle comprend la hampe relative de cm 150 Dimensions cm 42 x 65.","breadcrumb":{"@id":"https:\/\/www.gruppoliturgico.com\/fr\/produit\/croix-de-procession\/#breadcrumb"},"inLanguage":"fr-FR","potentialAction":[{"@type":"ReadAction","target":["https:\/\/www.gruppoliturgico.com\/fr\/produit\/croix-de-procession\/"]}]},{"@type":"BreadcrumbList","@id":"https:\/\/www.gruppoliturgico.com\/fr\/produit\/croix-de-procession\/#breadcrumb","itemListElement":[{"@type":"ListItem","position":1,"name":"Home","item":"https:\/\/www.gruppoliturgico.com\/fr\/"},{"@type":"ListItem","position":2,"name":"Boutique","item":"https:\/\/www.gruppoliturgico.com\/fr\/boutique\/"},{"@type":"ListItem","position":3,"name":"croix de procession"}]},{"@type":"WebSite","@id":"https:\/\/www.gruppoliturgico.com\/es\/#website","url":"https:\/\/www.gruppoliturgico.com\/es\/","name":"Laboratorio Gruppo Liturgico","description":"Articoli Religiosi online","publisher":{"@id":"https:\/\/www.gruppoliturgico.com\/es\/#organization"},"potentialAction":[{"@type":"SearchAction","target":{"@type":"EntryPoint","urlTemplate":"https:\/\/www.gruppoliturgico.com\/es\/?s={search_term_string}"},"query-input":"required name=search_term_string"}],"inLanguage":"fr-FR"},{"@type":"Organization","@id":"https:\/\/www.gruppoliturgico.com\/es\/#organization","name":"Laboratorio Gruppo Liturgico","url":"https:\/\/www.gruppoliturgico.com\/es\/","logo":{"@type":"ImageObject","inLanguage":"fr-FR","@id":"https:\/\/www.gruppoliturgico.com\/es\/#\/schema\/logo\/image\/","url":"https:\/\/www.gruppoliturgico.com\/wp-content\/uploads\/2022\/02\/logo-laboratoriogruppoliturgico.png","contentUrl":"https:\/\/www.gruppoliturgico.com\/wp-content\/uploads\/2022\/02\/logo-laboratoriogruppoliturgico.png","width":400,"height":114,"caption":"Laboratorio Gruppo Liturgico"},"image":{"@id":"https:\/\/www.gruppoliturgico.com\/es\/#\/schema\/logo\/image\/"}}]}},"_links":{"self":[{"href":"https:\/\/www.gruppoliturgico.com\/fr\/wp-json\/wp\/v2\/product\/63097"}],"collection":[{"href":"https:\/\/www.gruppoliturgico.com\/fr\/wp-json\/wp\/v2\/product"}],"about":[{"href":"https:\/\/www.gruppoliturgico.com\/fr\/wp-json\/wp\/v2\/types\/product"}],"wp:featuredmedia":[{"embeddable":true,"href":"https:\/\/www.gruppoliturgico.com\/fr\/wp-json\/wp\/v2\/media\/132547"}],"wp:attachment":[{"href":"https:\/\/www.gruppoliturgico.com\/fr\/wp-json\/wp\/v2\/media?parent=63097"}],"wp:term":[{"taxonomy":"product_cat","embeddable":true,"href":"https:\/\/www.gruppoliturgico.com\/fr\/wp-json\/wp\/v2\/product_cat?post=63097"},{"taxonomy":"product_tag","embeddable":true,"href":"https:\/\/www.gruppoliturgico.com\/fr\/wp-json\/wp\/v2\/product_tag?post=63097"}],"curies":[{"name":"wp","href":"https:\/\/api.w.org\/{rel}","templated":true}]}}