{"id":63093,"date":"2022-05-19T22:51:44","date_gmt":"2022-05-19T20:51:49","guid":{"rendered":"https:\/\/www.gruppoliturgico.com\/prodotto\/tabor-en-bois\/"},"modified":"2022-10-04T17:21:43","modified_gmt":"2022-10-04T15:21:43","slug":"tabor-en-bois","status":"publish","type":"product","link":"https:\/\/www.gruppoliturgico.com\/fr\/produit\/tabor-en-bois\/","title":{"rendered":"tabor en bois"},"content":{"rendered":"<html><body><p>Tabor enti\u00e8rement en bois sculpt\u00e9 et dor\u00e9 \u00e0 la feuille d\u2019or.<br>\nDeux petits anges agenouill\u00e9s soutiennent le plan o\u00f9 se trouve l\u2019ostensoir.<br>\nMesures de la base cm 60 x 32.<br>\nHauteur cm 30<br>\nLe plan cm 25.  <\/p>\n<\/body><\/html>","protected":false},"excerpt":{"rendered":"<p>Tabor enti\u00e8rement en bois sculpt\u00e9 et dor\u00e9 \u00e0 la feuille d&rsquo;or.<br \/>\nDeux petits anges agenouill\u00e9s soutiennent le plan o\u00f9 se trouve l&rsquo;ostensoir.<br \/>\nMesures de la base cm 60 x 32.<br \/>\nHauteur cm 30<br \/>\nLe plan cm 25. <\/p>\n","protected":false},"featured_media":73438,"template":"","meta":[],"product_cat":[12072],"product_tag":[],"yoast_head":"<!-- This site is optimized with the Yoast SEO plugin v20.4 - https:\/\/yoast.com\/wordpress\/plugins\/seo\/ -->\n<title>tabor en bois - tabors et Laboratorio Gruppo Liturgico<\/title>\n<meta name=\"description\" content=\"Tabor enti\u00e8rement en bois sculpt\u00e9 et dor\u00e9 \u00e0 la feuille d&#039;or.  Deux petits anges agenouill\u00e9s soutiennent le plan o\u00f9 se trouve l&#039;ostensoir.  Mesures de la base cm 60 x 32.  Hauteur cm 30 Le plan cm 25.\" \/>\n<meta name=\"robots\" content=\"index, follow, max-snippet:-1, max-image-preview:large, max-video-preview:-1\" \/>\n<link rel=\"canonical\" href=\"https:\/\/www.gruppoliturgico.com\/fr\/produit\/tabor-en-bois\/\" \/>\n<meta property=\"og:locale\" content=\"fr_FR\" \/>\n<meta property=\"og:type\" content=\"article\" \/>\n<meta property=\"og:title\" content=\"tabor en bois - tabors et Laboratorio Gruppo Liturgico\" \/>\n<meta property=\"og:description\" content=\"Tabor enti\u00e8rement en bois sculpt\u00e9 et dor\u00e9 \u00e0 la feuille d&#039;or.  Deux petits anges agenouill\u00e9s soutiennent le plan o\u00f9 se trouve l&#039;ostensoir.  Mesures de la base cm 60 x 32.  Hauteur cm 30 Le plan cm 25.\" \/>\n<meta property=\"og:url\" content=\"https:\/\/www.gruppoliturgico.com\/fr\/produit\/tabor-en-bois\/\" \/>\n<meta property=\"og:site_name\" content=\"Laboratorio Gruppo Liturgico\" \/>\n<meta property=\"article:modified_time\" content=\"2022-10-04T15:21:43+00:00\" \/>\n<meta property=\"og:image\" content=\"https:\/\/www.gruppoliturgico.com\/wp-content\/uploads\/2022\/05\/331.1_2.jpg\" \/>\n\t<meta property=\"og:image:width\" content=\"1500\" \/>\n\t<meta property=\"og:image:height\" content=\"1038\" \/>\n\t<meta property=\"og:image:type\" content=\"image\/jpeg\" \/>\n<meta name=\"twitter:card\" content=\"summary_large_image\" \/>\n<script type=\"application\/ld+json\" class=\"yoast-schema-graph\">{\"@context\":\"https:\/\/schema.org\",\"@graph\":[{\"@type\":\"WebPage\",\"@id\":\"https:\/\/www.gruppoliturgico.com\/fr\/produit\/tabor-en-bois\/\",\"url\":\"https:\/\/www.gruppoliturgico.com\/fr\/produit\/tabor-en-bois\/\",\"name\":\"tabor en bois - tabors et Laboratorio Gruppo Liturgico\",\"isPartOf\":{\"@id\":\"https:\/\/www.gruppoliturgico.com\/es\/#website\"},\"datePublished\":\"2022-05-19T20:51:49+00:00\",\"dateModified\":\"2022-10-04T15:21:43+00:00\",\"description\":\"Tabor enti\u00e8rement en bois sculpt\u00e9 et dor\u00e9 \u00e0 la feuille d'or. Deux petits anges agenouill\u00e9s soutiennent le plan o\u00f9 se trouve l'ostensoir. Mesures de la base cm 60 x 32. Hauteur cm 30 Le plan cm 25.\",\"breadcrumb\":{\"@id\":\"https:\/\/www.gruppoliturgico.com\/fr\/produit\/tabor-en-bois\/#breadcrumb\"},\"inLanguage\":\"fr-FR\",\"potentialAction\":[{\"@type\":\"ReadAction\",\"target\":[\"https:\/\/www.gruppoliturgico.com\/fr\/produit\/tabor-en-bois\/\"]}]},{\"@type\":\"BreadcrumbList\",\"@id\":\"https:\/\/www.gruppoliturgico.com\/fr\/produit\/tabor-en-bois\/#breadcrumb\",\"itemListElement\":[{\"@type\":\"ListItem\",\"position\":1,\"name\":\"Home\",\"item\":\"https:\/\/www.gruppoliturgico.com\/fr\/\"},{\"@type\":\"ListItem\",\"position\":2,\"name\":\"Boutique\",\"item\":\"https:\/\/www.gruppoliturgico.com\/fr\/boutique\/\"},{\"@type\":\"ListItem\",\"position\":3,\"name\":\"tabor en bois\"}]},{\"@type\":\"WebSite\",\"@id\":\"https:\/\/www.gruppoliturgico.com\/es\/#website\",\"url\":\"https:\/\/www.gruppoliturgico.com\/es\/\",\"name\":\"Laboratorio Gruppo Liturgico\",\"description\":\"Articoli Religiosi online\",\"publisher\":{\"@id\":\"https:\/\/www.gruppoliturgico.com\/es\/#organization\"},\"potentialAction\":[{\"@type\":\"SearchAction\",\"target\":{\"@type\":\"EntryPoint\",\"urlTemplate\":\"https:\/\/www.gruppoliturgico.com\/es\/?s={search_term_string}\"},\"query-input\":\"required name=search_term_string\"}],\"inLanguage\":\"fr-FR\"},{\"@type\":\"Organization\",\"@id\":\"https:\/\/www.gruppoliturgico.com\/es\/#organization\",\"name\":\"Laboratorio Gruppo Liturgico\",\"url\":\"https:\/\/www.gruppoliturgico.com\/es\/\",\"logo\":{\"@type\":\"ImageObject\",\"inLanguage\":\"fr-FR\",\"@id\":\"https:\/\/www.gruppoliturgico.com\/es\/#\/schema\/logo\/image\/\",\"url\":\"https:\/\/www.gruppoliturgico.com\/wp-content\/uploads\/2022\/02\/logo-laboratoriogruppoliturgico.png\",\"contentUrl\":\"https:\/\/www.gruppoliturgico.com\/wp-content\/uploads\/2022\/02\/logo-laboratoriogruppoliturgico.png\",\"width\":400,\"height\":114,\"caption\":\"Laboratorio Gruppo Liturgico\"},\"image\":{\"@id\":\"https:\/\/www.gruppoliturgico.com\/es\/#\/schema\/logo\/image\/\"}}]}<\/script>\n<!-- \/ Yoast SEO plugin. -->","yoast_head_json":{"title":"tabor en bois - tabors et Laboratorio Gruppo Liturgico","description":"Tabor enti\u00e8rement en bois sculpt\u00e9 et dor\u00e9 \u00e0 la feuille d'or.  Deux petits anges agenouill\u00e9s soutiennent le plan o\u00f9 se trouve l'ostensoir.  Mesures de la base cm 60 x 32.  Hauteur cm 30 Le plan cm 25.","robots":{"index":"index","follow":"follow","max-snippet":"max-snippet:-1","max-image-preview":"max-image-preview:large","max-video-preview":"max-video-preview:-1"},"canonical":"https:\/\/www.gruppoliturgico.com\/fr\/produit\/tabor-en-bois\/","og_locale":"fr_FR","og_type":"article","og_title":"tabor en bois - tabors et Laboratorio Gruppo Liturgico","og_description":"Tabor enti\u00e8rement en bois sculpt\u00e9 et dor\u00e9 \u00e0 la feuille d'or.  Deux petits anges agenouill\u00e9s soutiennent le plan o\u00f9 se trouve l'ostensoir.  Mesures de la base cm 60 x 32.  Hauteur cm 30 Le plan cm 25.","og_url":"https:\/\/www.gruppoliturgico.com\/fr\/produit\/tabor-en-bois\/","og_site_name":"Laboratorio Gruppo Liturgico","article_modified_time":"2022-10-04T15:21:43+00:00","og_image":[{"width":1500,"height":1038,"url":"https:\/\/www.gruppoliturgico.com\/wp-content\/uploads\/2022\/05\/331.1_2.jpg","type":"image\/jpeg"}],"twitter_card":"summary_large_image","schema":{"@context":"https:\/\/schema.org","@graph":[{"@type":"WebPage","@id":"https:\/\/www.gruppoliturgico.com\/fr\/produit\/tabor-en-bois\/","url":"https:\/\/www.gruppoliturgico.com\/fr\/produit\/tabor-en-bois\/","name":"tabor en bois - tabors et Laboratorio Gruppo Liturgico","isPartOf":{"@id":"https:\/\/www.gruppoliturgico.com\/es\/#website"},"datePublished":"2022-05-19T20:51:49+00:00","dateModified":"2022-10-04T15:21:43+00:00","description":"Tabor enti\u00e8rement en bois sculpt\u00e9 et dor\u00e9 \u00e0 la feuille d'or. Deux petits anges agenouill\u00e9s soutiennent le plan o\u00f9 se trouve l'ostensoir. Mesures de la base cm 60 x 32. Hauteur cm 30 Le plan cm 25.","breadcrumb":{"@id":"https:\/\/www.gruppoliturgico.com\/fr\/produit\/tabor-en-bois\/#breadcrumb"},"inLanguage":"fr-FR","potentialAction":[{"@type":"ReadAction","target":["https:\/\/www.gruppoliturgico.com\/fr\/produit\/tabor-en-bois\/"]}]},{"@type":"BreadcrumbList","@id":"https:\/\/www.gruppoliturgico.com\/fr\/produit\/tabor-en-bois\/#breadcrumb","itemListElement":[{"@type":"ListItem","position":1,"name":"Home","item":"https:\/\/www.gruppoliturgico.com\/fr\/"},{"@type":"ListItem","position":2,"name":"Boutique","item":"https:\/\/www.gruppoliturgico.com\/fr\/boutique\/"},{"@type":"ListItem","position":3,"name":"tabor en bois"}]},{"@type":"WebSite","@id":"https:\/\/www.gruppoliturgico.com\/es\/#website","url":"https:\/\/www.gruppoliturgico.com\/es\/","name":"Laboratorio Gruppo Liturgico","description":"Articoli Religiosi online","publisher":{"@id":"https:\/\/www.gruppoliturgico.com\/es\/#organization"},"potentialAction":[{"@type":"SearchAction","target":{"@type":"EntryPoint","urlTemplate":"https:\/\/www.gruppoliturgico.com\/es\/?s={search_term_string}"},"query-input":"required name=search_term_string"}],"inLanguage":"fr-FR"},{"@type":"Organization","@id":"https:\/\/www.gruppoliturgico.com\/es\/#organization","name":"Laboratorio Gruppo Liturgico","url":"https:\/\/www.gruppoliturgico.com\/es\/","logo":{"@type":"ImageObject","inLanguage":"fr-FR","@id":"https:\/\/www.gruppoliturgico.com\/es\/#\/schema\/logo\/image\/","url":"https:\/\/www.gruppoliturgico.com\/wp-content\/uploads\/2022\/02\/logo-laboratoriogruppoliturgico.png","contentUrl":"https:\/\/www.gruppoliturgico.com\/wp-content\/uploads\/2022\/02\/logo-laboratoriogruppoliturgico.png","width":400,"height":114,"caption":"Laboratorio Gruppo Liturgico"},"image":{"@id":"https:\/\/www.gruppoliturgico.com\/es\/#\/schema\/logo\/image\/"}}]}},"_links":{"self":[{"href":"https:\/\/www.gruppoliturgico.com\/fr\/wp-json\/wp\/v2\/product\/63093"}],"collection":[{"href":"https:\/\/www.gruppoliturgico.com\/fr\/wp-json\/wp\/v2\/product"}],"about":[{"href":"https:\/\/www.gruppoliturgico.com\/fr\/wp-json\/wp\/v2\/types\/product"}],"wp:featuredmedia":[{"embeddable":true,"href":"https:\/\/www.gruppoliturgico.com\/fr\/wp-json\/wp\/v2\/media\/73438"}],"wp:attachment":[{"href":"https:\/\/www.gruppoliturgico.com\/fr\/wp-json\/wp\/v2\/media?parent=63093"}],"wp:term":[{"taxonomy":"product_cat","embeddable":true,"href":"https:\/\/www.gruppoliturgico.com\/fr\/wp-json\/wp\/v2\/product_cat?post=63093"},{"taxonomy":"product_tag","embeddable":true,"href":"https:\/\/www.gruppoliturgico.com\/fr\/wp-json\/wp\/v2\/product_tag?post=63093"}],"curies":[{"name":"wp","href":"https:\/\/api.w.org\/{rel}","templated":true}]}}