{"id":63029,"date":"2022-05-19T22:49:02","date_gmt":"2022-05-19T20:49:06","guid":{"rendered":"https:\/\/www.gruppoliturgico.com\/prodotto\/chasuble-de-lavent\/"},"modified":"2022-09-12T10:07:11","modified_gmt":"2022-09-12T08:07:11","slug":"chasuble-de-lavent","status":"publish","type":"product","link":"https:\/\/www.gruppoliturgico.com\/fr\/produit\/chasuble-de-lavent\/","title":{"rendered":"Chasuble de l&rsquo;Avent"},"content":{"rendered":"<html><body><p>Simple chasuble \u00e9conomique orn\u00e9e d\u2019une pr\u00e9cieuse passementerie dor\u00e9e sur le devant et sur le dos.<br>\nCaract\u00e9ristique nuance claire de la teinte violac\u00e9e, sp\u00e9cialement con\u00e7ue pour le moment liturgique de l\u2019Avent.<br>\nCouleur en violet pour l\u2019Avent.<\/p>\n<\/body><\/html>","protected":false},"excerpt":{"rendered":"<p>Simple chasuble \u00e9conomique orn\u00e9e d\u2019une pr\u00e9cieuse passementerie dor\u00e9e sur le devant et sur le dos.<br \/>\nCaract\u00e9ristique nuance claire de la teinte violac\u00e9e, sp\u00e9cialement con\u00e7ue pour le moment liturgique de l&rsquo;Avent.<br \/>\nCouleur en violet pour l\u2019Avent.<\/p>\n","protected":false},"featured_media":129720,"template":"","meta":[],"product_cat":[12468],"product_tag":[],"yoast_head":"<!-- This site is optimized with the Yoast SEO plugin v20.4 - https:\/\/yoast.com\/wordpress\/plugins\/seo\/ -->\n<title>Chasuble de l&#039;Avent - avec galons et Laboratorio Gruppo Liturgico<\/title>\n<meta name=\"description\" content=\"Simple chasuble \u00e9conomique orn\u00e9e d\u2019une pr\u00e9cieuse passementerie dor\u00e9e sur le devant et sur le dos. Caract\u00e9ristique nuance claire de la teinte violac\u00e9e, sp\u00e9cialement con\u00e7ue pour le moment liturgique de l&#039;Avent. Couleur en violet pour l\u2019Avent.\" \/>\n<meta name=\"robots\" content=\"index, follow, max-snippet:-1, max-image-preview:large, max-video-preview:-1\" \/>\n<link rel=\"canonical\" href=\"https:\/\/www.gruppoliturgico.com\/fr\/produit\/chasuble-de-lavent\/\" \/>\n<meta property=\"og:locale\" content=\"fr_FR\" \/>\n<meta property=\"og:type\" content=\"article\" \/>\n<meta property=\"og:title\" content=\"Chasuble de l&#039;Avent - avec galons et Laboratorio Gruppo Liturgico\" \/>\n<meta property=\"og:description\" content=\"Simple chasuble \u00e9conomique orn\u00e9e d\u2019une pr\u00e9cieuse passementerie dor\u00e9e sur le devant et sur le dos. Caract\u00e9ristique nuance claire de la teinte violac\u00e9e, sp\u00e9cialement con\u00e7ue pour le moment liturgique de l&#039;Avent. Couleur en violet pour l\u2019Avent.\" \/>\n<meta property=\"og:url\" content=\"https:\/\/www.gruppoliturgico.com\/fr\/produit\/chasuble-de-lavent\/\" \/>\n<meta property=\"og:site_name\" content=\"Laboratorio Gruppo Liturgico\" \/>\n<meta property=\"article:modified_time\" content=\"2022-09-12T08:07:11+00:00\" \/>\n<meta property=\"og:image\" content=\"https:\/\/www.gruppoliturgico.com\/wp-content\/uploads\/2022\/05\/231820avvento_1.jpg\" \/>\n\t<meta property=\"og:image:width\" content=\"1195\" \/>\n\t<meta property=\"og:image:height\" content=\"1500\" \/>\n\t<meta property=\"og:image:type\" content=\"image\/jpeg\" \/>\n<meta name=\"twitter:card\" content=\"summary_large_image\" \/>\n<script type=\"application\/ld+json\" class=\"yoast-schema-graph\">{\"@context\":\"https:\/\/schema.org\",\"@graph\":[{\"@type\":\"WebPage\",\"@id\":\"https:\/\/www.gruppoliturgico.com\/fr\/produit\/chasuble-de-lavent\/\",\"url\":\"https:\/\/www.gruppoliturgico.com\/fr\/produit\/chasuble-de-lavent\/\",\"name\":\"Chasuble de l'Avent - avec galons et Laboratorio Gruppo Liturgico\",\"isPartOf\":{\"@id\":\"https:\/\/www.gruppoliturgico.com\/es\/#website\"},\"datePublished\":\"2022-05-19T20:49:06+00:00\",\"dateModified\":\"2022-09-12T08:07:11+00:00\",\"description\":\"Simple chasuble \u00e9conomique orn\u00e9e d\u2019une pr\u00e9cieuse passementerie dor\u00e9e sur le devant et sur le dos. Caract\u00e9ristique nuance claire de la teinte violac\u00e9e, sp\u00e9cialement con\u00e7ue pour le moment liturgique de l'Avent. Couleur en violet pour l\u2019Avent.\",\"breadcrumb\":{\"@id\":\"https:\/\/www.gruppoliturgico.com\/fr\/produit\/chasuble-de-lavent\/#breadcrumb\"},\"inLanguage\":\"fr-FR\",\"potentialAction\":[{\"@type\":\"ReadAction\",\"target\":[\"https:\/\/www.gruppoliturgico.com\/fr\/produit\/chasuble-de-lavent\/\"]}]},{\"@type\":\"BreadcrumbList\",\"@id\":\"https:\/\/www.gruppoliturgico.com\/fr\/produit\/chasuble-de-lavent\/#breadcrumb\",\"itemListElement\":[{\"@type\":\"ListItem\",\"position\":1,\"name\":\"Home\",\"item\":\"https:\/\/www.gruppoliturgico.com\/fr\/\"},{\"@type\":\"ListItem\",\"position\":2,\"name\":\"Boutique\",\"item\":\"https:\/\/www.gruppoliturgico.com\/fr\/boutique\/\"},{\"@type\":\"ListItem\",\"position\":3,\"name\":\"Chasuble de l&rsquo;Avent\"}]},{\"@type\":\"WebSite\",\"@id\":\"https:\/\/www.gruppoliturgico.com\/es\/#website\",\"url\":\"https:\/\/www.gruppoliturgico.com\/es\/\",\"name\":\"Laboratorio Gruppo Liturgico\",\"description\":\"Articoli Religiosi online\",\"publisher\":{\"@id\":\"https:\/\/www.gruppoliturgico.com\/es\/#organization\"},\"potentialAction\":[{\"@type\":\"SearchAction\",\"target\":{\"@type\":\"EntryPoint\",\"urlTemplate\":\"https:\/\/www.gruppoliturgico.com\/es\/?s={search_term_string}\"},\"query-input\":\"required name=search_term_string\"}],\"inLanguage\":\"fr-FR\"},{\"@type\":\"Organization\",\"@id\":\"https:\/\/www.gruppoliturgico.com\/es\/#organization\",\"name\":\"Laboratorio Gruppo Liturgico\",\"url\":\"https:\/\/www.gruppoliturgico.com\/es\/\",\"logo\":{\"@type\":\"ImageObject\",\"inLanguage\":\"fr-FR\",\"@id\":\"https:\/\/www.gruppoliturgico.com\/es\/#\/schema\/logo\/image\/\",\"url\":\"https:\/\/www.gruppoliturgico.com\/wp-content\/uploads\/2022\/02\/logo-laboratoriogruppoliturgico.png\",\"contentUrl\":\"https:\/\/www.gruppoliturgico.com\/wp-content\/uploads\/2022\/02\/logo-laboratoriogruppoliturgico.png\",\"width\":400,\"height\":114,\"caption\":\"Laboratorio Gruppo Liturgico\"},\"image\":{\"@id\":\"https:\/\/www.gruppoliturgico.com\/es\/#\/schema\/logo\/image\/\"}}]}<\/script>\n<!-- \/ Yoast SEO plugin. -->","yoast_head_json":{"title":"Chasuble de l'Avent - avec galons et Laboratorio Gruppo Liturgico","description":"Simple chasuble \u00e9conomique orn\u00e9e d\u2019une pr\u00e9cieuse passementerie dor\u00e9e sur le devant et sur le dos. Caract\u00e9ristique nuance claire de la teinte violac\u00e9e, sp\u00e9cialement con\u00e7ue pour le moment liturgique de l'Avent. Couleur en violet pour l\u2019Avent.","robots":{"index":"index","follow":"follow","max-snippet":"max-snippet:-1","max-image-preview":"max-image-preview:large","max-video-preview":"max-video-preview:-1"},"canonical":"https:\/\/www.gruppoliturgico.com\/fr\/produit\/chasuble-de-lavent\/","og_locale":"fr_FR","og_type":"article","og_title":"Chasuble de l'Avent - avec galons et Laboratorio Gruppo Liturgico","og_description":"Simple chasuble \u00e9conomique orn\u00e9e d\u2019une pr\u00e9cieuse passementerie dor\u00e9e sur le devant et sur le dos. Caract\u00e9ristique nuance claire de la teinte violac\u00e9e, sp\u00e9cialement con\u00e7ue pour le moment liturgique de l'Avent. Couleur en violet pour l\u2019Avent.","og_url":"https:\/\/www.gruppoliturgico.com\/fr\/produit\/chasuble-de-lavent\/","og_site_name":"Laboratorio Gruppo Liturgico","article_modified_time":"2022-09-12T08:07:11+00:00","og_image":[{"width":1195,"height":1500,"url":"https:\/\/www.gruppoliturgico.com\/wp-content\/uploads\/2022\/05\/231820avvento_1.jpg","type":"image\/jpeg"}],"twitter_card":"summary_large_image","schema":{"@context":"https:\/\/schema.org","@graph":[{"@type":"WebPage","@id":"https:\/\/www.gruppoliturgico.com\/fr\/produit\/chasuble-de-lavent\/","url":"https:\/\/www.gruppoliturgico.com\/fr\/produit\/chasuble-de-lavent\/","name":"Chasuble de l'Avent - avec galons et Laboratorio Gruppo Liturgico","isPartOf":{"@id":"https:\/\/www.gruppoliturgico.com\/es\/#website"},"datePublished":"2022-05-19T20:49:06+00:00","dateModified":"2022-09-12T08:07:11+00:00","description":"Simple chasuble \u00e9conomique orn\u00e9e d\u2019une pr\u00e9cieuse passementerie dor\u00e9e sur le devant et sur le dos. Caract\u00e9ristique nuance claire de la teinte violac\u00e9e, sp\u00e9cialement con\u00e7ue pour le moment liturgique de l'Avent. Couleur en violet pour l\u2019Avent.","breadcrumb":{"@id":"https:\/\/www.gruppoliturgico.com\/fr\/produit\/chasuble-de-lavent\/#breadcrumb"},"inLanguage":"fr-FR","potentialAction":[{"@type":"ReadAction","target":["https:\/\/www.gruppoliturgico.com\/fr\/produit\/chasuble-de-lavent\/"]}]},{"@type":"BreadcrumbList","@id":"https:\/\/www.gruppoliturgico.com\/fr\/produit\/chasuble-de-lavent\/#breadcrumb","itemListElement":[{"@type":"ListItem","position":1,"name":"Home","item":"https:\/\/www.gruppoliturgico.com\/fr\/"},{"@type":"ListItem","position":2,"name":"Boutique","item":"https:\/\/www.gruppoliturgico.com\/fr\/boutique\/"},{"@type":"ListItem","position":3,"name":"Chasuble de l&rsquo;Avent"}]},{"@type":"WebSite","@id":"https:\/\/www.gruppoliturgico.com\/es\/#website","url":"https:\/\/www.gruppoliturgico.com\/es\/","name":"Laboratorio Gruppo Liturgico","description":"Articoli Religiosi online","publisher":{"@id":"https:\/\/www.gruppoliturgico.com\/es\/#organization"},"potentialAction":[{"@type":"SearchAction","target":{"@type":"EntryPoint","urlTemplate":"https:\/\/www.gruppoliturgico.com\/es\/?s={search_term_string}"},"query-input":"required name=search_term_string"}],"inLanguage":"fr-FR"},{"@type":"Organization","@id":"https:\/\/www.gruppoliturgico.com\/es\/#organization","name":"Laboratorio Gruppo Liturgico","url":"https:\/\/www.gruppoliturgico.com\/es\/","logo":{"@type":"ImageObject","inLanguage":"fr-FR","@id":"https:\/\/www.gruppoliturgico.com\/es\/#\/schema\/logo\/image\/","url":"https:\/\/www.gruppoliturgico.com\/wp-content\/uploads\/2022\/02\/logo-laboratoriogruppoliturgico.png","contentUrl":"https:\/\/www.gruppoliturgico.com\/wp-content\/uploads\/2022\/02\/logo-laboratoriogruppoliturgico.png","width":400,"height":114,"caption":"Laboratorio Gruppo Liturgico"},"image":{"@id":"https:\/\/www.gruppoliturgico.com\/es\/#\/schema\/logo\/image\/"}}]}},"_links":{"self":[{"href":"https:\/\/www.gruppoliturgico.com\/fr\/wp-json\/wp\/v2\/product\/63029"}],"collection":[{"href":"https:\/\/www.gruppoliturgico.com\/fr\/wp-json\/wp\/v2\/product"}],"about":[{"href":"https:\/\/www.gruppoliturgico.com\/fr\/wp-json\/wp\/v2\/types\/product"}],"wp:featuredmedia":[{"embeddable":true,"href":"https:\/\/www.gruppoliturgico.com\/fr\/wp-json\/wp\/v2\/media\/129720"}],"wp:attachment":[{"href":"https:\/\/www.gruppoliturgico.com\/fr\/wp-json\/wp\/v2\/media?parent=63029"}],"wp:term":[{"taxonomy":"product_cat","embeddable":true,"href":"https:\/\/www.gruppoliturgico.com\/fr\/wp-json\/wp\/v2\/product_cat?post=63029"},{"taxonomy":"product_tag","embeddable":true,"href":"https:\/\/www.gruppoliturgico.com\/fr\/wp-json\/wp\/v2\/product_tag?post=63029"}],"curies":[{"name":"wp","href":"https:\/\/api.w.org\/{rel}","templated":true}]}}