{"id":63017,"date":"2022-05-19T22:48:33","date_gmt":"2022-05-19T20:48:38","guid":{"rendered":"https:\/\/www.gruppoliturgico.com\/prodotto\/chandelier-baroque\/"},"modified":"2022-06-02T11:24:33","modified_gmt":"2022-06-02T09:24:33","slug":"chandelier-baroque","status":"publish","type":"product","link":"https:\/\/www.gruppoliturgico.com\/fr\/produit\/chandelier-baroque\/","title":{"rendered":"chandelier baroque"},"content":{"rendered":"<html><body><p>Ce pr\u00e9cieux chandelier en laiton dor\u00e9 assure un  effet d\u00e9coratif parfait et une excellente fonctionnalit\u00e9. <\/p>\n<p>Hauteurs disponibles de cm 30 \u00e0 cm 120<\/p>\n<p>La bougie, avec le r\u00e9cipient de cire liquide, est incluse dans le prix.<\/p>\n<\/body><\/html>","protected":false},"excerpt":{"rendered":"<p>Ce pr\u00e9cieux chandelier en laiton dor\u00e9 assure un  effet d\u00e9coratif parfait et une excellente fonctionnalit\u00e9. <\/p>\n<p>Hauteurs disponibles de cm 30 \u00e0 cm 120<\/p>\n<p>La bougie, avec le r\u00e9cipient de cire liquide, est incluse dans le prix.<\/p>\n","protected":false},"featured_media":132022,"template":"","meta":[],"product_cat":[12048],"product_tag":[],"yoast_head":"<!-- This site is optimized with the Yoast SEO plugin v20.4 - https:\/\/yoast.com\/wordpress\/plugins\/seo\/ -->\n<title>chandelier baroque - Chandelier sur pied et Laboratorio Gruppo Liturgico<\/title>\n<meta name=\"description\" content=\"Ce pr\u00e9cieux chandelier en laiton dor\u00e9 assure un effet d\u00e9coratif parfait et une excellente fonctionnalit\u00e9.   Hauteurs disponibles de cm 30 \u00e0 cm 120  La bougie, avec le r\u00e9cipient de cire liquide, est incluse dans le prix.\" \/>\n<meta name=\"robots\" content=\"index, follow, max-snippet:-1, max-image-preview:large, max-video-preview:-1\" \/>\n<link rel=\"canonical\" href=\"https:\/\/www.gruppoliturgico.com\/fr\/produit\/chandelier-baroque\/\" \/>\n<meta property=\"og:locale\" content=\"fr_FR\" \/>\n<meta property=\"og:type\" content=\"article\" \/>\n<meta property=\"og:title\" content=\"chandelier baroque - Chandelier sur pied et Laboratorio Gruppo Liturgico\" \/>\n<meta property=\"og:description\" content=\"Ce pr\u00e9cieux chandelier en laiton dor\u00e9 assure un effet d\u00e9coratif parfait et une excellente fonctionnalit\u00e9.   Hauteurs disponibles de cm 30 \u00e0 cm 120  La bougie, avec le r\u00e9cipient de cire liquide, est incluse dans le prix.\" \/>\n<meta property=\"og:url\" content=\"https:\/\/www.gruppoliturgico.com\/fr\/produit\/chandelier-baroque\/\" \/>\n<meta property=\"og:site_name\" content=\"Laboratorio Gruppo Liturgico\" \/>\n<meta property=\"article:modified_time\" content=\"2022-06-02T09:24:33+00:00\" \/>\n<meta property=\"og:image\" content=\"https:\/\/www.gruppoliturgico.com\/wp-content\/uploads\/2022\/05\/377.377C.ritaglio.jpg\" \/>\n\t<meta property=\"og:image:width\" content=\"629\" \/>\n\t<meta property=\"og:image:height\" content=\"1500\" \/>\n\t<meta property=\"og:image:type\" content=\"image\/jpeg\" \/>\n<meta name=\"twitter:card\" content=\"summary_large_image\" \/>\n<script type=\"application\/ld+json\" class=\"yoast-schema-graph\">{\"@context\":\"https:\/\/schema.org\",\"@graph\":[{\"@type\":\"WebPage\",\"@id\":\"https:\/\/www.gruppoliturgico.com\/fr\/produit\/chandelier-baroque\/\",\"url\":\"https:\/\/www.gruppoliturgico.com\/fr\/produit\/chandelier-baroque\/\",\"name\":\"chandelier baroque - Chandelier sur pied et Laboratorio Gruppo Liturgico\",\"isPartOf\":{\"@id\":\"https:\/\/www.gruppoliturgico.com\/es\/#website\"},\"datePublished\":\"2022-05-19T20:48:38+00:00\",\"dateModified\":\"2022-06-02T09:24:33+00:00\",\"description\":\"Ce pr\u00e9cieux chandelier en laiton dor\u00e9 assure un effet d\u00e9coratif parfait et une excellente fonctionnalit\u00e9. Hauteurs disponibles de cm 30 \u00e0 cm 120 La bougie, avec le r\u00e9cipient de cire liquide, est incluse dans le prix.\",\"breadcrumb\":{\"@id\":\"https:\/\/www.gruppoliturgico.com\/fr\/produit\/chandelier-baroque\/#breadcrumb\"},\"inLanguage\":\"fr-FR\",\"potentialAction\":[{\"@type\":\"ReadAction\",\"target\":[\"https:\/\/www.gruppoliturgico.com\/fr\/produit\/chandelier-baroque\/\"]}]},{\"@type\":\"BreadcrumbList\",\"@id\":\"https:\/\/www.gruppoliturgico.com\/fr\/produit\/chandelier-baroque\/#breadcrumb\",\"itemListElement\":[{\"@type\":\"ListItem\",\"position\":1,\"name\":\"Home\",\"item\":\"https:\/\/www.gruppoliturgico.com\/fr\/\"},{\"@type\":\"ListItem\",\"position\":2,\"name\":\"Boutique\",\"item\":\"https:\/\/www.gruppoliturgico.com\/fr\/boutique\/\"},{\"@type\":\"ListItem\",\"position\":3,\"name\":\"chandelier baroque\"}]},{\"@type\":\"WebSite\",\"@id\":\"https:\/\/www.gruppoliturgico.com\/es\/#website\",\"url\":\"https:\/\/www.gruppoliturgico.com\/es\/\",\"name\":\"Laboratorio Gruppo Liturgico\",\"description\":\"Articoli Religiosi online\",\"publisher\":{\"@id\":\"https:\/\/www.gruppoliturgico.com\/es\/#organization\"},\"potentialAction\":[{\"@type\":\"SearchAction\",\"target\":{\"@type\":\"EntryPoint\",\"urlTemplate\":\"https:\/\/www.gruppoliturgico.com\/es\/?s={search_term_string}\"},\"query-input\":\"required name=search_term_string\"}],\"inLanguage\":\"fr-FR\"},{\"@type\":\"Organization\",\"@id\":\"https:\/\/www.gruppoliturgico.com\/es\/#organization\",\"name\":\"Laboratorio Gruppo Liturgico\",\"url\":\"https:\/\/www.gruppoliturgico.com\/es\/\",\"logo\":{\"@type\":\"ImageObject\",\"inLanguage\":\"fr-FR\",\"@id\":\"https:\/\/www.gruppoliturgico.com\/es\/#\/schema\/logo\/image\/\",\"url\":\"https:\/\/www.gruppoliturgico.com\/wp-content\/uploads\/2022\/02\/logo-laboratoriogruppoliturgico.png\",\"contentUrl\":\"https:\/\/www.gruppoliturgico.com\/wp-content\/uploads\/2022\/02\/logo-laboratoriogruppoliturgico.png\",\"width\":400,\"height\":114,\"caption\":\"Laboratorio Gruppo Liturgico\"},\"image\":{\"@id\":\"https:\/\/www.gruppoliturgico.com\/es\/#\/schema\/logo\/image\/\"}}]}<\/script>\n<!-- \/ Yoast SEO plugin. -->","yoast_head_json":{"title":"chandelier baroque - Chandelier sur pied et Laboratorio Gruppo Liturgico","description":"Ce pr\u00e9cieux chandelier en laiton dor\u00e9 assure un effet d\u00e9coratif parfait et une excellente fonctionnalit\u00e9.   Hauteurs disponibles de cm 30 \u00e0 cm 120  La bougie, avec le r\u00e9cipient de cire liquide, est incluse dans le prix.","robots":{"index":"index","follow":"follow","max-snippet":"max-snippet:-1","max-image-preview":"max-image-preview:large","max-video-preview":"max-video-preview:-1"},"canonical":"https:\/\/www.gruppoliturgico.com\/fr\/produit\/chandelier-baroque\/","og_locale":"fr_FR","og_type":"article","og_title":"chandelier baroque - Chandelier sur pied et Laboratorio Gruppo Liturgico","og_description":"Ce pr\u00e9cieux chandelier en laiton dor\u00e9 assure un effet d\u00e9coratif parfait et une excellente fonctionnalit\u00e9.   Hauteurs disponibles de cm 30 \u00e0 cm 120  La bougie, avec le r\u00e9cipient de cire liquide, est incluse dans le prix.","og_url":"https:\/\/www.gruppoliturgico.com\/fr\/produit\/chandelier-baroque\/","og_site_name":"Laboratorio Gruppo Liturgico","article_modified_time":"2022-06-02T09:24:33+00:00","og_image":[{"width":629,"height":1500,"url":"https:\/\/www.gruppoliturgico.com\/wp-content\/uploads\/2022\/05\/377.377C.ritaglio.jpg","type":"image\/jpeg"}],"twitter_card":"summary_large_image","schema":{"@context":"https:\/\/schema.org","@graph":[{"@type":"WebPage","@id":"https:\/\/www.gruppoliturgico.com\/fr\/produit\/chandelier-baroque\/","url":"https:\/\/www.gruppoliturgico.com\/fr\/produit\/chandelier-baroque\/","name":"chandelier baroque - Chandelier sur pied et Laboratorio Gruppo Liturgico","isPartOf":{"@id":"https:\/\/www.gruppoliturgico.com\/es\/#website"},"datePublished":"2022-05-19T20:48:38+00:00","dateModified":"2022-06-02T09:24:33+00:00","description":"Ce pr\u00e9cieux chandelier en laiton dor\u00e9 assure un effet d\u00e9coratif parfait et une excellente fonctionnalit\u00e9. Hauteurs disponibles de cm 30 \u00e0 cm 120 La bougie, avec le r\u00e9cipient de cire liquide, est incluse dans le prix.","breadcrumb":{"@id":"https:\/\/www.gruppoliturgico.com\/fr\/produit\/chandelier-baroque\/#breadcrumb"},"inLanguage":"fr-FR","potentialAction":[{"@type":"ReadAction","target":["https:\/\/www.gruppoliturgico.com\/fr\/produit\/chandelier-baroque\/"]}]},{"@type":"BreadcrumbList","@id":"https:\/\/www.gruppoliturgico.com\/fr\/produit\/chandelier-baroque\/#breadcrumb","itemListElement":[{"@type":"ListItem","position":1,"name":"Home","item":"https:\/\/www.gruppoliturgico.com\/fr\/"},{"@type":"ListItem","position":2,"name":"Boutique","item":"https:\/\/www.gruppoliturgico.com\/fr\/boutique\/"},{"@type":"ListItem","position":3,"name":"chandelier baroque"}]},{"@type":"WebSite","@id":"https:\/\/www.gruppoliturgico.com\/es\/#website","url":"https:\/\/www.gruppoliturgico.com\/es\/","name":"Laboratorio Gruppo Liturgico","description":"Articoli Religiosi online","publisher":{"@id":"https:\/\/www.gruppoliturgico.com\/es\/#organization"},"potentialAction":[{"@type":"SearchAction","target":{"@type":"EntryPoint","urlTemplate":"https:\/\/www.gruppoliturgico.com\/es\/?s={search_term_string}"},"query-input":"required name=search_term_string"}],"inLanguage":"fr-FR"},{"@type":"Organization","@id":"https:\/\/www.gruppoliturgico.com\/es\/#organization","name":"Laboratorio Gruppo Liturgico","url":"https:\/\/www.gruppoliturgico.com\/es\/","logo":{"@type":"ImageObject","inLanguage":"fr-FR","@id":"https:\/\/www.gruppoliturgico.com\/es\/#\/schema\/logo\/image\/","url":"https:\/\/www.gruppoliturgico.com\/wp-content\/uploads\/2022\/02\/logo-laboratoriogruppoliturgico.png","contentUrl":"https:\/\/www.gruppoliturgico.com\/wp-content\/uploads\/2022\/02\/logo-laboratoriogruppoliturgico.png","width":400,"height":114,"caption":"Laboratorio Gruppo Liturgico"},"image":{"@id":"https:\/\/www.gruppoliturgico.com\/es\/#\/schema\/logo\/image\/"}}]}},"_links":{"self":[{"href":"https:\/\/www.gruppoliturgico.com\/fr\/wp-json\/wp\/v2\/product\/63017"}],"collection":[{"href":"https:\/\/www.gruppoliturgico.com\/fr\/wp-json\/wp\/v2\/product"}],"about":[{"href":"https:\/\/www.gruppoliturgico.com\/fr\/wp-json\/wp\/v2\/types\/product"}],"wp:featuredmedia":[{"embeddable":true,"href":"https:\/\/www.gruppoliturgico.com\/fr\/wp-json\/wp\/v2\/media\/132022"}],"wp:attachment":[{"href":"https:\/\/www.gruppoliturgico.com\/fr\/wp-json\/wp\/v2\/media?parent=63017"}],"wp:term":[{"taxonomy":"product_cat","embeddable":true,"href":"https:\/\/www.gruppoliturgico.com\/fr\/wp-json\/wp\/v2\/product_cat?post=63017"},{"taxonomy":"product_tag","embeddable":true,"href":"https:\/\/www.gruppoliturgico.com\/fr\/wp-json\/wp\/v2\/product_tag?post=63017"}],"curies":[{"name":"wp","href":"https:\/\/api.w.org\/{rel}","templated":true}]}}