{"id":63001,"date":"2022-05-19T22:47:57","date_gmt":"2022-05-19T20:48:01","guid":{"rendered":"https:\/\/www.gruppoliturgico.com\/prodotto\/chandelier-dautel-8\/"},"modified":"2022-09-27T17:32:22","modified_gmt":"2022-09-27T15:32:22","slug":"chandelier-dautel-8","status":"publish","type":"product","link":"https:\/\/www.gruppoliturgico.com\/fr\/produit\/chandelier-dautel-8\/","title":{"rendered":"chandelier d&rsquo;autel"},"content":{"rendered":"<html><body><p>Chandelier d\u2019autel en fusion, trait\u00e9 avec dorure.<br>\nRiche chapiteau en style baroque se transforme en base pour le chandelier.<br>\nHauteur cm 14<br>\nDiam\u00e8tre cm 15<\/p>\n<p>Le chandelier comprend la relative bougie  de  \u00d8 5 cm, longueur cm 25, avec le r\u00e9cipient de cire liquide<br>\n.<\/p>\n<\/body><\/html>","protected":false},"excerpt":{"rendered":"<p>Chandelier d&rsquo;autel en fusion, trait\u00e9 avec dorure.<br \/>\nRiche chapiteau en style baroque se transforme en base pour le chandelier.<br \/>\nHauteur cm 14<br \/>\nDiam\u00e8tre cm 15<\/p>\n<p>Le chandelier comprend la relative bougie  de  \u00d8 5 cm, longueur cm 25, avec le r\u00e9cipient de cire liquide<\/p>\n","protected":false},"featured_media":132377,"template":"","meta":[],"product_cat":[12060],"product_tag":[],"yoast_head":"<!-- This site is optimized with the Yoast SEO plugin v20.4 - https:\/\/yoast.com\/wordpress\/plugins\/seo\/ -->\n<title>chandelier d&#039;autel - Chandelier d&#039;autel et Laboratorio Gruppo Liturgico<\/title>\n<meta name=\"description\" content=\"Chandelier d&#039;autel en fusion, trait\u00e9 avec dorure. Riche chapiteau en style baroque se transforme en base pour le chandelier.  Hauteur cm 14 Diam\u00e8tre cm 15  Le chandelier comprend la relative bougie de \u00d8 5 cm, longueur cm 25, avec le r\u00e9cipient de cire liquide\" \/>\n<meta name=\"robots\" content=\"index, follow, max-snippet:-1, max-image-preview:large, max-video-preview:-1\" \/>\n<link rel=\"canonical\" href=\"https:\/\/www.gruppoliturgico.com\/fr\/produit\/chandelier-dautel-8\/\" \/>\n<meta property=\"og:locale\" content=\"fr_FR\" \/>\n<meta property=\"og:type\" content=\"article\" \/>\n<meta property=\"og:title\" content=\"chandelier d&#039;autel - Chandelier d&#039;autel et Laboratorio Gruppo Liturgico\" \/>\n<meta property=\"og:description\" content=\"Chandelier d&#039;autel en fusion, trait\u00e9 avec dorure. Riche chapiteau en style baroque se transforme en base pour le chandelier.  Hauteur cm 14 Diam\u00e8tre cm 15  Le chandelier comprend la relative bougie de \u00d8 5 cm, longueur cm 25, avec le r\u00e9cipient de cire liquide\" \/>\n<meta property=\"og:url\" content=\"https:\/\/www.gruppoliturgico.com\/fr\/produit\/chandelier-dautel-8\/\" \/>\n<meta property=\"og:site_name\" content=\"Laboratorio Gruppo Liturgico\" \/>\n<meta property=\"article:modified_time\" content=\"2022-09-27T15:32:22+00:00\" \/>\n<meta property=\"og:image\" content=\"https:\/\/www.gruppoliturgico.com\/wp-content\/uploads\/2022\/05\/858-nv-rit.jpg\" \/>\n\t<meta property=\"og:image:width\" content=\"1386\" \/>\n\t<meta property=\"og:image:height\" content=\"2000\" \/>\n\t<meta property=\"og:image:type\" content=\"image\/jpeg\" \/>\n<meta name=\"twitter:card\" content=\"summary_large_image\" \/>\n<script type=\"application\/ld+json\" class=\"yoast-schema-graph\">{\"@context\":\"https:\/\/schema.org\",\"@graph\":[{\"@type\":\"WebPage\",\"@id\":\"https:\/\/www.gruppoliturgico.com\/fr\/produit\/chandelier-dautel-8\/\",\"url\":\"https:\/\/www.gruppoliturgico.com\/fr\/produit\/chandelier-dautel-8\/\",\"name\":\"chandelier d'autel - Chandelier d'autel et Laboratorio Gruppo Liturgico\",\"isPartOf\":{\"@id\":\"https:\/\/www.gruppoliturgico.com\/es\/#website\"},\"datePublished\":\"2022-05-19T20:48:01+00:00\",\"dateModified\":\"2022-09-27T15:32:22+00:00\",\"description\":\"Chandelier d'autel en fusion, trait\u00e9 avec dorure. Riche chapiteau en style baroque se transforme en base pour le chandelier. Hauteur cm 14 Diam\u00e8tre cm 15 Le chandelier comprend la relative bougie de \u00d8 5 cm, longueur cm 25, avec le r\u00e9cipient de cire liquide\",\"breadcrumb\":{\"@id\":\"https:\/\/www.gruppoliturgico.com\/fr\/produit\/chandelier-dautel-8\/#breadcrumb\"},\"inLanguage\":\"fr-FR\",\"potentialAction\":[{\"@type\":\"ReadAction\",\"target\":[\"https:\/\/www.gruppoliturgico.com\/fr\/produit\/chandelier-dautel-8\/\"]}]},{\"@type\":\"BreadcrumbList\",\"@id\":\"https:\/\/www.gruppoliturgico.com\/fr\/produit\/chandelier-dautel-8\/#breadcrumb\",\"itemListElement\":[{\"@type\":\"ListItem\",\"position\":1,\"name\":\"Home\",\"item\":\"https:\/\/www.gruppoliturgico.com\/fr\/\"},{\"@type\":\"ListItem\",\"position\":2,\"name\":\"Boutique\",\"item\":\"https:\/\/www.gruppoliturgico.com\/fr\/boutique\/\"},{\"@type\":\"ListItem\",\"position\":3,\"name\":\"chandelier d&#8217;autel\"}]},{\"@type\":\"WebSite\",\"@id\":\"https:\/\/www.gruppoliturgico.com\/es\/#website\",\"url\":\"https:\/\/www.gruppoliturgico.com\/es\/\",\"name\":\"Laboratorio Gruppo Liturgico\",\"description\":\"Articoli Religiosi online\",\"publisher\":{\"@id\":\"https:\/\/www.gruppoliturgico.com\/es\/#organization\"},\"potentialAction\":[{\"@type\":\"SearchAction\",\"target\":{\"@type\":\"EntryPoint\",\"urlTemplate\":\"https:\/\/www.gruppoliturgico.com\/es\/?s={search_term_string}\"},\"query-input\":\"required name=search_term_string\"}],\"inLanguage\":\"fr-FR\"},{\"@type\":\"Organization\",\"@id\":\"https:\/\/www.gruppoliturgico.com\/es\/#organization\",\"name\":\"Laboratorio Gruppo Liturgico\",\"url\":\"https:\/\/www.gruppoliturgico.com\/es\/\",\"logo\":{\"@type\":\"ImageObject\",\"inLanguage\":\"fr-FR\",\"@id\":\"https:\/\/www.gruppoliturgico.com\/es\/#\/schema\/logo\/image\/\",\"url\":\"https:\/\/www.gruppoliturgico.com\/wp-content\/uploads\/2022\/02\/logo-laboratoriogruppoliturgico.png\",\"contentUrl\":\"https:\/\/www.gruppoliturgico.com\/wp-content\/uploads\/2022\/02\/logo-laboratoriogruppoliturgico.png\",\"width\":400,\"height\":114,\"caption\":\"Laboratorio Gruppo Liturgico\"},\"image\":{\"@id\":\"https:\/\/www.gruppoliturgico.com\/es\/#\/schema\/logo\/image\/\"}}]}<\/script>\n<!-- \/ Yoast SEO plugin. -->","yoast_head_json":{"title":"chandelier d'autel - Chandelier d'autel et Laboratorio Gruppo Liturgico","description":"Chandelier d'autel en fusion, trait\u00e9 avec dorure. Riche chapiteau en style baroque se transforme en base pour le chandelier.  Hauteur cm 14 Diam\u00e8tre cm 15  Le chandelier comprend la relative bougie de \u00d8 5 cm, longueur cm 25, avec le r\u00e9cipient de cire liquide","robots":{"index":"index","follow":"follow","max-snippet":"max-snippet:-1","max-image-preview":"max-image-preview:large","max-video-preview":"max-video-preview:-1"},"canonical":"https:\/\/www.gruppoliturgico.com\/fr\/produit\/chandelier-dautel-8\/","og_locale":"fr_FR","og_type":"article","og_title":"chandelier d'autel - Chandelier d'autel et Laboratorio Gruppo Liturgico","og_description":"Chandelier d'autel en fusion, trait\u00e9 avec dorure. Riche chapiteau en style baroque se transforme en base pour le chandelier.  Hauteur cm 14 Diam\u00e8tre cm 15  Le chandelier comprend la relative bougie de \u00d8 5 cm, longueur cm 25, avec le r\u00e9cipient de cire liquide","og_url":"https:\/\/www.gruppoliturgico.com\/fr\/produit\/chandelier-dautel-8\/","og_site_name":"Laboratorio Gruppo Liturgico","article_modified_time":"2022-09-27T15:32:22+00:00","og_image":[{"width":1386,"height":2000,"url":"https:\/\/www.gruppoliturgico.com\/wp-content\/uploads\/2022\/05\/858-nv-rit.jpg","type":"image\/jpeg"}],"twitter_card":"summary_large_image","schema":{"@context":"https:\/\/schema.org","@graph":[{"@type":"WebPage","@id":"https:\/\/www.gruppoliturgico.com\/fr\/produit\/chandelier-dautel-8\/","url":"https:\/\/www.gruppoliturgico.com\/fr\/produit\/chandelier-dautel-8\/","name":"chandelier d'autel - Chandelier d'autel et Laboratorio Gruppo Liturgico","isPartOf":{"@id":"https:\/\/www.gruppoliturgico.com\/es\/#website"},"datePublished":"2022-05-19T20:48:01+00:00","dateModified":"2022-09-27T15:32:22+00:00","description":"Chandelier d'autel en fusion, trait\u00e9 avec dorure. Riche chapiteau en style baroque se transforme en base pour le chandelier. Hauteur cm 14 Diam\u00e8tre cm 15 Le chandelier comprend la relative bougie de \u00d8 5 cm, longueur cm 25, avec le r\u00e9cipient de cire liquide","breadcrumb":{"@id":"https:\/\/www.gruppoliturgico.com\/fr\/produit\/chandelier-dautel-8\/#breadcrumb"},"inLanguage":"fr-FR","potentialAction":[{"@type":"ReadAction","target":["https:\/\/www.gruppoliturgico.com\/fr\/produit\/chandelier-dautel-8\/"]}]},{"@type":"BreadcrumbList","@id":"https:\/\/www.gruppoliturgico.com\/fr\/produit\/chandelier-dautel-8\/#breadcrumb","itemListElement":[{"@type":"ListItem","position":1,"name":"Home","item":"https:\/\/www.gruppoliturgico.com\/fr\/"},{"@type":"ListItem","position":2,"name":"Boutique","item":"https:\/\/www.gruppoliturgico.com\/fr\/boutique\/"},{"@type":"ListItem","position":3,"name":"chandelier d&#8217;autel"}]},{"@type":"WebSite","@id":"https:\/\/www.gruppoliturgico.com\/es\/#website","url":"https:\/\/www.gruppoliturgico.com\/es\/","name":"Laboratorio Gruppo Liturgico","description":"Articoli Religiosi online","publisher":{"@id":"https:\/\/www.gruppoliturgico.com\/es\/#organization"},"potentialAction":[{"@type":"SearchAction","target":{"@type":"EntryPoint","urlTemplate":"https:\/\/www.gruppoliturgico.com\/es\/?s={search_term_string}"},"query-input":"required name=search_term_string"}],"inLanguage":"fr-FR"},{"@type":"Organization","@id":"https:\/\/www.gruppoliturgico.com\/es\/#organization","name":"Laboratorio Gruppo Liturgico","url":"https:\/\/www.gruppoliturgico.com\/es\/","logo":{"@type":"ImageObject","inLanguage":"fr-FR","@id":"https:\/\/www.gruppoliturgico.com\/es\/#\/schema\/logo\/image\/","url":"https:\/\/www.gruppoliturgico.com\/wp-content\/uploads\/2022\/02\/logo-laboratoriogruppoliturgico.png","contentUrl":"https:\/\/www.gruppoliturgico.com\/wp-content\/uploads\/2022\/02\/logo-laboratoriogruppoliturgico.png","width":400,"height":114,"caption":"Laboratorio Gruppo Liturgico"},"image":{"@id":"https:\/\/www.gruppoliturgico.com\/es\/#\/schema\/logo\/image\/"}}]}},"_links":{"self":[{"href":"https:\/\/www.gruppoliturgico.com\/fr\/wp-json\/wp\/v2\/product\/63001"}],"collection":[{"href":"https:\/\/www.gruppoliturgico.com\/fr\/wp-json\/wp\/v2\/product"}],"about":[{"href":"https:\/\/www.gruppoliturgico.com\/fr\/wp-json\/wp\/v2\/types\/product"}],"wp:featuredmedia":[{"embeddable":true,"href":"https:\/\/www.gruppoliturgico.com\/fr\/wp-json\/wp\/v2\/media\/132377"}],"wp:attachment":[{"href":"https:\/\/www.gruppoliturgico.com\/fr\/wp-json\/wp\/v2\/media?parent=63001"}],"wp:term":[{"taxonomy":"product_cat","embeddable":true,"href":"https:\/\/www.gruppoliturgico.com\/fr\/wp-json\/wp\/v2\/product_cat?post=63001"},{"taxonomy":"product_tag","embeddable":true,"href":"https:\/\/www.gruppoliturgico.com\/fr\/wp-json\/wp\/v2\/product_tag?post=63001"}],"curies":[{"name":"wp","href":"https:\/\/api.w.org\/{rel}","templated":true}]}}