{"id":62989,"date":"2022-05-19T22:47:30","date_gmt":"2022-05-19T20:47:34","guid":{"rendered":"https:\/\/www.gruppoliturgico.com\/prodotto\/lampe-de-sanctuaire-3\/"},"modified":"2022-10-01T10:39:54","modified_gmt":"2022-10-01T08:39:54","slug":"lampe-de-sanctuaire-3","status":"publish","type":"product","link":"https:\/\/www.gruppoliturgico.com\/fr\/produit\/lampe-de-sanctuaire-3\/","title":{"rendered":"lampe de sanctuaire"},"content":{"rendered":"<html><body><p>Lampe de sanctuaire en laiton dor\u00e9.<br>\nElle pr\u00e9sentee la fusion de trois anges dans un cercle avec une dorure \u00e0 l\u2019or vieilli.<br>\nLe prix comprend le verre rouge rubis.<br>\nHauteur cm 10.<\/p>\n<\/body><\/html>","protected":false},"excerpt":{"rendered":"<p>Lampe de sanctuaire en laiton dor\u00e9.<br \/>\nElle pr\u00e9sentee la fusion de trois anges dans un cercle avec une dorure \u00e0 l&rsquo;or vieilli.<br \/>\nLe prix comprend le verre rouge rubis.<br \/>\nHauteur cm 10<\/p>\n","protected":false},"featured_media":132607,"template":"","meta":[],"product_cat":[12104],"product_tag":[],"yoast_head":"<!-- This site is optimized with the Yoast SEO plugin v20.4 - https:\/\/yoast.com\/wordpress\/plugins\/seo\/ -->\n<title>lampe de sanctuaire - lampes de sanctuarie et Laboratorio Gruppo Liturgico<\/title>\n<meta name=\"description\" content=\"Lampe de sanctuaire en laiton dor\u00e9. Elle pr\u00e9sentee la fusion de trois anges dans un cercle avec une dorure \u00e0 l&#039;or vieilli. Le prix comprend le verre rouge rubis. Hauteur cm 10\" \/>\n<meta name=\"robots\" content=\"index, follow, max-snippet:-1, max-image-preview:large, max-video-preview:-1\" \/>\n<link rel=\"canonical\" href=\"https:\/\/www.gruppoliturgico.com\/fr\/produit\/lampe-de-sanctuaire-3\/\" \/>\n<meta property=\"og:locale\" content=\"fr_FR\" \/>\n<meta property=\"og:type\" content=\"article\" \/>\n<meta property=\"og:title\" content=\"lampe de sanctuaire - lampes de sanctuarie et Laboratorio Gruppo Liturgico\" \/>\n<meta property=\"og:description\" content=\"Lampe de sanctuaire en laiton dor\u00e9. Elle pr\u00e9sentee la fusion de trois anges dans un cercle avec une dorure \u00e0 l&#039;or vieilli. Le prix comprend le verre rouge rubis. Hauteur cm 10\" \/>\n<meta property=\"og:url\" content=\"https:\/\/www.gruppoliturgico.com\/fr\/produit\/lampe-de-sanctuaire-3\/\" \/>\n<meta property=\"og:site_name\" content=\"Laboratorio Gruppo Liturgico\" \/>\n<meta property=\"article:modified_time\" content=\"2022-10-01T08:39:54+00:00\" \/>\n<meta property=\"og:image\" content=\"https:\/\/www.gruppoliturgico.com\/wp-content\/uploads\/2022\/05\/22720portalampada.jpg\" \/>\n\t<meta property=\"og:image:width\" content=\"629\" \/>\n\t<meta property=\"og:image:height\" content=\"1500\" \/>\n\t<meta property=\"og:image:type\" content=\"image\/jpeg\" \/>\n<meta name=\"twitter:card\" content=\"summary_large_image\" \/>\n<script type=\"application\/ld+json\" class=\"yoast-schema-graph\">{\"@context\":\"https:\/\/schema.org\",\"@graph\":[{\"@type\":\"WebPage\",\"@id\":\"https:\/\/www.gruppoliturgico.com\/fr\/produit\/lampe-de-sanctuaire-3\/\",\"url\":\"https:\/\/www.gruppoliturgico.com\/fr\/produit\/lampe-de-sanctuaire-3\/\",\"name\":\"lampe de sanctuaire - lampes de sanctuarie et Laboratorio Gruppo Liturgico\",\"isPartOf\":{\"@id\":\"https:\/\/www.gruppoliturgico.com\/es\/#website\"},\"datePublished\":\"2022-05-19T20:47:34+00:00\",\"dateModified\":\"2022-10-01T08:39:54+00:00\",\"description\":\"Lampe de sanctuaire en laiton dor\u00e9. Elle pr\u00e9sentee la fusion de trois anges dans un cercle avec une dorure \u00e0 l'or vieilli. Le prix comprend le verre rouge rubis. Hauteur cm 10\",\"breadcrumb\":{\"@id\":\"https:\/\/www.gruppoliturgico.com\/fr\/produit\/lampe-de-sanctuaire-3\/#breadcrumb\"},\"inLanguage\":\"fr-FR\",\"potentialAction\":[{\"@type\":\"ReadAction\",\"target\":[\"https:\/\/www.gruppoliturgico.com\/fr\/produit\/lampe-de-sanctuaire-3\/\"]}]},{\"@type\":\"BreadcrumbList\",\"@id\":\"https:\/\/www.gruppoliturgico.com\/fr\/produit\/lampe-de-sanctuaire-3\/#breadcrumb\",\"itemListElement\":[{\"@type\":\"ListItem\",\"position\":1,\"name\":\"Home\",\"item\":\"https:\/\/www.gruppoliturgico.com\/fr\/\"},{\"@type\":\"ListItem\",\"position\":2,\"name\":\"Boutique\",\"item\":\"https:\/\/www.gruppoliturgico.com\/fr\/boutique\/\"},{\"@type\":\"ListItem\",\"position\":3,\"name\":\"lampe de sanctuaire\"}]},{\"@type\":\"WebSite\",\"@id\":\"https:\/\/www.gruppoliturgico.com\/es\/#website\",\"url\":\"https:\/\/www.gruppoliturgico.com\/es\/\",\"name\":\"Laboratorio Gruppo Liturgico\",\"description\":\"Articoli Religiosi online\",\"publisher\":{\"@id\":\"https:\/\/www.gruppoliturgico.com\/es\/#organization\"},\"potentialAction\":[{\"@type\":\"SearchAction\",\"target\":{\"@type\":\"EntryPoint\",\"urlTemplate\":\"https:\/\/www.gruppoliturgico.com\/es\/?s={search_term_string}\"},\"query-input\":\"required name=search_term_string\"}],\"inLanguage\":\"fr-FR\"},{\"@type\":\"Organization\",\"@id\":\"https:\/\/www.gruppoliturgico.com\/es\/#organization\",\"name\":\"Laboratorio Gruppo Liturgico\",\"url\":\"https:\/\/www.gruppoliturgico.com\/es\/\",\"logo\":{\"@type\":\"ImageObject\",\"inLanguage\":\"fr-FR\",\"@id\":\"https:\/\/www.gruppoliturgico.com\/es\/#\/schema\/logo\/image\/\",\"url\":\"https:\/\/www.gruppoliturgico.com\/wp-content\/uploads\/2022\/02\/logo-laboratoriogruppoliturgico.png\",\"contentUrl\":\"https:\/\/www.gruppoliturgico.com\/wp-content\/uploads\/2022\/02\/logo-laboratoriogruppoliturgico.png\",\"width\":400,\"height\":114,\"caption\":\"Laboratorio Gruppo Liturgico\"},\"image\":{\"@id\":\"https:\/\/www.gruppoliturgico.com\/es\/#\/schema\/logo\/image\/\"}}]}<\/script>\n<!-- \/ Yoast SEO plugin. -->","yoast_head_json":{"title":"lampe de sanctuaire - lampes de sanctuarie et Laboratorio Gruppo Liturgico","description":"Lampe de sanctuaire en laiton dor\u00e9. Elle pr\u00e9sentee la fusion de trois anges dans un cercle avec une dorure \u00e0 l'or vieilli. Le prix comprend le verre rouge rubis. Hauteur cm 10","robots":{"index":"index","follow":"follow","max-snippet":"max-snippet:-1","max-image-preview":"max-image-preview:large","max-video-preview":"max-video-preview:-1"},"canonical":"https:\/\/www.gruppoliturgico.com\/fr\/produit\/lampe-de-sanctuaire-3\/","og_locale":"fr_FR","og_type":"article","og_title":"lampe de sanctuaire - lampes de sanctuarie et Laboratorio Gruppo Liturgico","og_description":"Lampe de sanctuaire en laiton dor\u00e9. Elle pr\u00e9sentee la fusion de trois anges dans un cercle avec une dorure \u00e0 l'or vieilli. Le prix comprend le verre rouge rubis. Hauteur cm 10","og_url":"https:\/\/www.gruppoliturgico.com\/fr\/produit\/lampe-de-sanctuaire-3\/","og_site_name":"Laboratorio Gruppo Liturgico","article_modified_time":"2022-10-01T08:39:54+00:00","og_image":[{"width":629,"height":1500,"url":"https:\/\/www.gruppoliturgico.com\/wp-content\/uploads\/2022\/05\/22720portalampada.jpg","type":"image\/jpeg"}],"twitter_card":"summary_large_image","schema":{"@context":"https:\/\/schema.org","@graph":[{"@type":"WebPage","@id":"https:\/\/www.gruppoliturgico.com\/fr\/produit\/lampe-de-sanctuaire-3\/","url":"https:\/\/www.gruppoliturgico.com\/fr\/produit\/lampe-de-sanctuaire-3\/","name":"lampe de sanctuaire - lampes de sanctuarie et Laboratorio Gruppo Liturgico","isPartOf":{"@id":"https:\/\/www.gruppoliturgico.com\/es\/#website"},"datePublished":"2022-05-19T20:47:34+00:00","dateModified":"2022-10-01T08:39:54+00:00","description":"Lampe de sanctuaire en laiton dor\u00e9. Elle pr\u00e9sentee la fusion de trois anges dans un cercle avec une dorure \u00e0 l'or vieilli. Le prix comprend le verre rouge rubis. Hauteur cm 10","breadcrumb":{"@id":"https:\/\/www.gruppoliturgico.com\/fr\/produit\/lampe-de-sanctuaire-3\/#breadcrumb"},"inLanguage":"fr-FR","potentialAction":[{"@type":"ReadAction","target":["https:\/\/www.gruppoliturgico.com\/fr\/produit\/lampe-de-sanctuaire-3\/"]}]},{"@type":"BreadcrumbList","@id":"https:\/\/www.gruppoliturgico.com\/fr\/produit\/lampe-de-sanctuaire-3\/#breadcrumb","itemListElement":[{"@type":"ListItem","position":1,"name":"Home","item":"https:\/\/www.gruppoliturgico.com\/fr\/"},{"@type":"ListItem","position":2,"name":"Boutique","item":"https:\/\/www.gruppoliturgico.com\/fr\/boutique\/"},{"@type":"ListItem","position":3,"name":"lampe de sanctuaire"}]},{"@type":"WebSite","@id":"https:\/\/www.gruppoliturgico.com\/es\/#website","url":"https:\/\/www.gruppoliturgico.com\/es\/","name":"Laboratorio Gruppo Liturgico","description":"Articoli Religiosi online","publisher":{"@id":"https:\/\/www.gruppoliturgico.com\/es\/#organization"},"potentialAction":[{"@type":"SearchAction","target":{"@type":"EntryPoint","urlTemplate":"https:\/\/www.gruppoliturgico.com\/es\/?s={search_term_string}"},"query-input":"required name=search_term_string"}],"inLanguage":"fr-FR"},{"@type":"Organization","@id":"https:\/\/www.gruppoliturgico.com\/es\/#organization","name":"Laboratorio Gruppo Liturgico","url":"https:\/\/www.gruppoliturgico.com\/es\/","logo":{"@type":"ImageObject","inLanguage":"fr-FR","@id":"https:\/\/www.gruppoliturgico.com\/es\/#\/schema\/logo\/image\/","url":"https:\/\/www.gruppoliturgico.com\/wp-content\/uploads\/2022\/02\/logo-laboratoriogruppoliturgico.png","contentUrl":"https:\/\/www.gruppoliturgico.com\/wp-content\/uploads\/2022\/02\/logo-laboratoriogruppoliturgico.png","width":400,"height":114,"caption":"Laboratorio Gruppo Liturgico"},"image":{"@id":"https:\/\/www.gruppoliturgico.com\/es\/#\/schema\/logo\/image\/"}}]}},"_links":{"self":[{"href":"https:\/\/www.gruppoliturgico.com\/fr\/wp-json\/wp\/v2\/product\/62989"}],"collection":[{"href":"https:\/\/www.gruppoliturgico.com\/fr\/wp-json\/wp\/v2\/product"}],"about":[{"href":"https:\/\/www.gruppoliturgico.com\/fr\/wp-json\/wp\/v2\/types\/product"}],"wp:featuredmedia":[{"embeddable":true,"href":"https:\/\/www.gruppoliturgico.com\/fr\/wp-json\/wp\/v2\/media\/132607"}],"wp:attachment":[{"href":"https:\/\/www.gruppoliturgico.com\/fr\/wp-json\/wp\/v2\/media?parent=62989"}],"wp:term":[{"taxonomy":"product_cat","embeddable":true,"href":"https:\/\/www.gruppoliturgico.com\/fr\/wp-json\/wp\/v2\/product_cat?post=62989"},{"taxonomy":"product_tag","embeddable":true,"href":"https:\/\/www.gruppoliturgico.com\/fr\/wp-json\/wp\/v2\/product_tag?post=62989"}],"curies":[{"name":"wp","href":"https:\/\/api.w.org\/{rel}","templated":true}]}}