{"id":62901,"date":"2022-05-19T22:43:43","date_gmt":"2022-05-19T20:43:48","guid":{"rendered":"https:\/\/www.gruppoliturgico.com\/prodotto\/crosse\/"},"modified":"2022-05-20T07:02:58","modified_gmt":"2022-05-20T05:02:58","slug":"crosse","status":"publish","type":"product","link":"https:\/\/www.gruppoliturgico.com\/fr\/produit\/crosse\/","title":{"rendered":"Crosse"},"content":{"rendered":"<html><body><p>Prestigieux ouvrage en laiton argent\u00e9 avec des martelages ex\u00e9cut\u00e9s \u00e0 la main et des pierres ornementales.<br>\nHauteur cm 39.<br>\nAvec le b\u00e2ton de cm 150 en m\u00e9tal  lisse divisible in trois pi\u00e8ces.<br>\nComplet de petite valise pour le transport.<\/p>\n<\/body><\/html>","protected":false},"excerpt":{"rendered":"<p>Prestigieux ouvrage en laiton argent\u00e9 avec des martelages ex\u00e9cut\u00e9s \u00e0 la main et des pierres ornementales.<br \/>\nHauteur cm 39.<br \/>\nAvec le b\u00e2ton de cm 150 en m\u00e9tal  lisse divisible in trois pi\u00e8ces.<br \/>\nComplet de petite valise pour le transport.<\/p>\n","protected":false},"featured_media":73246,"template":"","meta":[],"product_cat":[12120],"product_tag":[],"yoast_head":"<!-- This site is optimized with the Yoast SEO plugin v20.4 - https:\/\/yoast.com\/wordpress\/plugins\/seo\/ -->\n<title>Crosse - crosses et Laboratorio Gruppo Liturgico<\/title>\n<meta name=\"description\" content=\"Prestigieux ouvrage en laiton argent\u00e9 avec des martelages ex\u00e9cut\u00e9s \u00e0 la main et des pierres ornementales. Hauteur cm 39. Avec le b\u00e2ton de cm 150 en m\u00e9tal lisse divisible in trois pi\u00e8ces. Complet de petite valise pour le transport.\" \/>\n<meta name=\"robots\" content=\"index, follow, max-snippet:-1, max-image-preview:large, max-video-preview:-1\" \/>\n<link rel=\"canonical\" href=\"https:\/\/www.gruppoliturgico.com\/fr\/produit\/crosse\/\" \/>\n<meta property=\"og:locale\" content=\"fr_FR\" \/>\n<meta property=\"og:type\" content=\"article\" \/>\n<meta property=\"og:title\" content=\"Crosse - crosses et Laboratorio Gruppo Liturgico\" \/>\n<meta property=\"og:description\" content=\"Prestigieux ouvrage en laiton argent\u00e9 avec des martelages ex\u00e9cut\u00e9s \u00e0 la main et des pierres ornementales. Hauteur cm 39. Avec le b\u00e2ton de cm 150 en m\u00e9tal lisse divisible in trois pi\u00e8ces. Complet de petite valise pour le transport.\" \/>\n<meta property=\"og:url\" content=\"https:\/\/www.gruppoliturgico.com\/fr\/produit\/crosse\/\" \/>\n<meta property=\"og:site_name\" content=\"Laboratorio Gruppo Liturgico\" \/>\n<meta property=\"article:modified_time\" content=\"2022-05-20T05:02:58+00:00\" \/>\n<meta property=\"og:image\" content=\"https:\/\/www.gruppoliturgico.com\/wp-content\/uploads\/2022\/05\/3319.jpg\" \/>\n\t<meta property=\"og:image:width\" content=\"750\" \/>\n\t<meta property=\"og:image:height\" content=\"1500\" \/>\n\t<meta property=\"og:image:type\" content=\"image\/jpeg\" \/>\n<meta name=\"twitter:card\" content=\"summary_large_image\" \/>\n<script type=\"application\/ld+json\" class=\"yoast-schema-graph\">{\"@context\":\"https:\/\/schema.org\",\"@graph\":[{\"@type\":\"WebPage\",\"@id\":\"https:\/\/www.gruppoliturgico.com\/fr\/produit\/crosse\/\",\"url\":\"https:\/\/www.gruppoliturgico.com\/fr\/produit\/crosse\/\",\"name\":\"Crosse - crosses et Laboratorio Gruppo Liturgico\",\"isPartOf\":{\"@id\":\"https:\/\/www.gruppoliturgico.com\/es\/#website\"},\"datePublished\":\"2022-05-19T20:43:48+00:00\",\"dateModified\":\"2022-05-20T05:02:58+00:00\",\"description\":\"Prestigieux ouvrage en laiton argent\u00e9 avec des martelages ex\u00e9cut\u00e9s \u00e0 la main et des pierres ornementales. Hauteur cm 39. Avec le b\u00e2ton de cm 150 en m\u00e9tal lisse divisible in trois pi\u00e8ces. Complet de petite valise pour le transport.\",\"breadcrumb\":{\"@id\":\"https:\/\/www.gruppoliturgico.com\/fr\/produit\/crosse\/#breadcrumb\"},\"inLanguage\":\"fr-FR\",\"potentialAction\":[{\"@type\":\"ReadAction\",\"target\":[\"https:\/\/www.gruppoliturgico.com\/fr\/produit\/crosse\/\"]}]},{\"@type\":\"BreadcrumbList\",\"@id\":\"https:\/\/www.gruppoliturgico.com\/fr\/produit\/crosse\/#breadcrumb\",\"itemListElement\":[{\"@type\":\"ListItem\",\"position\":1,\"name\":\"Home\",\"item\":\"https:\/\/www.gruppoliturgico.com\/fr\/\"},{\"@type\":\"ListItem\",\"position\":2,\"name\":\"Boutique\",\"item\":\"https:\/\/www.gruppoliturgico.com\/fr\/boutique\/\"},{\"@type\":\"ListItem\",\"position\":3,\"name\":\"Crosse\"}]},{\"@type\":\"WebSite\",\"@id\":\"https:\/\/www.gruppoliturgico.com\/es\/#website\",\"url\":\"https:\/\/www.gruppoliturgico.com\/es\/\",\"name\":\"Laboratorio Gruppo Liturgico\",\"description\":\"Articoli Religiosi online\",\"publisher\":{\"@id\":\"https:\/\/www.gruppoliturgico.com\/es\/#organization\"},\"potentialAction\":[{\"@type\":\"SearchAction\",\"target\":{\"@type\":\"EntryPoint\",\"urlTemplate\":\"https:\/\/www.gruppoliturgico.com\/es\/?s={search_term_string}\"},\"query-input\":\"required name=search_term_string\"}],\"inLanguage\":\"fr-FR\"},{\"@type\":\"Organization\",\"@id\":\"https:\/\/www.gruppoliturgico.com\/es\/#organization\",\"name\":\"Laboratorio Gruppo Liturgico\",\"url\":\"https:\/\/www.gruppoliturgico.com\/es\/\",\"logo\":{\"@type\":\"ImageObject\",\"inLanguage\":\"fr-FR\",\"@id\":\"https:\/\/www.gruppoliturgico.com\/es\/#\/schema\/logo\/image\/\",\"url\":\"https:\/\/www.gruppoliturgico.com\/wp-content\/uploads\/2022\/02\/logo-laboratoriogruppoliturgico.png\",\"contentUrl\":\"https:\/\/www.gruppoliturgico.com\/wp-content\/uploads\/2022\/02\/logo-laboratoriogruppoliturgico.png\",\"width\":400,\"height\":114,\"caption\":\"Laboratorio Gruppo Liturgico\"},\"image\":{\"@id\":\"https:\/\/www.gruppoliturgico.com\/es\/#\/schema\/logo\/image\/\"}}]}<\/script>\n<!-- \/ Yoast SEO plugin. -->","yoast_head_json":{"title":"Crosse - crosses et Laboratorio Gruppo Liturgico","description":"Prestigieux ouvrage en laiton argent\u00e9 avec des martelages ex\u00e9cut\u00e9s \u00e0 la main et des pierres ornementales. Hauteur cm 39. Avec le b\u00e2ton de cm 150 en m\u00e9tal lisse divisible in trois pi\u00e8ces. Complet de petite valise pour le transport.","robots":{"index":"index","follow":"follow","max-snippet":"max-snippet:-1","max-image-preview":"max-image-preview:large","max-video-preview":"max-video-preview:-1"},"canonical":"https:\/\/www.gruppoliturgico.com\/fr\/produit\/crosse\/","og_locale":"fr_FR","og_type":"article","og_title":"Crosse - crosses et Laboratorio Gruppo Liturgico","og_description":"Prestigieux ouvrage en laiton argent\u00e9 avec des martelages ex\u00e9cut\u00e9s \u00e0 la main et des pierres ornementales. Hauteur cm 39. Avec le b\u00e2ton de cm 150 en m\u00e9tal lisse divisible in trois pi\u00e8ces. Complet de petite valise pour le transport.","og_url":"https:\/\/www.gruppoliturgico.com\/fr\/produit\/crosse\/","og_site_name":"Laboratorio Gruppo Liturgico","article_modified_time":"2022-05-20T05:02:58+00:00","og_image":[{"width":750,"height":1500,"url":"https:\/\/www.gruppoliturgico.com\/wp-content\/uploads\/2022\/05\/3319.jpg","type":"image\/jpeg"}],"twitter_card":"summary_large_image","schema":{"@context":"https:\/\/schema.org","@graph":[{"@type":"WebPage","@id":"https:\/\/www.gruppoliturgico.com\/fr\/produit\/crosse\/","url":"https:\/\/www.gruppoliturgico.com\/fr\/produit\/crosse\/","name":"Crosse - crosses et Laboratorio Gruppo Liturgico","isPartOf":{"@id":"https:\/\/www.gruppoliturgico.com\/es\/#website"},"datePublished":"2022-05-19T20:43:48+00:00","dateModified":"2022-05-20T05:02:58+00:00","description":"Prestigieux ouvrage en laiton argent\u00e9 avec des martelages ex\u00e9cut\u00e9s \u00e0 la main et des pierres ornementales. Hauteur cm 39. Avec le b\u00e2ton de cm 150 en m\u00e9tal lisse divisible in trois pi\u00e8ces. Complet de petite valise pour le transport.","breadcrumb":{"@id":"https:\/\/www.gruppoliturgico.com\/fr\/produit\/crosse\/#breadcrumb"},"inLanguage":"fr-FR","potentialAction":[{"@type":"ReadAction","target":["https:\/\/www.gruppoliturgico.com\/fr\/produit\/crosse\/"]}]},{"@type":"BreadcrumbList","@id":"https:\/\/www.gruppoliturgico.com\/fr\/produit\/crosse\/#breadcrumb","itemListElement":[{"@type":"ListItem","position":1,"name":"Home","item":"https:\/\/www.gruppoliturgico.com\/fr\/"},{"@type":"ListItem","position":2,"name":"Boutique","item":"https:\/\/www.gruppoliturgico.com\/fr\/boutique\/"},{"@type":"ListItem","position":3,"name":"Crosse"}]},{"@type":"WebSite","@id":"https:\/\/www.gruppoliturgico.com\/es\/#website","url":"https:\/\/www.gruppoliturgico.com\/es\/","name":"Laboratorio Gruppo Liturgico","description":"Articoli Religiosi online","publisher":{"@id":"https:\/\/www.gruppoliturgico.com\/es\/#organization"},"potentialAction":[{"@type":"SearchAction","target":{"@type":"EntryPoint","urlTemplate":"https:\/\/www.gruppoliturgico.com\/es\/?s={search_term_string}"},"query-input":"required name=search_term_string"}],"inLanguage":"fr-FR"},{"@type":"Organization","@id":"https:\/\/www.gruppoliturgico.com\/es\/#organization","name":"Laboratorio Gruppo Liturgico","url":"https:\/\/www.gruppoliturgico.com\/es\/","logo":{"@type":"ImageObject","inLanguage":"fr-FR","@id":"https:\/\/www.gruppoliturgico.com\/es\/#\/schema\/logo\/image\/","url":"https:\/\/www.gruppoliturgico.com\/wp-content\/uploads\/2022\/02\/logo-laboratoriogruppoliturgico.png","contentUrl":"https:\/\/www.gruppoliturgico.com\/wp-content\/uploads\/2022\/02\/logo-laboratoriogruppoliturgico.png","width":400,"height":114,"caption":"Laboratorio Gruppo Liturgico"},"image":{"@id":"https:\/\/www.gruppoliturgico.com\/es\/#\/schema\/logo\/image\/"}}]}},"_links":{"self":[{"href":"https:\/\/www.gruppoliturgico.com\/fr\/wp-json\/wp\/v2\/product\/62901"}],"collection":[{"href":"https:\/\/www.gruppoliturgico.com\/fr\/wp-json\/wp\/v2\/product"}],"about":[{"href":"https:\/\/www.gruppoliturgico.com\/fr\/wp-json\/wp\/v2\/types\/product"}],"wp:featuredmedia":[{"embeddable":true,"href":"https:\/\/www.gruppoliturgico.com\/fr\/wp-json\/wp\/v2\/media\/73246"}],"wp:attachment":[{"href":"https:\/\/www.gruppoliturgico.com\/fr\/wp-json\/wp\/v2\/media?parent=62901"}],"wp:term":[{"taxonomy":"product_cat","embeddable":true,"href":"https:\/\/www.gruppoliturgico.com\/fr\/wp-json\/wp\/v2\/product_cat?post=62901"},{"taxonomy":"product_tag","embeddable":true,"href":"https:\/\/www.gruppoliturgico.com\/fr\/wp-json\/wp\/v2\/product_tag?post=62901"}],"curies":[{"name":"wp","href":"https:\/\/api.w.org\/{rel}","templated":true}]}}