{"id":62897,"date":"2022-05-19T22:43:32","date_gmt":"2022-05-19T20:43:38","guid":{"rendered":"https:\/\/www.gruppoliturgico.com\/prodotto\/calice-14\/"},"modified":"2022-05-20T07:02:49","modified_gmt":"2022-05-20T05:02:49","slug":"calice-14","status":"publish","type":"product","link":"https:\/\/www.gruppoliturgico.com\/fr\/produit\/calice-14\/","title":{"rendered":"Calice"},"content":{"rendered":"<html><body><p>Tout le calice est une tr\u00e8s riche fusion en argent 800.<br>\nUn ouvrable prestigieux ex\u00e9cut\u00e9 par des ma\u00eetres ciseleurs. Fleurs, petites t\u00eates d\u2019ange, coquilles et volutes sont les expressions du meilleur style baroque.<br>\nHauteur cm 27.<\/p>\n<\/body><\/html>","protected":false},"excerpt":{"rendered":"<p>Tout le calice est une tr\u00e8s riche fusion en argent 800.<br \/>\nUn ouvrable prestigieux ex\u00e9cut\u00e9 par des ma\u00eetres ciseleurs. Fleurs, petites t\u00eates d&rsquo;ange, coquilles et volutes sont les expressions du meilleur style baroque.<br \/>\nHauteur cm 27.<\/p>\n","protected":false},"featured_media":123761,"template":"","meta":[],"product_cat":[12020],"product_tag":[],"yoast_head":"<!-- This site is optimized with the Yoast SEO plugin v20.4 - https:\/\/yoast.com\/wordpress\/plugins\/seo\/ -->\n<title>Calice - en argent massif et Laboratorio Gruppo Liturgico<\/title>\n<meta name=\"description\" content=\"Tout le calice est une tr\u00e8s riche fusion en argent 800.  Un ouvrable prestigieux ex\u00e9cut\u00e9 par des ma\u00eetres ciseleurs. Fleurs, petites t\u00eates d&#039;ange, coquilles et volutes sont les expressions du meilleur style baroque.  Hauteur cm 27.\" \/>\n<meta name=\"robots\" content=\"index, follow, max-snippet:-1, max-image-preview:large, max-video-preview:-1\" \/>\n<link rel=\"canonical\" href=\"https:\/\/www.gruppoliturgico.com\/fr\/produit\/calice-14\/\" \/>\n<meta property=\"og:locale\" content=\"fr_FR\" \/>\n<meta property=\"og:type\" content=\"article\" \/>\n<meta property=\"og:title\" content=\"Calice - en argent massif et Laboratorio Gruppo Liturgico\" \/>\n<meta property=\"og:description\" content=\"Tout le calice est une tr\u00e8s riche fusion en argent 800.  Un ouvrable prestigieux ex\u00e9cut\u00e9 par des ma\u00eetres ciseleurs. Fleurs, petites t\u00eates d&#039;ange, coquilles et volutes sont les expressions du meilleur style baroque.  Hauteur cm 27.\" \/>\n<meta property=\"og:url\" content=\"https:\/\/www.gruppoliturgico.com\/fr\/produit\/calice-14\/\" \/>\n<meta property=\"og:site_name\" content=\"Laboratorio Gruppo Liturgico\" \/>\n<meta property=\"article:modified_time\" content=\"2022-05-20T05:02:49+00:00\" \/>\n<meta property=\"og:image\" content=\"https:\/\/www.gruppoliturgico.com\/wp-content\/uploads\/2022\/05\/55520calice.jpg\" \/>\n\t<meta property=\"og:image:width\" content=\"822\" \/>\n\t<meta property=\"og:image:height\" content=\"1500\" \/>\n\t<meta property=\"og:image:type\" content=\"image\/jpeg\" \/>\n<meta name=\"twitter:card\" content=\"summary_large_image\" \/>\n<script type=\"application\/ld+json\" class=\"yoast-schema-graph\">{\"@context\":\"https:\/\/schema.org\",\"@graph\":[{\"@type\":\"WebPage\",\"@id\":\"https:\/\/www.gruppoliturgico.com\/fr\/produit\/calice-14\/\",\"url\":\"https:\/\/www.gruppoliturgico.com\/fr\/produit\/calice-14\/\",\"name\":\"Calice - en argent massif et Laboratorio Gruppo Liturgico\",\"isPartOf\":{\"@id\":\"https:\/\/www.gruppoliturgico.com\/es\/#website\"},\"datePublished\":\"2022-05-19T20:43:38+00:00\",\"dateModified\":\"2022-05-20T05:02:49+00:00\",\"description\":\"Tout le calice est une tr\u00e8s riche fusion en argent 800. Un ouvrable prestigieux ex\u00e9cut\u00e9 par des ma\u00eetres ciseleurs. Fleurs, petites t\u00eates d'ange, coquilles et volutes sont les expressions du meilleur style baroque. Hauteur cm 27.\",\"breadcrumb\":{\"@id\":\"https:\/\/www.gruppoliturgico.com\/fr\/produit\/calice-14\/#breadcrumb\"},\"inLanguage\":\"fr-FR\",\"potentialAction\":[{\"@type\":\"ReadAction\",\"target\":[\"https:\/\/www.gruppoliturgico.com\/fr\/produit\/calice-14\/\"]}]},{\"@type\":\"BreadcrumbList\",\"@id\":\"https:\/\/www.gruppoliturgico.com\/fr\/produit\/calice-14\/#breadcrumb\",\"itemListElement\":[{\"@type\":\"ListItem\",\"position\":1,\"name\":\"Home\",\"item\":\"https:\/\/www.gruppoliturgico.com\/fr\/\"},{\"@type\":\"ListItem\",\"position\":2,\"name\":\"Boutique\",\"item\":\"https:\/\/www.gruppoliturgico.com\/fr\/boutique\/\"},{\"@type\":\"ListItem\",\"position\":3,\"name\":\"Calice\"}]},{\"@type\":\"WebSite\",\"@id\":\"https:\/\/www.gruppoliturgico.com\/es\/#website\",\"url\":\"https:\/\/www.gruppoliturgico.com\/es\/\",\"name\":\"Laboratorio Gruppo Liturgico\",\"description\":\"Articoli Religiosi online\",\"publisher\":{\"@id\":\"https:\/\/www.gruppoliturgico.com\/es\/#organization\"},\"potentialAction\":[{\"@type\":\"SearchAction\",\"target\":{\"@type\":\"EntryPoint\",\"urlTemplate\":\"https:\/\/www.gruppoliturgico.com\/es\/?s={search_term_string}\"},\"query-input\":\"required name=search_term_string\"}],\"inLanguage\":\"fr-FR\"},{\"@type\":\"Organization\",\"@id\":\"https:\/\/www.gruppoliturgico.com\/es\/#organization\",\"name\":\"Laboratorio Gruppo Liturgico\",\"url\":\"https:\/\/www.gruppoliturgico.com\/es\/\",\"logo\":{\"@type\":\"ImageObject\",\"inLanguage\":\"fr-FR\",\"@id\":\"https:\/\/www.gruppoliturgico.com\/es\/#\/schema\/logo\/image\/\",\"url\":\"https:\/\/www.gruppoliturgico.com\/wp-content\/uploads\/2022\/02\/logo-laboratoriogruppoliturgico.png\",\"contentUrl\":\"https:\/\/www.gruppoliturgico.com\/wp-content\/uploads\/2022\/02\/logo-laboratoriogruppoliturgico.png\",\"width\":400,\"height\":114,\"caption\":\"Laboratorio Gruppo Liturgico\"},\"image\":{\"@id\":\"https:\/\/www.gruppoliturgico.com\/es\/#\/schema\/logo\/image\/\"}}]}<\/script>\n<!-- \/ Yoast SEO plugin. -->","yoast_head_json":{"title":"Calice - en argent massif et Laboratorio Gruppo Liturgico","description":"Tout le calice est une tr\u00e8s riche fusion en argent 800.  Un ouvrable prestigieux ex\u00e9cut\u00e9 par des ma\u00eetres ciseleurs. Fleurs, petites t\u00eates d'ange, coquilles et volutes sont les expressions du meilleur style baroque.  Hauteur cm 27.","robots":{"index":"index","follow":"follow","max-snippet":"max-snippet:-1","max-image-preview":"max-image-preview:large","max-video-preview":"max-video-preview:-1"},"canonical":"https:\/\/www.gruppoliturgico.com\/fr\/produit\/calice-14\/","og_locale":"fr_FR","og_type":"article","og_title":"Calice - en argent massif et Laboratorio Gruppo Liturgico","og_description":"Tout le calice est une tr\u00e8s riche fusion en argent 800.  Un ouvrable prestigieux ex\u00e9cut\u00e9 par des ma\u00eetres ciseleurs. Fleurs, petites t\u00eates d'ange, coquilles et volutes sont les expressions du meilleur style baroque.  Hauteur cm 27.","og_url":"https:\/\/www.gruppoliturgico.com\/fr\/produit\/calice-14\/","og_site_name":"Laboratorio Gruppo Liturgico","article_modified_time":"2022-05-20T05:02:49+00:00","og_image":[{"width":822,"height":1500,"url":"https:\/\/www.gruppoliturgico.com\/wp-content\/uploads\/2022\/05\/55520calice.jpg","type":"image\/jpeg"}],"twitter_card":"summary_large_image","schema":{"@context":"https:\/\/schema.org","@graph":[{"@type":"WebPage","@id":"https:\/\/www.gruppoliturgico.com\/fr\/produit\/calice-14\/","url":"https:\/\/www.gruppoliturgico.com\/fr\/produit\/calice-14\/","name":"Calice - en argent massif et Laboratorio Gruppo Liturgico","isPartOf":{"@id":"https:\/\/www.gruppoliturgico.com\/es\/#website"},"datePublished":"2022-05-19T20:43:38+00:00","dateModified":"2022-05-20T05:02:49+00:00","description":"Tout le calice est une tr\u00e8s riche fusion en argent 800. Un ouvrable prestigieux ex\u00e9cut\u00e9 par des ma\u00eetres ciseleurs. Fleurs, petites t\u00eates d'ange, coquilles et volutes sont les expressions du meilleur style baroque. Hauteur cm 27.","breadcrumb":{"@id":"https:\/\/www.gruppoliturgico.com\/fr\/produit\/calice-14\/#breadcrumb"},"inLanguage":"fr-FR","potentialAction":[{"@type":"ReadAction","target":["https:\/\/www.gruppoliturgico.com\/fr\/produit\/calice-14\/"]}]},{"@type":"BreadcrumbList","@id":"https:\/\/www.gruppoliturgico.com\/fr\/produit\/calice-14\/#breadcrumb","itemListElement":[{"@type":"ListItem","position":1,"name":"Home","item":"https:\/\/www.gruppoliturgico.com\/fr\/"},{"@type":"ListItem","position":2,"name":"Boutique","item":"https:\/\/www.gruppoliturgico.com\/fr\/boutique\/"},{"@type":"ListItem","position":3,"name":"Calice"}]},{"@type":"WebSite","@id":"https:\/\/www.gruppoliturgico.com\/es\/#website","url":"https:\/\/www.gruppoliturgico.com\/es\/","name":"Laboratorio Gruppo Liturgico","description":"Articoli Religiosi online","publisher":{"@id":"https:\/\/www.gruppoliturgico.com\/es\/#organization"},"potentialAction":[{"@type":"SearchAction","target":{"@type":"EntryPoint","urlTemplate":"https:\/\/www.gruppoliturgico.com\/es\/?s={search_term_string}"},"query-input":"required name=search_term_string"}],"inLanguage":"fr-FR"},{"@type":"Organization","@id":"https:\/\/www.gruppoliturgico.com\/es\/#organization","name":"Laboratorio Gruppo Liturgico","url":"https:\/\/www.gruppoliturgico.com\/es\/","logo":{"@type":"ImageObject","inLanguage":"fr-FR","@id":"https:\/\/www.gruppoliturgico.com\/es\/#\/schema\/logo\/image\/","url":"https:\/\/www.gruppoliturgico.com\/wp-content\/uploads\/2022\/02\/logo-laboratoriogruppoliturgico.png","contentUrl":"https:\/\/www.gruppoliturgico.com\/wp-content\/uploads\/2022\/02\/logo-laboratoriogruppoliturgico.png","width":400,"height":114,"caption":"Laboratorio Gruppo Liturgico"},"image":{"@id":"https:\/\/www.gruppoliturgico.com\/es\/#\/schema\/logo\/image\/"}}]}},"_links":{"self":[{"href":"https:\/\/www.gruppoliturgico.com\/fr\/wp-json\/wp\/v2\/product\/62897"}],"collection":[{"href":"https:\/\/www.gruppoliturgico.com\/fr\/wp-json\/wp\/v2\/product"}],"about":[{"href":"https:\/\/www.gruppoliturgico.com\/fr\/wp-json\/wp\/v2\/types\/product"}],"wp:featuredmedia":[{"embeddable":true,"href":"https:\/\/www.gruppoliturgico.com\/fr\/wp-json\/wp\/v2\/media\/123761"}],"wp:attachment":[{"href":"https:\/\/www.gruppoliturgico.com\/fr\/wp-json\/wp\/v2\/media?parent=62897"}],"wp:term":[{"taxonomy":"product_cat","embeddable":true,"href":"https:\/\/www.gruppoliturgico.com\/fr\/wp-json\/wp\/v2\/product_cat?post=62897"},{"taxonomy":"product_tag","embeddable":true,"href":"https:\/\/www.gruppoliturgico.com\/fr\/wp-json\/wp\/v2\/product_tag?post=62897"}],"curies":[{"name":"wp","href":"https:\/\/api.w.org\/{rel}","templated":true}]}}