{"id":62889,"date":"2022-05-19T22:43:11","date_gmt":"2022-05-19T20:43:15","guid":{"rendered":"https:\/\/www.gruppoliturgico.com\/prodotto\/calice-avec-coupe-en-argent\/"},"modified":"2023-10-10T15:19:35","modified_gmt":"2023-10-10T13:19:35","slug":"calice-avec-coupe-en-argent","status":"publish","type":"product","link":"https:\/\/www.gruppoliturgico.com\/fr\/produit\/calice-avec-coupe-en-argent\/","title":{"rendered":"calice avec coupe en argent"},"content":{"rendered":"<html><body><p>Repr\u00e9sentation en style romantique des douze Ap\u00f4tres.<br>\nOuvrage de grand artisanat espagnol compl\u00e8tement grav\u00e9 \u00e0 la main, tr\u00e8s indiqu\u00e9 pour les f\u00eates les plus importantes.<br>\nCalice avec la coupe  en argent massif.<br>\nD\u00e9j\u00e0 complet de la pat\u00e9ne.<br>\nHauteur cm 20<br>\nCoupe  \u00d8 cm 11<\/p>\n<p>Sur demande, ce calice peut \u00eatre fourni enti\u00e8rement en argent massif ou tout en m\u00e9tal.<br>\nN\u2019h\u00e9sitez pas \u00e0 nous demander des informations.<\/p>\n<\/body><\/html>","protected":false},"excerpt":{"rendered":"<p>Repr\u00e9sentation en style romantique des douze Ap\u00f4tres.<br \/>\nOuvrage de grand artisanat espagnol compl\u00e8tement grav\u00e9 \u00e0 la main, tr\u00e8s indiqu\u00e9 pour les f\u00eates les plus importantes.<br \/>\nCalice avec la coupe  en argent massif.<br \/>\nD\u00e9j\u00e0 complet de la pat\u00e9ne.<br \/>\nHauteur cm 20<br \/>\nCoupe  \u00d8 cm 11<\/p>\n<p>Sur demande, ce calice peut \u00eatre fourni enti\u00e8rement en argent massif ou tout en m\u00e9tal.<br \/>\nN&rsquo;h\u00e9sitez pas \u00e0 nous demander des informations.<\/p>\n","protected":false},"featured_media":123805,"template":"","meta":[],"product_cat":[12028],"product_tag":[],"yoast_head":"<!-- This site is optimized with the Yoast SEO plugin v20.4 - https:\/\/yoast.com\/wordpress\/plugins\/seo\/ -->\n<title>calice avec coupe en argent - collection calices et Laboratorio Gruppo Liturgico<\/title>\n<meta name=\"description\" content=\"Repr\u00e9sentation en style romantique des douze Ap\u00f4tres.  Ouvrage de grand artisanat espagnol compl\u00e8tement grav\u00e9 \u00e0 la main, tr\u00e8s indiqu\u00e9 pour les f\u00eates les plus importantes.  Calice avec la coupe en argent massif. D\u00e9j\u00e0 complet de la pat\u00e9ne. Hauteur cm 20  Coupe \u00d8 cm 11  Sur demande, ce calice peut \u00eatre fourni enti\u00e8rement en argent massif ou tout en m\u00e9tal. N&#039;h\u00e9sitez pas \u00e0 nous demander des informations.\" \/>\n<meta name=\"robots\" content=\"index, follow, max-snippet:-1, max-image-preview:large, max-video-preview:-1\" \/>\n<link rel=\"canonical\" href=\"https:\/\/www.gruppoliturgico.com\/fr\/produit\/calice-avec-coupe-en-argent\/\" \/>\n<meta property=\"og:locale\" content=\"fr_FR\" \/>\n<meta property=\"og:type\" content=\"article\" \/>\n<meta property=\"og:title\" content=\"calice avec coupe en argent - collection calices et Laboratorio Gruppo Liturgico\" \/>\n<meta property=\"og:description\" content=\"Repr\u00e9sentation en style romantique des douze Ap\u00f4tres.  Ouvrage de grand artisanat espagnol compl\u00e8tement grav\u00e9 \u00e0 la main, tr\u00e8s indiqu\u00e9 pour les f\u00eates les plus importantes.  Calice avec la coupe en argent massif. D\u00e9j\u00e0 complet de la pat\u00e9ne. Hauteur cm 20  Coupe \u00d8 cm 11  Sur demande, ce calice peut \u00eatre fourni enti\u00e8rement en argent massif ou tout en m\u00e9tal. N&#039;h\u00e9sitez pas \u00e0 nous demander des informations.\" \/>\n<meta property=\"og:url\" content=\"https:\/\/www.gruppoliturgico.com\/fr\/produit\/calice-avec-coupe-en-argent\/\" \/>\n<meta property=\"og:site_name\" content=\"Laboratorio Gruppo Liturgico\" \/>\n<meta property=\"article:modified_time\" content=\"2023-10-10T13:19:35+00:00\" \/>\n<meta property=\"og:image\" content=\"https:\/\/www.gruppoliturgico.com\/wp-content\/uploads\/2022\/05\/1344_0.jpg\" \/>\n\t<meta property=\"og:image:width\" content=\"810\" \/>\n\t<meta property=\"og:image:height\" content=\"1500\" \/>\n\t<meta property=\"og:image:type\" content=\"image\/jpeg\" \/>\n<meta name=\"twitter:card\" content=\"summary_large_image\" \/>\n<script type=\"application\/ld+json\" class=\"yoast-schema-graph\">{\"@context\":\"https:\/\/schema.org\",\"@graph\":[{\"@type\":\"WebPage\",\"@id\":\"https:\/\/www.gruppoliturgico.com\/fr\/produit\/calice-avec-coupe-en-argent\/\",\"url\":\"https:\/\/www.gruppoliturgico.com\/fr\/produit\/calice-avec-coupe-en-argent\/\",\"name\":\"calice avec coupe en argent - collection calices et Laboratorio Gruppo Liturgico\",\"isPartOf\":{\"@id\":\"https:\/\/www.gruppoliturgico.com\/es\/#website\"},\"datePublished\":\"2022-05-19T20:43:15+00:00\",\"dateModified\":\"2023-10-10T13:19:35+00:00\",\"description\":\"Repr\u00e9sentation en style romantique des douze Ap\u00f4tres. Ouvrage de grand artisanat espagnol compl\u00e8tement grav\u00e9 \u00e0 la main, tr\u00e8s indiqu\u00e9 pour les f\u00eates les plus importantes. Calice avec la coupe en argent massif. D\u00e9j\u00e0 complet de la pat\u00e9ne. Hauteur cm 20 Coupe \u00d8 cm 11 Sur demande, ce calice peut \u00eatre fourni enti\u00e8rement en argent massif ou tout en m\u00e9tal. N'h\u00e9sitez pas \u00e0 nous demander des informations.\",\"breadcrumb\":{\"@id\":\"https:\/\/www.gruppoliturgico.com\/fr\/produit\/calice-avec-coupe-en-argent\/#breadcrumb\"},\"inLanguage\":\"fr-FR\",\"potentialAction\":[{\"@type\":\"ReadAction\",\"target\":[\"https:\/\/www.gruppoliturgico.com\/fr\/produit\/calice-avec-coupe-en-argent\/\"]}]},{\"@type\":\"BreadcrumbList\",\"@id\":\"https:\/\/www.gruppoliturgico.com\/fr\/produit\/calice-avec-coupe-en-argent\/#breadcrumb\",\"itemListElement\":[{\"@type\":\"ListItem\",\"position\":1,\"name\":\"Home\",\"item\":\"https:\/\/www.gruppoliturgico.com\/fr\/\"},{\"@type\":\"ListItem\",\"position\":2,\"name\":\"Boutique\",\"item\":\"https:\/\/www.gruppoliturgico.com\/fr\/boutique\/\"},{\"@type\":\"ListItem\",\"position\":3,\"name\":\"calice avec coupe en argent\"}]},{\"@type\":\"WebSite\",\"@id\":\"https:\/\/www.gruppoliturgico.com\/es\/#website\",\"url\":\"https:\/\/www.gruppoliturgico.com\/es\/\",\"name\":\"Laboratorio Gruppo Liturgico\",\"description\":\"Articoli Religiosi online\",\"publisher\":{\"@id\":\"https:\/\/www.gruppoliturgico.com\/es\/#organization\"},\"potentialAction\":[{\"@type\":\"SearchAction\",\"target\":{\"@type\":\"EntryPoint\",\"urlTemplate\":\"https:\/\/www.gruppoliturgico.com\/es\/?s={search_term_string}\"},\"query-input\":\"required name=search_term_string\"}],\"inLanguage\":\"fr-FR\"},{\"@type\":\"Organization\",\"@id\":\"https:\/\/www.gruppoliturgico.com\/es\/#organization\",\"name\":\"Laboratorio Gruppo Liturgico\",\"url\":\"https:\/\/www.gruppoliturgico.com\/es\/\",\"logo\":{\"@type\":\"ImageObject\",\"inLanguage\":\"fr-FR\",\"@id\":\"https:\/\/www.gruppoliturgico.com\/es\/#\/schema\/logo\/image\/\",\"url\":\"https:\/\/www.gruppoliturgico.com\/wp-content\/uploads\/2022\/02\/logo-laboratoriogruppoliturgico.png\",\"contentUrl\":\"https:\/\/www.gruppoliturgico.com\/wp-content\/uploads\/2022\/02\/logo-laboratoriogruppoliturgico.png\",\"width\":400,\"height\":114,\"caption\":\"Laboratorio Gruppo Liturgico\"},\"image\":{\"@id\":\"https:\/\/www.gruppoliturgico.com\/es\/#\/schema\/logo\/image\/\"}}]}<\/script>\n<!-- \/ Yoast SEO plugin. -->","yoast_head_json":{"title":"calice avec coupe en argent - collection calices et Laboratorio Gruppo Liturgico","description":"Repr\u00e9sentation en style romantique des douze Ap\u00f4tres.  Ouvrage de grand artisanat espagnol compl\u00e8tement grav\u00e9 \u00e0 la main, tr\u00e8s indiqu\u00e9 pour les f\u00eates les plus importantes.  Calice avec la coupe en argent massif. D\u00e9j\u00e0 complet de la pat\u00e9ne. Hauteur cm 20  Coupe \u00d8 cm 11  Sur demande, ce calice peut \u00eatre fourni enti\u00e8rement en argent massif ou tout en m\u00e9tal. N'h\u00e9sitez pas \u00e0 nous demander des informations.","robots":{"index":"index","follow":"follow","max-snippet":"max-snippet:-1","max-image-preview":"max-image-preview:large","max-video-preview":"max-video-preview:-1"},"canonical":"https:\/\/www.gruppoliturgico.com\/fr\/produit\/calice-avec-coupe-en-argent\/","og_locale":"fr_FR","og_type":"article","og_title":"calice avec coupe en argent - collection calices et Laboratorio Gruppo Liturgico","og_description":"Repr\u00e9sentation en style romantique des douze Ap\u00f4tres.  Ouvrage de grand artisanat espagnol compl\u00e8tement grav\u00e9 \u00e0 la main, tr\u00e8s indiqu\u00e9 pour les f\u00eates les plus importantes.  Calice avec la coupe en argent massif. D\u00e9j\u00e0 complet de la pat\u00e9ne. Hauteur cm 20  Coupe \u00d8 cm 11  Sur demande, ce calice peut \u00eatre fourni enti\u00e8rement en argent massif ou tout en m\u00e9tal. N'h\u00e9sitez pas \u00e0 nous demander des informations.","og_url":"https:\/\/www.gruppoliturgico.com\/fr\/produit\/calice-avec-coupe-en-argent\/","og_site_name":"Laboratorio Gruppo Liturgico","article_modified_time":"2023-10-10T13:19:35+00:00","og_image":[{"width":810,"height":1500,"url":"https:\/\/www.gruppoliturgico.com\/wp-content\/uploads\/2022\/05\/1344_0.jpg","type":"image\/jpeg"}],"twitter_card":"summary_large_image","schema":{"@context":"https:\/\/schema.org","@graph":[{"@type":"WebPage","@id":"https:\/\/www.gruppoliturgico.com\/fr\/produit\/calice-avec-coupe-en-argent\/","url":"https:\/\/www.gruppoliturgico.com\/fr\/produit\/calice-avec-coupe-en-argent\/","name":"calice avec coupe en argent - collection calices et Laboratorio Gruppo Liturgico","isPartOf":{"@id":"https:\/\/www.gruppoliturgico.com\/es\/#website"},"datePublished":"2022-05-19T20:43:15+00:00","dateModified":"2023-10-10T13:19:35+00:00","description":"Repr\u00e9sentation en style romantique des douze Ap\u00f4tres. Ouvrage de grand artisanat espagnol compl\u00e8tement grav\u00e9 \u00e0 la main, tr\u00e8s indiqu\u00e9 pour les f\u00eates les plus importantes. Calice avec la coupe en argent massif. D\u00e9j\u00e0 complet de la pat\u00e9ne. Hauteur cm 20 Coupe \u00d8 cm 11 Sur demande, ce calice peut \u00eatre fourni enti\u00e8rement en argent massif ou tout en m\u00e9tal. N'h\u00e9sitez pas \u00e0 nous demander des informations.","breadcrumb":{"@id":"https:\/\/www.gruppoliturgico.com\/fr\/produit\/calice-avec-coupe-en-argent\/#breadcrumb"},"inLanguage":"fr-FR","potentialAction":[{"@type":"ReadAction","target":["https:\/\/www.gruppoliturgico.com\/fr\/produit\/calice-avec-coupe-en-argent\/"]}]},{"@type":"BreadcrumbList","@id":"https:\/\/www.gruppoliturgico.com\/fr\/produit\/calice-avec-coupe-en-argent\/#breadcrumb","itemListElement":[{"@type":"ListItem","position":1,"name":"Home","item":"https:\/\/www.gruppoliturgico.com\/fr\/"},{"@type":"ListItem","position":2,"name":"Boutique","item":"https:\/\/www.gruppoliturgico.com\/fr\/boutique\/"},{"@type":"ListItem","position":3,"name":"calice avec coupe en argent"}]},{"@type":"WebSite","@id":"https:\/\/www.gruppoliturgico.com\/es\/#website","url":"https:\/\/www.gruppoliturgico.com\/es\/","name":"Laboratorio Gruppo Liturgico","description":"Articoli Religiosi online","publisher":{"@id":"https:\/\/www.gruppoliturgico.com\/es\/#organization"},"potentialAction":[{"@type":"SearchAction","target":{"@type":"EntryPoint","urlTemplate":"https:\/\/www.gruppoliturgico.com\/es\/?s={search_term_string}"},"query-input":"required name=search_term_string"}],"inLanguage":"fr-FR"},{"@type":"Organization","@id":"https:\/\/www.gruppoliturgico.com\/es\/#organization","name":"Laboratorio Gruppo Liturgico","url":"https:\/\/www.gruppoliturgico.com\/es\/","logo":{"@type":"ImageObject","inLanguage":"fr-FR","@id":"https:\/\/www.gruppoliturgico.com\/es\/#\/schema\/logo\/image\/","url":"https:\/\/www.gruppoliturgico.com\/wp-content\/uploads\/2022\/02\/logo-laboratoriogruppoliturgico.png","contentUrl":"https:\/\/www.gruppoliturgico.com\/wp-content\/uploads\/2022\/02\/logo-laboratoriogruppoliturgico.png","width":400,"height":114,"caption":"Laboratorio Gruppo Liturgico"},"image":{"@id":"https:\/\/www.gruppoliturgico.com\/es\/#\/schema\/logo\/image\/"}}]}},"_links":{"self":[{"href":"https:\/\/www.gruppoliturgico.com\/fr\/wp-json\/wp\/v2\/product\/62889"}],"collection":[{"href":"https:\/\/www.gruppoliturgico.com\/fr\/wp-json\/wp\/v2\/product"}],"about":[{"href":"https:\/\/www.gruppoliturgico.com\/fr\/wp-json\/wp\/v2\/types\/product"}],"wp:featuredmedia":[{"embeddable":true,"href":"https:\/\/www.gruppoliturgico.com\/fr\/wp-json\/wp\/v2\/media\/123805"}],"wp:attachment":[{"href":"https:\/\/www.gruppoliturgico.com\/fr\/wp-json\/wp\/v2\/media?parent=62889"}],"wp:term":[{"taxonomy":"product_cat","embeddable":true,"href":"https:\/\/www.gruppoliturgico.com\/fr\/wp-json\/wp\/v2\/product_cat?post=62889"},{"taxonomy":"product_tag","embeddable":true,"href":"https:\/\/www.gruppoliturgico.com\/fr\/wp-json\/wp\/v2\/product_tag?post=62889"}],"curies":[{"name":"wp","href":"https:\/\/api.w.org\/{rel}","templated":true}]}}