{"id":62705,"date":"2022-05-19T22:34:38","date_gmt":"2022-05-19T20:34:43","guid":{"rendered":"https:\/\/www.gruppoliturgico.com\/prodotto\/ciboire-2\/"},"modified":"2022-05-20T06:54:38","modified_gmt":"2022-05-20T04:54:38","slug":"ciboire-2","status":"publish","type":"product","link":"https:\/\/www.gruppoliturgico.com\/fr\/produit\/ciboire-2\/","title":{"rendered":"Ciboire"},"content":{"rendered":"<html><body><p>Prestigieux article cisel\u00e9 \u00e0 la main en bronze fondu.<br>\nUn ouvrable prestigieux ex\u00e9cut\u00e9 par des ma\u00eetres ciseleurs.<br>\nFleurs, petites t\u00eates d\u2019ange, coquilles et volutes sont les expressions du meilleur style baroque.<br>\nHauteur cm 30.<br>\nCoupe \u00d8 cm 14<\/p>\n<\/body><\/html>","protected":false},"excerpt":{"rendered":"<p>Prestigieux article cisel\u00e9 \u00e0 la main en bronze fondu.<br \/>\nUn ouvrable prestigieux ex\u00e9cut\u00e9 par des ma\u00eetres ciseleurs.<br \/>\nFleurs, petites t\u00eates d&rsquo;ange, coquilles et volutes sont les expressions du meilleur style baroque.<br \/>\nHauteur cm 30.<br \/>\nCoupe \u00d8 cm 14<\/p>\n","protected":false},"featured_media":123923,"template":"","meta":[],"product_cat":[12032],"product_tag":[],"yoast_head":"<!-- This site is optimized with the Yoast SEO plugin v20.4 - https:\/\/yoast.com\/wordpress\/plugins\/seo\/ -->\n<title>Ciboire - collection ciboires et Laboratorio Gruppo Liturgico<\/title>\n<meta name=\"description\" content=\"Prestigieux article cisel\u00e9 \u00e0 la main en bronze fondu.  Un ouvrable prestigieux ex\u00e9cut\u00e9 par des ma\u00eetres ciseleurs.  Fleurs, petites t\u00eates d&#039;ange, coquilles et volutes sont les expressions du meilleur style baroque.  Hauteur cm 30. Coupe \u00d8 cm 14\" \/>\n<meta name=\"robots\" content=\"index, follow, max-snippet:-1, max-image-preview:large, max-video-preview:-1\" \/>\n<link rel=\"canonical\" href=\"https:\/\/www.gruppoliturgico.com\/fr\/produit\/ciboire-2\/\" \/>\n<meta property=\"og:locale\" content=\"fr_FR\" \/>\n<meta property=\"og:type\" content=\"article\" \/>\n<meta property=\"og:title\" content=\"Ciboire - collection ciboires et Laboratorio Gruppo Liturgico\" \/>\n<meta property=\"og:description\" content=\"Prestigieux article cisel\u00e9 \u00e0 la main en bronze fondu.  Un ouvrable prestigieux ex\u00e9cut\u00e9 par des ma\u00eetres ciseleurs.  Fleurs, petites t\u00eates d&#039;ange, coquilles et volutes sont les expressions du meilleur style baroque.  Hauteur cm 30. Coupe \u00d8 cm 14\" \/>\n<meta property=\"og:url\" content=\"https:\/\/www.gruppoliturgico.com\/fr\/produit\/ciboire-2\/\" \/>\n<meta property=\"og:site_name\" content=\"Laboratorio Gruppo Liturgico\" \/>\n<meta property=\"article:modified_time\" content=\"2022-05-20T04:54:38+00:00\" \/>\n<meta property=\"og:image\" content=\"https:\/\/www.gruppoliturgico.com\/wp-content\/uploads\/2022\/05\/25332020pisside202_0.jpg\" \/>\n\t<meta property=\"og:image:width\" content=\"834\" \/>\n\t<meta property=\"og:image:height\" content=\"1500\" \/>\n\t<meta property=\"og:image:type\" content=\"image\/jpeg\" \/>\n<meta name=\"twitter:card\" content=\"summary_large_image\" \/>\n<script type=\"application\/ld+json\" class=\"yoast-schema-graph\">{\"@context\":\"https:\/\/schema.org\",\"@graph\":[{\"@type\":\"WebPage\",\"@id\":\"https:\/\/www.gruppoliturgico.com\/fr\/produit\/ciboire-2\/\",\"url\":\"https:\/\/www.gruppoliturgico.com\/fr\/produit\/ciboire-2\/\",\"name\":\"Ciboire - collection ciboires et Laboratorio Gruppo Liturgico\",\"isPartOf\":{\"@id\":\"https:\/\/www.gruppoliturgico.com\/es\/#website\"},\"datePublished\":\"2022-05-19T20:34:43+00:00\",\"dateModified\":\"2022-05-20T04:54:38+00:00\",\"description\":\"Prestigieux article cisel\u00e9 \u00e0 la main en bronze fondu. Un ouvrable prestigieux ex\u00e9cut\u00e9 par des ma\u00eetres ciseleurs. Fleurs, petites t\u00eates d'ange, coquilles et volutes sont les expressions du meilleur style baroque. Hauteur cm 30. Coupe \u00d8 cm 14\",\"breadcrumb\":{\"@id\":\"https:\/\/www.gruppoliturgico.com\/fr\/produit\/ciboire-2\/#breadcrumb\"},\"inLanguage\":\"fr-FR\",\"potentialAction\":[{\"@type\":\"ReadAction\",\"target\":[\"https:\/\/www.gruppoliturgico.com\/fr\/produit\/ciboire-2\/\"]}]},{\"@type\":\"BreadcrumbList\",\"@id\":\"https:\/\/www.gruppoliturgico.com\/fr\/produit\/ciboire-2\/#breadcrumb\",\"itemListElement\":[{\"@type\":\"ListItem\",\"position\":1,\"name\":\"Home\",\"item\":\"https:\/\/www.gruppoliturgico.com\/fr\/\"},{\"@type\":\"ListItem\",\"position\":2,\"name\":\"Boutique\",\"item\":\"https:\/\/www.gruppoliturgico.com\/fr\/boutique\/\"},{\"@type\":\"ListItem\",\"position\":3,\"name\":\"Ciboire\"}]},{\"@type\":\"WebSite\",\"@id\":\"https:\/\/www.gruppoliturgico.com\/es\/#website\",\"url\":\"https:\/\/www.gruppoliturgico.com\/es\/\",\"name\":\"Laboratorio Gruppo Liturgico\",\"description\":\"Articoli Religiosi online\",\"publisher\":{\"@id\":\"https:\/\/www.gruppoliturgico.com\/es\/#organization\"},\"potentialAction\":[{\"@type\":\"SearchAction\",\"target\":{\"@type\":\"EntryPoint\",\"urlTemplate\":\"https:\/\/www.gruppoliturgico.com\/es\/?s={search_term_string}\"},\"query-input\":\"required name=search_term_string\"}],\"inLanguage\":\"fr-FR\"},{\"@type\":\"Organization\",\"@id\":\"https:\/\/www.gruppoliturgico.com\/es\/#organization\",\"name\":\"Laboratorio Gruppo Liturgico\",\"url\":\"https:\/\/www.gruppoliturgico.com\/es\/\",\"logo\":{\"@type\":\"ImageObject\",\"inLanguage\":\"fr-FR\",\"@id\":\"https:\/\/www.gruppoliturgico.com\/es\/#\/schema\/logo\/image\/\",\"url\":\"https:\/\/www.gruppoliturgico.com\/wp-content\/uploads\/2022\/02\/logo-laboratoriogruppoliturgico.png\",\"contentUrl\":\"https:\/\/www.gruppoliturgico.com\/wp-content\/uploads\/2022\/02\/logo-laboratoriogruppoliturgico.png\",\"width\":400,\"height\":114,\"caption\":\"Laboratorio Gruppo Liturgico\"},\"image\":{\"@id\":\"https:\/\/www.gruppoliturgico.com\/es\/#\/schema\/logo\/image\/\"}}]}<\/script>\n<!-- \/ Yoast SEO plugin. -->","yoast_head_json":{"title":"Ciboire - collection ciboires et Laboratorio Gruppo Liturgico","description":"Prestigieux article cisel\u00e9 \u00e0 la main en bronze fondu.  Un ouvrable prestigieux ex\u00e9cut\u00e9 par des ma\u00eetres ciseleurs.  Fleurs, petites t\u00eates d'ange, coquilles et volutes sont les expressions du meilleur style baroque.  Hauteur cm 30. Coupe \u00d8 cm 14","robots":{"index":"index","follow":"follow","max-snippet":"max-snippet:-1","max-image-preview":"max-image-preview:large","max-video-preview":"max-video-preview:-1"},"canonical":"https:\/\/www.gruppoliturgico.com\/fr\/produit\/ciboire-2\/","og_locale":"fr_FR","og_type":"article","og_title":"Ciboire - collection ciboires et Laboratorio Gruppo Liturgico","og_description":"Prestigieux article cisel\u00e9 \u00e0 la main en bronze fondu.  Un ouvrable prestigieux ex\u00e9cut\u00e9 par des ma\u00eetres ciseleurs.  Fleurs, petites t\u00eates d'ange, coquilles et volutes sont les expressions du meilleur style baroque.  Hauteur cm 30. Coupe \u00d8 cm 14","og_url":"https:\/\/www.gruppoliturgico.com\/fr\/produit\/ciboire-2\/","og_site_name":"Laboratorio Gruppo Liturgico","article_modified_time":"2022-05-20T04:54:38+00:00","og_image":[{"width":834,"height":1500,"url":"https:\/\/www.gruppoliturgico.com\/wp-content\/uploads\/2022\/05\/25332020pisside202_0.jpg","type":"image\/jpeg"}],"twitter_card":"summary_large_image","schema":{"@context":"https:\/\/schema.org","@graph":[{"@type":"WebPage","@id":"https:\/\/www.gruppoliturgico.com\/fr\/produit\/ciboire-2\/","url":"https:\/\/www.gruppoliturgico.com\/fr\/produit\/ciboire-2\/","name":"Ciboire - collection ciboires et Laboratorio Gruppo Liturgico","isPartOf":{"@id":"https:\/\/www.gruppoliturgico.com\/es\/#website"},"datePublished":"2022-05-19T20:34:43+00:00","dateModified":"2022-05-20T04:54:38+00:00","description":"Prestigieux article cisel\u00e9 \u00e0 la main en bronze fondu. Un ouvrable prestigieux ex\u00e9cut\u00e9 par des ma\u00eetres ciseleurs. Fleurs, petites t\u00eates d'ange, coquilles et volutes sont les expressions du meilleur style baroque. Hauteur cm 30. Coupe \u00d8 cm 14","breadcrumb":{"@id":"https:\/\/www.gruppoliturgico.com\/fr\/produit\/ciboire-2\/#breadcrumb"},"inLanguage":"fr-FR","potentialAction":[{"@type":"ReadAction","target":["https:\/\/www.gruppoliturgico.com\/fr\/produit\/ciboire-2\/"]}]},{"@type":"BreadcrumbList","@id":"https:\/\/www.gruppoliturgico.com\/fr\/produit\/ciboire-2\/#breadcrumb","itemListElement":[{"@type":"ListItem","position":1,"name":"Home","item":"https:\/\/www.gruppoliturgico.com\/fr\/"},{"@type":"ListItem","position":2,"name":"Boutique","item":"https:\/\/www.gruppoliturgico.com\/fr\/boutique\/"},{"@type":"ListItem","position":3,"name":"Ciboire"}]},{"@type":"WebSite","@id":"https:\/\/www.gruppoliturgico.com\/es\/#website","url":"https:\/\/www.gruppoliturgico.com\/es\/","name":"Laboratorio Gruppo Liturgico","description":"Articoli Religiosi online","publisher":{"@id":"https:\/\/www.gruppoliturgico.com\/es\/#organization"},"potentialAction":[{"@type":"SearchAction","target":{"@type":"EntryPoint","urlTemplate":"https:\/\/www.gruppoliturgico.com\/es\/?s={search_term_string}"},"query-input":"required name=search_term_string"}],"inLanguage":"fr-FR"},{"@type":"Organization","@id":"https:\/\/www.gruppoliturgico.com\/es\/#organization","name":"Laboratorio Gruppo Liturgico","url":"https:\/\/www.gruppoliturgico.com\/es\/","logo":{"@type":"ImageObject","inLanguage":"fr-FR","@id":"https:\/\/www.gruppoliturgico.com\/es\/#\/schema\/logo\/image\/","url":"https:\/\/www.gruppoliturgico.com\/wp-content\/uploads\/2022\/02\/logo-laboratoriogruppoliturgico.png","contentUrl":"https:\/\/www.gruppoliturgico.com\/wp-content\/uploads\/2022\/02\/logo-laboratoriogruppoliturgico.png","width":400,"height":114,"caption":"Laboratorio Gruppo Liturgico"},"image":{"@id":"https:\/\/www.gruppoliturgico.com\/es\/#\/schema\/logo\/image\/"}}]}},"_links":{"self":[{"href":"https:\/\/www.gruppoliturgico.com\/fr\/wp-json\/wp\/v2\/product\/62705"}],"collection":[{"href":"https:\/\/www.gruppoliturgico.com\/fr\/wp-json\/wp\/v2\/product"}],"about":[{"href":"https:\/\/www.gruppoliturgico.com\/fr\/wp-json\/wp\/v2\/types\/product"}],"wp:featuredmedia":[{"embeddable":true,"href":"https:\/\/www.gruppoliturgico.com\/fr\/wp-json\/wp\/v2\/media\/123923"}],"wp:attachment":[{"href":"https:\/\/www.gruppoliturgico.com\/fr\/wp-json\/wp\/v2\/media?parent=62705"}],"wp:term":[{"taxonomy":"product_cat","embeddable":true,"href":"https:\/\/www.gruppoliturgico.com\/fr\/wp-json\/wp\/v2\/product_cat?post=62705"},{"taxonomy":"product_tag","embeddable":true,"href":"https:\/\/www.gruppoliturgico.com\/fr\/wp-json\/wp\/v2\/product_tag?post=62705"}],"curies":[{"name":"wp","href":"https:\/\/api.w.org\/{rel}","templated":true}]}}